{"id":1004,"date":"2022-04-07T10:53:46","date_gmt":"2022-04-07T10:53:46","guid":{"rendered":"http:\/\/calafat.cat\/?page_id=1004"},"modified":"2022-05-11T11:04:48","modified_gmt":"2022-05-11T11:04:48","slug":"la-consciencia-de-la-literatura","status":"publish","type":"page","link":"https:\/\/calafat.cat\/index.php\/la-consciencia-de-la-literatura\/","title":{"rendered":"La consci\u00e8ncia de la literatura"},"content":{"rendered":"\n<div class=\"wp-block-columns alignwide is-layout-flex wp-container-core-columns-is-layout-9d6595d7 wp-block-columns-is-layout-flex\">\n<div class=\"wp-block-column is-layout-flow wp-block-column-is-layout-flow\" style=\"flex-basis:50%\">\n<p>Per Ximo Espin\u00f3s.&nbsp;<a href=\"http:\/\/www.diarioinformacion.com\/arte-letras\/2013\/04\/25\/consciencia-literatura\/1367046.html\">Diario Informaci\u00f3n<\/a>, 25\/04\/2013<br>L&#8217;objecte fonamental de la dedicaci\u00f3 cr\u00edtica de Francesc Calafat ha estat la literatura valenciana recent<\/p>\n\n\n\n<p>Pocs oficis deu haver tan blasmats i alhora tan necessaris com el de cr\u00edtic literari. Reben de totes bandes: dels escriptors que, vanitosos irredempts, rara volta reconeixen la seua tasca, i de la cr\u00edtica acad\u00e8mica, que els considera els parents pobres o atarantats. Ni que siga com a bocs expiatoris, la seua exist\u00e8ncia ja estaria justificada. I tanmateix, la cr\u00edtica liter\u00e0ria peri\u00f2dica, la que veu la llum en els cada vegada m\u00e9s migrats suplements literaris dels diaris o en les revistes especialitzades i s&#8217;enfronta a pit descobert amb les novetats, resulta un element fonamental de la instituci\u00f3 liter\u00e0ria. Informar, interpretar i valorar, tal i com observa Francesc Calafat, serien els seus principals manaments. Garbellar la collita liter\u00e0ria, podr\u00edem afegir. I per damunt de tot, la voluntat de servir la literatura d&#8217;una manera honesta. I aix\u00f2 \u00e9s el que ha fet, al llarg dels anys Francesc Calafat en tots els mitjans en qu\u00e8 ha practicat el seu ofici de lector, per dir-ho a la manera de Joan Gar\u00ed. A&nbsp;<em>Pa\u00efsos de paper<\/em>&nbsp;l&#8217;editorial Afers ha tingut l&#8217;encert d&#8217;arreplegar una antologia d&#8217;articles i ressenyes dispersos per diferents peri\u00f2dics i revistes &#8211;<em>El Pa\u00eds<\/em>,&nbsp;<em>El Temps<\/em>&nbsp;i&nbsp;<em>Car\u00e0cters<\/em>, principalment-. Llegits en conjunt ens ofereixen una visi\u00f3 panor\u00e0mica que la dispersi\u00f3 anterior no permetia. L&#8217;objecte fonamental de la seua dedicaci\u00f3 cr\u00edtica ha estat la literatura catalana, amb especial refer\u00e8ncia a la produ\u00efda al Pa\u00eds Valenci\u00e0. Tot aquest material s&#8217;organitza tem\u00e0ticament en cinc cap\u00edtols. El primer, i m\u00e9s breu, t\u00e9 un car\u00e0cter te\u00f2ric, i gir\u00e0 al voltant del sentit de la narraci\u00f3 i de la mirada. El segon, basat ja en el comentari d&#8217;obres, se centra en els cl\u00e0ssics catalans -Joanot Martorell al capdavant- i en les traduccions d&#8217;alguns cl\u00e0ssics estrangers, com Shakespeare, Montaigne, Kafka o Camus. La part m\u00e9s substancial del llibre es condensa en els dos cap\u00edtols seg\u00fcents, dedicats a la narrativa i la poesia. Tots dos tenen un estructura pareguda, en tant que comencen amb unes visions de conjunt i a continuaci\u00f3 aborden un seguit de llibres que han marcat l&#8217;evoluci\u00f3 de les lletres valencianes de les darreres d\u00e8cades. Calafat \u00e9s un cr\u00edtic ponderat i amb una s\u00f2lida formaci\u00f3, i tot i les naturals i saludables dissensions que s&#8217;hi puguen mantenir, els seus judicis contribueixen a la creaci\u00f3 d&#8217;un c\u00e0non de la literatura valenciana actual. La part final del volum es dedica a l&#8217;assaig, i cont\u00e9 articles sobre Joan Fuster, Enric Soria i Gustau Mu\u00f1oz, entre d&#8217;altres. \u00c9s precisament com un assaig que es podria llegir aquest llibre, perqu\u00e8 al capdavall la cr\u00edtica liter\u00e0ria, en mans d&#8217;un bon escriptor, no \u00e9s altra cosa que una variant modesta de l&#8217;assaig. La prosa de Calafat \u00e9s amena i atractiva, i el lector interessat en el tema hi trobar\u00e0 una font important de suggestions, informaci\u00f3 i incitacions de lectura. Qu\u00e8 m\u00e9s es pot demanar a la cr\u00edtica liter\u00e0ria?Descarrega&#8217;t l&#8217;original:&nbsp;<\/p>\n\n\n\n<p>Descarrega&#8217;t l&#8217;original:&nbsp;<img decoding=\"async\" alt=\"PDF icon\" src=\"http:\/\/calafat.cat\/modules\/file\/icons\/application-pdf.png\"><a href=\"http:\/\/calafat.cat\/sites\/default\/files\/la-consciencia-de-la-literatura-ximo-espinos.pdf\">la-consciencia-de-la-literatura-ximo-espinos.pdf<\/a><\/p>\n\n\n\n<ul class=\"wp-block-list\"><li><a target=\"_blank\" href=\"http:\/\/calafat.cat\/#facebook\" rel=\"noreferrer noopener\">Facebook<\/a>&nbsp;<a target=\"_blank\" href=\"http:\/\/calafat.cat\/#twitter\" rel=\"noreferrer noopener\">Twitter<\/a>&nbsp;<a href=\"https:\/\/www.addtoany.com\/share#url=http%3A%2F%2Fcalafat.cat%2Fressenyes%2Fpaisos-de-paper%2Fla-consciencia-de-la-literatura-ximo-espinos&amp;title=La%20consci%C3%A8ncia%20de%20la%20literatura\">&nbsp;Comparteix a<\/a><\/li><\/ul>\n<\/div>\n\n\n\n<div class=\"wp-block-column is-layout-flow wp-block-column-is-layout-flow\" style=\"flex-basis:50%\">\n<figure class=\"wp-block-image\"><img loading=\"lazy\" decoding=\"async\" width=\"379\" height=\"74\" src=\"http:\/\/calafat.cat\/wp-content\/uploads\/2022\/05\/la-consciencia-de-la-literatura-ximo-espinos.jpeg\" alt=\"\" class=\"wp-image-2796\" srcset=\"https:\/\/calafat.cat\/wp-content\/uploads\/2022\/05\/la-consciencia-de-la-literatura-ximo-espinos.jpeg 379w, https:\/\/calafat.cat\/wp-content\/uploads\/2022\/05\/la-consciencia-de-la-literatura-ximo-espinos-300x59.jpeg 300w\" sizes=\"auto, (max-width: 379px) 100vw, 379px\" \/><figcaption>Etiquetes: <a href=\"http:\/\/calafat.cat\/index.php\/paisos-de-paper\/\" data-type=\"page\" data-id=\"1006\">Pa\u00efsos de paper<\/a><\/figcaption><\/figure>\n<\/div>\n<\/div>\n","protected":false},"excerpt":{"rendered":"<p>Per Ximo Espin\u00f3s.&nbsp;Diario Informaci\u00f3n, 25\/04\/2013L&#8217;objecte fonamental de la dedicaci\u00f3 cr\u00edtica de Francesc Calafat ha estat la literatura valenciana recent Pocs oficis deu haver tan blasmats i alhora tan necessaris com el de cr\u00edtic literari. Reben de totes bandes: dels escriptors que, vanitosos irredempts, rara volta reconeixen la seua tasca, i de la cr\u00edtica acad\u00e8mica, que &#8230; <a title=\"La consci\u00e8ncia de la literatura\" class=\"read-more\" href=\"https:\/\/calafat.cat\/index.php\/la-consciencia-de-la-literatura\/\" aria-label=\"M\u00e1s en La consci\u00e8ncia de la literatura\">Leer m\u00e1s<\/a><\/p>\n","protected":false},"author":1,"featured_media":0,"parent":0,"menu_order":0,"comment_status":"closed","ping_status":"closed","template":"","meta":{"footnotes":""},"class_list":["post-1004","page","type-page","status-publish"],"_links":{"self":[{"href":"https:\/\/calafat.cat\/index.php\/wp-json\/wp\/v2\/pages\/1004","targetHints":{"allow":["GET"]}}],"collection":[{"href":"https:\/\/calafat.cat\/index.php\/wp-json\/wp\/v2\/pages"}],"about":[{"href":"https:\/\/calafat.cat\/index.php\/wp-json\/wp\/v2\/types\/page"}],"author":[{"embeddable":true,"href":"https:\/\/calafat.cat\/index.php\/wp-json\/wp\/v2\/users\/1"}],"replies":[{"embeddable":true,"href":"https:\/\/calafat.cat\/index.php\/wp-json\/wp\/v2\/comments?post=1004"}],"version-history":[{"count":2,"href":"https:\/\/calafat.cat\/index.php\/wp-json\/wp\/v2\/pages\/1004\/revisions"}],"predecessor-version":[{"id":2797,"href":"https:\/\/calafat.cat\/index.php\/wp-json\/wp\/v2\/pages\/1004\/revisions\/2797"}],"wp:attachment":[{"href":"https:\/\/calafat.cat\/index.php\/wp-json\/wp\/v2\/media?parent=1004"}],"curies":[{"name":"wp","href":"https:\/\/api.w.org\/{rel}","templated":true}]}}