{"id":1023,"date":"2022-04-07T11:40:17","date_gmt":"2022-04-07T11:40:17","guid":{"rendered":"http:\/\/calafat.cat\/?page_id=1023"},"modified":"2022-05-19T16:29:58","modified_gmt":"2022-05-19T16:29:58","slug":"hotel-africa-de-cremades-i-arlandis-la-mirada-dun-saforenc","status":"publish","type":"page","link":"https:\/\/calafat.cat\/index.php\/hotel-africa-de-cremades-i-arlandis-la-mirada-dun-saforenc\/","title":{"rendered":"Hotel \u00c0frica, de Cremades i Arlandis: la mirada d&#8217;un saforenc"},"content":{"rendered":"\n<div class=\"wp-block-columns alignwide is-layout-flex wp-container-core-columns-is-layout-9d6595d7 wp-block-columns-is-layout-flex\">\n<div class=\"wp-block-column is-layout-flow wp-block-column-is-layout-flow\" style=\"flex-basis:50%\">\n<p>Si Cremades, en novel\u00b7les anteriors, ens recuperava liter\u00e0riament i assumia la proposta vital d&#8217;una parcel\u00b7la de la nostra hist\u00f2ria, ara des de la mateixa visi\u00f3 ens proposa i ens presenta un viatge -en el sentit d&#8217;aventura i de coneixement (de buscar-se i perdre&#8217;s)- a eixe m\u00f3n viu i actual. No hi trobarem all\u00f2 m\u00e9s vist\u00f3s i ex\u00f2tic, m\u00e9s b\u00e9 tot el contrari, fondeja all\u00f2 que t\u00e9 m\u00e9s de com\u00fa i, alhora, de m\u00e9s profund, l&#8217;aspecte hum\u00e0: el \u00abresplendor del viure\u00bb dels pa\u00efsos \u00e0rabs abocats a la Mediterr\u00e0nia. \u00c9s a dir, una cultura de l&#8217;\u00abhospitalitat\u00bb, de la \u00abhumanitat natural\u00bb, de la conviv\u00e8ncia de l&#8217;home amb la naturalesa i cadasc\u00fa com a mesura de l&#8217;altre -\u00abAc\u00ed l&#8217;home es sent natural\u00bb-, d&#8217;una banda; de l&#8217;altra, la import\u00e0ncia, la import\u00e0ncia del cos, bandejant \u00e9s clar, els prejudicis religiosos.<\/p>\n\n\n\n<p>Perspectiva que impregna&nbsp;<em>Hotel \u00c0frica<\/em>&nbsp;d&#8217;un al\u00e8 vitalista i de sensualitat; d&#8217;una visi\u00f3 en favor de la vida mundana, de la individualitat plena i lliure, sense l\u00edmits de cap tipus.<\/p>\n\n\n\n<p>Vitalisme que basteix una prosa, podr\u00edem dir, materialista, dels objectes i dels ritus de la vida quotidiana. \u00c9s una novel\u00b7la de la mirada, no en va el protagonista \u00e9s un fot\u00f2graf. No una mirada freda, sin\u00f3 interioritzada que d\u00f3na sentit i que vol gaudir de totes les coses i incl\u00fas dels detalls m\u00e9s nimis: des de la platja, la kasba, la medina i els carrers tortuosos, passant pels rituals de seduccions i escenes amoroses, fins al vestit, el desdejuni, el sabor de la mandarina, un glop de caf\u00e9. I tamb\u00e9 cos, essencialment la respiraci\u00f3 i la tos, que serveixen com a correlat dram\u00e0tic de l&#8217;evoluci\u00f3 del protagonista. Tot t\u00e9 energia, produeix emoci\u00f3 i vida. La mat\u00e8ria \u00e9s la base a partir de la qual la paraula munyeix, a trav\u00e9s d&#8217;un estil exuberant i po\u00e8tic, tota la seua virtualitat. D&#8217;ac\u00ed una prosa sensual i suggerent, reblida de sensacions corpore\u00eftzades per un seguit d&#8217;olors, sabors i colors. D&#8217;altra en la novel\u00b7la sura un cert al\u00e8 de misticisme, en tant que la poesia comporta sempre mat\u00eds m\u00edtic, per\u00f2 m\u00e9s enll\u00e0 de qualsevol religi\u00f3. En definitiva, podr\u00edem afirmar que s&#8217;hi respira un misticisme pag\u00e0 o materialista.<\/p>\n\n\n\n<p>Proced\u00e8ncia: BAGALINA. Coctelera de la Safor. Gandia, n\u00fam. 3 (maig 1987), p\u00e0g. 20<\/p>\n\n\n\n<p>Descarrega&#8217;t l&#8217;original:&nbsp;<img decoding=\"async\" src=\"http:\/\/calafat.cat\/modules\/file\/icons\/application-pdf.png\" alt=\"PDF icon\"><a href=\"http:\/\/calafat.cat\/sites\/default\/files\/hotel-africa-de-cremades-i-arlandis.pdf\">hotel-africa-de-cremades-i-arlandis.pdf<\/a><\/p>\n\n\n\n<p><a rel=\"noreferrer noopener\" href=\"http:\/\/calafat.cat\/#facebook\" target=\"_blank\">Facebook<\/a>&nbsp;<a rel=\"noreferrer noopener\" href=\"http:\/\/calafat.cat\/#twitter\" target=\"_blank\">Twitter<\/a>&nbsp;<a href=\"https:\/\/www.addtoany.com\/share#url=http%3A%2F%2Fcalafat.cat%2Farticles%2Fhotel-africa-de-cremades-i-arlandis&amp;title=Hotel%20%C3%80frica%2C%20de%20Cremades%20i%20Arlandis%3A%20la%20mirada%20d%27un%20saforenc\">&nbsp;Comparteix a<\/a><\/p>\n\n\n\n<p>Articles recents:&nbsp;<\/p>\n\n\n\n<p><a href=\"http:\/\/calafat.cat\/articles\/saltant-duna-travessa-a-laltra\">Saltant d\u2019una travessa a l\u2019altra<\/a><\/p>\n\n\n\n<p><a href=\"http:\/\/calafat.cat\/articles\/l-univers-dens-de-l-alfabet\">L\u2019univers dens de l\u2019alfabet<\/a><\/p>\n\n\n\n<p><a href=\"http:\/\/calafat.cat\/articles\/el-teatre-de-manuel-la-tralla-que-allibera\">El teatre de Manuel: la tralla que allibera<\/a><\/p>\n<\/div>\n\n\n\n<div class=\"wp-block-column is-layout-flow wp-block-column-is-layout-flow\" style=\"flex-basis:50%\">\n<figure class=\"wp-block-image\"><img loading=\"lazy\" decoding=\"async\" width=\"379\" height=\"379\" src=\"http:\/\/calafat.cat\/wp-content\/uploads\/2022\/05\/hotel-africa-de-cremades-i-arlandis-1.jpeg\" alt=\"\" class=\"wp-image-2825\" srcset=\"https:\/\/calafat.cat\/wp-content\/uploads\/2022\/05\/hotel-africa-de-cremades-i-arlandis-1.jpeg 379w, https:\/\/calafat.cat\/wp-content\/uploads\/2022\/05\/hotel-africa-de-cremades-i-arlandis-1-300x300.jpeg 300w, https:\/\/calafat.cat\/wp-content\/uploads\/2022\/05\/hotel-africa-de-cremades-i-arlandis-1-150x150.jpeg 150w\" sizes=\"auto, (max-width: 379px) 100vw, 379px\" \/><figcaption>Portada de la publicaci\u00f3<br>Hotel \u00c0frica. Ferran Cremades i Arlandis. Edicions 62, Col\u00b7lecci\u00f3 \u201cBalanc\u00ed\u201d. Barcelona, 1987. 199 p\u00e0gs.<\/figcaption><\/figure>\n\n\n\n<p>Etiquetes:<a href=\"http:\/\/1987\"> <\/a><a href=\"http:\/\/calafat.cat\/index.php\/1987-2\/\" data-type=\"page\" data-id=\"2085\">1987<\/a> <a href=\"http:\/\/calafat.cat\/index.php\/per-generes\/narrativa\/\" data-type=\"page\" data-id=\"94\">Narrativa<\/a> <a href=\"http:\/\/calafat.cat\/index.php\/publicat-a\/altres\/\" data-type=\"page\" data-id=\"112\">Altres<\/a> <a href=\"http:\/\/calafat.cat\/?page_id=4320\" data-type=\"page\" data-id=\"4320\">Ferran Cremades i Arlandis<\/a><\/p>\n<\/div>\n<\/div>\n","protected":false},"excerpt":{"rendered":"<p>Si Cremades, en novel\u00b7les anteriors, ens recuperava liter\u00e0riament i assumia la proposta vital d&#8217;una parcel\u00b7la de la nostra hist\u00f2ria, ara des de la mateixa visi\u00f3 ens proposa i ens presenta un viatge -en el sentit d&#8217;aventura i de coneixement (de buscar-se i perdre&#8217;s)- a eixe m\u00f3n viu i actual. No hi trobarem all\u00f2 m\u00e9s vist\u00f3s &#8230; <a title=\"Hotel \u00c0frica, de Cremades i Arlandis: la mirada d&#8217;un saforenc\" class=\"read-more\" href=\"https:\/\/calafat.cat\/index.php\/hotel-africa-de-cremades-i-arlandis-la-mirada-dun-saforenc\/\" aria-label=\"M\u00e1s en Hotel \u00c0frica, de Cremades i Arlandis: la mirada d&#8217;un saforenc\">Leer m\u00e1s<\/a><\/p>\n","protected":false},"author":1,"featured_media":0,"parent":0,"menu_order":0,"comment_status":"closed","ping_status":"closed","template":"","meta":{"footnotes":""},"class_list":["post-1023","page","type-page","status-publish"],"_links":{"self":[{"href":"https:\/\/calafat.cat\/index.php\/wp-json\/wp\/v2\/pages\/1023","targetHints":{"allow":["GET"]}}],"collection":[{"href":"https:\/\/calafat.cat\/index.php\/wp-json\/wp\/v2\/pages"}],"about":[{"href":"https:\/\/calafat.cat\/index.php\/wp-json\/wp\/v2\/types\/page"}],"author":[{"embeddable":true,"href":"https:\/\/calafat.cat\/index.php\/wp-json\/wp\/v2\/users\/1"}],"replies":[{"embeddable":true,"href":"https:\/\/calafat.cat\/index.php\/wp-json\/wp\/v2\/comments?post=1023"}],"version-history":[{"count":4,"href":"https:\/\/calafat.cat\/index.php\/wp-json\/wp\/v2\/pages\/1023\/revisions"}],"predecessor-version":[{"id":4321,"href":"https:\/\/calafat.cat\/index.php\/wp-json\/wp\/v2\/pages\/1023\/revisions\/4321"}],"wp:attachment":[{"href":"https:\/\/calafat.cat\/index.php\/wp-json\/wp\/v2\/media?parent=1023"}],"curies":[{"name":"wp","href":"https:\/\/api.w.org\/{rel}","templated":true}]}}