{"id":1028,"date":"2022-04-11T14:57:33","date_gmt":"2022-04-11T14:57:33","guid":{"rendered":"http:\/\/calafat.cat\/?page_id=1028"},"modified":"2022-05-11T11:48:26","modified_gmt":"2022-05-11T11:48:26","slug":"1988-2","status":"publish","type":"page","link":"https:\/\/calafat.cat\/index.php\/1988-2\/","title":{"rendered":"1988"},"content":{"rendered":"\n<p><a href=\"http:\/\/calafat.cat\/index.php\/realisme-i-lirica\/\" data-type=\"page\" data-id=\"1030\">Realisme i l\u00edrica<\/a><\/p>\n\n\n\n<figure class=\"wp-block-image size-full\"><img loading=\"lazy\" decoding=\"async\" width=\"50\" height=\"50\" src=\"http:\/\/calafat.cat\/wp-content\/uploads\/2022\/05\/s.png\" alt=\"\" class=\"wp-image-2091\"\/><\/figure>\n\n\n\n<p>L&#8217;antologia <em>Dinou poetes dels seixanta<\/em> s\u00f3n Xavier Amor\u00f3s, Llu\u00eds Alpera, Llu\u00eds V Aracil, Joan Argent\u00e9, Miquel Bau\u00e7\u00e0, Joan Colomines, Gabriel Ferrater, Joaquim Horta, Isidre Molas, Ovidi Montllor, Jaume Palomar, Francesc Parcerisas, Francesc Pi de la Serra, Raimon, Emili Rodr\u00edguez-Bernabeu,<\/p>\n","protected":false},"excerpt":{"rendered":"<p>Realisme i l\u00edrica L&#8217;antologia Dinou poetes dels seixanta s\u00f3n Xavier Amor\u00f3s, Llu\u00eds Alpera, Llu\u00eds V Aracil, Joan Argent\u00e9, Miquel Bau\u00e7\u00e0, Joan Colomines, Gabriel Ferrater, Joaquim Horta, Isidre Molas, Ovidi Montllor, Jaume Palomar, Francesc Parcerisas, Francesc Pi de la Serra, Raimon, Emili Rodr\u00edguez-Bernabeu,<\/p>\n","protected":false},"author":1,"featured_media":0,"parent":0,"menu_order":0,"comment_status":"closed","ping_status":"closed","template":"","meta":{"footnotes":""},"class_list":["post-1028","page","type-page","status-publish"],"_links":{"self":[{"href":"https:\/\/calafat.cat\/index.php\/wp-json\/wp\/v2\/pages\/1028","targetHints":{"allow":["GET"]}}],"collection":[{"href":"https:\/\/calafat.cat\/index.php\/wp-json\/wp\/v2\/pages"}],"about":[{"href":"https:\/\/calafat.cat\/index.php\/wp-json\/wp\/v2\/types\/page"}],"author":[{"embeddable":true,"href":"https:\/\/calafat.cat\/index.php\/wp-json\/wp\/v2\/users\/1"}],"replies":[{"embeddable":true,"href":"https:\/\/calafat.cat\/index.php\/wp-json\/wp\/v2\/comments?post=1028"}],"version-history":[{"count":3,"href":"https:\/\/calafat.cat\/index.php\/wp-json\/wp\/v2\/pages\/1028\/revisions"}],"predecessor-version":[{"id":2836,"href":"https:\/\/calafat.cat\/index.php\/wp-json\/wp\/v2\/pages\/1028\/revisions\/2836"}],"wp:attachment":[{"href":"https:\/\/calafat.cat\/index.php\/wp-json\/wp\/v2\/media?parent=1028"}],"curies":[{"name":"wp","href":"https:\/\/api.w.org\/{rel}","templated":true}]}}