{"id":1030,"date":"2022-04-11T15:02:35","date_gmt":"2022-04-11T15:02:35","guid":{"rendered":"http:\/\/calafat.cat\/?page_id=1030"},"modified":"2022-05-19T09:05:05","modified_gmt":"2022-05-19T09:05:05","slug":"realisme-i-lirica","status":"publish","type":"page","link":"https:\/\/calafat.cat\/index.php\/realisme-i-lirica\/","title":{"rendered":"Realisme i l\u00edrica"},"content":{"rendered":"\n<div class=\"wp-block-columns alignwide is-layout-flex wp-container-core-columns-is-layout-9d6595d7 wp-block-columns-is-layout-flex\">\n<div class=\"wp-block-column is-layout-flow wp-block-column-is-layout-flow\" style=\"flex-basis:50%\">\n<p>L&#8217;antologia <em>Dinou poetes dels seixanta<\/em> s\u00f3n Xavier Amor\u00f3s, Llu\u00eds Alpera, Llu\u00eds V Aracil, Joan Argent\u00e9, Miquel Bau\u00e7\u00e0, Joan Colomines, Gabriel Ferrater, Joaquim Horta, Isidre Molas, Ovidi Montllor, Jaume Palomar, Francesc Parcerisas, Francesc Pi de la Serra, Raimon, Emili Rodr\u00edguez-Bernabeu, N\u00faria Sales, Carmelina S\u00e1nchez-Cutillas,<br>Rafael Soci\u00e0s i Francesc Vallverd\u00fa. Era, si m\u00e9s no d&#8217;entrada, una recopilaci\u00f3 pendent de la nostra hist\u00f2ria po\u00e8tica m\u00e9s recent, perqu\u00e8 sovint han negat el pa i la sal a la major part dels antologats, tret de Ferrater i Parcerisas, acusats d&#8217;empobrir el llenguatge literari per la gent dels setanta.<\/p>\n\n\n\n<p>Si s\u00f3n pocs i mal coneguts \u00e9s, sobretot, perqu\u00e8 els toc\u00e0 ballar amb la m\u00e9s lletja: ser paladins d&#8217;un realisme militant, que no sempre practicaren, i alhora, ser-ne v\u00edctimes.<br>Aix\u00ed, una gran part dels antologats feren els primers temptejos assimilant d\u00f2cilment els esquemes realistes iniciats per la generaci\u00f3 dels 50 i, quan aquests feren figa, a mitjan d\u00e8cada, els encert\u00e0 de ple la crisi. Alguns callaren definitivament, uns pocs continuaren: alguns han evolucionat cap a una po\u00e8tica m\u00e9s personal (Bau\u00e7\u00e0, Vallverd\u00fa) i altres, despr\u00e9s d&#8217;un llarg par\u00e8ntesi, han retornat amb un llenguatge renovat, molt acostat a la poesia dels darrers (Alpera, S\u00e1nchez-Cutillas).<\/p>\n\n\n\n<p>L&#8217;edici\u00f3 de l&#8217;antologia \u00e9s molt acurada, com tota la col\u00b7lecci\u00f3, amb un ap\u00e8ndix ben interessant de textos sobre el realisme. Pel que fa a la introducci\u00f3, Enric Balaguer, ha optat per una visi\u00f3 global del realisme, sens dubte la m\u00e9s completa fins ara. Ens fa un rep\u00e0s de la conjuntura hist\u00f2rica, de les diferents etapes, les plataformes, les teoritzacions, el context cultural i ideol\u00f2gic i la tem\u00e0tica i recursos, que \u00e9s l&#8217;aportaci\u00f3 m\u00e9s valuosa. Ara b\u00e9, un troba a faltar una major atenci\u00f3 a les particularitats de la promoci\u00f3 objecte d&#8217;estudi i una avaluaci\u00f3 de les traject\u00f2ries dels seus integrants, almenys dels m\u00e9s importants. Fa l&#8217;efecte que Enric Balaguer confia poc en el valor dels antologats, ja que els comentaris es centren en autors com l&#8217;Estell\u00e9s i Mart\u00ed i Pol i, \u00f2bviament, Gabriel Ferrater, l&#8217;estrella de l&#8217;antologia; mentre que una proposta tan interessant com la de Bau\u00e7\u00e0 no ha merescut cap al\u00b7lusi\u00f3.<\/p>\n\n\n\n<p>Al marge de la tria de poetes, que mai no ser\u00e0 del gust de tots, l&#8217;aspecte m\u00e9s problem\u00e0tic \u00e9s el criteri de confecci\u00f3, que fa que se&#8217;n ressenta el resultat final. Voler fer una antologia dels 60 i limitar-se al realisme i a una d\u00e8cada suposa no representar ni una cosa ni l&#8217;altra. Ara b\u00e9, si l&#8217;objectiu (no prou explicitat) era aix\u00ed de concret, la poesia realista d&#8217;aquests poetes, aleshores tenim una antologia curiosa, per novedosa, i correcta.<\/p>\n\n\n\n<p>En definitiva, una ocasi\u00f3 perduda per a fer balan\u00e7 d&#8217;una generaci\u00f3 que no va reeixir com a tal i que tot i n\u00e0ixer en el realisme va anar m\u00e9s enll\u00e0.<\/p>\n\n\n\n<p>EL TEMPS, n\u00fam. 191, p\u00e0g. 95, 15\/02\/1988<\/p>\n\n\n\n<p><a rel=\"noreferrer noopener\" href=\"http:\/\/calafat.cat\/#facebook\" target=\"_blank\">Facebook<\/a>&nbsp;<a rel=\"noreferrer noopener\" href=\"http:\/\/calafat.cat\/#twitter\" target=\"_blank\">Twitter<\/a>&nbsp;<a href=\"https:\/\/www.addtoany.com\/share#url=http%3A%2F%2Fcalafat.cat%2Farticles%2Frealisme-i-lirica&amp;title=Realisme%20i%20l%C3%ADrica\">&nbsp;Comparteix a<\/a><\/p>\n\n\n\n<p>Articles recents:&nbsp;<\/p>\n\n\n\n<p><a href=\"http:\/\/calafat.cat\/articles\/quan-la-realitat-dansa-en-la-ficcio\">Quan la realitat dansa en la ficci\u00f3<\/a><\/p>\n\n\n\n<p><a href=\"http:\/\/calafat.cat\/articles\/saltant-duna-travessa-a-laltra\">Saltant d\u2019una travessa a l\u2019altra<\/a><\/p>\n\n\n\n<p><a href=\"http:\/\/calafat.cat\/articles\/l-univers-dens-de-l-alfabet\">L\u2019univers dens de l\u2019alfabet<\/a><\/p>\n<\/div>\n\n\n\n<div class=\"wp-block-column is-layout-flow wp-block-column-is-layout-flow\" style=\"flex-basis:50%\">\n<figure class=\"wp-block-image\"><img loading=\"lazy\" decoding=\"async\" width=\"379\" height=\"379\" src=\"http:\/\/calafat.cat\/wp-content\/uploads\/2022\/05\/realisme-i-li\u0301rica.png\" alt=\"\" class=\"wp-image-2833\" srcset=\"https:\/\/calafat.cat\/wp-content\/uploads\/2022\/05\/realisme-i-li\u0301rica.png 379w, https:\/\/calafat.cat\/wp-content\/uploads\/2022\/05\/realisme-i-li\u0301rica-300x300.png 300w, https:\/\/calafat.cat\/wp-content\/uploads\/2022\/05\/realisme-i-li\u0301rica-150x150.png 150w\" sizes=\"auto, (max-width: 379px) 100vw, 379px\" \/><figcaption>Portada del llibre<br>Dinou poetes dels seixanta. A cura d&#8217;Enric Balaguer. Editorial Tres i Quatre, Val\u00e8ncia, 1987. 272 p\u00e0gs.<\/figcaption><\/figure>\n\n\n\n<p>Etiquetes: <a href=\"http:\/\/calafat.cat\/index.php\/1988-2\/\" data-type=\"page\" data-id=\"1028\">1988<\/a> <a href=\"http:\/\/calafat.cat\/index.php\/publicat-a\/el-temps\/\" data-type=\"page\" data-id=\"110\">El Temps<\/a> <a href=\"http:\/\/calafat.cat\/index.php\/per-generes\/poesia\/\" data-type=\"page\" data-id=\"98\">Poesia<\/a> <a href=\"http:\/\/calafat.cat\/index.php\/per-generes\/panoramiques\/\" data-type=\"page\" data-id=\"96\">Panor\u00e0miques<\/a><\/p>\n<\/div>\n<\/div>\n","protected":false},"excerpt":{"rendered":"<p>L&#8217;antologia Dinou poetes dels seixanta s\u00f3n Xavier Amor\u00f3s, Llu\u00eds Alpera, Llu\u00eds V Aracil, Joan Argent\u00e9, Miquel Bau\u00e7\u00e0, Joan Colomines, Gabriel Ferrater, Joaquim Horta, Isidre Molas, Ovidi Montllor, Jaume Palomar, Francesc Parcerisas, Francesc Pi de la Serra, Raimon, Emili Rodr\u00edguez-Bernabeu, N\u00faria Sales, Carmelina S\u00e1nchez-Cutillas,Rafael Soci\u00e0s i Francesc Vallverd\u00fa. Era, si m\u00e9s no d&#8217;entrada, una recopilaci\u00f3 pendent &#8230; <a title=\"Realisme i l\u00edrica\" class=\"read-more\" href=\"https:\/\/calafat.cat\/index.php\/realisme-i-lirica\/\" aria-label=\"M\u00e1s en Realisme i l\u00edrica\">Leer m\u00e1s<\/a><\/p>\n","protected":false},"author":1,"featured_media":0,"parent":0,"menu_order":0,"comment_status":"closed","ping_status":"closed","template":"","meta":{"footnotes":""},"class_list":["post-1030","page","type-page","status-publish"],"_links":{"self":[{"href":"https:\/\/calafat.cat\/index.php\/wp-json\/wp\/v2\/pages\/1030","targetHints":{"allow":["GET"]}}],"collection":[{"href":"https:\/\/calafat.cat\/index.php\/wp-json\/wp\/v2\/pages"}],"about":[{"href":"https:\/\/calafat.cat\/index.php\/wp-json\/wp\/v2\/types\/page"}],"author":[{"embeddable":true,"href":"https:\/\/calafat.cat\/index.php\/wp-json\/wp\/v2\/users\/1"}],"replies":[{"embeddable":true,"href":"https:\/\/calafat.cat\/index.php\/wp-json\/wp\/v2\/comments?post=1030"}],"version-history":[{"count":4,"href":"https:\/\/calafat.cat\/index.php\/wp-json\/wp\/v2\/pages\/1030\/revisions"}],"predecessor-version":[{"id":3989,"href":"https:\/\/calafat.cat\/index.php\/wp-json\/wp\/v2\/pages\/1030\/revisions\/3989"}],"wp:attachment":[{"href":"https:\/\/calafat.cat\/index.php\/wp-json\/wp\/v2\/media?parent=1030"}],"curies":[{"name":"wp","href":"https:\/\/api.w.org\/{rel}","templated":true}]}}