{"id":1034,"date":"2022-04-11T15:04:03","date_gmt":"2022-04-11T15:04:03","guid":{"rendered":"http:\/\/calafat.cat\/?page_id=1034"},"modified":"2022-05-19T15:42:42","modified_gmt":"2022-05-19T15:42:42","slug":"saltant-duna-travessa-a-laltra","status":"publish","type":"page","link":"https:\/\/calafat.cat\/index.php\/saltant-duna-travessa-a-laltra\/","title":{"rendered":"Saltant d\u2019una travessa a l\u2019altra"},"content":{"rendered":"\n<div class=\"wp-block-columns alignwide is-layout-flex wp-container-core-columns-is-layout-9d6595d7 wp-block-columns-is-layout-flex\">\n<div class=\"wp-block-column is-layout-flow wp-block-column-is-layout-flow\" style=\"flex-basis:50%\">\n<p>Carme Manuel pertany a una promoci\u00f3 de Filologia bastant potent, llicenciada l\u2019any 1982. D\u2019aquella collita han sorgit pocs creadors, per\u00f2 s\u00ed un grup d\u2019estudiosos rellevants, com ara Carmen Morenilla, dedicada al m\u00f3n grec, Teresa Ferrer Valls, estudiosa del teatre espanyol dels segles XVI i XVII, Ferran Carb\u00f3 especialista en poesia catalana contempor\u00e0nia. La mateixa Carme Manuel \u00e9s experta en literatura nord-americana i, encara que s\u2019estrena com a narradora ara, els tractes amb la creaci\u00f3, per la seua professi\u00f3, s\u00f3n antics, no nom\u00e9s com a estudiosa, sin\u00f3 tamb\u00e9 com a traductora. En aquest \u00e0mbit, ha fet de tot. Tenen un inter\u00e9s especial les versions de cl\u00e0ssics moderns, com ara Emily Dickinson i Herman Melville, per posar-ne nom\u00e9s dos noms emblem\u00e0tics. Amb els anys ha mostrat una tirada especial a donar veu a grups minoritaris, d\u2019escriptors pertanyents a comunitats amb una hist\u00f2ria complicada, marcada, en alguns casos, per la trag\u00e8dia i per la voluntat de voler mantenir, contra tot pron\u00f2stic, una identitat cultural i liter\u00e0ria. En aquesta l\u00ednia, Carme Manuel ha transvasat al nostre idioma poesia gal\u00b7lesa del segle xx \u2013juntament amb J. V. Garcia Raffi\u2013, poesia de dones afroamericanes dels segles XIX i XX, un poeta d\u2019origen indi, Gerald Vizenor, i el poeta chicano Nephtal\u00ed de Le\u00f3n.<\/p>\n\n\n\n<p>Amb <em>Llanceu la creu<\/em> accedim sense intermediaris a les paraules de la protagonista narradora. Un personatge que sempre viu amb l\u2019ai al cor, a l\u2019ombra poderosa o temorosa de la seua mare; encara que li havia perm\u00e9s viure plenament independent, no podia desempallegar-se de la seua irradiaci\u00f3. Quan falta, compr\u00e9n que \u00e9s el moment de fer un proc\u00e9s cat\u00e0rtic per a poder alliberar-se no nom\u00e9s del cord\u00f3 familiar sin\u00f3 tamb\u00e9 sentimental, de la teranyina d\u2019h\u00e0bits i d\u2019impot\u00e8ncies que la coarten. \u00c9s el moment de recapitular per a poder posar el motor en un punt mort i comen\u00e7ar de nou, sense passat ni present. Per aix\u00f2, l\u2019obra t\u00e9, fins un cert punt, un aire circular.<\/p>\n\n\n\n<p>Escoltem la seua veu, per\u00f2 a trav\u00e9s seu accedim a altres veus: la de la mare, el pare, la germana, Eduard (la seua parella), els iaios&#8230; La novel\u00b7la no s\u2019organitza com una trama pautada, sin\u00f3 com una repesca dels moments significatius del passat i del present. Hi t\u00e9 un gran pes, ineludiblement, la infantesa, perqu\u00e8 es configura la mirada dels infants i es veu com obrin els ulls a un m\u00f3n primari, d\u2019una banda, per\u00f2 de l\u2019altra, a obsessions i regles sovint tortuoses i incomprensibles per a una xiqueta, els rols diferents que assumeixen els pares, un llarg etc\u00e8tera. En aquest estadi, conviuen la mirada na\u00eff de la xiqueta i l\u2019acidesa de la narradora adulta. Conviuen aix\u00ed escenes delicades, l\u00edriques, al costat d\u2019estampes o de comentaris gens buc\u00f2lics. Vista en conjunt, els fils de la hist\u00f2ria funcionen com una teranyina de la qual l\u2019autora voldr\u00e0 fugir.<\/p>\n\n\n\n<p>El viatge al passat de la protagonista ens mostra una superposici\u00f3 de plans, on sobresurten el r\u00e8gim i les mis\u00e8ries del temps, per\u00f2 el llibre mostra unes altres realitats, com ara la de fam\u00edlia de la protagonista, que hivernen en un m\u00f3n a part, i amb una llengua al marge de les conveccions, una vida informada a partir de succe\u00efts, d\u2019hist\u00f2ries mig llegendes, dels successos que els conten, de les experi\u00e8ncies dels grans. Tot contat amb quatre pinzellades. Aix\u00f2 tamb\u00e9 ocorre en els espais on es mouen els protagonistes. Sabem que viuen a Val\u00e8ncia, en una casa de camp, assetjats per l\u2019asfalt i llepats per finques grans. Per\u00f2 no on i quan.<\/p>\n\n\n\n<p>I aquesta \u00e9s precisament la for\u00e7a de la novel\u00b7la: la veu \u2013el seu gruix\u2013, el to i l\u2019estil. Una prosa elidida, elusiva que toca directament el cor de la narraci\u00f3 i cerca el tall de la dicci\u00f3 i la perspic\u00e0cia del lector. La paraula vol ser neta, precisa, per\u00f2 fonda. Per aquest motiu, el recurs de l\u2019oralitat hi porta molt de joc: veiem les onomatopeies i les repeticions, topetem amb les frases curtes, sovint situades en par\u00e0grafs separats que busquen un ritme, per\u00f2 tamb\u00e9 amb un aire rotund i dur, o unes pautes repetitives determinades, que imposen una modulaci\u00f3 de lletania.<\/p>\n\n\n\n<p>Descaradament ens hem recreat en una part de la hist\u00f2ria; l\u2019altra, l\u2019haur\u00e0 de completar el lector per a comprendre el sentit de les peces que hi falten. Esperem que l\u2019autora, com se\u2019ns diu al final de llibre, \u201cllance la creu\u201d, llance les darreres retic\u00e8ncies que li puguen restar sobre la condici\u00f3 de narradora, i explore les bones condicions que hi ha en una obra de m\u00e9s envergadura.<\/p>\n\n\n\n<p>EL PA\u00cdS, QUADERN, 10\/07\/2013 <\/p>\n\n\n\n<p>Descarrega&#8217;t l&#8217;original:&nbsp;<img decoding=\"async\" src=\"http:\/\/calafat.cat\/modules\/file\/icons\/application-pdf.png\" alt=\"PDF icon\"><a href=\"http:\/\/calafat.cat\/sites\/default\/files\/saltant-duna-travessa-a-laltra.pdf\">saltant-duna-travessa-a-laltra.pdf<\/a><\/p>\n\n\n\n<p><a rel=\"noreferrer noopener\" href=\"http:\/\/calafat.cat\/#facebook\" target=\"_blank\">Facebook<\/a> <a rel=\"noreferrer noopener\" href=\"http:\/\/calafat.cat\/#twitter\" target=\"_blank\"><\/a><a rel=\"noreferrer noopener\" href=\"http:\/\/calafat.cat\/#twitter\" target=\"_blank\">Twitter<\/a> <a href=\"https:\/\/www.addtoany.com\/share#url=http%3A%2F%2Fcalafat.cat%2Farticles%2Fsaltant-duna-travessa-a-laltra&amp;title=Saltant%20d%E2%80%99una%20travessa%20a%20l%E2%80%99altra\"><\/a><a href=\"https:\/\/www.addtoany.com\/share#url=http%3A%2F%2Fcalafat.cat%2Farticles%2Fsaltant-duna-travessa-a-laltra&amp;title=Saltant%20d%E2%80%99una%20travessa%20a%20l%E2%80%99altra\">Comparteix a<\/a><\/p>\n\n\n\n<p>Articles recents:&nbsp;<\/p>\n\n\n\n<p><a href=\"http:\/\/calafat.cat\/articles\/viatge-iniciatic-i-catartic-al-mon-sorprenent-del-primer-estelles\">Viatge inici\u00e0tic i cat\u00e0rtic al m\u00f3n sorprenent del primer Estell\u00e9s<\/a><\/p>\n\n\n\n<p><a href=\"http:\/\/calafat.cat\/articles\/laura-contaminada-de-valencia\">L&#8217;aura contaminada de Val\u00e8ncia<\/a><\/p>\n\n\n\n<p><a href=\"http:\/\/calafat.cat\/articles\/quatre-decades-de-narrativa-valenciana-moderna\">Quatre d\u00e8cades de narrativa valenciana moderna<\/a><\/p>\n<\/div>\n\n\n\n<div class=\"wp-block-column is-layout-flow wp-block-column-is-layout-flow\" style=\"flex-basis:50%\">\n<figure class=\"wp-block-image size-full\"><img loading=\"lazy\" decoding=\"async\" width=\"379\" height=\"379\" src=\"http:\/\/calafat.cat\/wp-content\/uploads\/2022\/05\/1-98.jpeg\" alt=\"\" class=\"wp-image-3553\" srcset=\"https:\/\/calafat.cat\/wp-content\/uploads\/2022\/05\/1-98.jpeg 379w, https:\/\/calafat.cat\/wp-content\/uploads\/2022\/05\/1-98-300x300.jpeg 300w, https:\/\/calafat.cat\/wp-content\/uploads\/2022\/05\/1-98-150x150.jpeg 150w\" sizes=\"auto, (max-width: 379px) 100vw, 379px\" \/><figcaption>Portada del llibre<br><br>Llanceu la creu. Carme Manuel. Editorial 3i4, Val\u00e8ncia, 2013.123 p\u00e0gs.<br><br>Etiquetes:\u00a0<a href=\"http:\/\/calafat.cat\/index.php\/2013-2\/\" data-type=\"page\" data-id=\"2175\">2013<\/a> <a href=\"http:\/\/calafat.cat\/index.php\/publicat-a\/el-pais\/\" data-type=\"page\" data-id=\"108\">El Pa\u00eds<\/a> <a href=\"http:\/\/calafat.cat\/index.php\/per-generes\/narrativa\/\" data-type=\"page\" data-id=\"94\">Narrativa<\/a> <a href=\"http:\/\/calafat.cat\/?page_id=4256\" data-type=\"page\" data-id=\"4256\">Carme Manuel<\/a><\/figcaption><\/figure>\n<\/div>\n<\/div>\n","protected":false},"excerpt":{"rendered":"<p>Carme Manuel pertany a una promoci\u00f3 de Filologia bastant potent, llicenciada l\u2019any 1982. D\u2019aquella collita han sorgit pocs creadors, per\u00f2 s\u00ed un grup d\u2019estudiosos rellevants, com ara Carmen Morenilla, dedicada al m\u00f3n grec, Teresa Ferrer Valls, estudiosa del teatre espanyol dels segles XVI i XVII, Ferran Carb\u00f3 especialista en poesia catalana contempor\u00e0nia. La mateixa Carme &#8230; <a title=\"Saltant d\u2019una travessa a l\u2019altra\" class=\"read-more\" href=\"https:\/\/calafat.cat\/index.php\/saltant-duna-travessa-a-laltra\/\" aria-label=\"M\u00e1s en Saltant d\u2019una travessa a l\u2019altra\">Leer m\u00e1s<\/a><\/p>\n","protected":false},"author":1,"featured_media":0,"parent":0,"menu_order":0,"comment_status":"closed","ping_status":"closed","template":"","meta":{"footnotes":""},"class_list":["post-1034","page","type-page","status-publish"],"_links":{"self":[{"href":"https:\/\/calafat.cat\/index.php\/wp-json\/wp\/v2\/pages\/1034","targetHints":{"allow":["GET"]}}],"collection":[{"href":"https:\/\/calafat.cat\/index.php\/wp-json\/wp\/v2\/pages"}],"about":[{"href":"https:\/\/calafat.cat\/index.php\/wp-json\/wp\/v2\/types\/page"}],"author":[{"embeddable":true,"href":"https:\/\/calafat.cat\/index.php\/wp-json\/wp\/v2\/users\/1"}],"replies":[{"embeddable":true,"href":"https:\/\/calafat.cat\/index.php\/wp-json\/wp\/v2\/comments?post=1034"}],"version-history":[{"count":3,"href":"https:\/\/calafat.cat\/index.php\/wp-json\/wp\/v2\/pages\/1034\/revisions"}],"predecessor-version":[{"id":4257,"href":"https:\/\/calafat.cat\/index.php\/wp-json\/wp\/v2\/pages\/1034\/revisions\/4257"}],"wp:attachment":[{"href":"https:\/\/calafat.cat\/index.php\/wp-json\/wp\/v2\/media?parent=1034"}],"curies":[{"name":"wp","href":"https:\/\/api.w.org\/{rel}","templated":true}]}}