{"id":106,"date":"2022-03-23T18:27:26","date_gmt":"2022-03-23T18:27:26","guid":{"rendered":"http:\/\/calafat.cat\/?page_id=106"},"modified":"2022-05-11T09:10:24","modified_gmt":"2022-05-11T09:10:24","slug":"el-diario","status":"publish","type":"page","link":"https:\/\/calafat.cat\/index.php\/publicat-a\/el-diario\/","title":{"rendered":"El Diario"},"content":{"rendered":"\t\t<div data-elementor-type=\"wp-page\" data-elementor-id=\"106\" class=\"elementor elementor-106\">\n\t\t\t\t\t\t\t\t\t<section class=\"elementor-section elementor-top-section elementor-element elementor-element-fd5a703 elementor-section-boxed elementor-section-height-default elementor-section-height-default\" data-id=\"fd5a703\" data-element_type=\"section\">\n\t\t\t\t\t\t<div class=\"elementor-container elementor-column-gap-default\">\n\t\t\t\t\t<div class=\"elementor-column elementor-col-100 elementor-top-column elementor-element elementor-element-38874a0b\" data-id=\"38874a0b\" data-element_type=\"column\">\n\t\t\t<div class=\"elementor-widget-wrap elementor-element-populated\">\n\t\t\t\t\t\t\t\t<div class=\"elementor-element elementor-element-26495189 elementor-widget elementor-widget-text-editor\" data-id=\"26495189\" data-element_type=\"widget\" data-widget_type=\"text-editor.default\">\n\t\t\t\t<div class=\"elementor-widget-container\">\n\t\t\t<style>\/*! elementor - v3.12.2 - 23-04-2023 *\/\n.elementor-widget-text-editor.elementor-drop-cap-view-stacked .elementor-drop-cap{background-color:#69727d;color:#fff}.elementor-widget-text-editor.elementor-drop-cap-view-framed .elementor-drop-cap{color:#69727d;border:3px solid;background-color:transparent}.elementor-widget-text-editor:not(.elementor-drop-cap-view-default) .elementor-drop-cap{margin-top:8px}.elementor-widget-text-editor:not(.elementor-drop-cap-view-default) .elementor-drop-cap-letter{width:1em;height:1em}.elementor-widget-text-editor .elementor-drop-cap{float:left;text-align:center;line-height:1;font-size:50px}.elementor-widget-text-editor .elementor-drop-cap-letter{display:inline-block}<\/style>\t\t\t\t<!-- wp:paragraph -->\n<p><a href=\"http:\/\/calafat.cat\/index.php\/contra-la-crisi-novela-negra\/\">Contra la crisi, novel\u00b7la negra<\/a><\/p>\n<!-- \/wp:paragraph --><!-- wp:image {\"id\":665,\"sizeSlug\":\"full\",\"linkDestination\":\"none\"} -->\n<figure class=\"wp-block-image size-full\"><img loading=\"lazy\" decoding=\"async\" width=\"50\" height=\"28\" class=\"wp-image-665\" src=\"http:\/\/calafat.cat\/wp-content\/uploads\/2022\/03\/094.jpeg\" alt=\"\" \/><\/figure>\n<!-- \/wp:image --><!-- wp:paragraph -->\n<p>\u00abContra la crisi, novel\u00b7la negra\u00bb, ha dit John Banville. \u00c9s possible.<\/p>\n<!-- \/wp:paragraph --><!-- wp:paragraph -->\n<p><a href=\"http:\/\/calafat.cat\/index.php\/dies-de-llibres\/\">Dies de llibres<\/a><\/p>\n<!-- \/wp:paragraph --><!-- wp:image {\"id\":666,\"sizeSlug\":\"full\",\"linkDestination\":\"none\"} -->\n<figure class=\"wp-block-image size-full\"><img loading=\"lazy\" decoding=\"async\" width=\"50\" height=\"37\" class=\"wp-image-666\" src=\"http:\/\/calafat.cat\/wp-content\/uploads\/2022\/03\/095.jpeg\" alt=\"\" \/><\/figure>\n<!-- \/wp:image --><!-- wp:paragraph -->\n<p>Comen\u00e7a la Fira del Llibre (del 20 d&#8217;abril a l&#8217;1 de maig). Com totes les cerim\u00f2nies, t\u00e9 els seus rituals, per\u00f2 tamb\u00e9 un entusiasme renovat. Com tot els anys? S\u00ed, i no. S\u2019hi respira un altre aire. No \u00e9s una cosa escandalosa. No hi ha diners, tot s\u2019ha de dir, o ben pocs.<\/p>\n<!-- \/wp:paragraph --><!-- wp:paragraph -->\n<p><a href=\"http:\/\/calafat.cat\/index.php\/dietari-dues-vides-que-sautoalimenten\/\">Dietari: dues vides que s\u2019autoalimenten<\/a><\/p>\n<!-- \/wp:paragraph --><!-- wp:image {\"id\":667,\"sizeSlug\":\"full\",\"linkDestination\":\"none\"} -->\n<figure class=\"wp-block-image size-full\"><img loading=\"lazy\" decoding=\"async\" width=\"50\" height=\"33\" class=\"wp-image-667\" src=\"http:\/\/calafat.cat\/wp-content\/uploads\/2022\/03\/096.jpeg\" alt=\"\" \/><\/figure>\n<!-- \/wp:image --><!-- wp:paragraph -->\n<p>\u201cL\u2019escriptura \u00e9s l\u2019afirmaci\u00f3 de la vida pr\u00f2pia\u201d, observa Vicent Alonso. Per\u00f2 el jo de paper \u00e9s el jo real? Conscient del terreny moved\u00eds on es mou, l\u2019autor una vegada i una altra vegada torna sobre la q\u00fcesti\u00f3 per tal que s\u2019entenga l\u2019objectiu i la seua implicaci\u00f3.<\/p>\n<!-- \/wp:paragraph --><!-- wp:paragraph -->\n<p><a href=\"http:\/\/calafat.cat\/index.php\/els-focs-dels-secrets\/\">Els focs dels secrets<\/a><\/p>\n<!-- \/wp:paragraph --><!-- wp:image {\"id\":668,\"sizeSlug\":\"full\",\"linkDestination\":\"none\"} -->\n<figure class=\"wp-block-image size-full\"><img loading=\"lazy\" decoding=\"async\" width=\"50\" height=\"35\" class=\"wp-image-668\" src=\"http:\/\/calafat.cat\/wp-content\/uploads\/2022\/03\/097.jpeg\" alt=\"\" \/><\/figure>\n<!-- \/wp:image --><!-- wp:paragraph -->\n<p>Despr\u00e9s de diverses novel\u00b7les, com <em>El m\u00fasic del bulevard Rossini<\/em> o <em>La m\u00e0 de ning\u00fa<\/em>, on es centrava en l\u2019actualitat, Vicent Us\u00f3 ara, sense abandonar-la, torna a un dels temes claus de la seua obra: la guerra i la postguerra.<\/p>\n<!-- \/wp:paragraph --><!-- wp:paragraph -->\n<p><a href=\"http:\/\/calafat.cat\/index.php\/lobertura-de-mires-enmig-de-la-tragedia\/\">L\u2019obertura de mires enmig de la trag\u00e8dia<\/a><\/p>\n<!-- \/wp:paragraph --><!-- wp:image {\"id\":669,\"sizeSlug\":\"full\",\"linkDestination\":\"none\"} -->\n<figure class=\"wp-block-image size-full\"><img loading=\"lazy\" decoding=\"async\" width=\"50\" height=\"38\" class=\"wp-image-669\" src=\"http:\/\/calafat.cat\/wp-content\/uploads\/2022\/03\/098.jpeg\" alt=\"\" \/><\/figure>\n<!-- \/wp:image --><!-- wp:paragraph -->\n<p>Mart\u00ed Dom\u00ednguez, a trav\u00e9s de les novel\u00b7les dedicades al comte Buffon, al pintor Tischbein i a Goethe, a Voltaire i a C\u00e9zanne, ha aconseguit ordir un ambici\u00f3s cicle novel\u00b7l\u00edstic que, cosit amb una f\u00f3rmula \u00e0gil i ben greixada de difondre idees, ens mostra l\u2019evoluci\u00f3 de la modernitat i dels meandres<\/p>\n<!-- \/wp:paragraph --><!-- wp:paragraph -->\n<p><a href=\"http:\/\/calafat.cat\/index.php\/setge-literari-a-la-tardor\/\">Setge literari a la tardor<\/a><\/p>\n<!-- \/wp:paragraph --><!-- wp:image {\"id\":671,\"sizeSlug\":\"full\",\"linkDestination\":\"none\"} -->\n<figure class=\"wp-block-image size-full\"><img loading=\"lazy\" decoding=\"async\" width=\"50\" height=\"28\" class=\"wp-image-671\" src=\"http:\/\/calafat.cat\/wp-content\/uploads\/2022\/03\/099.jpeg\" alt=\"\" \/><\/figure>\n<!-- \/wp:image -->\t\t\t\t\t\t<\/div>\n\t\t\t\t<\/div>\n\t\t\t\t\t<\/div>\n\t\t<\/div>\n\t\t\t\t\t\t\t<\/div>\n\t\t<\/section>\n\t\t\t\t\t\t\t<\/div>\n\t\t","protected":false},"excerpt":{"rendered":"<p>Contra la crisi, novel\u00b7la negra \u00abContra la crisi, novel\u00b7la negra\u00bb, ha dit John Banville. \u00c9s possible. Dies de llibres Comen\u00e7a la Fira del Llibre (del 20 d&#8217;abril a l&#8217;1 de maig). Com totes les cerim\u00f2nies, t\u00e9 els seus rituals, per\u00f2 tamb\u00e9 un entusiasme renovat. Com tot els anys? S\u00ed, i no. S\u2019hi respira un altre &#8230; <a title=\"El Diario\" class=\"read-more\" href=\"https:\/\/calafat.cat\/index.php\/publicat-a\/el-diario\/\" aria-label=\"M\u00e1s en El Diario\">Leer m\u00e1s<\/a><\/p>\n","protected":false},"author":1,"featured_media":0,"parent":90,"menu_order":0,"comment_status":"closed","ping_status":"closed","template":"","meta":{"footnotes":""},"class_list":["post-106","page","type-page","status-publish"],"_links":{"self":[{"href":"https:\/\/calafat.cat\/index.php\/wp-json\/wp\/v2\/pages\/106","targetHints":{"allow":["GET"]}}],"collection":[{"href":"https:\/\/calafat.cat\/index.php\/wp-json\/wp\/v2\/pages"}],"about":[{"href":"https:\/\/calafat.cat\/index.php\/wp-json\/wp\/v2\/types\/page"}],"author":[{"embeddable":true,"href":"https:\/\/calafat.cat\/index.php\/wp-json\/wp\/v2\/users\/1"}],"replies":[{"embeddable":true,"href":"https:\/\/calafat.cat\/index.php\/wp-json\/wp\/v2\/comments?post=106"}],"version-history":[{"count":9,"href":"https:\/\/calafat.cat\/index.php\/wp-json\/wp\/v2\/pages\/106\/revisions"}],"predecessor-version":[{"id":2697,"href":"https:\/\/calafat.cat\/index.php\/wp-json\/wp\/v2\/pages\/106\/revisions\/2697"}],"up":[{"embeddable":true,"href":"https:\/\/calafat.cat\/index.php\/wp-json\/wp\/v2\/pages\/90"}],"wp:attachment":[{"href":"https:\/\/calafat.cat\/index.php\/wp-json\/wp\/v2\/media?parent=106"}],"curies":[{"name":"wp","href":"https:\/\/api.w.org\/{rel}","templated":true}]}}