{"id":1082,"date":"2022-04-13T08:07:31","date_gmt":"2022-04-13T08:07:31","guid":{"rendered":"http:\/\/calafat.cat\/?page_id=1082"},"modified":"2022-05-23T09:51:41","modified_gmt":"2022-05-23T09:51:41","slug":"1989-2","status":"publish","type":"page","link":"https:\/\/calafat.cat\/index.php\/1989-2\/","title":{"rendered":"1989"},"content":{"rendered":"\n<p><a href=\"http:\/\/calafat.cat\/index.php\/diversitat-i-maduresa\/\" data-type=\"page\" data-id=\"1084\">Diversitat i maduresa<\/a><\/p>\n\n\n\n<figure class=\"wp-block-image size-full\"><img loading=\"lazy\" decoding=\"async\" width=\"50\" height=\"30\" src=\"http:\/\/calafat.cat\/wp-content\/uploads\/2022\/05\/ss.jpeg\" alt=\"\" class=\"wp-image-2094\"\/><\/figure>\n\n\n\n<p>La poesia valenciana es d\u00f3na d&#8217;alta, en la poesia contempor\u00e0nia, amb la generaci\u00f3 dels setanta, amb l&#8217;obra de S. J\u00e0fer, J. Navarro, J. Piera, J. Bonet, M. Granell, E. J. Verger i V. Alonso, entre altres.<\/p>\n\n\n\n<p><a href=\"http:\/\/calafat.cat\/index.php\/una-nueva-confianza\/\" data-type=\"page\" data-id=\"1086\">Una nueva confianza<\/a><\/p>\n\n\n\n<figure class=\"wp-block-image size-full\"><img loading=\"lazy\" decoding=\"async\" width=\"50\" height=\"30\" src=\"http:\/\/calafat.cat\/wp-content\/uploads\/2022\/05\/sss.jpeg\" alt=\"\" class=\"wp-image-2095\"\/><\/figure>\n\n\n\n<p>Si un lector quiere realizar una radiografia de la situaci\u00f3n actual de la poes\u00eda en castellano en Valencia, posiblemente se sentir\u00e1 perdido entre la avalancha de novedades que aparecen estos d\u00edas.<\/p>\n","protected":false},"excerpt":{"rendered":"<p>Diversitat i maduresa La poesia valenciana es d\u00f3na d&#8217;alta, en la poesia contempor\u00e0nia, amb la generaci\u00f3 dels setanta, amb l&#8217;obra de S. J\u00e0fer, J. Navarro, J. Piera, J. Bonet, M. Granell, E. J. Verger i V. Alonso, entre altres. Una nueva confianza Si un lector quiere realizar una radiografia de la situaci\u00f3n actual de la &#8230; <a title=\"1989\" class=\"read-more\" href=\"https:\/\/calafat.cat\/index.php\/1989-2\/\" aria-label=\"M\u00e1s en 1989\">Leer m\u00e1s<\/a><\/p>\n","protected":false},"author":1,"featured_media":0,"parent":0,"menu_order":0,"comment_status":"closed","ping_status":"closed","template":"","meta":{"footnotes":""},"class_list":["post-1082","page","type-page","status-publish"],"_links":{"self":[{"href":"https:\/\/calafat.cat\/index.php\/wp-json\/wp\/v2\/pages\/1082","targetHints":{"allow":["GET"]}}],"collection":[{"href":"https:\/\/calafat.cat\/index.php\/wp-json\/wp\/v2\/pages"}],"about":[{"href":"https:\/\/calafat.cat\/index.php\/wp-json\/wp\/v2\/types\/page"}],"author":[{"embeddable":true,"href":"https:\/\/calafat.cat\/index.php\/wp-json\/wp\/v2\/users\/1"}],"replies":[{"embeddable":true,"href":"https:\/\/calafat.cat\/index.php\/wp-json\/wp\/v2\/comments?post=1082"}],"version-history":[{"count":4,"href":"https:\/\/calafat.cat\/index.php\/wp-json\/wp\/v2\/pages\/1082\/revisions"}],"predecessor-version":[{"id":4347,"href":"https:\/\/calafat.cat\/index.php\/wp-json\/wp\/v2\/pages\/1082\/revisions\/4347"}],"wp:attachment":[{"href":"https:\/\/calafat.cat\/index.php\/wp-json\/wp\/v2\/media?parent=1082"}],"curies":[{"name":"wp","href":"https:\/\/api.w.org\/{rel}","templated":true}]}}