{"id":1090,"date":"2022-04-13T08:09:33","date_gmt":"2022-04-13T08:09:33","guid":{"rendered":"http:\/\/calafat.cat\/?page_id=1090"},"modified":"2022-05-18T14:58:52","modified_gmt":"2022-05-18T14:58:52","slug":"el-periple-danar-mes-enlla","status":"publish","type":"page","link":"https:\/\/calafat.cat\/index.php\/el-periple-danar-mes-enlla\/","title":{"rendered":"El periple d\u2019anar m\u00e9s enll\u00e0"},"content":{"rendered":"\n<div class=\"wp-block-columns alignwide is-layout-flex wp-container-core-columns-is-layout-9d6595d7 wp-block-columns-is-layout-flex\">\n<div class=\"wp-block-column is-layout-flow wp-block-column-is-layout-flow\" style=\"flex-basis:50%\">\n<p>Mart\u00ed Dom\u00ednguez, bi\u00f2leg, novel\u00b7lista, periodista, \u00e9s un escriptor ferm i polivalent, i per aquest fet est\u00e0 situat en un lloc privilegiat en el panorama de les lletres en catal\u00e0. Ara, acaba d\u2019editar un llibre ben ambici\u00f3s, guanyador del premi Carles Rahola, titulat <em>El somni de Lucreci<\/em>, amb el subt\u00edtol <em>Una hist\u00f2ria de la llibertat del pensament<\/em>, que suggereix l\u2019abast de l\u2019assaig. El motiu seminal de l\u2019obra \u00e9s l\u2019ombra extensa de Lucreci en el pensament cient\u00edfic modern i contemporani, per\u00f2 tamb\u00e9 en les arts. Lucreci va escriure <em>De rerum natura<\/em>, un dels t\u00edtols m\u00e9s enlluernadors de la literatura llatina, no nom\u00e9s per l\u2019energia l\u00edrica que el travessa, sin\u00f3 tamb\u00e9 perqu\u00e8 \u00e9s un far difusor de la filosofia epic\u00faria. En poques paraules, aquest poema defensa que no hi ha res que entrebanque la independ\u00e8ncia de les persones per a aconseguir la seua petita felicitat. La tesi fonamental de llibre \u00e9s un combat contra les \u201csupersticions\u201d religioses, ja que afirma que els homes s\u00f3n mat\u00e8ria pura i, per tant, no sobreviuen a la seua mort. Mart\u00ed Dom\u00ednguez tamb\u00e9 considera el poeta llat\u00ed com un antecedent d\u2019evolucionisme.<\/p>\n\n\n\n<p>Els vaivens de la fortuna de l\u2019obra de l\u2019escriptor llat\u00ed serveixen a l\u2019assagista valenci\u00e0 per a estudiar les dificultats i, sovint, el drama que ha representat al llarg de la hist\u00f2ria implicar-se en l\u2019estudi cient\u00edfic de la natura humana. Si l\u2019obra de Lucreci desaparegu\u00e9 durant les foscors de l\u2019edat mitjana, va ser perqu\u00e8 els poders eclesi\u00e0stics i els seus derivats preferien explicar les coses a trav\u00e9s de dogmes i llegendes extraordin\u00e0ries. Un clima de tals dimensions, serveix a l\u2019autor per a explicar i detallar com els llibres de la natura, pretesament cient\u00edfics, anaven poblats d\u2019animals i plantes fant\u00e0stics, farcits sovint d\u2019una forta c\u00e0rrega simb\u00f2lica. Va ser a partir del Renaixement, i per pur atzar, que es va tornar a posar en circulaci\u00f3 l\u2019obra de Lucreci i va comen\u00e7ar a influir en cient\u00edfics, pensadors, escriptors i fins i tot pintors, com ara Sandro Botticelli i Piero di Cosimo. Amb noms com Montaigne, Bacon, Cop\u00e8rnic, Galileu, entre molts altres, s\u2019inicia la cursa rigorosa pel coneixement cient\u00edfic del m\u00f3n. Despr\u00e9s vindr\u00e0 la Il\u00b7lustraci\u00f3, que suposar\u00e0 un impuls nou per la ci\u00e8ncia i la diversitat immensa dels fen\u00f2mens naturals, gr\u00e0cies als viatges pels \u201cnous\u201d mons. L\u2019efervesc\u00e8ncia per les noves troballes dur\u00e0 a un inter\u00e9s creixent per la natura, que afectar\u00e0 no nom\u00e9s els cient\u00edfics sin\u00f3 tamb\u00e9 els pensadors i els escriptors, com ara Voltaire, Diderot, Rousseau, Goethe, Bernardin de Saint-Pierre, Wordsworth, Tennyson, etc. En aquesta lluita contra el creacionisme i la fantasia religiosa, Mart\u00ed Dom\u00ednguez no nom\u00e9s explica les innovacions i les noves mentalitats, sin\u00f3 l\u2019actitud, el comportament i els estratagemes que seguiren els innovadors davant les reaccions censores, i de vegades inquisitorials, del poder l\u2019Esgl\u00e9sia i de les institucions pol\u00edtiques.<\/p>\n\n\n\n<p>Tot aquest esfor\u00e7 esgotador i vitalista per descobrir la \u201cveritat\u201d de la condici\u00f3 humana t\u00e9 el punt culminant amb els estudis cient\u00edfics del segle XIX, sobretot amb el sorgiment de l\u2019evolucionisme i del seu protagonista principal, Charles Darwin, perqu\u00e8 els estudis posteriors, tot i d\u2019una rellev\u00e0ncia fabulosa, en s\u00f3n una conseq\u00fc\u00e8ncia refinada, com \u00e9s ara la rellev\u00e0ncia de la gen\u00e8tica i la consideraci\u00f3 de l\u2019home com una m\u00e0quina de gens.<\/p>\n\n\n\n<p>L\u2019objectiu d\u2019<em>El somni de Lucreci<\/em>, com \u00e9s diu en el pr\u00f2leg, \u00e9s seguir el viatge tan apassionant que ens ha condu\u00eft \u201ca esbrinar qu\u00e8 som\u201d, que ens ha dut a un \u201cinesperat resultat: no som res d\u2019especial. O per a afinar una mica m\u00e9s, no som res m\u00e9s que simis i, com s\u2019esdev\u00e9 amb les altres esp\u00e8cies, entre les quals la resta dels primats, els nostres deures no estan escrits\u201d. Si el llibre pot plantejar alguns dubtes als lectors, aquests estan m\u00e9s en all\u00f2 que no \u00e9s diu que no en la part escrita. \u00c9s a dir, l\u2019autor es mostra b\u00e0sicament com un defensor de la sociobiologia, i per tant, la seua visi\u00f3 de l\u2019home \u00e9s segurament massa \u201ccientista\u201d. No ser\u00e9 qui negue el pes de les lletres de l\u2019ADN, per\u00f2 el comportament de l\u2019home, nom\u00e9s s\u2019explica pel fet de ser un \u201cproducte exclusiu de les lleis de la ci\u00e8ncia\u201d? Al marge d\u2019aquesta retic\u00e8ncia, l\u2019obra, en termes globals, \u00e9s una visi\u00f3 vibrant de l\u2019obsessi\u00f3 dels homes al llarg de la hist\u00f2ria per a anar sempre m\u00e9s enll\u00e0 dels t\u00f2pics, amb moments brillants, com ara les p\u00e0gines dedicades a la pintura de Botticelli, a Galileu, al per\u00edode de la Il\u00b7lustraci\u00f3, al lligam entre literatura i observaci\u00f3 de la natura i, sobretot, els cap\u00edtols dedicats a Darwin. Comptat i debatut, el llibre de Mart\u00ed Dom\u00ednguez \u00e9s una obra il\u00b7luminadora per a aproximar-se al periple dels humans per a comprendre la seua naturalesa.<\/p>\n\n\n\n<p>EL PA\u00cdS, QUADERN, 12\/02\/2014 Descarrega&#8217;t l&#8217;original:&nbsp;<img decoding=\"async\" src=\"http:\/\/calafat.cat\/modules\/file\/icons\/application-pdf.png\" alt=\"PDF icon\"><a href=\"http:\/\/calafat.cat\/sites\/default\/files\/el-periple-d-anar-mes-enlla.pdf\">el-periple-d-anar-mes-enlla.pdf<\/a><a rel=\"noreferrer noopener\" href=\"http:\/\/calafat.cat\/#facebook\" target=\"_blank\"><\/a><\/p>\n\n\n\n<p><a rel=\"noreferrer noopener\" href=\"http:\/\/calafat.cat\/#facebook\" target=\"_blank\">Facebook<\/a><a rel=\"noreferrer noopener\" href=\"http:\/\/calafat.cat\/#twitter\" target=\"_blank\"><\/a><a rel=\"noreferrer noopener\" href=\"http:\/\/calafat.cat\/#twitter\" target=\"_blank\">Twitter<\/a><a href=\"https:\/\/www.addtoany.com\/share#url=http%3A%2F%2Fcalafat.cat%2Farticles%2Fel-periple-d-anar-mes-enlla&amp;title=El%20periple%20d%E2%80%99anar%20m%C3%A9s%20enll%C3%A0\"><\/a><a href=\"https:\/\/www.addtoany.com\/share#url=http%3A%2F%2Fcalafat.cat%2Farticles%2Fel-periple-d-anar-mes-enlla&amp;title=El%20periple%20d%E2%80%99anar%20m%C3%A9s%20enll%C3%A0\">Comparteix a<\/a><\/p>\n\n\n\n<p>Articles recents:<\/p>\n\n\n\n<p>&nbsp;<a href=\"http:\/\/calafat.cat\/index.php\/laura-contaminada-de-valencia\/\" data-type=\"page\" data-id=\"1046\">L&#8217;aura contaminada de Val\u00e8ncia<\/a><\/p>\n\n\n\n<p><a href=\"http:\/\/calafat.cat\/index.php\/els-fulgors-del-vertigen\/\" data-type=\"page\" data-id=\"1056\">Els fulgors del vertigen<\/a><\/p>\n\n\n\n<p><a href=\"http:\/\/calafat.cat\/index.php\/el-cami-de-la-poesia-valenciana-dels-setanta-fins-ara\/\" data-type=\"page\" data-id=\"1052\">El cam\u00ed de la poesia valenciana dels setanta fins ara<\/a><\/p>\n<\/div>\n\n\n\n<div class=\"wp-block-column is-layout-flow wp-block-column-is-layout-flow\" style=\"flex-basis:50%\">\n<figure class=\"wp-block-image size-full\"><img loading=\"lazy\" decoding=\"async\" width=\"379\" height=\"379\" src=\"http:\/\/calafat.cat\/wp-content\/uploads\/2022\/05\/1-103.jpeg\" alt=\"\" class=\"wp-image-3572\" srcset=\"https:\/\/calafat.cat\/wp-content\/uploads\/2022\/05\/1-103.jpeg 379w, https:\/\/calafat.cat\/wp-content\/uploads\/2022\/05\/1-103-300x300.jpeg 300w, https:\/\/calafat.cat\/wp-content\/uploads\/2022\/05\/1-103-150x150.jpeg 150w\" sizes=\"auto, (max-width: 379px) 100vw, 379px\" \/><figcaption>Portada del llibre<br><br>El somni de Lucreci. Una hist\u00f2ria de la llibertat del pensament. Mart\u00ed Dom\u00ednguez. Edicions Proa, Col\u00b7lecci\u00f3 \u201cMirada\u201d, Barcelona, 2013. 360 p\u00e0gs.<br><br>Etiquetes:\u00a0<a href=\"http:\/\/calafat.cat\/index.php\/2014-2\/\" data-type=\"page\" data-id=\"2177\">2014<\/a> <a href=\"http:\/\/calafat.cat\/index.php\/publicat-a\/el-pais\/\" data-type=\"page\" data-id=\"108\">El Pa\u00eds<\/a> <a href=\"http:\/\/calafat.cat\/index.php\/assaig\/\" data-type=\"page\" data-id=\"1677\">Assaig<\/a> <a href=\"http:\/\/calafat.cat\/?page_id=3839\" data-type=\"page\" data-id=\"3839\">Mart\u00ed Dom\u00ednguez<\/a><\/figcaption><\/figure>\n<\/div>\n<\/div>\n","protected":false},"excerpt":{"rendered":"<p>Mart\u00ed Dom\u00ednguez, bi\u00f2leg, novel\u00b7lista, periodista, \u00e9s un escriptor ferm i polivalent, i per aquest fet est\u00e0 situat en un lloc privilegiat en el panorama de les lletres en catal\u00e0. Ara, acaba d\u2019editar un llibre ben ambici\u00f3s, guanyador del premi Carles Rahola, titulat El somni de Lucreci, amb el subt\u00edtol Una hist\u00f2ria de la llibertat del &#8230; <a title=\"El periple d\u2019anar m\u00e9s enll\u00e0\" class=\"read-more\" href=\"https:\/\/calafat.cat\/index.php\/el-periple-danar-mes-enlla\/\" aria-label=\"M\u00e1s en El periple d\u2019anar m\u00e9s enll\u00e0\">Leer m\u00e1s<\/a><\/p>\n","protected":false},"author":1,"featured_media":0,"parent":0,"menu_order":0,"comment_status":"closed","ping_status":"closed","template":"","meta":{"footnotes":""},"class_list":["post-1090","page","type-page","status-publish"],"_links":{"self":[{"href":"https:\/\/calafat.cat\/index.php\/wp-json\/wp\/v2\/pages\/1090","targetHints":{"allow":["GET"]}}],"collection":[{"href":"https:\/\/calafat.cat\/index.php\/wp-json\/wp\/v2\/pages"}],"about":[{"href":"https:\/\/calafat.cat\/index.php\/wp-json\/wp\/v2\/types\/page"}],"author":[{"embeddable":true,"href":"https:\/\/calafat.cat\/index.php\/wp-json\/wp\/v2\/users\/1"}],"replies":[{"embeddable":true,"href":"https:\/\/calafat.cat\/index.php\/wp-json\/wp\/v2\/comments?post=1090"}],"version-history":[{"count":4,"href":"https:\/\/calafat.cat\/index.php\/wp-json\/wp\/v2\/pages\/1090\/revisions"}],"predecessor-version":[{"id":3850,"href":"https:\/\/calafat.cat\/index.php\/wp-json\/wp\/v2\/pages\/1090\/revisions\/3850"}],"wp:attachment":[{"href":"https:\/\/calafat.cat\/index.php\/wp-json\/wp\/v2\/media?parent=1090"}],"curies":[{"name":"wp","href":"https:\/\/api.w.org\/{rel}","templated":true}]}}