{"id":1187,"date":"2022-04-26T08:52:08","date_gmt":"2022-04-26T08:52:08","guid":{"rendered":"http:\/\/calafat.cat\/?page_id=1187"},"modified":"2022-05-11T13:19:00","modified_gmt":"2022-05-11T13:19:00","slug":"primavera-dhivern-2","status":"publish","type":"page","link":"https:\/\/calafat.cat\/index.php\/primavera-dhivern-2\/","title":{"rendered":"Primavera d&#8217;hivern"},"content":{"rendered":"\n<div class=\"wp-block-columns alignwide is-layout-flex wp-container-core-columns-is-layout-9d6595d7 wp-block-columns-is-layout-flex\">\n<div class=\"wp-block-column is-layout-flow wp-block-column-is-layout-flow\" style=\"flex-basis:50%\">\n<p>El llibre, tot i ser irregular, \u00e9s una bona proposta introspectiva sobre els dubtes, les angoixes i els bons prop\u00f2sits dels perfils humans.<\/p>\n\n\n\n<p>Guillem Frontera reapareix a la vida liter\u00e0ria amb un tema recurrent en la seua obra com a fons d&#8217;<em>Un cor massa madur<\/em>: la societat mallorquina, la voluntat de la burgesia nascuda de la postguerra de conservar l&#8217;aura de l&#8217;antiga aristocr\u00e0cia, i les transformacions socials derivades de la degradaci\u00f3 del m\u00f3n rural. Guillem Frontera reapareix a la vida liter\u00e0ria amb un tema recurrent en la seua obra com a fons d&#8217;Un cor massa madur: la societat mallorquina, la voluntat de la burgesia nascuda de la postguerra de conservar l&#8217;aura de l&#8217;antiga aristocr\u00e0cia, i les transformacions socials derivades de la degradaci\u00f3 del m\u00f3n rural.<\/p>\n\n\n\n<p>Els joves rebels de les primeres novel\u00b7les han crescut i oblidat els vells ideals. La parella protagonista, no obstant, ha tingut una evoluci\u00f3 diferent. El narrador, en la seua maduresa, ha decidit allunyar- se del ritme de la vida urbana convencional i dur una vida asc\u00e8tica.<\/p>\n\n\n\n<p>La novel\u00b7la s&#8217;inicia amb l&#8217;aparici\u00f3 de Teresa -l&#8217;amor de la seua vida- despr\u00e9s de vint anys, fet que capgira els seus projectes i determina les seues reflexions al voltant del rumb de les seues relacions. Tots dos es troben en un moment d&#8217;inflexi\u00f3, en qu\u00e8 es plantegen com afrontar amb dignitat la seua vida per tal de ser-ne els directors de l&#8217;orquestra i no simples titelles. D&#8217;ac\u00ed la proposta d&#8217;ella de ser tots dos c\u00f2mplices en la lluita per la superviv\u00e8ncia. Aquesta alian\u00e7a els conduir\u00e0 al ressorgiment de l&#8217;ardor amor\u00f3s, en un intent de bastir un pont amb el passat i v\u00e8ncer el pas del temps. Aquest punt de plenitud nom\u00e9s funciona en el marc id\u00edl\u00b7lic, rural, per\u00f2 \u00e9s interromput en el moment que ella ha de reprendre la relaci\u00f3 amb la seua filla.<\/p>\n\n\n\n<p>A partir d&#8217;aquest moment sembla que l&#8217;autor no sap com continuar i la ficci\u00f3 s&#8217;esfilargarsa, perd el sentit de l&#8217;orientaci\u00f3, es carrega amb tints melodram\u00e0tics (enrabiada del protagonista que acaba en un tuguri sado, idil\u00b7li amb la filla de l&#8217;enamorada&#8230; ) per concloure amb un final feli\u00e7 que desdiu de la coher\u00e8ncia del comen\u00e7ament de la novel\u00b7la.<\/p>\n\n\n\n<p>El llibre, tot i ser irregular, \u00e9s una bona proposta d&#8217;introspecci\u00f3 sobre els dubtes, les angoixes i bons prop\u00f2sits dels perfils humans des dels quarantins esc\u00e8ptics que van intentar canviar el m\u00f3n en la seua joventut. Tamb\u00e9 \u00e9s atractiva la descripci\u00f3 l\u00edrica del paisatge que sovint actua com a correlat intensificador de l&#8217;atmosfera narrativa.<\/p>\n\n\n\n<p>EL TEMPS, n\u00fam. 494, p\u00e0g. 84, 6\/12\/93<\/p>\n\n\n\n<p>Descarrega&#8217;t l&#8217;original:\u00a0<img decoding=\"async\" src=\"http:\/\/calafat.cat\/modules\/file\/icons\/application-pdf.png\" alt=\"PDF icon\"><a href=\"http:\/\/calafat.cat\/sites\/default\/files\/primavera-d-hivern.pdf\">primavera-d-hivern.pdf<\/a><\/p>\n\n\n\n<p><a rel=\"noreferrer noopener\" href=\"http:\/\/calafat.cat\/#facebook\" target=\"_blank\">Facebook<\/a>\u00a0<a rel=\"noreferrer noopener\" href=\"http:\/\/calafat.cat\/#twitter\" target=\"_blank\">Twitter<\/a>\u00a0<a href=\"https:\/\/www.addtoany.com\/share#url=http%3A%2F%2Fcalafat.cat%2Farticles%2Fprimavera-dhivern&amp;title=Primavera%20d%27hivern\">\u00a0Comparteix a<\/a><\/p>\n\n\n\n<p>Articles recents:\u00a0<\/p>\n\n\n\n<p><a href=\"http:\/\/calafat.cat\/articles\/la-valencia-viscuda\">La Val\u00e8ncia viscuda<\/a><\/p>\n\n\n\n<p><a href=\"http:\/\/calafat.cat\/articles\/joves-sensibles\">Joves sensibles<\/a><\/p>\n\n\n\n<p><a href=\"http:\/\/calafat.cat\/articles\/els-estrats-profunds-de-l-imaginari-de-soria\">Els estrats profunds de l\u2019imaginari de S\u00f2ria<\/a><\/p>\n<\/div>\n\n\n\n<div class=\"wp-block-column is-layout-flow wp-block-column-is-layout-flow\" style=\"flex-basis:50%\">\n<figure class=\"wp-block-image size-full is-style-default\"><img loading=\"lazy\" decoding=\"async\" width=\"379\" height=\"279\" src=\"http:\/\/calafat.cat\/wp-content\/uploads\/2022\/05\/guillem-frontera.jpg\" alt=\"\" class=\"wp-image-2876\" srcset=\"https:\/\/calafat.cat\/wp-content\/uploads\/2022\/05\/guillem-frontera.jpg 379w, https:\/\/calafat.cat\/wp-content\/uploads\/2022\/05\/guillem-frontera-300x221.jpg 300w\" sizes=\"auto, (max-width: 379px) 100vw, 379px\" \/><figcaption>Guillem Frontera. Fotografia: Joan Torres.<br>Font: ultimahora.es<br><br>Un cor massa madur. Guillem Frontera. \u00bbEl Balanc\u00ed\u00bb Edicions 62, Barcelona, 1993. 192 p\u00e0gs.<br><br>Etiquetes:\u00a0 <a href=\"http:\/\/calafat.cat\/index.php\/1993-2\/\" data-type=\"page\" data-id=\"2107\">1993<\/a> <a href=\"http:\/\/calafat.cat\/index.php\/publicat-a\/el-temps\/\" data-type=\"page\" data-id=\"110\">El Temps<\/a> <a href=\"http:\/\/calafat.cat\/index.php\/per-generes\/narrativa\/\" data-type=\"page\" data-id=\"94\">Narrativa<\/a><\/figcaption><\/figure>\n<\/div>\n<\/div>\n","protected":false},"excerpt":{"rendered":"<p>El llibre, tot i ser irregular, \u00e9s una bona proposta introspectiva sobre els dubtes, les angoixes i els bons prop\u00f2sits dels perfils humans. Guillem Frontera reapareix a la vida liter\u00e0ria amb un tema recurrent en la seua obra com a fons d&#8217;Un cor massa madur: la societat mallorquina, la voluntat de la burgesia nascuda de &#8230; <a title=\"Primavera d&#8217;hivern\" class=\"read-more\" href=\"https:\/\/calafat.cat\/index.php\/primavera-dhivern-2\/\" aria-label=\"M\u00e1s en Primavera d&#8217;hivern\">Leer m\u00e1s<\/a><\/p>\n","protected":false},"author":1,"featured_media":0,"parent":0,"menu_order":0,"comment_status":"closed","ping_status":"closed","template":"","meta":{"footnotes":""},"class_list":["post-1187","page","type-page","status-publish"],"_links":{"self":[{"href":"https:\/\/calafat.cat\/index.php\/wp-json\/wp\/v2\/pages\/1187","targetHints":{"allow":["GET"]}}],"collection":[{"href":"https:\/\/calafat.cat\/index.php\/wp-json\/wp\/v2\/pages"}],"about":[{"href":"https:\/\/calafat.cat\/index.php\/wp-json\/wp\/v2\/types\/page"}],"author":[{"embeddable":true,"href":"https:\/\/calafat.cat\/index.php\/wp-json\/wp\/v2\/users\/1"}],"replies":[{"embeddable":true,"href":"https:\/\/calafat.cat\/index.php\/wp-json\/wp\/v2\/comments?post=1187"}],"version-history":[{"count":3,"href":"https:\/\/calafat.cat\/index.php\/wp-json\/wp\/v2\/pages\/1187\/revisions"}],"predecessor-version":[{"id":2877,"href":"https:\/\/calafat.cat\/index.php\/wp-json\/wp\/v2\/pages\/1187\/revisions\/2877"}],"wp:attachment":[{"href":"https:\/\/calafat.cat\/index.php\/wp-json\/wp\/v2\/media?parent=1187"}],"curies":[{"name":"wp","href":"https:\/\/api.w.org\/{rel}","templated":true}]}}