{"id":1210,"date":"2022-04-26T10:45:00","date_gmt":"2022-04-26T10:45:00","guid":{"rendered":"http:\/\/calafat.cat\/?page_id=1210"},"modified":"2022-05-19T14:59:06","modified_gmt":"2022-05-19T14:59:06","slug":"parlament-de-paper","status":"publish","type":"page","link":"https:\/\/calafat.cat\/index.php\/parlament-de-paper\/","title":{"rendered":"Parlament de paper"},"content":{"rendered":"\n<div class=\"wp-block-columns alignwide is-layout-flex wp-container-core-columns-is-layout-9d6595d7 wp-block-columns-is-layout-flex\">\n<div class=\"wp-block-column is-layout-flow wp-block-column-is-layout-flow\" style=\"flex-basis:50%\">\n<p>No \u00e9s gaire freq\u00fcent l&#8217;aparici\u00f3 de col\u00b7leccions de llibres dedicades a barallar-se amb els reptes de cada dia o amb les idees. Fa bo de veure, per aix\u00f2 mateix, que una editorial jove \u2014Germania, d&#8217;Alzira\u2014 encete una nova col\u00b7lecci\u00f3 que, sota la direcci\u00f3 de Gustau Mu\u00f1oz, es decante decididament per un g\u00e8nere que tots reclamen i pocs assumeixen. La nova col\u00b7lecci\u00f3 obre el foc amb aquests tres llibres, d&#8217;estil i tem\u00e0tiques ben diferents:&nbsp;<em>Joan Fuster, el contemporani<\/em>, de Francesc P\u00e9rez Moragon, una recol\u00b7lecci\u00f3 d&#8217;articles sobre les diverses facetes de l&#8217;escriptor de Sueca;&nbsp;<em>La teoria cr\u00edtica avui. Horheimer, Adorno, L\u00f6wenthal<\/em>, de l&#8217;alemany Detlev Claussen, un conjunt d&#8217;articles molt interessant sobre la significaci\u00f3 intel\u00b7lectual d&#8217;alguns dels components de l&#8217;Escola de Frankfurt, i en darrer terme, una nova obra d&#8217;Enric S\u00f2ria,&nbsp;<em>Sermonari laic<\/em>.<\/p>\n\n\n\n<p>El llibre d&#8217;Enric S\u00f2ria permet als qui vivim m\u00e9s al sud del S\u00e9nia de llegir una selecci\u00f3 dels articles publicats al suplement d&#8217;<em>El Observador<\/em>, papers que tenien com a principals destinataris els valencians i que, paradoxalment, no vam poder llegir perqu\u00e8 aquest diari no es distribu\u00efa al Pa\u00eds Valenci\u00e0. Per damunt de la tem\u00e0tica, el que justifica a bastament la seua edici\u00f3 \u00e9s la qualitat de la seua prosa, vehicle d&#8217;un intel\u00b7ligent tr\u00e0fic d&#8217;idees i d&#8217;una curiositat intel\u00b7lectual inesgotable. Aix\u00f2, ens ho havien dit alguns lectors de Barcelona. I la lectura, ara i des d&#8217;ac\u00ed, ho confirma. Perqu\u00e8 ben mirat i rellegit, el volum \u00e9s un festival d&#8217;eloq\u00fc\u00e8ncia liter\u00e0ria, apresa en els grans mestres de la prosa period\u00edstica. Una prosa dotada de vigor i flu\u00efdesa, directa i efica\u00e7. Unes vegades col\u00b7loquial, d&#8217;altres ir\u00f2nica i fins i tot punyent, per\u00f2 sempre educada, tolerant, oberta al debat i a l&#8217;intercanvi intel\u00b7lectual.<\/p>\n\n\n\n<p>En les paraules preliminars, i com sol ser habitual en els seus llibres, S\u00f2ria raona sobre el paper i el valor d&#8217;all\u00f2 que escriu, aix\u00ed, en aquest llibre incideix en les llums i les ombres del conreu de l&#8217;article d&#8217;opini\u00f3, l&#8217;efic\u00e0cia i els excessos. Considera que les tones de desficacis que s&#8217;han produ\u00eft en nom d&#8217;una autoproclamada intel\u00b7lectualitat no han de minvar el seu \u00fas. En tot cas, s&#8217;ha d&#8217;aprendre dels errors i saber-ne els l\u00edmits, ja que l&#8217;opini\u00f3 \u00e9s necess\u00e0ria i compleix una funci\u00f3 social saludable: \u00abla de permetre que els ciutadans es comuniquen\u00bb. Per un altre costat, aquesta mena d&#8217;articles s\u00f3n una temptativa de posar una mica d&#8217;ordre en el cafarna\u00fcm dels esdeveniments: una pregunta, una recerca i una pro-posta. I per aquesta ra\u00f3 no \u00e9s estrany que tinguen un to admonitori, ja que s\u00f3n una mena de \u00abparlament de paper\u00bb.<\/p>\n\n\n\n<p>Els centres d&#8217;inter\u00e8s d&#8217;aquests articles, escrits l&#8217;any 1992, es vertebren des de la fiblada encara sensible que ocasionaren esdeveniments com ara la guerra a l&#8217;antiga Iugosl\u00e0via i les tensions en les zones ex-sovi\u00e8tiques, la construcci\u00f3 europea, o l&#8217;empresonament d&#8217;insubmisos, fins a reflexions m\u00e9s independents de la quotidianitat immediata sobre la literatura i la llengua catalanes, la ciutat de Val\u00e8ncia i alguns escriptors estimats (Mann, Borges, Fuster, Espriu). Elabora les seues argumentacions al voltant d&#8217;un fet concret, i no deixa passar l&#8217;ocasi\u00f3 de denunciar la xenof\u00f2bia i el racisme, la intransig\u00e8ncia i el proteccionisme cultural i pol\u00edtic, la mania de crear barreres f\u00edsiques i mentals. Advoca, en canvi, amb apassionament, per la dignitat humana, la qual creu que nom\u00e9s es podr\u00e0 desenvolupar mitjan\u00e7ant la solidaritat, el coneixement i el contacte amb els&nbsp;<em>altres<\/em>.<\/p>\n\n\n\n<p>Triar \u00e9s, al capdavall, definir-se. I els temes \u2014 i els arguments\u2014 triats s\u00f3n prou eloq\u00fcents: connecten l&#8217;autor amb la tradici\u00f3 assag\u00edstica m\u00e9s preocupada pel desenvolupament del pensament cr\u00edtic (Fuster i Aracil entre altres), que no s&#8217;acontenta amb les declaracions vagues i que posa tota la seua capacitat argumentativa a desarmar les mitificacions vives tant de casa nostra com de fora, amb la sana pretensi\u00f3 d&#8217;airejar una mica les preocupacions massa locals que ens dominen.<\/p>\n\n\n\n<p>EL TEMPS, p\u00e0gs. 86-87, 10\/10\/94<\/p>\n\n\n\n<p>Descarrega&#8217;t l&#8217;original:&nbsp;<img decoding=\"async\" src=\"http:\/\/calafat.cat\/modules\/file\/icons\/application-pdf.png\" alt=\"PDF icon\"><a href=\"http:\/\/calafat.cat\/sites\/default\/files\/parlament-de-paper.pdf\">parlament-de-paper.pdf<\/a><\/p>\n\n\n\n<p><a rel=\"noreferrer noopener\" href=\"http:\/\/calafat.cat\/#facebook\" target=\"_blank\">Facebook<\/a>&nbsp;<a rel=\"noreferrer noopener\" href=\"http:\/\/calafat.cat\/#twitter\" target=\"_blank\">Twitter<\/a>&nbsp;<a href=\"https:\/\/www.addtoany.com\/share#url=http%3A%2F%2Fcalafat.cat%2Farticles%2Fparlament-de-paper&amp;title=Parlament%20de%20paper\">&nbsp;Comparteix a<\/a><\/p>\n\n\n\n<p>Articles recents:&nbsp;<\/p>\n\n\n\n<p><a href=\"http:\/\/calafat.cat\/articles\/viure-es-cremar-anar-cremantse\">Viure \u00e9s cremar, anar cremant-se<\/a><\/p>\n\n\n\n<p><a href=\"http:\/\/calafat.cat\/articles\/un-ambit-d-ambits-literaris\">Un \u00e0mbit d\u2019\u00e0mbits literaris<\/a><\/p>\n\n\n\n<p><a href=\"http:\/\/calafat.cat\/articles\/la-literatura-com-a-combat-i-joia\">La literatura com a combat i joia<\/a><\/p>\n<\/div>\n\n\n\n<div class=\"wp-block-column is-layout-flow wp-block-column-is-layout-flow\" style=\"flex-basis:50%\">\n<figure class=\"wp-block-image size-full\"><img loading=\"lazy\" decoding=\"async\" width=\"379\" height=\"253\" src=\"http:\/\/calafat.cat\/wp-content\/uploads\/2022\/05\/parlament-de-paper.jpeg\" alt=\"\" class=\"wp-image-2902\" srcset=\"https:\/\/calafat.cat\/wp-content\/uploads\/2022\/05\/parlament-de-paper.jpeg 379w, https:\/\/calafat.cat\/wp-content\/uploads\/2022\/05\/parlament-de-paper-300x200.jpeg 300w\" sizes=\"auto, (max-width: 379px) 100vw, 379px\" \/><figcaption>Enric S\u00f2ria. Fotografia: Pere Virgili. Font: nuvol.com<br>Sermonari laic. Enric S\u00f2ria. Editorial Germania. Col\u00b7lecci\u00f3 \u00abSagitari\u201d. Alzira, 1994. 205 p\u00e0gs.<br>Etiquetes:\u00a0<a href=\"http:\/\/calafat.cat\/index.php\/1994-2\/\" data-type=\"page\" data-id=\"2112\">1994<\/a> <a href=\"http:\/\/calafat.cat\/index.php\/publicat-a\/el-temps\/\" data-type=\"page\" data-id=\"110\">El Temps<\/a> <a href=\"http:\/\/calafat.cat\/index.php\/assaig\/\" data-type=\"page\" data-id=\"1677\">Assaig<\/a> <a href=\"http:\/\/calafat.cat\/index.php\/enric-soria\/\" data-type=\"page\" data-id=\"4178\">Enric S\u00f2ria<\/a><br><\/figcaption><\/figure>\n<\/div>\n<\/div>\n","protected":false},"excerpt":{"rendered":"<p>No \u00e9s gaire freq\u00fcent l&#8217;aparici\u00f3 de col\u00b7leccions de llibres dedicades a barallar-se amb els reptes de cada dia o amb les idees. Fa bo de veure, per aix\u00f2 mateix, que una editorial jove \u2014Germania, d&#8217;Alzira\u2014 encete una nova col\u00b7lecci\u00f3 que, sota la direcci\u00f3 de Gustau Mu\u00f1oz, es decante decididament per un g\u00e8nere que tots reclamen &#8230; <a title=\"Parlament de paper\" class=\"read-more\" href=\"https:\/\/calafat.cat\/index.php\/parlament-de-paper\/\" aria-label=\"M\u00e1s en Parlament de paper\">Leer m\u00e1s<\/a><\/p>\n","protected":false},"author":1,"featured_media":0,"parent":0,"menu_order":0,"comment_status":"closed","ping_status":"closed","template":"","meta":{"footnotes":""},"class_list":["post-1210","page","type-page","status-publish"],"_links":{"self":[{"href":"https:\/\/calafat.cat\/index.php\/wp-json\/wp\/v2\/pages\/1210","targetHints":{"allow":["GET"]}}],"collection":[{"href":"https:\/\/calafat.cat\/index.php\/wp-json\/wp\/v2\/pages"}],"about":[{"href":"https:\/\/calafat.cat\/index.php\/wp-json\/wp\/v2\/types\/page"}],"author":[{"embeddable":true,"href":"https:\/\/calafat.cat\/index.php\/wp-json\/wp\/v2\/users\/1"}],"replies":[{"embeddable":true,"href":"https:\/\/calafat.cat\/index.php\/wp-json\/wp\/v2\/comments?post=1210"}],"version-history":[{"count":3,"href":"https:\/\/calafat.cat\/index.php\/wp-json\/wp\/v2\/pages\/1210\/revisions"}],"predecessor-version":[{"id":4190,"href":"https:\/\/calafat.cat\/index.php\/wp-json\/wp\/v2\/pages\/1210\/revisions\/4190"}],"wp:attachment":[{"href":"https:\/\/calafat.cat\/index.php\/wp-json\/wp\/v2\/media?parent=1210"}],"curies":[{"name":"wp","href":"https:\/\/api.w.org\/{rel}","templated":true}]}}