{"id":1222,"date":"2022-04-26T10:57:42","date_gmt":"2022-04-26T10:57:42","guid":{"rendered":"http:\/\/calafat.cat\/?page_id=1222"},"modified":"2022-05-18T10:37:23","modified_gmt":"2022-05-18T10:37:23","slug":"la-ironia-com-a-bandera","status":"publish","type":"page","link":"https:\/\/calafat.cat\/index.php\/la-ironia-com-a-bandera\/","title":{"rendered":"La ironia com a bandera"},"content":{"rendered":"\n<div class=\"wp-block-columns alignwide is-layout-flex wp-container-core-columns-is-layout-9d6595d7 wp-block-columns-is-layout-flex\">\n<div class=\"wp-block-column is-layout-flow wp-block-column-is-layout-flow\" style=\"flex-basis:50%\">\n<p>Fuster ha esdevingut un referent constant de la cultura catalana. Des de la seua mort, a banda homenatges i estudis, s&#8217;han multiplicat les reedicions de la seua obra i s&#8217;ha iniciat la preparaci\u00f3 d&#8217;antologies dels seus textos, orientades generalment al jove o prof\u00e0. En aquest sentit \u00e9s merit\u00f2ria la tasca de Bromera d&#8217;ofertar una col\u00b7lecci\u00f3 dedicada a la difusi\u00f3 de Ies obres de l&#8217;escriptor de Sueca, avalades per signatures de prestigi, com \u00e9s el cas de Joan Francesc Mira i Albert Hauf que han estat els autors dels estimulants estudis que introdueixen&nbsp;<em>Un pa\u00eds sense pol\u00edtica<\/em>&nbsp;i&nbsp;<em>Mis\u00f2gins i enamorats<\/em>. D&#8217;altra banda, Josep Ballester ha elaborat per a Edicions 62 una encertada antologia de l&#8217;obra m\u00e9s estrictament assag\u00edstica, sense oblidar l&#8217;enginy epigram\u00e0tic de Joan Fuster. Obre aquest darrer llibre una bona aproximaci\u00f3 a la seua personalitat i a la seua obra.<\/p>\n\n\n\n<p>En la renovada atenci\u00f3 per l&#8217;obra fusteriana sorpr\u00e8n l&#8217;esc\u00e0s inter\u00e8s que hi ha hagut per oferir-ne papers in\u00e8dits o de dif\u00edcil acc\u00e9s. Per aix\u00f2 \u00e9s remarcable l&#8217;aparici\u00f3 d&#8217;una selecci\u00f3 d&#8217;articles, escrits en castell\u00e0, apareguts al peri\u00f2dic&nbsp;<em>Levante<\/em>, entre 1952 i 1957, a cura d&#8217;Antoni Furi\u00f3. Un llibre de sobrat inter\u00e8s perqu\u00e8 ens permet de con\u00e8ixer m\u00e9s detalladament els interessos i les l\u00ednies de pensament del Fuster dels anys cinquanta, una d\u00e8cada en qu\u00e8 dominen en els seus escrits els temes art\u00edstics i literaris. Els articles -alguns dels quals s\u00f3n el germen fecund de textos posteriors- en bona part solen ser de car\u00e0cter divulgatiu: uns, amb la voluntat de dignificar i valorar el m\u00e9s viu de la tradici\u00f3 cultural valenciana; uns altres, amb la intenci\u00f3 de fer con\u00e8ixer, al costat dels autors castellans, els darrers llibres dels escriptors catalans m\u00e9s significatius. De m\u00e9s a m\u00e9s, s\u00f3n importants els articles per on circulen els grans autors de la creaci\u00f3 europea contempor\u00e0nia, per tal d&#8217;explicar els canvis que s&#8217;havien produ\u00eft tant en novel\u00b7la i en poesia com en la pintura.<\/p>\n\n\n\n<p>Un tema que obsessiona Fuster en aquells anys negres \u00e9s el del paper social de l&#8217;escriptor: el seu comprom\u00eds amb el seu temps i amb la seua societat. Fuster defensa el comprom\u00eds \u00e8tic i est\u00e8tic de l&#8217;artista, per\u00f2 amb independ\u00e8ncia de criteri, sense renunciar a l&#8217;originalitat i amb un fervor\u00f3s desig de transformaci\u00f3.<\/p>\n\n\n\n<p>En els quatre llibres que ara comentem dominen tres de les grans constants de Fuster com ara la cr\u00edtica liter\u00e0ria, l&#8217;an\u00e0lisi hist\u00f2rica i pol\u00edtica i l&#8217;assaig sobre temes generals. Ara, per\u00f2, voldria parlar sobre les seues maneres com a cr\u00edtic literari. Sol dir-se que Fuster no era cap especialista i que les seues lectures es basen en les anotacions d&#8217;un lector perspica\u00e7. Hauf afegeix que el seu m\u00e8tode \u00e9s elemental, basat en les motivacions \u00edntimes que hi ha en una obra, en la contestaci\u00f3 a qu\u00e8, qui, a qui, per qu\u00e8 i com. Per\u00f2, com el mateix Hauf confirma, el resultat dep\u00e8n de l&#8217;amplitud de les respostes, i aquestes sovint eren m\u00e9s fresques i agosarades que aquelles a qu\u00e8 una gran part dels comentaristes d&#8217;ac\u00ed ens tenien acostumats. Potser avui els estratagemes de Fuster resulten una mica conservadors, per\u00f2 en el seu aparell interpretatiu trobem un bon grapat d&#8217;idees procedents del pensament literari franc\u00e8s: comprensi\u00f3 de la personalitat de l&#8217;escriptor des la mateixa obra -entesa aquesta com un tot unitari-, partint dels temes recurrents i de l&#8217;estil; la concepci\u00f3 de la literatura com a testimoniatge del seu temps, que il\u00b7lumina sobre les relacions de l&#8217;escriptor amb el seu entorn. Tots aquests plantejaments, ben manifestos en els estudis dedicats als cl\u00e0ssics valencians, ajuden a remarcar el to vital de les obres estudiades, a fer-les m\u00e9s actuals, ressaltant-ne els aspectes conflictius i de tensi\u00f3 interna. A m\u00e9s, els coneixements hist\u00f2rics i biogr\u00e0fics en mans de Fuster en lloc d&#8217;excloure l&#8217;obra com s&#8217;ha fet sovint des de la psicoan\u00e0lisi i la sociologia, la fa m\u00e9s viva i en suscita una m\u00e9s \u00e0mplia intel\u00b7ligibilitat. Aquesta l\u00ednia interpretativa, en un home amb gran capacitat de s\u00edntesi, s&#8217;adapta molt a les dist\u00e0ncies curtes i a les exig\u00e8ncies de la premsa.<\/p>\n\n\n\n<p>El fet que Fuster navegara en un g\u00e8nere sense fronteres, en recerca d&#8217;un equilibri entre el rigor i el gaudi est\u00e8tic, fa dif\u00edcil la seua classificaci\u00f3 en cap mat\u00e8ria acad\u00e8mica, encara que la seua obra forme part de la bibliografia indispensable de mat\u00e8ries acad\u00e8miques. Aquest \u00e9s el preu que s&#8217;ha de pagar per parlar de tot amb la llibertat de l&#8217;escriptor. Com a m\u00ednim, era un especialista en la interpretaci\u00f3, a fer preguntes i aportar suggeriments. I amb l&#8217;amenitat i la ironia com a bandera.<\/p>\n\n\n\n<p>REFER\u00c8NCIES<br><em>Un pa\u00eds sense pol\u00edtica<\/em>. Joan Fuster. Ed. de J. F. Mira. Bromera. \u00abBiblioteca Joan Fuster\u00bb. Alzira, 1995.<\/p>\n\n\n\n<p><em>Mis\u00f2gins i enamorats<\/em>. Joan Fuster. Ed. d&#8217;Albert Hauf. Bromera. \u00abBiblioteca Joan Fuster\u00bb. Alzira, 1995.<\/p>\n\n\n\n<p><em>Llegint i escrivint<\/em>. Art\u00edculos period\u00edsticos en Levante-EMV 1952-1957. Joan Fuster. Ed. d&#8217;Antoni Furi\u00f3. Editorial Prensa Ib\u00e9rica. \u00abComunicaci\u00f3n y periodismo\u00bb. Val\u00e8ncia, 1995.<\/p>\n\n\n\n<p><em>Indagacions i ast\u00facies<\/em>. Antologia de textos assag\u00edstics. Joan Fuster. Ed. De Josep Ballester. Edicions 62. \u00bbEl Garbell\u00bb. Barcelona, 1995.<\/p>\n\n\n\n<p>EL TEMPS, n\u00fam. 593, p\u00e0g. 83, 30\/10\/1995<\/p>\n\n\n\n<p>Descarrega&#8217;t l&#8217;original:&nbsp;<img decoding=\"async\" src=\"http:\/\/calafat.cat\/modules\/file\/icons\/application-pdf.png\" alt=\"PDF icon\"><a href=\"http:\/\/calafat.cat\/sites\/default\/files\/la-ironia-com-a-bandera.pdf\">la-ironia-com-a-bandera.pdf<\/a> <\/p>\n\n\n\n<p><a rel=\"noreferrer noopener\" href=\"http:\/\/calafat.cat\/#facebook\" target=\"_blank\">Facebook<\/a>&nbsp;<a rel=\"noreferrer noopener\" href=\"http:\/\/calafat.cat\/#twitter\" target=\"_blank\">Twitter<\/a>&nbsp;<a href=\"https:\/\/www.addtoany.com\/share#url=http%3A%2F%2Fcalafat.cat%2Farticles%2Fla-ironia-com-a-bandera&amp;title=La%20ironia%20com%20a%20bandera\">&nbsp;Comparteix a<\/a><\/p>\n\n\n\n<p>Articles recents:&nbsp;<\/p>\n\n\n\n<p><a href=\"http:\/\/calafat.cat\/index.php\/saltant-duna-travessa-a-laltra\/\" data-type=\"page\" data-id=\"1034\">Saltant d\u2019una travessa a l\u2019altra<\/a><\/p>\n\n\n\n<p><a href=\"http:\/\/calafat.cat\/index.php\/lunivers-dens-de-lalfabet-2\/\" data-type=\"page\" data-id=\"2010\">L\u2019univers dens de l\u2019alfabet<\/a><\/p>\n\n\n\n<p><a href=\"http:\/\/calafat.cat\/index.php\/el-teatre-de-manuel-la-tralla-que-allibera-4\/\" data-type=\"page\" data-id=\"1582\">El teatre de Manuel: la tralla que allibera<\/a><\/p>\n<\/div>\n\n\n\n<div class=\"wp-block-column is-layout-flow wp-block-column-is-layout-flow\" style=\"flex-basis:50%\">\n<figure class=\"wp-block-image\"><img loading=\"lazy\" decoding=\"async\" width=\"379\" height=\"276\" src=\"http:\/\/calafat.cat\/wp-content\/uploads\/2022\/05\/la-ironia-com-a-bandera-2_0.jpeg\" alt=\"\" class=\"wp-image-2921\" srcset=\"https:\/\/calafat.cat\/wp-content\/uploads\/2022\/05\/la-ironia-com-a-bandera-2_0.jpeg 379w, https:\/\/calafat.cat\/wp-content\/uploads\/2022\/05\/la-ironia-com-a-bandera-2_0-300x218.jpeg 300w\" sizes=\"auto, (max-width: 379px) 100vw, 379px\" \/><figcaption>Joan Fuster. Fotografia: Jes\u00fas Ciscar<br>Etiquetes:\u00a0 <a href=\"http:\/\/calafat.cat\/index.php\/1995-2\/\" data-type=\"page\" data-id=\"2124\">1995<\/a> <a href=\"http:\/\/calafat.cat\/index.php\/publicat-a\/el-temps\/\" data-type=\"page\" data-id=\"110\">El Temps<\/a> <a href=\"http:\/\/calafat.cat\/index.php\/assaig\/\" data-type=\"page\" data-id=\"1677\">Assaig<\/a> <a href=\"http:\/\/calafat.cat\/index.php\/per-generes\/panoramiques\/\" data-type=\"page\" data-id=\"96\">Panor\u00e0miques<\/a><a href=\"http:\/\/calafat.cat\/index.php\/joan-fuster\/\" data-type=\"page\" data-id=\"3788\"> <a href=\"http:\/\/calafat.cat\/index.php\/joan-fuster\/\" data-type=\"page\" data-id=\"3788\">Joan Fuster<\/a><\/a><\/figcaption><\/figure>\n<\/div>\n<\/div>\n","protected":false},"excerpt":{"rendered":"<p>Fuster ha esdevingut un referent constant de la cultura catalana. Des de la seua mort, a banda homenatges i estudis, s&#8217;han multiplicat les reedicions de la seua obra i s&#8217;ha iniciat la preparaci\u00f3 d&#8217;antologies dels seus textos, orientades generalment al jove o prof\u00e0. En aquest sentit \u00e9s merit\u00f2ria la tasca de Bromera d&#8217;ofertar una col\u00b7lecci\u00f3 &#8230; <a title=\"La ironia com a bandera\" class=\"read-more\" href=\"https:\/\/calafat.cat\/index.php\/la-ironia-com-a-bandera\/\" aria-label=\"M\u00e1s en La ironia com a bandera\">Leer m\u00e1s<\/a><\/p>\n","protected":false},"author":1,"featured_media":0,"parent":0,"menu_order":0,"comment_status":"closed","ping_status":"closed","template":"","meta":{"footnotes":""},"class_list":["post-1222","page","type-page","status-publish"],"_links":{"self":[{"href":"https:\/\/calafat.cat\/index.php\/wp-json\/wp\/v2\/pages\/1222","targetHints":{"allow":["GET"]}}],"collection":[{"href":"https:\/\/calafat.cat\/index.php\/wp-json\/wp\/v2\/pages"}],"about":[{"href":"https:\/\/calafat.cat\/index.php\/wp-json\/wp\/v2\/types\/page"}],"author":[{"embeddable":true,"href":"https:\/\/calafat.cat\/index.php\/wp-json\/wp\/v2\/users\/1"}],"replies":[{"embeddable":true,"href":"https:\/\/calafat.cat\/index.php\/wp-json\/wp\/v2\/comments?post=1222"}],"version-history":[{"count":3,"href":"https:\/\/calafat.cat\/index.php\/wp-json\/wp\/v2\/pages\/1222\/revisions"}],"predecessor-version":[{"id":3800,"href":"https:\/\/calafat.cat\/index.php\/wp-json\/wp\/v2\/pages\/1222\/revisions\/3800"}],"wp:attachment":[{"href":"https:\/\/calafat.cat\/index.php\/wp-json\/wp\/v2\/media?parent=1222"}],"curies":[{"name":"wp","href":"https:\/\/api.w.org\/{rel}","templated":true}]}}