{"id":1226,"date":"2022-04-26T10:59:46","date_gmt":"2022-04-26T10:59:46","guid":{"rendered":"http:\/\/calafat.cat\/?page_id=1226"},"modified":"2022-05-11T14:38:57","modified_gmt":"2022-05-11T14:38:57","slug":"somni-de-somnis","status":"publish","type":"page","link":"https:\/\/calafat.cat\/index.php\/somni-de-somnis\/","title":{"rendered":"Somni de somnis"},"content":{"rendered":"\n<div class=\"wp-block-columns alignwide is-layout-flex wp-container-core-columns-is-layout-9d6595d7 wp-block-columns-is-layout-flex\">\n<div class=\"wp-block-column is-layout-flow wp-block-column-is-layout-flow\" style=\"flex-basis:50%\">\n<p>La circularitat del temps po\u00e8tic i els atzars de la percepci\u00f3 s&#8217;entrellacen en aquest relat clau del romanticisme europeu.<\/p>\n\n\n\n<p><em>Sylvie<\/em>&nbsp;\u00e9s, per la seua textura de somni, una petita meravella de la narrativa francesa. Davant seu \u00e9s f\u00e0cil que els elogis o l&#8217;explicaci\u00f3 del comentarista exageren i desvirtuen la puresa i l&#8217;harmonia musical altament suggestiva del relat que tan b\u00e9 ha sabut traduir Llu\u00eds Maria Tod\u00f3. La delicadesa d&#8217;aquest m\u00f3n tan vapor\u00f3s Nerval nom\u00e9s el pogu\u00e9 elaborar cap al final de la seua vida, en breus intervals de lucidesa enmig d&#8217;un llarg per\u00edode de follia.<\/p>\n\n\n\n<p><em>Sylvie<\/em>, a mig cam\u00ed entre la biografia i la nota \u00edntima, ens presenta un protagonista que cerca en la imatge d&#8217;una actriu la poesia que done vida als rostres vans que l&#8217;envolten. Aquesta sublimaci\u00f3 \u00e9s el somni d&#8217;un altre somni de joventut, d&#8217;un doble amor impossible d&#8217;aconseguir que vol vanament retrobar en l&#8217;actriu. Una nit de sant Bartomeu evoca en un relat de caire on\u00edric un altra nit de sant Bartomeu a la seua adolesc\u00e8ncia, a Valois, el pa\u00eds encantat en la seua infantesa: apareix novament davant dels seus ulls la festa al costat d&#8217;un castell d&#8217;on ix una jove rossa, Adrianne, cantant una bella can\u00e7\u00f3. La seua veu \u00e9s tan dol\u00e7a que G\u00e9rard li ofereix una corona de llorers. Quan despr\u00e9s es reuneix amb Sylvie, la jove amb qui havia anat al ball, la troba plorant. Aix\u00ed, des de ben aviat la seua passi\u00f3 s&#8217;encarna en aquestes dues joves, dues cares d&#8217;un mateix amor: una que representa l&#8217;ideal i l&#8217;altra la realitat.<\/p>\n\n\n\n<p>Aquestes experi\u00e8ncies doloroses l&#8217;ajuden a precisar quina \u00e9s la ra\u00f3 de la seua exist\u00e8ncia, concretada a conquerir i fixar un ideal: la idealitzaci\u00f3 de la terra i de l&#8217;amor de la seua infantesa, duta a terme a trav\u00e9s del mateix relat. Per aquest motiu tornar\u00e0 a Valois, als boscos de la seua joventut, on encara perviu l&#8217;ideari de Rousseau: un pa\u00eds de boires i somieg on es conserven els aires d&#8217;un temps immemorial.<\/p>\n\n\n\n<p><em>Sylvie<\/em>&nbsp;\u00e9s un relat t\u00e8nuement on\u00edric en qu\u00e8 sovint es barregen fantasia i present, somni i realitat. La subtilesa d&#8217;aquesta escriptura que avan\u00e7a entre les aromes del somni i de la<br>llegenda, la seua fragilitat corprenedora, fan que la seua lectura siga emocionant m\u00e9s de cent anys despr\u00e9s d&#8217;haver estat escrita.<\/p>\n\n\n\n<p>EL TEMPS, n\u00fam. 563, p\u00e0g. 86, 03\/04\/1995<\/p>\n\n\n\n<p>Descarrega&#8217;t l&#8217;original:\u00a0<img decoding=\"async\" src=\"http:\/\/calafat.cat\/modules\/file\/icons\/application-pdf.png\" alt=\"PDF icon\"><a href=\"http:\/\/calafat.cat\/sites\/default\/files\/somni-de-somnis.pdf\">somni-de-somnis.pdf<\/a><\/p>\n\n\n\n<p><a rel=\"noreferrer noopener\" href=\"http:\/\/calafat.cat\/#facebook\" target=\"_blank\">Facebook<\/a>\u00a0<a rel=\"noreferrer noopener\" href=\"http:\/\/calafat.cat\/#twitter\" target=\"_blank\">Twitter<\/a>\u00a0<a href=\"https:\/\/www.addtoany.com\/share#url=http%3A%2F%2Fcalafat.cat%2Farticles%2Fsomni-de-somnis&amp;title=Somni%20de%20somnis\">\u00a0Comparteix a<\/a><\/p>\n\n\n\n<p>Articles recents:\u00a0<\/p>\n\n\n\n<p><a href=\"http:\/\/calafat.cat\/index.php\/lunivers-dens-de-lalfabet-2\/\" data-type=\"page\" data-id=\"2010\">L\u2019univers dens de l\u2019alfabet<\/a><\/p>\n\n\n\n<p><a href=\"http:\/\/calafat.cat\/index.php\/cezanne-poesia-i-pensament-fets-pintura\/\" data-type=\"page\" data-id=\"1125\">C\u00e9zanne: poesia i pensament fets pintura<\/a><\/p>\n\n\n\n<p><a href=\"http:\/\/calafat.cat\/index.php\/joves-sensibles-3\/\" data-type=\"page\" data-id=\"1588\">Joves sensibles<\/a><\/p>\n<\/div>\n\n\n\n<div class=\"wp-block-column is-layout-flow wp-block-column-is-layout-flow\" style=\"flex-basis:50%\">\n<figure class=\"wp-block-image size-full is-resized\"><img loading=\"lazy\" decoding=\"async\" src=\"http:\/\/calafat.cat\/wp-content\/uploads\/2022\/05\/somni-de-somnis-1.jpeg\" alt=\"\" class=\"wp-image-2928\" width=\"379\" height=\"379\" srcset=\"https:\/\/calafat.cat\/wp-content\/uploads\/2022\/05\/somni-de-somnis-1.jpeg 379w, https:\/\/calafat.cat\/wp-content\/uploads\/2022\/05\/somni-de-somnis-1-300x300.jpeg 300w, https:\/\/calafat.cat\/wp-content\/uploads\/2022\/05\/somni-de-somnis-1-150x150.jpeg 150w\" sizes=\"auto, (max-width: 379px) 100vw, 379px\" \/><figcaption>Portada del llibre<br>Sylvie. G\u00e9rard de Nerval. Traducci\u00f3 de Llu\u00eds Maria Tod\u00f3. Editorial Quaderns Crema, Col\u00b7lecci\u00f3 \u00abM\u00ednima de butxaca\u00bb. Barcelona, 1995<br>Etiquetes:\u00a0<a href=\"http:\/\/calafat.cat\/index.php\/1995-2\/\" data-type=\"page\" data-id=\"2124\">1995<\/a> <a href=\"http:\/\/calafat.cat\/index.php\/publicat-a\/el-temps\/\" data-type=\"page\" data-id=\"110\">El Temps<\/a> <a href=\"http:\/\/calafat.cat\/index.php\/per-generes\/narrativa\/\" data-type=\"page\" data-id=\"94\">Narrativa<\/a><\/figcaption><\/figure>\n<\/div>\n<\/div>\n","protected":false},"excerpt":{"rendered":"<p>La circularitat del temps po\u00e8tic i els atzars de la percepci\u00f3 s&#8217;entrellacen en aquest relat clau del romanticisme europeu. Sylvie&nbsp;\u00e9s, per la seua textura de somni, una petita meravella de la narrativa francesa. Davant seu \u00e9s f\u00e0cil que els elogis o l&#8217;explicaci\u00f3 del comentarista exageren i desvirtuen la puresa i l&#8217;harmonia musical altament suggestiva del &#8230; <a title=\"Somni de somnis\" class=\"read-more\" href=\"https:\/\/calafat.cat\/index.php\/somni-de-somnis\/\" aria-label=\"M\u00e1s en Somni de somnis\">Leer m\u00e1s<\/a><\/p>\n","protected":false},"author":1,"featured_media":0,"parent":0,"menu_order":0,"comment_status":"closed","ping_status":"closed","template":"","meta":{"footnotes":""},"class_list":["post-1226","page","type-page","status-publish"],"_links":{"self":[{"href":"https:\/\/calafat.cat\/index.php\/wp-json\/wp\/v2\/pages\/1226","targetHints":{"allow":["GET"]}}],"collection":[{"href":"https:\/\/calafat.cat\/index.php\/wp-json\/wp\/v2\/pages"}],"about":[{"href":"https:\/\/calafat.cat\/index.php\/wp-json\/wp\/v2\/types\/page"}],"author":[{"embeddable":true,"href":"https:\/\/calafat.cat\/index.php\/wp-json\/wp\/v2\/users\/1"}],"replies":[{"embeddable":true,"href":"https:\/\/calafat.cat\/index.php\/wp-json\/wp\/v2\/comments?post=1226"}],"version-history":[{"count":2,"href":"https:\/\/calafat.cat\/index.php\/wp-json\/wp\/v2\/pages\/1226\/revisions"}],"predecessor-version":[{"id":2929,"href":"https:\/\/calafat.cat\/index.php\/wp-json\/wp\/v2\/pages\/1226\/revisions\/2929"}],"wp:attachment":[{"href":"https:\/\/calafat.cat\/index.php\/wp-json\/wp\/v2\/media?parent=1226"}],"curies":[{"name":"wp","href":"https:\/\/api.w.org\/{rel}","templated":true}]}}