{"id":1230,"date":"2022-04-26T11:06:59","date_gmt":"2022-04-26T11:06:59","guid":{"rendered":"http:\/\/calafat.cat\/?page_id=1230"},"modified":"2022-05-19T15:52:11","modified_gmt":"2022-05-19T15:52:11","slug":"carlins-a-la-deriva","status":"publish","type":"page","link":"https:\/\/calafat.cat\/index.php\/carlins-a-la-deriva\/","title":{"rendered":"Carlins a la deriva"},"content":{"rendered":"\n<div class=\"wp-block-columns alignwide is-layout-flex wp-container-core-columns-is-layout-9d6595d7 wp-block-columns-is-layout-flex\">\n<div class=\"wp-block-column is-layout-flow wp-block-column-is-layout-flow\" style=\"flex-basis:50%\">\n<p>Josep N. Santaeul\u00e0lia tria en el seu bateig com a novel\u00b7lista les guerres carlines. Un tema ja freq\u00fcentat per alguns narradors actuals, com ara Joan Perucho, amb la novel\u00b7la&nbsp;<em>Les hist\u00f2ries naturals<\/em>&nbsp;o Emili Teixidor, amb la novel\u00b7la juvenil&nbsp;<em>Cor de Coure<\/em>. L&#8217;aventura humana d&#8217;uns personatges entossudits a perpetuar una guerra de frac\u00e0s anunciat presenta grans al\u00b7licients per a un narrador. Amb aquests ingredients, Santaeul\u00e0lia elabora en&nbsp;<em>Terra negra<\/em>&nbsp;una novel\u00b7la a l&#8217;estil m\u00e9s pur de les novel\u00b7les d&#8217;aventures; per\u00f2, aix\u00f2 s\u00ed, amb una perspectiva grotesca.<\/p>\n\n\n\n<p>El protagonista, F\u00e8lix Quintana, un ex-seminarista, s&#8217;endinsa en els boscos de la zona dels volcans de la Garrotxa amb l&#8217;objectiu de portar diners del clergat a la causa carlina. Els seus somnis \u00e8pics s&#8217;evaporen amb la dura realitat: l&#8217;exemplar ex\u00e8rcit carl\u00ed on vol allistar-se resulta ser un conjunt de partides mal armades, coordinades per un personatge simp\u00e0tic, que se&#8217;n fot de tot, el general Ayats, \u00abel Coix\u00bb: un general borratxo que espera l&#8217;ocasi\u00f3 per fotre el camp.<\/p>\n\n\n\n<p>La vida err\u00e0tica pels boscos; l&#8217;espera de la formaci\u00f3 d&#8217;un ex\u00e8rcit com d\u00e9u mana, la participaci\u00f3 en fets d&#8217;armes, la brutalitat dels trabucaires representen l&#8217;educaci\u00f3 sentimental del protagonista, sense que per a\u00e7\u00f2 perda la seua innoc\u00e8ncia inicial i el seu sentit de la just\u00edcia.<\/p>\n\n\n\n<p>Josep N. Santaeul\u00e0lia demostra en&nbsp;<em>Terra negra<\/em>&nbsp;que \u00e9s un bon narrador i que aconsegueix el que s&#8217;havia proposat: una novel\u00b7la de bon llegir. L&#8217;obra presenta una hist\u00f2ria ben articulada, sustentada fonamentalment en el di\u00e0leg i en la narraci\u00f3 de les perip\u00e8cies dels personatges, per\u00f2 tamb\u00e9 en la descripci\u00f3 acolorida d&#8217;ambients i escenaris laber\u00edntics de la muntanya que accentuen el dest\u00ed pat\u00e8tic dels carlins. Destaca, pel seu dramatisme i plasticitat, la descripci\u00f3 de l&#8217;enfrontament amb l&#8217;ex\u00e8rcit liberal.<\/p>\n\n\n\n<p>EL TEMPS, n\u00fam. 642, p\u00e0g. 87, 07\/10\/1996<\/p>\n\n\n\n<p>Descarrega&#8217;t l&#8217;original:&nbsp;<img decoding=\"async\" src=\"http:\/\/calafat.cat\/modules\/file\/icons\/application-pdf.png\" alt=\"PDF icon\"><a href=\"http:\/\/calafat.cat\/sites\/default\/files\/carlins-a-la-deriva.pdf\">carlins-a-la-deriva.pdf<\/a><\/p>\n\n\n\n<p><a rel=\"noreferrer noopener\" href=\"http:\/\/calafat.cat\/#facebook\" target=\"_blank\">Facebook<\/a>&nbsp;<a rel=\"noreferrer noopener\" href=\"http:\/\/calafat.cat\/#twitter\" target=\"_blank\">Twitter<\/a>&nbsp;<a href=\"https:\/\/www.addtoany.com\/share#url=http%3A%2F%2Fcalafat.cat%2Farticles%2Fcarlins-a-la-deriva&amp;title=Carlins%20a%20la%20deriva%20\">&nbsp;Comparteix a<\/a><\/p>\n\n\n\n<p>Articles recents:&nbsp;<\/p>\n\n\n\n<p><a href=\"http:\/\/calafat.cat\/index.php\/quatre-decades-de-narrativa-valenciana-moderna\/\" data-type=\"page\" data-id=\"1048\">Quatre d\u00e8cades de narrativa valenciana moderna<\/a><\/p>\n\n\n\n<p><a href=\"http:\/\/calafat.cat\/index.php\/renaixer-de-les-cendres\/\" data-type=\"page\" data-id=\"1067\">Ren\u00e0ixer de les cendres<\/a><\/p>\n\n\n\n<p><a href=\"http:\/\/calafat.cat\/index.php\/un-ambit-dambits-literaris\/\" data-type=\"page\" data-id=\"1040\">Un \u00e0mbit d\u2019\u00e0mbits literaris<\/a><\/p>\n<\/div>\n\n\n\n<div class=\"wp-block-column is-layout-flow wp-block-column-is-layout-flow\" style=\"flex-basis:50%\">\n<figure class=\"wp-block-image size-full\"><img loading=\"lazy\" decoding=\"async\" width=\"379\" height=\"284\" src=\"http:\/\/calafat.cat\/wp-content\/uploads\/2022\/05\/carlins-a-la-deriva-2-1-1.jpeg\" alt=\"\" class=\"wp-image-2937\" srcset=\"https:\/\/calafat.cat\/wp-content\/uploads\/2022\/05\/carlins-a-la-deriva-2-1-1.jpeg 379w, https:\/\/calafat.cat\/wp-content\/uploads\/2022\/05\/carlins-a-la-deriva-2-1-1-300x225.jpeg 300w\" sizes=\"auto, (max-width: 379px) 100vw, 379px\" \/><figcaption>J.N. Santaeul\u00e0lia. Fotografia: Robert Ramos.<br>Font: actualitat.traces.uab.cat<br>Terra negra. J. N. Santaeul\u00e0lia. Edicions de la Magrana. Col\u00b7lecci\u00f3 \u00abLes ales esteses\u00bb, 71. Barcelona, 1996. 338 p\u00e0gs.<br>Etiquetes:\u00a0 <a href=\"http:\/\/calafat.cat\/index.php\/1996-2\/\" data-type=\"page\" data-id=\"2389\">1996<\/a> <a href=\"http:\/\/calafat.cat\/index.php\/publicat-a\/el-temps\/\" data-type=\"page\" data-id=\"110\">El Temps<\/a> <a href=\"http:\/\/calafat.cat\/index.php\/per-generes\/narrativa\/\" data-type=\"page\" data-id=\"94\">Narrativa<\/a> <a href=\"http:\/\/calafat.cat\/?page_id=4265\" data-type=\"page\" data-id=\"4265\">Josep Navarro Santaeul\u00e0lia<\/a><\/figcaption><\/figure>\n<\/div>\n<\/div>\n","protected":false},"excerpt":{"rendered":"<p>Josep N. Santaeul\u00e0lia tria en el seu bateig com a novel\u00b7lista les guerres carlines. Un tema ja freq\u00fcentat per alguns narradors actuals, com ara Joan Perucho, amb la novel\u00b7la&nbsp;Les hist\u00f2ries naturals&nbsp;o Emili Teixidor, amb la novel\u00b7la juvenil&nbsp;Cor de Coure. L&#8217;aventura humana d&#8217;uns personatges entossudits a perpetuar una guerra de frac\u00e0s anunciat presenta grans al\u00b7licients per &#8230; <a title=\"Carlins a la deriva\" class=\"read-more\" href=\"https:\/\/calafat.cat\/index.php\/carlins-a-la-deriva\/\" aria-label=\"M\u00e1s en Carlins a la deriva\">Leer m\u00e1s<\/a><\/p>\n","protected":false},"author":1,"featured_media":0,"parent":0,"menu_order":0,"comment_status":"closed","ping_status":"closed","template":"","meta":{"footnotes":""},"class_list":["post-1230","page","type-page","status-publish"],"_links":{"self":[{"href":"https:\/\/calafat.cat\/index.php\/wp-json\/wp\/v2\/pages\/1230","targetHints":{"allow":["GET"]}}],"collection":[{"href":"https:\/\/calafat.cat\/index.php\/wp-json\/wp\/v2\/pages"}],"about":[{"href":"https:\/\/calafat.cat\/index.php\/wp-json\/wp\/v2\/types\/page"}],"author":[{"embeddable":true,"href":"https:\/\/calafat.cat\/index.php\/wp-json\/wp\/v2\/users\/1"}],"replies":[{"embeddable":true,"href":"https:\/\/calafat.cat\/index.php\/wp-json\/wp\/v2\/comments?post=1230"}],"version-history":[{"count":3,"href":"https:\/\/calafat.cat\/index.php\/wp-json\/wp\/v2\/pages\/1230\/revisions"}],"predecessor-version":[{"id":4266,"href":"https:\/\/calafat.cat\/index.php\/wp-json\/wp\/v2\/pages\/1230\/revisions\/4266"}],"wp:attachment":[{"href":"https:\/\/calafat.cat\/index.php\/wp-json\/wp\/v2\/media?parent=1230"}],"curies":[{"name":"wp","href":"https:\/\/api.w.org\/{rel}","templated":true}]}}