{"id":1232,"date":"2022-04-26T11:08:06","date_gmt":"2022-04-26T11:08:06","guid":{"rendered":"http:\/\/calafat.cat\/?page_id=1232"},"modified":"2022-05-11T14:53:14","modified_gmt":"2022-05-11T14:53:14","slug":"el-mite-del-cos-mai-no-mor","status":"publish","type":"page","link":"https:\/\/calafat.cat\/index.php\/el-mite-del-cos-mai-no-mor\/","title":{"rendered":"El mite del cos mai no mor"},"content":{"rendered":"\n<div class=\"wp-block-columns alignwide is-layout-flex wp-container-core-columns-is-layout-9d6595d7 wp-block-columns-is-layout-flex\">\n<div class=\"wp-block-column is-layout-flow wp-block-column-is-layout-flow\" style=\"flex-basis:50%\">\n<p>Gimferrer ocupa un lloc privilegiat i influent. L&#8217;aparici\u00f3 d&#8217;una nova obra seua sempre es converteix en un esdeveniment literari.&nbsp;<em>Mascarada<\/em>, despr\u00e9s de dos poemaris volgudament distants, obstinats en una poesia pura, sense referents exteriors, ha despertat un gran inter\u00e8s, perqu\u00e8 significa la recuperaci\u00f3 del Gimferrer m\u00e9s convulsiu, de la tensi\u00f3 vital que navegava en alguns dels llibres m\u00e9s significatius, com ara&nbsp;<em>Espai desert<\/em>. Potser per aix\u00f2 el mateix autor ha insistit en el substrat biogr\u00e0fic del llibre.<\/p>\n\n\n\n<p>La poesia de Gimferrer \u00e9s escassa en nuclis tem\u00e0tics, per\u00f2 rica en matisos. En&nbsp;<em>Mascarada<\/em>&nbsp;trobem el segell inconfusible de la seua poesia: una sintaxi trencada, una sensibilitat barroca, una imatgeria surrealista i un univers moral extremadament personal.&nbsp;<em>Mascarada<\/em>, com tots els llibres seus, \u00e9s a l&#8217;hora una revisi\u00f3, una reelaboraci\u00f3 de temes i imatges anteriors, i un nou punt de partida. El llibre \u00e9s un poemari totalment unitari, format per m\u00e9s de 450 versos, distribu\u00efts al llarg de m\u00e9s de 50 estrofes d&#8217;extensi\u00f3 variable. L&#8217;evocaci\u00f3 d&#8217;una experi\u00e8ncia amorosa i el Par\u00eds dels anys setanta s\u00f3n el t\u00e8nue fil narratiu que condueix el lector pel mig de l&#8217;acumulaci\u00f3 d&#8217;imatges llampants i atrevides, la diversitat de sensacions i reflexions que motiven el retorn a la ciutat del somnis i a la recreaci\u00f3 dels instants intensos de l&#8217;amor. El recorregut pels carrers, estacions, jardins i avingudes, la nit i el dia de Par\u00eds constitueixen la geografia de l&#8217;experi\u00e8ncia \u00edntima, on sovint passat i present es confonen. Per\u00f2 el llibre \u00e9s m\u00e9s que un poemari amor\u00f3s, hi ha tamb\u00e9 les cavil\u00b7lacions sobre el pas del temps, la p\u00e8rdua de la joventut, la mem\u00f2ria, les refer\u00e8ncies al temps de crucifixi\u00f3 del franquisme i a les inclem\u00e8ncies de la democr\u00e0cia.<\/p>\n\n\n\n<p>Par\u00eds no \u00e9s solament la ciutat plet\u00f2rica i lluminosa de les il\u00b7lusions de joventut. Gimferrer l&#8217;usa com a met\u00e0fora d&#8217;un m\u00f3n opressiu (necr\u00f2polis de joies\u00bb, \u00abel Llucifer del segle vint\u00bb), d&#8217;un m\u00f3n vertigin\u00f3s, impulsat per un temps de destrucci\u00f3. Aix\u00ed, davant les arenes movedisses de la hist\u00f2ria, el poeta mira de trobar un terreny ferm, al costat de l&#8217;abisme, en una moral individual, en l&#8217;amor: l&#8217;amor com alliberament, com a transgressi\u00f3 de les convencions. Un amor amb totes les complexitats, que admet tant la seua puresa com el seu rostre obscur. Si la viol\u00e8ncia de les imatges en llibres anteriors significava la dificultat de les relacions, ara expressen la urg\u00e8ncia de la possessi\u00f3, la intensitat del combat amor\u00f3s (\u00abPerqu\u00e8 els amants hem d&#8217;arrasar-nos\/ L&#8217;amor tot un fet d&#8217;esgarrapades\u00bb). L&#8217;amor \u00e9s presentat com a coneixement (\u00abhe vist el nom de cada cosa\/ el vestit d&#8217;or de l&#8217;amarguesa\u00bb), com a reinvenci\u00f3 constant, com a font de sensualitat, com a vitalitat en la maduresa. D&#8217;aquesta manera, la conflu\u00e8ncia del record i del present converteixen l&#8217;amor en un imaginari constantment renovat. Ac\u00ed s&#8217;han evaporat les pretensions de transcend\u00e8ncia dels surrealistes; nom\u00e9s hi ha el cos, el cos com a mite, \u00abperqu\u00e8 el mite del cos mai no mor\u00bb.<\/p>\n\n\n\n<p>EL TEMPS, n\u00fam. 633, p\u00e0g. 86, 05\/08\/96<\/p>\n\n\n\n<p>Descarrega&#8217;t l&#8217;original:\u00a0<img decoding=\"async\" src=\"http:\/\/calafat.cat\/modules\/file\/icons\/application-pdf.png\" alt=\"PDF icon\"><a href=\"http:\/\/calafat.cat\/sites\/default\/files\/el-mite-del-cos-mai-no-mor.pdf\">el-mite-del-cos-mai-no-mor.pdf<\/a><\/p>\n\n\n\n<p><a rel=\"noreferrer noopener\" href=\"http:\/\/calafat.cat\/#facebook\" target=\"_blank\">Facebook<\/a>\u00a0<a rel=\"noreferrer noopener\" href=\"http:\/\/calafat.cat\/#twitter\" target=\"_blank\">Twitter<\/a>\u00a0<a href=\"https:\/\/www.addtoany.com\/share#url=http%3A%2F%2Fcalafat.cat%2Farticles%2Fel-mite-del-cos-mai-no-mor&amp;title=El%20mite%20del%20cos%20mai%20no%20mor\">\u00a0Comparteix a<\/a><\/p>\n\n\n\n<p>Articles recents:<\/p>\n\n\n\n<p>\u00a0<a href=\"http:\/\/calafat.cat\/index.php\/viatge-iniciatic-i-catartic-al-mon-sorprenent-del-primer-estelles-2\/\" data-type=\"page\" data-id=\"2032\">Viatge inici\u00e0tic i cat\u00e0rtic al m\u00f3n sorprenent del primer Estell\u00e9s<\/a><\/p>\n\n\n\n<p><a href=\"http:\/\/calafat.cat\/index.php\/una-passio-amorosa-en-la-valencia-del-quatre-cents\/\" data-type=\"page\" data-id=\"1050\">Una passi\u00f3 amorosa en la Val\u00e8ncia del quatre-cents<\/a><\/p>\n\n\n\n<p><a href=\"http:\/\/calafat.cat\/index.php\/renaixer-de-les-cendres\/\" data-type=\"page\" data-id=\"1067\">Ren\u00e0ixer de les cendres<\/a><\/p>\n<\/div>\n\n\n\n<div class=\"wp-block-column is-layout-flow wp-block-column-is-layout-flow\" style=\"flex-basis:50%\">\n<figure class=\"wp-block-image size-full\"><img loading=\"lazy\" decoding=\"async\" width=\"379\" height=\"252\" src=\"http:\/\/calafat.cat\/wp-content\/uploads\/2022\/05\/el-mite-del-cos-mai-no-mor1.jpeg\" alt=\"\" class=\"wp-image-2941\" srcset=\"https:\/\/calafat.cat\/wp-content\/uploads\/2022\/05\/el-mite-del-cos-mai-no-mor1.jpeg 379w, https:\/\/calafat.cat\/wp-content\/uploads\/2022\/05\/el-mite-del-cos-mai-no-mor1-300x199.jpeg 300w\" sizes=\"auto, (max-width: 379px) 100vw, 379px\" \/><figcaption>Pere Gimferrer. Fotografia: Lola Araque.<br>Font: blogcosmopoetica.blogspot.com<br>Mascarada. Pere Gimferrer. Edicions 62\/Editorial Emp\u00faries. Col\u00b7lecci\u00f3 \u00abPoesia\u00bb, 1. Barcelona, 1996. 64 p\u00e0gs.<br>Etiquetes:\u00a0<a href=\"http:\/\/calafat.cat\/index.php\/1996-2\/\" data-type=\"page\" data-id=\"2389\">1996<\/a> <a href=\"http:\/\/calafat.cat\/index.php\/publicat-a\/el-temps\/\" data-type=\"page\" data-id=\"110\">El Temps<\/a> <a href=\"http:\/\/calafat.cat\/index.php\/per-generes\/poesia\/\" data-type=\"page\" data-id=\"98\">Poesia<\/a><\/figcaption><\/figure>\n<\/div>\n<\/div>\n","protected":false},"excerpt":{"rendered":"<p>Gimferrer ocupa un lloc privilegiat i influent. L&#8217;aparici\u00f3 d&#8217;una nova obra seua sempre es converteix en un esdeveniment literari.&nbsp;Mascarada, despr\u00e9s de dos poemaris volgudament distants, obstinats en una poesia pura, sense referents exteriors, ha despertat un gran inter\u00e8s, perqu\u00e8 significa la recuperaci\u00f3 del Gimferrer m\u00e9s convulsiu, de la tensi\u00f3 vital que navegava en alguns dels &#8230; <a title=\"El mite del cos mai no mor\" class=\"read-more\" href=\"https:\/\/calafat.cat\/index.php\/el-mite-del-cos-mai-no-mor\/\" aria-label=\"M\u00e1s en El mite del cos mai no mor\">Leer m\u00e1s<\/a><\/p>\n","protected":false},"author":1,"featured_media":0,"parent":0,"menu_order":0,"comment_status":"closed","ping_status":"closed","template":"","meta":{"footnotes":""},"class_list":["post-1232","page","type-page","status-publish"],"_links":{"self":[{"href":"https:\/\/calafat.cat\/index.php\/wp-json\/wp\/v2\/pages\/1232","targetHints":{"allow":["GET"]}}],"collection":[{"href":"https:\/\/calafat.cat\/index.php\/wp-json\/wp\/v2\/pages"}],"about":[{"href":"https:\/\/calafat.cat\/index.php\/wp-json\/wp\/v2\/types\/page"}],"author":[{"embeddable":true,"href":"https:\/\/calafat.cat\/index.php\/wp-json\/wp\/v2\/users\/1"}],"replies":[{"embeddable":true,"href":"https:\/\/calafat.cat\/index.php\/wp-json\/wp\/v2\/comments?post=1232"}],"version-history":[{"count":2,"href":"https:\/\/calafat.cat\/index.php\/wp-json\/wp\/v2\/pages\/1232\/revisions"}],"predecessor-version":[{"id":2942,"href":"https:\/\/calafat.cat\/index.php\/wp-json\/wp\/v2\/pages\/1232\/revisions\/2942"}],"wp:attachment":[{"href":"https:\/\/calafat.cat\/index.php\/wp-json\/wp\/v2\/media?parent=1232"}],"curies":[{"name":"wp","href":"https:\/\/api.w.org\/{rel}","templated":true}]}}