{"id":1242,"date":"2022-04-26T11:10:07","date_gmt":"2022-04-26T11:10:07","guid":{"rendered":"http:\/\/calafat.cat\/?page_id=1242"},"modified":"2022-05-11T15:14:18","modified_gmt":"2022-05-11T15:14:18","slug":"ombres-duna-ciutat","status":"publish","type":"page","link":"https:\/\/calafat.cat\/index.php\/ombres-duna-ciutat\/","title":{"rendered":"Ombres d&#8217;una ciutat"},"content":{"rendered":"\n<div class=\"wp-block-columns alignwide is-layout-flex wp-container-core-columns-is-layout-9d6595d7 wp-block-columns-is-layout-flex\">\n<div class=\"wp-block-column is-layout-flow wp-block-column-is-layout-flow\" style=\"flex-basis:50%\">\n<p>Es pot recuperar la llum d&#8217;una posta de sol? \u00c9s possible aferrar un moment d&#8217;ef\u00edmera felicitat? I aturar les gotes de pluja que cauen del cel? Abdelrahman Munif, un dels m\u00e9s destacats novel\u00b7listes en llengua \u00e0rab, voldria fer recular el temps per tal de donar-nos a con\u00e8ixer certs moments de la hist\u00f2ria de la seua ciutat, Amman. Per\u00f2 com que \u00e9s impossible, ens explica alguns dels esdeveniments que foren m\u00e9s significatius per al bigarrat conjunt de gents que hi visqueren en els anys quaranta, comen\u00e7ament de la Segona Guerra Mundial -en la qual Jord\u00e0nia estigu\u00e9 oficialment al costat dels aliats, per\u00f2 els jordans no podien deixar de veure com a colonitzadors els anglesos i els francesos- i que van acabar amb la primera guerra \u00e0rabo-israeliana. En aquells anys a gaireb\u00e9 tots els carrers d&#8217;Amman hi habitaven en perfecta harmonia cristians i musulmans, \u00e0rabs i circassians. No obstant aix\u00f2, no es vivia una situaci\u00f3 d&#8217;assimilaci\u00f3 total, sin\u00f3 una situaci\u00f3 de pluralitat i varietat dins d&#8217;un marc de conc\u00f2rdia i complementarietat. L&#8217;autor recrea per a nosaltres les cares, els costums i els oficis d&#8217;aquestes gents contemplats amb els ulls de l&#8217;infant que era llavors, alhora que reviu les hist\u00f2ries dels seus coneguts, els jocs i les recreacions de la xicalla, les converses de grans i menuts al voltant de la llar de foc, i altres moltes coses en el seu intent per refer una imatge aproximada de la ciutat de la seua infantesa amb ombres que de deb\u00f2 existiren al costat d&#8217;altres creades per la seua imaginaci\u00f3.<\/p>\n\n\n\n<p>Aquesta obra inicia en catal\u00e0 la s\u00e8rie \u00abMem\u00f2ries de la Mediterr\u00e0nia\u00bb que es proposa de presentar, des d&#8217;una perspectiva \u00e0rab, aspectes diversos d&#8217;una her\u00e8ncia compartida molt allunyada del fonamentalisme integrista que domina les informacions dels mitjans de comunicaci\u00f3, i que ens permet de descobrir uns nuclis familiars i socials molt m\u00e9s semblants als nostres del que els nostres prejudicis ens fan suposar.<\/p>\n\n\n\n<p>EL TEMPS, n\u00fam. 652, p\u00e0g. 87, 16\/12\/1996<\/p>\n\n\n\n<p>Descarrega&#8217;t l&#8217;original:\u00a0<img decoding=\"async\" src=\"http:\/\/calafat.cat\/modules\/file\/icons\/application-pdf.png\" alt=\"PDF icon\"><a href=\"http:\/\/calafat.cat\/sites\/default\/files\/ombres-d-una-ciutat.pdf\">ombres-d-una-ciutat.pdf<\/a><\/p>\n\n\n\n<p><a rel=\"noreferrer noopener\" href=\"http:\/\/calafat.cat\/#facebook\" target=\"_blank\">Facebook<\/a>\u00a0<a rel=\"noreferrer noopener\" href=\"http:\/\/calafat.cat\/#twitter\" target=\"_blank\">Twitter<\/a>\u00a0<a href=\"https:\/\/www.addtoany.com\/share#url=http%3A%2F%2Fcalafat.cat%2Farticles%2Fombres-d-una-ciutat&amp;title=Ombres%20d%27una%20ciutat\">\u00a0Comparteix a<\/a><\/p>\n\n\n\n<p>Articles recents:\u00a0<\/p>\n\n\n\n<p><a href=\"http:\/\/calafat.cat\/index.php\/la-valencia-viscuda-2\/\" data-type=\"page\" data-id=\"1189\">La Val\u00e8ncia viscuda<\/a><\/p>\n\n\n\n<p><a href=\"http:\/\/calafat.cat\/index.php\/saltant-duna-travessa-a-laltra\/\" data-type=\"page\" data-id=\"1034\">Saltant d\u2019una travessa a l\u2019altra<\/a><\/p>\n\n\n\n<p><a href=\"http:\/\/calafat.cat\/index.php\/vitalitat-de-la-lletra-impresa-la-literatura-valenciana-sobreviu-als-efectes-duna-crisi-que-sacarnissa-tambe-amb-el-mon-de-la-cultura\/\" data-type=\"page\" data-id=\"1094\">Vitalitat de la lletra impresa. La literatura valenciana sobreviu als efectes d&#8217;una crisi que s&#8217;acarnissa tamb\u00e9 amb el m\u00f3n de la cultura<\/a><\/p>\n<\/div>\n\n\n\n<div class=\"wp-block-column is-layout-flow wp-block-column-is-layout-flow\" style=\"flex-basis:50%\">\n<figure class=\"wp-block-image size-full\"><img loading=\"lazy\" decoding=\"async\" width=\"379\" height=\"379\" src=\"http:\/\/calafat.cat\/wp-content\/uploads\/2022\/05\/ombres-d-una-ciutat-2.jpeg\" alt=\"\" class=\"wp-image-2960\" srcset=\"https:\/\/calafat.cat\/wp-content\/uploads\/2022\/05\/ombres-d-una-ciutat-2.jpeg 379w, https:\/\/calafat.cat\/wp-content\/uploads\/2022\/05\/ombres-d-una-ciutat-2-300x300.jpeg 300w, https:\/\/calafat.cat\/wp-content\/uploads\/2022\/05\/ombres-d-una-ciutat-2-150x150.jpeg 150w\" sizes=\"auto, (max-width: 379px) 100vw, 379px\" \/><figcaption>Abdelrahman Munif<br><br>Hist\u00f2ria d&#8217;una ciutat. Abdelrahman Munif. Trad. Dolors Cinca. Editorial Proa, Col\u00b7lecci\u00f3 \u00abA tot vent\u00bb, 354. Barcelona, 1996. 286 p\u00e0gs.<br><br>Etiquetes:\u00a0<a href=\"http:\/\/calafat.cat\/index.php\/1996-2\/\" data-type=\"page\" data-id=\"2389\">1996<\/a> <a href=\"http:\/\/calafat.cat\/index.php\/publicat-a\/el-temps\/\" data-type=\"page\" data-id=\"110\">El Temps<\/a> <a href=\"http:\/\/calafat.cat\/index.php\/per-generes\/narrativa\/\" data-type=\"page\" data-id=\"94\">Narrativa<\/a><\/figcaption><\/figure>\n<\/div>\n<\/div>\n","protected":false},"excerpt":{"rendered":"<p>Es pot recuperar la llum d&#8217;una posta de sol? \u00c9s possible aferrar un moment d&#8217;ef\u00edmera felicitat? I aturar les gotes de pluja que cauen del cel? Abdelrahman Munif, un dels m\u00e9s destacats novel\u00b7listes en llengua \u00e0rab, voldria fer recular el temps per tal de donar-nos a con\u00e8ixer certs moments de la hist\u00f2ria de la seua &#8230; <a title=\"Ombres d&#8217;una ciutat\" class=\"read-more\" href=\"https:\/\/calafat.cat\/index.php\/ombres-duna-ciutat\/\" aria-label=\"M\u00e1s en Ombres d&#8217;una ciutat\">Leer m\u00e1s<\/a><\/p>\n","protected":false},"author":1,"featured_media":0,"parent":0,"menu_order":0,"comment_status":"closed","ping_status":"closed","template":"","meta":{"footnotes":""},"class_list":["post-1242","page","type-page","status-publish"],"_links":{"self":[{"href":"https:\/\/calafat.cat\/index.php\/wp-json\/wp\/v2\/pages\/1242","targetHints":{"allow":["GET"]}}],"collection":[{"href":"https:\/\/calafat.cat\/index.php\/wp-json\/wp\/v2\/pages"}],"about":[{"href":"https:\/\/calafat.cat\/index.php\/wp-json\/wp\/v2\/types\/page"}],"author":[{"embeddable":true,"href":"https:\/\/calafat.cat\/index.php\/wp-json\/wp\/v2\/users\/1"}],"replies":[{"embeddable":true,"href":"https:\/\/calafat.cat\/index.php\/wp-json\/wp\/v2\/comments?post=1242"}],"version-history":[{"count":2,"href":"https:\/\/calafat.cat\/index.php\/wp-json\/wp\/v2\/pages\/1242\/revisions"}],"predecessor-version":[{"id":2962,"href":"https:\/\/calafat.cat\/index.php\/wp-json\/wp\/v2\/pages\/1242\/revisions\/2962"}],"wp:attachment":[{"href":"https:\/\/calafat.cat\/index.php\/wp-json\/wp\/v2\/media?parent=1242"}],"curies":[{"name":"wp","href":"https:\/\/api.w.org\/{rel}","templated":true}]}}