{"id":1244,"date":"2022-04-26T11:10:22","date_gmt":"2022-04-26T11:10:22","guid":{"rendered":"http:\/\/calafat.cat\/?page_id=1244"},"modified":"2022-05-11T15:17:19","modified_gmt":"2022-05-11T15:17:19","slug":"pau-faner-fer-les-ameriques","status":"publish","type":"page","link":"https:\/\/calafat.cat\/index.php\/pau-faner-fer-les-ameriques\/","title":{"rendered":"Pau Faner: Fer les Am\u00e8riques"},"content":{"rendered":"\n<div class=\"wp-block-columns alignwide is-layout-flex wp-container-core-columns-is-layout-9d6595d7 wp-block-columns-is-layout-flex\">\n<div class=\"wp-block-column is-layout-flow wp-block-column-is-layout-flow\" style=\"flex-basis:50%\">\n<p>L&#8217;\u00faltima novel\u00b7la de l&#8217;escriptor Pau Faner,&nbsp;<em>Per una mica d&#8217;amor<\/em>, relata les aventures d&#8217;un menorqu\u00ed del segle XVIII al Nou M\u00f3n.<\/p>\n\n\n\n<p><em>Per una mica d&#8217;amor<\/em>&nbsp;ens trasllada, igual que algunes altres novel\u00b7les de Pau Faner, a la Menorca del segle XVIII. Si, per exemple, en&nbsp;<em>Mal cam\u00ed, bon senyor<\/em>, publicada al 1993, el protagonista era un pintor i el tema era la recerca de la bellesa, ac\u00ed la novel\u00b7la gira al voltant de les aventures i desventures d&#8217;un xitxarel\u00b7lo, aprenent de fuster, obsedit per un amor no correspost.<\/p>\n\n\n\n<p>En el protagonista d&#8217;aquesta mena de novel\u00b7la de formaci\u00f3, hi conviuen sense cap tensi\u00f3 la vitalitat t\u00edpica d&#8217;un jove i el sentiment religi\u00f3s, la recerca de la satisfacci\u00f3 de tots els seus desigs amb la seua intensa devoci\u00f3 a la Mare de D\u00e9u. Enamorat bojament, prova per tots els mitjans possibles d&#8217;aconseguir l&#8217;enamorada, per\u00f2 aquesta, que tamb\u00e9 l&#8217;estima, per raons familiars i socials es casa amb un altre. El to d&#8217;aquesta part \u00e9s desimbolt, amb moments d&#8217;humor i de personatges divertits, com ara la figura del canonge Hivern, home gras, amant de la bona taula i d&#8217;algunes altres febleses humanes.<\/p>\n\n\n\n<p>Desesperat, el protagonista somnia a cercar fortuna i, amb uns conterranis m\u00e9s, s&#8217;embarca en una expedici\u00f3 a Florida. Ben aviat la realitat arru\u00efnar\u00e0 les seues fantasies. Les dures condicions de treball a la plantaci\u00f3, imposades per un propietari tir\u00e0nic i uns capata\u00e7os malvats, com demanen els t\u00f2pics, en seran la causa. Ell es toma a enamorar, per\u00f2 un seguit de desgr\u00e0cies li embolicaran la vida: revoltes, la mort de la dona i del fill, la venjan\u00e7a. Finalment, ell i els companys fugiran de la plantaci\u00f3 i s&#8217;instal\u00b7laran a la ciutat de Sant Agust\u00ed, on les coses milloraran abans de tomar a l&#8217;illa.<\/p>\n\n\n\n<p>Pau Faner no tracta de recrear fidedignament la vida i la mentalitat dels homes de fa dos segles: simplement se&#8217;n serveix per aclimatar una hist\u00f2ria de ficci\u00f3 entretinguda i donar-hi una mica de color. L&#8217;autor sembla que no vulgui aprofundir en la psicologia dels personatges; potser per aix\u00f2 no el preocupa que els sentiments narrats siguen fulletonescs, interessat com est\u00e0 a combinar elements irreals (les converses de Joan amb la Verge), propis d&#8217;una rondalla, amb el relat de les perip\u00e8cies vitals del protagonista, que tenen un rerefons hist\u00f2ric en les expedicions al Nou M\u00f3n fetes el segle XVIII. Per una mica d&#8217;amor \u00e9s, tot plegat, l&#8217;exercici d&#8217;estil d&#8217;un narrador d&#8217;ofici, que posseeix un estil fluid i pl\u00e0stic, i que \u00e9s molt h\u00e0bil a l&#8217;hora de graduar la narraci\u00f3.<\/p>\n\n\n\n<p>EL TEMPS, n\u00fam.648, p\u00e0g. 87, 18\/11\/1996<\/p>\n\n\n\n<p>Descarrega&#8217;t l&#8217;original:\u00a0<img decoding=\"async\" src=\"http:\/\/calafat.cat\/modules\/file\/icons\/application-pdf.png\" alt=\"PDF icon\"><a href=\"http:\/\/calafat.cat\/sites\/default\/files\/pau-faner-fer-les-ameriques.pdf\">pau-faner-fer-les-ameriques.pd<\/a><\/p>\n\n\n\n<p><a rel=\"noreferrer noopener\" href=\"http:\/\/calafat.cat\/#facebook\" target=\"_blank\">Facebook<\/a>\u00a0<a rel=\"noreferrer noopener\" href=\"http:\/\/calafat.cat\/#twitter\" target=\"_blank\">Twitter<\/a>\u00a0<a href=\"https:\/\/www.addtoany.com\/share#url=http%3A%2F%2Fcalafat.cat%2Farticles%2Fpau-faner-fer-les-ameriques&amp;title=Pau%20Faner%3A%20Fer%20les%20Am%C3%A8riques\">\u00a0Comparteix a<\/a><\/p>\n\n\n\n<p>Articles recents:\u00a0<\/p>\n\n\n\n<p><a href=\"http:\/\/calafat.cat\/index.php\/lunivers-dens-de-lalfabet-2\/\" data-type=\"page\" data-id=\"2010\">L\u2019univers dens de l\u2019alfabet<\/a><\/p>\n\n\n\n<p><a href=\"http:\/\/calafat.cat\/index.php\/cezanne-poesia-i-pensament-fets-pintura\/\" data-type=\"page\" data-id=\"1125\">C\u00e9zanne: poesia i pensament fets pintura<\/a><\/p>\n\n\n\n<p><a href=\"http:\/\/calafat.cat\/index.php\/vitalitat-de-la-lletra-impresa-la-literatura-valenciana-sobreviu-als-efectes-duna-crisi-que-sacarnissa-tambe-amb-el-mon-de-la-cultura\/\" data-type=\"page\" data-id=\"1094\">Vitalitat de la lletra impresa. La literatura valenciana sobreviu als efectes d&#8217;una crisi que s&#8217;acarnissa tamb\u00e9 amb el m\u00f3n de la cultura<\/a><\/p>\n<\/div>\n\n\n\n<div class=\"wp-block-column is-layout-flow wp-block-column-is-layout-flow\" style=\"flex-basis:50%\">\n<figure class=\"wp-block-image size-full\"><img loading=\"lazy\" decoding=\"async\" width=\"379\" height=\"277\" src=\"http:\/\/calafat.cat\/wp-content\/uploads\/2022\/05\/pau-faner-fer-les-ameriques-2.jpeg\" alt=\"\" class=\"wp-image-2964\" srcset=\"https:\/\/calafat.cat\/wp-content\/uploads\/2022\/05\/pau-faner-fer-les-ameriques-2.jpeg 379w, https:\/\/calafat.cat\/wp-content\/uploads\/2022\/05\/pau-faner-fer-les-ameriques-2-300x219.jpeg 300w\" sizes=\"auto, (max-width: 379px) 100vw, 379px\" \/><figcaption>Pau Faner. Fotografia: M.A. Antich. Font: ultimahora.es<br><br>Per una mica d&#8217;amor. Pau Faner. Edicions de la Magrana. Col.lecci\u00f3 \u00abLes ales esteses\u00bb, 73. Barcelona. 1996. 170 p\u00e0gs.<br><br>Etiquetes:\u00a0 <a href=\"http:\/\/calafat.cat\/index.php\/1996-2\/\" data-type=\"page\" data-id=\"2389\">1996<\/a> <a href=\"http:\/\/calafat.cat\/index.php\/publicat-a\/el-temps\/\" data-type=\"page\" data-id=\"110\">El Temps<\/a> <a href=\"http:\/\/calafat.cat\/index.php\/per-generes\/narrativa\/\" data-type=\"page\" data-id=\"94\">Narrativa<\/a><\/figcaption><\/figure>\n<\/div>\n<\/div>\n","protected":false},"excerpt":{"rendered":"<p>L&#8217;\u00faltima novel\u00b7la de l&#8217;escriptor Pau Faner,&nbsp;Per una mica d&#8217;amor, relata les aventures d&#8217;un menorqu\u00ed del segle XVIII al Nou M\u00f3n. Per una mica d&#8217;amor&nbsp;ens trasllada, igual que algunes altres novel\u00b7les de Pau Faner, a la Menorca del segle XVIII. Si, per exemple, en&nbsp;Mal cam\u00ed, bon senyor, publicada al 1993, el protagonista era un pintor i &#8230; <a title=\"Pau Faner: Fer les Am\u00e8riques\" class=\"read-more\" href=\"https:\/\/calafat.cat\/index.php\/pau-faner-fer-les-ameriques\/\" aria-label=\"M\u00e1s en Pau Faner: Fer les Am\u00e8riques\">Leer m\u00e1s<\/a><\/p>\n","protected":false},"author":1,"featured_media":0,"parent":0,"menu_order":0,"comment_status":"closed","ping_status":"closed","template":"","meta":{"footnotes":""},"class_list":["post-1244","page","type-page","status-publish"],"_links":{"self":[{"href":"https:\/\/calafat.cat\/index.php\/wp-json\/wp\/v2\/pages\/1244","targetHints":{"allow":["GET"]}}],"collection":[{"href":"https:\/\/calafat.cat\/index.php\/wp-json\/wp\/v2\/pages"}],"about":[{"href":"https:\/\/calafat.cat\/index.php\/wp-json\/wp\/v2\/types\/page"}],"author":[{"embeddable":true,"href":"https:\/\/calafat.cat\/index.php\/wp-json\/wp\/v2\/users\/1"}],"replies":[{"embeddable":true,"href":"https:\/\/calafat.cat\/index.php\/wp-json\/wp\/v2\/comments?post=1244"}],"version-history":[{"count":2,"href":"https:\/\/calafat.cat\/index.php\/wp-json\/wp\/v2\/pages\/1244\/revisions"}],"predecessor-version":[{"id":2966,"href":"https:\/\/calafat.cat\/index.php\/wp-json\/wp\/v2\/pages\/1244\/revisions\/2966"}],"wp:attachment":[{"href":"https:\/\/calafat.cat\/index.php\/wp-json\/wp\/v2\/media?parent=1244"}],"curies":[{"name":"wp","href":"https:\/\/api.w.org\/{rel}","templated":true}]}}