{"id":1252,"date":"2022-04-26T11:38:06","date_gmt":"2022-04-26T11:38:06","guid":{"rendered":"http:\/\/calafat.cat\/?page_id=1252"},"modified":"2022-05-11T15:41:24","modified_gmt":"2022-05-11T15:41:24","slug":"anatomia-de-la-decadencia","status":"publish","type":"page","link":"https:\/\/calafat.cat\/index.php\/anatomia-de-la-decadencia\/","title":{"rendered":"Anatomia de la decad\u00e8ncia"},"content":{"rendered":"\n<div class=\"wp-block-columns alignwide is-layout-flex wp-container-core-columns-is-layout-9d6595d7 wp-block-columns-is-layout-flex\">\n<div class=\"wp-block-column is-layout-flow wp-block-column-is-layout-flow\" style=\"flex-basis:50%\">\n<p>L&#8217;\u00faltima novel\u00b7la d&#8217;Ant\u00f3nio Lobo Antunes presenta a trav\u00e9s de la decad\u00e8ncia d&#8217;una finca i d&#8217;un ministre dels temps de Salazar la corrupci\u00f3 pol\u00edtica del r\u00e8gim dictatorial de Portugal fins a la seua dissoluci\u00f3 i la seua incid\u00e8ncia directa en uns personatges marcats per la solitud.<\/p>\n\n\n\n<p>\u00c9s possible que la falta de maj\u00fascules, l&#8217;\u00fas restringit de signes de puntuaci\u00f3, l&#8217;estil abarrocat i les repeticions desorienten el lector durant les primeres planes d&#8217;aquest notable manual d&#8217;inquisidors, per\u00f2 a mesura que el lector comen\u00e7a a controlar la dens\u00edssima trama argumental, aquests recursos es converteixen en una maquin\u00e0ria efectiva que accentua la subjectivitat del fluir mental dels personatges, aix\u00ed com la complexitat, la confusi\u00f3 i, sovint, la irracionalitat que presideixen els comportaments i actituds dels humans condicionats pels temors, pels dubtes, pel passat, pels somnis i per les emocions.<\/p>\n\n\n\n<p>De manera semblant a com ho havia fet en L&#8217;ordre natural de les coses, en aquest Manual dels inquisidors Lobo Antunes fa servir una \u00e0mplia suma de veus, aparentment inconnexa, per fer una exploraci\u00f3 punyent de la realitat portuguesa. En aquesta novel\u00b7la, les passions, els impulsos i els sentiments m\u00e9s profunds dels personatges basteixen una reconstrucci\u00f3 del passat traum\u00e0tic i de la transformaci\u00f3 col\u00b7lectiva que es va produir a Portugal a partir de la Revoluci\u00f3 del 25 d&#8217;abril del 1974. L&#8217;estructura complexa del llibre, que dissecciona la decad\u00e8ncia del r\u00e8gim institu\u00eft per Salazar, gira al voltant de la decad\u00e8ncia d&#8217;un dels seus ministres, un personatge despietat i arbitrari que imposa el seu poder tant sobre el cercle dom\u00e8stic com sobre el poble portugu\u00e8s, i que acaba els seus dies com una deixalla humana, abandonat i arru\u00efnat, recl\u00f2s en un asil. La seua desfeta arrossega la del seu m\u00f3n, simbolitzada en els canvis que s&#8217;operen a la seua finca, que passa de l&#8217;esplendor a la decrepitud m\u00e9s absoluta fins a ser assolada definitivament per donar pas a un nou tipus d&#8217;urbanitzaci\u00f3.<\/p>\n\n\n\n<p>Tot plegat, una reflexi\u00f3 sobre les intricades implicacions del poder i el seus efectes directes sobre els distints personatges. Joao, el fill del ministre, un infeli\u00e7 engolit per les circumst\u00e0ncies; Romeu, un retardat mental; Pedro, fred home de negocis que representa l&#8217;habilitat del capital per adaptar-se als canvis, o l&#8217;entranyable Titina, dona fidel i resignada, que viu un commovedor enfrontament entre el desig i la realitat, s\u00f3n algunes de les peces d&#8217;aquest ric mosaic d&#8217;experi\u00e8ncies, on el temps real es dilueix en un remol\u00ed de records, fracassos i desitjos que prenen cos en un estil potent, de vegades lent i meticul\u00f3s, vertigin\u00f3s i grotesc, d&#8217;altres. En definitiva, una novel\u00b7la vibrant i intensa que mostra una vegada m\u00e9s l&#8217;alta qualitat de l&#8217;obra de Lobo Antunes.<\/p>\n\n\n\n<p>EL TEMPS, n\u00fam. 742, p\u00e0g. 68, 07\/09\/1998<\/p>\n\n\n\n<p>Descarrega&#8217;t l&#8217;original:\u00a0<img decoding=\"async\" src=\"http:\/\/calafat.cat\/modules\/file\/icons\/application-pdf.png\" alt=\"PDF icon\"><a href=\"http:\/\/calafat.cat\/sites\/default\/files\/anatomia-de-la-decadencia.pdf\">anatomia-de-la-decadencia.pdf<\/a><\/p>\n\n\n\n<p><a rel=\"noreferrer noopener\" href=\"http:\/\/calafat.cat\/#facebook\" target=\"_blank\">Facebook<\/a>\u00a0<a rel=\"noreferrer noopener\" href=\"http:\/\/calafat.cat\/#twitter\" target=\"_blank\">Twitter<\/a>\u00a0<a href=\"https:\/\/www.addtoany.com\/share#url=http%3A%2F%2Fcalafat.cat%2Farticles%2Fanatomia-de-la-decadencia&amp;title=Anatomia%20de%20la%20decad%C3%A8ncia%20\">\u00a0Comparteix a<\/a><\/p>\n\n\n\n<p>Articles recents:\u00a0<\/p>\n\n\n\n<p><a href=\"http:\/\/calafat.cat\/index.php\/el-cami-de-la-poesia-valenciana-dels-setanta-fins-ara\/\" data-type=\"page\" data-id=\"1052\">El cam\u00ed de la poesia valenciana dels setanta fins ara<\/a><\/p>\n\n\n\n<p><a href=\"http:\/\/calafat.cat\/index.php\/renaixer-de-les-cendres\/\" data-type=\"page\" data-id=\"1067\">Ren\u00e0ixer de les cendres<\/a><\/p>\n\n\n\n<p><a href=\"http:\/\/calafat.cat\/index.php\/un-ambit-dambits-literaris\/\" data-type=\"page\" data-id=\"1040\">Un \u00e0mbit d\u2019\u00e0mbits literaris<\/a><\/p>\n<\/div>\n\n\n\n<div class=\"wp-block-column is-layout-flow wp-block-column-is-layout-flow\" style=\"flex-basis:50%\">\n<figure class=\"wp-block-image size-full\"><img loading=\"lazy\" decoding=\"async\" width=\"379\" height=\"286\" src=\"http:\/\/calafat.cat\/wp-content\/uploads\/2022\/05\/anatomia-de-la-decadencia-1-1.jpeg\" alt=\"\" class=\"wp-image-2982\" srcset=\"https:\/\/calafat.cat\/wp-content\/uploads\/2022\/05\/anatomia-de-la-decadencia-1-1.jpeg 379w, https:\/\/calafat.cat\/wp-content\/uploads\/2022\/05\/anatomia-de-la-decadencia-1-1-300x226.jpeg 300w\" sizes=\"auto, (max-width: 379px) 100vw, 379px\" \/><figcaption>Ant\u00f3nio Lobo Antunes<br><br>Manual dels inquisidors. Ant\u00f3nio Lobo Antunes. Traducci\u00f3 de Xavier P\u00e0mies. Edicions 62, Col\u00b7lecci\u00f3. \u00abMOLU\u00bb, 118. Barcelona, 1998. 374 p\u00e0gs.<br>Etiquetes:\u00a0 <a href=\"http:\/\/calafat.cat\/index.php\/1998-2\/\" data-type=\"page\" data-id=\"2609\">1998<\/a> <a href=\"http:\/\/calafat.cat\/index.php\/publicat-a\/el-temps\/\" data-type=\"page\" data-id=\"110\">El Temps<\/a> <a href=\"http:\/\/calafat.cat\/index.php\/per-generes\/narrativa\/\" data-type=\"page\" data-id=\"94\">Narrativa<\/a><\/figcaption><\/figure>\n<\/div>\n<\/div>\n","protected":false},"excerpt":{"rendered":"<p>L&#8217;\u00faltima novel\u00b7la d&#8217;Ant\u00f3nio Lobo Antunes presenta a trav\u00e9s de la decad\u00e8ncia d&#8217;una finca i d&#8217;un ministre dels temps de Salazar la corrupci\u00f3 pol\u00edtica del r\u00e8gim dictatorial de Portugal fins a la seua dissoluci\u00f3 i la seua incid\u00e8ncia directa en uns personatges marcats per la solitud. \u00c9s possible que la falta de maj\u00fascules, l&#8217;\u00fas restringit de &#8230; <a title=\"Anatomia de la decad\u00e8ncia\" class=\"read-more\" href=\"https:\/\/calafat.cat\/index.php\/anatomia-de-la-decadencia\/\" aria-label=\"M\u00e1s en Anatomia de la decad\u00e8ncia\">Leer m\u00e1s<\/a><\/p>\n","protected":false},"author":1,"featured_media":0,"parent":0,"menu_order":0,"comment_status":"closed","ping_status":"closed","template":"","meta":{"footnotes":""},"class_list":["post-1252","page","type-page","status-publish"],"_links":{"self":[{"href":"https:\/\/calafat.cat\/index.php\/wp-json\/wp\/v2\/pages\/1252","targetHints":{"allow":["GET"]}}],"collection":[{"href":"https:\/\/calafat.cat\/index.php\/wp-json\/wp\/v2\/pages"}],"about":[{"href":"https:\/\/calafat.cat\/index.php\/wp-json\/wp\/v2\/types\/page"}],"author":[{"embeddable":true,"href":"https:\/\/calafat.cat\/index.php\/wp-json\/wp\/v2\/users\/1"}],"replies":[{"embeddable":true,"href":"https:\/\/calafat.cat\/index.php\/wp-json\/wp\/v2\/comments?post=1252"}],"version-history":[{"count":2,"href":"https:\/\/calafat.cat\/index.php\/wp-json\/wp\/v2\/pages\/1252\/revisions"}],"predecessor-version":[{"id":2983,"href":"https:\/\/calafat.cat\/index.php\/wp-json\/wp\/v2\/pages\/1252\/revisions\/2983"}],"wp:attachment":[{"href":"https:\/\/calafat.cat\/index.php\/wp-json\/wp\/v2\/media?parent=1252"}],"curies":[{"name":"wp","href":"https:\/\/api.w.org\/{rel}","templated":true}]}}