{"id":1262,"date":"2022-04-26T11:39:31","date_gmt":"2022-04-26T11:39:31","guid":{"rendered":"http:\/\/calafat.cat\/?page_id=1262"},"modified":"2022-05-11T15:54:23","modified_gmt":"2022-05-11T15:54:23","slug":"el-ilarg-cami-de-lluis-alpera","status":"publish","type":"page","link":"https:\/\/calafat.cat\/index.php\/el-ilarg-cami-de-lluis-alpera\/","title":{"rendered":"El Ilarg cam\u00ed de Llu\u00eds Alpera"},"content":{"rendered":"\n<div class=\"wp-block-columns alignwide is-layout-flex wp-container-core-columns-is-layout-9d6595d7 wp-block-columns-is-layout-flex\">\n<div class=\"wp-block-column is-layout-flow wp-block-column-is-layout-flow\" style=\"flex-basis:50%\">\n<p>Amb la publicaci\u00f3 de l&#8217;obra po\u00e8tica completa de Llu\u00eds Alpera es d\u00f3na cim a la divulgaci\u00f3 d&#8217;un dels poetes m\u00e9s solvents de les nostres lletres.&nbsp;<em>Cavalls a l&#8217;alba (Obra po\u00e8tica)<\/em>&nbsp;ens permet de veure en conjunt l&#8217;interessant univers po\u00e8tic d&#8217;Alpera i la seua evoluci\u00f3 al llarg de quaranta anys de creaci\u00f3.<\/p>\n\n\n\n<p>El llibre ve presidit per un Ilarg i acurat estudi d&#8217;Arthur Terry que explica les claus po\u00e8tiques i la coher\u00e8ncia en l&#8217;evoluci\u00f3 de l&#8217;obra de Llu\u00eds Alpera al llarg de dotze t\u00edtols. Des dels primers poemes sobre l&#8217;amor i la mort, bastits a l&#8217;ombra de Salvador Espriu, el poeta valenci\u00e0 evoluciona en&nbsp;<em>Magre menjar<\/em>&nbsp;i&nbsp;<em>Dades de la hist\u00f2ria civil d&#8217;un valenci\u00e0<\/em>&nbsp;a una poesia m\u00e9s conscient de les circumst\u00e0ncies quotidianes de la dura postguerra, amb un estil m\u00e9s realista. A causa de les escasses simpaties que desperta la paraula \u00abrealisme\u00bb, el professor angl\u00e8s autor del pr\u00f2leg es veu obligat a matisar i reduir l&#8217;adhesi\u00f3 d&#8217;Alpera al realisme, tot indicant que la seua relaci\u00f3 amb aquest moviment \u00e9s \u00abm\u00e9s aviat una q\u00fcesti\u00f3 d&#8217;actituds que d&#8217;una actitud literal\u00bb. Si un defensor del realisme no va ser realista, llavors qui ho va ser?, en qu\u00e8 va consistir aqueixa proposta liter\u00e0ria? El nus de la q\u00fcesti\u00f3 resideix segurament en el fet que sovint es llegeix la poesia dels anys seixanta des d&#8217;uns esl\u00f2gans did\u00e0ctics que fan pensar en una des\u00eddia l\u00edrica, la qual cosa contrasta sovint amb el contingut aut\u00e8ntic dels poemes. La persona que tinga una visi\u00f3 plana de la literatura d&#8217;aquells anys se sorprendr\u00e0 en trobar a obra d&#8217;Alpera poemes acurats amb una pres\u00e8ncia constant d&#8217;imatges. D&#8217;altra banda, la poesia que feia llavors Alpera no es redu\u00efa a la corda narrativa i prosaica; at\u00e8s que al costat dels poemes m\u00e9s combatius, s&#8217;hi troba per exemple, una poesia intimista o de resson\u00e0ncies populars.<\/p>\n\n\n\n<p>La publicaci\u00f3 de&nbsp;<em>Surant enmig del naufragi final<\/em>&nbsp;(1985),&nbsp;<em>Tempesta d&#8217;argent<\/em>&nbsp;(1986) i&nbsp;<em>Els dons del pleniluni<\/em>&nbsp;(1990) represent\u00e0 l&#8217;inici d&#8217;una nova etapa, molt fecunda, en la traject\u00f2ria liter\u00e0ria de Llu\u00eds Alpera. La seua poesia \u00e9s, ara, barroca i sensual, de l\u00e8xic violent, rica en referents culturals, per\u00f2 els temes continuen essent els d&#8217;abans (l&#8217; amor, la mort, el temps, la identitat personal i el pa\u00eds).<\/p>\n\n\n\n<p>En els llibres seg\u00fcents,&nbsp;<em>L&#8217;emperadriu de l&#8217;Orient<\/em>&nbsp;(1992),&nbsp;<em>Amb cendres i diamants<\/em>&nbsp;(1995) i&nbsp;<em>Els bells papirs d&#8217;Alexandria<\/em>, in\u00e8dit fins a la publicaci\u00f3 de la seua obra completa, em sembla que Alpera aconsegueix el seu estil m\u00e9s personal, perqu\u00e8, al costat d&#8217;algunes melodies de to popular, elimina el barroquisme dels llibres anteriors i aposta per un llenguatge m\u00e9s contingut que s&#8217;adequa millor a una poesia m\u00e9s introspectiva i m\u00e9s profunda en la reflexi\u00f3 moral. La lectura de&nbsp;<em>Cavalls a l&#8217;alba<\/em>, a m\u00e9s d&#8217;oferir moments de bona poesia, serveix per comprendre el cam\u00ed que han seguit els poetes que es donaren a con\u00e8ixer en els durs anys de la postguerra i els seus esfor\u00e7os per adequar la seua veu personal a la sensibilitat de cada moment.<\/p>\n\n\n\n<p>EL TEMPS, n\u00fam. 732, p\u00e0g. 68, 29\/06\/1998<\/p>\n\n\n\n<p><a rel=\"noreferrer noopener\" href=\"http:\/\/calafat.cat\/#facebook\" target=\"_blank\">Facebook<\/a>\u00a0<a rel=\"noreferrer noopener\" href=\"http:\/\/calafat.cat\/#twitter\" target=\"_blank\">Twitter<\/a>\u00a0<a href=\"https:\/\/www.addtoany.com\/share#url=http%3A%2F%2Fcalafat.cat%2Farticles%2Fel-llarg-cami-de-lluis-alpera&amp;title=El%20Ilarg%20cam%C3%AD%20de%20Llu%C3%ADs%20Alpera\">\u00a0Comparteix a<\/a><\/p>\n\n\n\n<p>Articles recents:\u00a0<\/p>\n\n\n\n<p><a href=\"http:\/\/calafat.cat\/index.php\/viatge-iniciatic-i-catartic-al-mon-sorprenent-del-primer-estelles-2\/\" data-type=\"page\" data-id=\"2032\">Viatge inici\u00e0tic i cat\u00e0rtic al m\u00f3n sorprenent del primer Estell\u00e9s<\/a><\/p>\n\n\n\n<p><a href=\"http:\/\/calafat.cat\/index.php\/els-fulgors-del-vertigen\/\" data-type=\"page\" data-id=\"1056\">Els fulgors del vertigen<\/a><\/p>\n\n\n\n<p><a href=\"http:\/\/calafat.cat\/index.php\/el-periple-danar-mes-enlla\/\" data-type=\"page\" data-id=\"1090\">El periple d\u2019anar m\u00e9s enll\u00e0<\/a><\/p>\n<\/div>\n\n\n\n<div class=\"wp-block-column is-layout-flow wp-block-column-is-layout-flow\" style=\"flex-basis:50%\">\n<figure class=\"wp-block-image size-full\"><img loading=\"lazy\" decoding=\"async\" width=\"379\" height=\"372\" src=\"http:\/\/calafat.cat\/wp-content\/uploads\/2022\/05\/el-llarg-cami-de-lluis-alpera2-1.jpeg\" alt=\"\" class=\"wp-image-2991\" srcset=\"https:\/\/calafat.cat\/wp-content\/uploads\/2022\/05\/el-llarg-cami-de-lluis-alpera2-1.jpeg 379w, https:\/\/calafat.cat\/wp-content\/uploads\/2022\/05\/el-llarg-cami-de-lluis-alpera2-1-300x294.jpeg 300w\" sizes=\"auto, (max-width: 379px) 100vw, 379px\" \/><figcaption>Llu\u00eds Alpera. Fotografia: Jos\u00e9 Navarro.<br><br>Font: diarioinformacion.com<br>Cavalls a l&#8217;alba (Obra po\u00e8tica). Llu\u00eds Alpera. Editorial 3 i 4, Col\u00b7lecci\u00f3 \u00abPoesia\u00bb, 94. Val\u00e8ncia, 1998. 472 p\u00e0gs.<br><br>Etiquetes:\u00a0<a href=\"http:\/\/calafat.cat\/index.php\/1998-2\/\" data-type=\"page\" data-id=\"2609\">1998<\/a> <a href=\"http:\/\/calafat.cat\/index.php\/publicat-a\/el-temps\/\" data-type=\"page\" data-id=\"110\">El Temps<\/a> <a href=\"http:\/\/calafat.cat\/index.php\/per-generes\/poesia\/\" data-type=\"page\" data-id=\"98\">Poesia<\/a><\/figcaption><\/figure>\n<\/div>\n<\/div>\n","protected":false},"excerpt":{"rendered":"<p>Amb la publicaci\u00f3 de l&#8217;obra po\u00e8tica completa de Llu\u00eds Alpera es d\u00f3na cim a la divulgaci\u00f3 d&#8217;un dels poetes m\u00e9s solvents de les nostres lletres.&nbsp;Cavalls a l&#8217;alba (Obra po\u00e8tica)&nbsp;ens permet de veure en conjunt l&#8217;interessant univers po\u00e8tic d&#8217;Alpera i la seua evoluci\u00f3 al llarg de quaranta anys de creaci\u00f3. El llibre ve presidit per un &#8230; <a title=\"El Ilarg cam\u00ed de Llu\u00eds Alpera\" class=\"read-more\" href=\"https:\/\/calafat.cat\/index.php\/el-ilarg-cami-de-lluis-alpera\/\" aria-label=\"M\u00e1s en El Ilarg cam\u00ed de Llu\u00eds Alpera\">Leer m\u00e1s<\/a><\/p>\n","protected":false},"author":1,"featured_media":0,"parent":0,"menu_order":0,"comment_status":"closed","ping_status":"closed","template":"","meta":{"footnotes":""},"class_list":["post-1262","page","type-page","status-publish"],"_links":{"self":[{"href":"https:\/\/calafat.cat\/index.php\/wp-json\/wp\/v2\/pages\/1262","targetHints":{"allow":["GET"]}}],"collection":[{"href":"https:\/\/calafat.cat\/index.php\/wp-json\/wp\/v2\/pages"}],"about":[{"href":"https:\/\/calafat.cat\/index.php\/wp-json\/wp\/v2\/types\/page"}],"author":[{"embeddable":true,"href":"https:\/\/calafat.cat\/index.php\/wp-json\/wp\/v2\/users\/1"}],"replies":[{"embeddable":true,"href":"https:\/\/calafat.cat\/index.php\/wp-json\/wp\/v2\/comments?post=1262"}],"version-history":[{"count":2,"href":"https:\/\/calafat.cat\/index.php\/wp-json\/wp\/v2\/pages\/1262\/revisions"}],"predecessor-version":[{"id":2993,"href":"https:\/\/calafat.cat\/index.php\/wp-json\/wp\/v2\/pages\/1262\/revisions\/2993"}],"wp:attachment":[{"href":"https:\/\/calafat.cat\/index.php\/wp-json\/wp\/v2\/media?parent=1262"}],"curies":[{"name":"wp","href":"https:\/\/api.w.org\/{rel}","templated":true}]}}