{"id":1272,"date":"2022-04-26T11:44:04","date_gmt":"2022-04-26T11:44:04","guid":{"rendered":"http:\/\/calafat.cat\/?page_id=1272"},"modified":"2022-05-19T14:26:21","modified_gmt":"2022-05-19T14:26:21","slug":"lespill-que-ens-posseix","status":"publish","type":"page","link":"https:\/\/calafat.cat\/index.php\/lespill-que-ens-posseix\/","title":{"rendered":"L&#8217;espill que ens posseix"},"content":{"rendered":"\n<div class=\"wp-block-columns alignwide is-layout-flex wp-container-core-columns-is-layout-9d6595d7 wp-block-columns-is-layout-flex\">\n<div class=\"wp-block-column is-layout-flow wp-block-column-is-layout-flow\" style=\"flex-basis:50%\">\n<p>El llibre de poemes&nbsp;<em>Cercles de la mirada<\/em>, de Vicent Alonso, va ser guardonat amb l\u2019\u00faltim premi Ausi\u00e0s March de Gandia. Els poemes d\u2019aquest llibre, de factura notable, escrits amb un estil despullat i intensament l\u00edric, s\u00f3n suggerents, emotius i desperten la sensibilitat del lector.<\/p>\n\n\n\n<p>Aquest poemari \u00e9s alhora una reflexi\u00f3 sobre la vida i la llengua, una conquesta de la \u00abllum en la paraula\u00bb. \u00c9s la seua una poesia clara per\u00f2 gens f\u00e0cil, d&#8217;una meditada elaboraci\u00f3, que testimonia una confian\u00e7a inquebrantable en el llenguatge. El poeta \u00e9s conscient de la dificultat de parlar de certs temes, per\u00f2 sap que el fet de provar-ho \u00e9s ja una vict\u00f2ria. Sovint els poemes es fonamenten en el conflicte entre les ombres i la llum, entre el visible i l&#8217; invisible. L&#8217;obra de Vicent Alonso, que mant\u00e9 moltes afinitats amb la poesia francesa, se serveix d&#8217;un nucli redu\u00eft d&#8217;imatges per fer una emotiva meditaci\u00f3 po\u00e8tica sobre l&#8217;amor, el desig, la mem\u00f2ria, la fugacitat&#8230; Per b\u00e9 que el seu estil es caracteritza per la brevetat, en la segona part els poemes, concebuts com a estampes amb l&#8217;objectiu de preservar alguns moments excepcionals, es fan m\u00e9s llargs i els referents m\u00e9s expl\u00edcits.<\/p>\n\n\n\n<p>Com suggereix el t\u00edtol del llibre, l&#8217;espai, la realitat exterior t\u00e9 una import\u00e0ncia capital al llibre, aix\u00f2 s\u00ed, convertit en \u00e0mbit interior. L&#8217;espectacle exterior provoca en el poeta sentiments que parlen de la bellesa, de la plenitud, per\u00f2 tamb\u00e9 de l&#8217;abs\u00e8ncia, de la cendra. Amb aquesta reconversi\u00f3 del paisatge, l\u2019autor no pret\u00e9n confondre la realitat externa amb el m\u00f3n interior, sin\u00f3 m\u00e9s aviat accentuar la seua interrelaci\u00f3. Una poesia com aquesta, que vol ser una obertura al m\u00f3n, ha de superar certs obstacles: no caure en la pr\u00f2pia complaen\u00e7a ni en el narcisisme. Ha de resistir les imatges excessivament llampants. Per aix\u00f2, aquests versos penetrants i de factura notable, semblen fr\u00e0gils i la seua bellesa mel\u00f2dica es fa quasi imperceptible per al lector.<\/p>\n\n\n\n<p>EL TEMPS, n\u00fam. 733, p\u00e0g. 69, 06\/07\/1998<\/p>\n\n\n\n<p><a rel=\"noreferrer noopener\" href=\"http:\/\/calafat.cat\/#facebook\" target=\"_blank\">Facebook<\/a>&nbsp;<a rel=\"noreferrer noopener\" href=\"http:\/\/calafat.cat\/#twitter\" target=\"_blank\">Twitter<\/a>&nbsp;<a href=\"https:\/\/www.addtoany.com\/share#url=http%3A%2F%2Fcalafat.cat%2Farticles%2Flespill-que-ens-posseix&amp;title=L%27espill%20que%20ens%20posseix\">&nbsp;Comparteix a<\/a><\/p>\n\n\n\n<p>Articles recents:&nbsp;<\/p>\n\n\n\n<p><a href=\"http:\/\/calafat.cat\/index.php\/viatge-iniciatic-i-catartic-al-mon-sorprenent-del-primer-estelles-2\/\" data-type=\"page\" data-id=\"2032\">Viatge inici\u00e0tic i cat\u00e0rtic al m\u00f3n sorprenent del primer Estell\u00e9s<\/a><\/p>\n\n\n\n<p><a href=\"http:\/\/calafat.cat\/index.php\/quatre-decades-de-narrativa-valenciana-moderna\/\" data-type=\"page\" data-id=\"1048\">Quatre d\u00e8cades de narrativa valenciana moderna<\/a><\/p>\n\n\n\n<p><a href=\"http:\/\/calafat.cat\/index.php\/pulsions-en-un-moviment-permament\/\" data-type=\"page\" data-id=\"1061\">Pulsions en un moviment permament<\/a><\/p>\n<\/div>\n\n\n\n<div class=\"wp-block-column is-layout-flow wp-block-column-is-layout-flow\" style=\"flex-basis:50%\">\n<figure class=\"wp-block-image size-full\"><img loading=\"lazy\" decoding=\"async\" width=\"379\" height=\"378\" src=\"http:\/\/calafat.cat\/wp-content\/uploads\/2022\/05\/lespill-que-ens-posseix1-1.jpeg\" alt=\"\" class=\"wp-image-3007\" srcset=\"https:\/\/calafat.cat\/wp-content\/uploads\/2022\/05\/lespill-que-ens-posseix1-1.jpeg 379w, https:\/\/calafat.cat\/wp-content\/uploads\/2022\/05\/lespill-que-ens-posseix1-1-300x300.jpeg 300w, https:\/\/calafat.cat\/wp-content\/uploads\/2022\/05\/lespill-que-ens-posseix1-1-150x150.jpeg 150w\" sizes=\"auto, (max-width: 379px) 100vw, 379px\" \/><figcaption>Portada del llibre<br><br>Cercles de la mirada. Vicent Alonso. Edicions Bromera, Alzira, 1988. 57 p\u00e0gs.<br><br>Etiquetes:\u00a0<a href=\"http:\/\/calafat.cat\/index.php\/1998-2\/\" data-type=\"page\" data-id=\"2609\">1998<\/a> <a href=\"http:\/\/calafat.cat\/index.php\/publicat-a\/el-temps\/\" data-type=\"page\" data-id=\"110\">El Temps<\/a> <a href=\"http:\/\/calafat.cat\/index.php\/per-generes\/poesia\/\" data-type=\"page\" data-id=\"98\">Poesia<\/a> <a href=\"http:\/\/calafat.cat\/index.php\/vicent-alonso\/\" data-type=\"page\" data-id=\"4103\">Vicent Alonso<\/a><\/figcaption><\/figure>\n<\/div>\n<\/div>\n","protected":false},"excerpt":{"rendered":"<p>El llibre de poemes&nbsp;Cercles de la mirada, de Vicent Alonso, va ser guardonat amb l\u2019\u00faltim premi Ausi\u00e0s March de Gandia. Els poemes d\u2019aquest llibre, de factura notable, escrits amb un estil despullat i intensament l\u00edric, s\u00f3n suggerents, emotius i desperten la sensibilitat del lector. Aquest poemari \u00e9s alhora una reflexi\u00f3 sobre la vida i la &#8230; <a title=\"L&#8217;espill que ens posseix\" class=\"read-more\" href=\"https:\/\/calafat.cat\/index.php\/lespill-que-ens-posseix\/\" aria-label=\"M\u00e1s en L&#8217;espill que ens posseix\">Leer m\u00e1s<\/a><\/p>\n","protected":false},"author":1,"featured_media":0,"parent":0,"menu_order":0,"comment_status":"closed","ping_status":"closed","template":"","meta":{"footnotes":""},"class_list":["post-1272","page","type-page","status-publish"],"_links":{"self":[{"href":"https:\/\/calafat.cat\/index.php\/wp-json\/wp\/v2\/pages\/1272","targetHints":{"allow":["GET"]}}],"collection":[{"href":"https:\/\/calafat.cat\/index.php\/wp-json\/wp\/v2\/pages"}],"about":[{"href":"https:\/\/calafat.cat\/index.php\/wp-json\/wp\/v2\/types\/page"}],"author":[{"embeddable":true,"href":"https:\/\/calafat.cat\/index.php\/wp-json\/wp\/v2\/users\/1"}],"replies":[{"embeddable":true,"href":"https:\/\/calafat.cat\/index.php\/wp-json\/wp\/v2\/comments?post=1272"}],"version-history":[{"count":3,"href":"https:\/\/calafat.cat\/index.php\/wp-json\/wp\/v2\/pages\/1272\/revisions"}],"predecessor-version":[{"id":4120,"href":"https:\/\/calafat.cat\/index.php\/wp-json\/wp\/v2\/pages\/1272\/revisions\/4120"}],"wp:attachment":[{"href":"https:\/\/calafat.cat\/index.php\/wp-json\/wp\/v2\/media?parent=1272"}],"curies":[{"name":"wp","href":"https:\/\/api.w.org\/{rel}","templated":true}]}}