{"id":1274,"date":"2022-04-26T11:44:41","date_gmt":"2022-04-26T11:44:41","guid":{"rendered":"http:\/\/calafat.cat\/?page_id=1274"},"modified":"2022-05-19T14:39:12","modified_gmt":"2022-05-19T14:39:12","slug":"la-forca-indomita-de-la-passio","status":"publish","type":"page","link":"https:\/\/calafat.cat\/index.php\/la-forca-indomita-de-la-passio\/","title":{"rendered":"La for\u00e7a ind\u00f2mita de la passi\u00f3"},"content":{"rendered":"\n<div class=\"wp-block-columns alignwide is-layout-flex wp-container-core-columns-is-layout-9d6595d7 wp-block-columns-is-layout-flex\">\n<div class=\"wp-block-column is-layout-flow wp-block-column-is-layout-flow\" style=\"flex-basis:50%\">\n<p>Joan Francesc Mira, en els notables relats de&nbsp;<em>Quatre q\u00fcestions d&#8217;amor<\/em>, combina la cr\u00f2nica i la ficci\u00f3 per narrar la diversitat del comportament hum\u00e0 quan es viu la sexualitat o la passi\u00f3 amorosa com un fet extraordinari i diferent a les convencions dominants en cada moment.<\/p>\n\n\n\n<p><em>Quatre q\u00fcestions d&#8217;amor<\/em>, ocorregudes al llarg de set segles, li serveixen a Joan F. Mira per submergir-se en els ressorts d&#8217;un sentiment tan complex com \u00e9s el de la passi\u00f3 amorosa, per penetrar en la pell d&#8217;uns personatges que afronten la seua aventura amb una energia vital extraordin\u00e0ria que els enfronta amb les persones m\u00e9s pr\u00f2ximes, que veuen els seus actes com un comportament pueril i reprovable.<\/p>\n\n\n\n<p>Joan F. Mira aposta en aquesta obra, com en&nbsp;<em>Borja Papa<\/em>, per inserir-se en el f\u00e8rtil \u00e0mbit que juga amb els borrosos l\u00edmits que separen, i alhora uneixen, la ficci\u00f3 i la realitat. Joc que el mateix autor vol deixar ben clar al final del llibre quan adverteix que la cr\u00f2nica i la literatura s&#8217;integren en un mateix tra\u00e7 creatiu.<\/p>\n\n\n\n<p>Els protagonistes d&#8217;aquests relats, distints en to i estructura, s\u00f3n conscients que satisfer el seu desig sexual o viure plenament la seua passi\u00f3 amorosa implica transgredir les normes familiars, socials i legals. Aix\u00ed, a l&#8217;igual que els int\u00e8rprets de les grans hist\u00f2ries liter\u00e0ries d&#8217;amor, viuen la seua perip\u00e8cia sentimental com un amor prohibit, com una cursa plena<br>d&#8217;obstacles. Els entrebancs reforcen la difer\u00e8ncia, la fantasia, l&#8217;orgull i el desig de fondre&#8217;s amb la persona estimada. La passi\u00f3 quan es viu d&#8217;una manera tan intensa es presenta, de fet, com un comportament exemplar, com un valor en si mateix. Els seus actes reivindiquen el dret de poder establir unes relacions diferents a les habituals.<\/p>\n\n\n\n<p>El llibre mostra la destresa narrativa de l&#8217;autor valenci\u00e0, que elabora aqueix estil tan personal seu que integra en un mateix impuls narratiu les distintes veus i els diversos registres de la ficci\u00f3. A m\u00e9s, sap poblar de subtileses i detalls els relats. Cal destacar l&#8217;aguda finesa amb qu\u00e8 es recrea el clima i la sensibilitat de les distintes \u00e8poques. D&#8217;altra banda, cadascuna de les quatre narracions presenta al\u00b7licients ben diferents per al lector. Aix\u00ed, en la segona, \u00e9s admirable la complexitat narrativa de dues hist\u00f2ries d&#8217;amor idealitzades que acaben confonent-se en la ficci\u00f3 amb un tractat de q\u00fcestions d&#8217;amor; en la tercera, en canvi, l&#8217;aspecte m\u00e9s remarcable \u00e9s el final sorprenent i tr\u00e0gic dels amants. De totes elles, la hist\u00f2ria m\u00e9s reeixida, al meu entendre, \u00e9s la primera, on la ficci\u00f3 predomina sobre la cr\u00f2nica i ens condueix amb efic\u00e0cia a l&#8217;interior del personatge femen\u00ed, que ha sabut tirar endavant amb discreci\u00f3 i intel\u00b7lig\u00e8ncia una personalitat ambivalent.<\/p>\n\n\n\n<p><em>Quatre q\u00fcestions d&#8217;amor<\/em>, sense ser una obra espectacular, confirma una vegada m\u00e9s les qualitats narratives de Joan F. Mira, autor d&#8217;un univers literari absolutament personal i diferenciat en el conjunt de l&#8217;actual narrativa catalana.<\/p>\n\n\n\n<p>EL TEMPS, n\u00fam. 752, p\u00e0g. 68, 16\/11\/1998<\/p>\n\n\n\n<p>Descarrega&#8217;t l&#8217;original:&nbsp;<img decoding=\"async\" src=\"http:\/\/calafat.cat\/modules\/file\/icons\/application-pdf.png\" alt=\"PDF icon\"><a href=\"http:\/\/calafat.cat\/sites\/default\/files\/la-forca-indomita-de-la-passio.pdf\">la-forca-indomita-de-la-passio.pdf<\/a><\/p>\n\n\n\n<p><a rel=\"noreferrer noopener\" href=\"http:\/\/calafat.cat\/#facebook\" target=\"_blank\">Facebook<\/a>&nbsp;<a rel=\"noreferrer noopener\" href=\"http:\/\/calafat.cat\/#twitter\" target=\"_blank\">Twitter<\/a>&nbsp;<a href=\"https:\/\/www.addtoany.com\/share#url=http%3A%2F%2Fcalafat.cat%2Farticles%2Fla-forca-indomita-de-la-passio&amp;title=La%20for%C3%A7a%20ind%C3%B2mita%20de%20la%20passi%C3%B3\">&nbsp;Comparteix a<\/a><\/p>\n\n\n\n<p>Articles recents:&nbsp;<\/p>\n\n\n\n<p><a href=\"http:\/\/calafat.cat\/index.php\/quan-la-realitat-dansa-en-la-ficcio-3\/\" data-type=\"page\" data-id=\"1892\">Quan la realitat dansa en la ficci\u00f3<\/a><\/p>\n\n\n\n<p><a href=\"http:\/\/calafat.cat\/index.php\/lunivers-dens-de-lalfabet-2\/\" data-type=\"page\" data-id=\"2010\">L\u2019univers dens de l\u2019alfabet<\/a><\/p>\n\n\n\n<p><a href=\"http:\/\/calafat.cat\/index.php\/cezanne-poesia-i-pensament-fets-pintura\/\" data-type=\"page\" data-id=\"1125\">C\u00e9zanne: poesia i pensament fets pintura<\/a><\/p>\n<\/div>\n\n\n\n<div class=\"wp-block-column is-layout-flow wp-block-column-is-layout-flow\" style=\"flex-basis:50%\">\n<figure class=\"wp-block-image size-full\"><img loading=\"lazy\" decoding=\"async\" width=\"379\" height=\"252\" src=\"http:\/\/calafat.cat\/wp-content\/uploads\/2022\/05\/la-forca-indomita-de-la-passio-2-1.jpeg\" alt=\"\" class=\"wp-image-3009\" srcset=\"https:\/\/calafat.cat\/wp-content\/uploads\/2022\/05\/la-forca-indomita-de-la-passio-2-1.jpeg 379w, https:\/\/calafat.cat\/wp-content\/uploads\/2022\/05\/la-forca-indomita-de-la-passio-2-1-300x199.jpeg 300w\" sizes=\"auto, (max-width: 379px) 100vw, 379px\" \/><figcaption>Joan Francesc Mira. Fotografia: A.C.<br><br>Font: tornaveu.cat<br>Quatre q\u00fcestions d&#8217;amor. Joan F. Mira. Editorial 3 i 4, Col\u00b7lecci\u00f3 \u00abNarratives 3 i 4\u00bb, Val\u00e8ncia, 1998. 147 p\u00e0gs.<br><br>Etiquetes:\u00a0<a href=\"http:\/\/calafat.cat\/index.php\/1998-2\/\" data-type=\"page\" data-id=\"2609\">1998<\/a> <a href=\"http:\/\/calafat.cat\/index.php\/publicat-a\/el-temps\/\" data-type=\"page\" data-id=\"110\">El Temps<\/a> <a href=\"http:\/\/calafat.cat\/index.php\/per-generes\/narrativa\/\" data-type=\"page\" data-id=\"94\">Narrativa<\/a><a href=\"http:\/\/calafat.cat\/index.php\/joan-francesc-mira\/\" data-type=\"page\" data-id=\"4133\"> Joan Francesc Mira<\/a><\/figcaption><\/figure>\n<\/div>\n<\/div>\n","protected":false},"excerpt":{"rendered":"<p>Joan Francesc Mira, en els notables relats de&nbsp;Quatre q\u00fcestions d&#8217;amor, combina la cr\u00f2nica i la ficci\u00f3 per narrar la diversitat del comportament hum\u00e0 quan es viu la sexualitat o la passi\u00f3 amorosa com un fet extraordinari i diferent a les convencions dominants en cada moment. Quatre q\u00fcestions d&#8217;amor, ocorregudes al llarg de set segles, li &#8230; <a title=\"La for\u00e7a ind\u00f2mita de la passi\u00f3\" class=\"read-more\" href=\"https:\/\/calafat.cat\/index.php\/la-forca-indomita-de-la-passio\/\" aria-label=\"M\u00e1s en La for\u00e7a ind\u00f2mita de la passi\u00f3\">Leer m\u00e1s<\/a><\/p>\n","protected":false},"author":1,"featured_media":0,"parent":0,"menu_order":0,"comment_status":"closed","ping_status":"closed","template":"","meta":{"footnotes":""},"class_list":["post-1274","page","type-page","status-publish"],"_links":{"self":[{"href":"https:\/\/calafat.cat\/index.php\/wp-json\/wp\/v2\/pages\/1274","targetHints":{"allow":["GET"]}}],"collection":[{"href":"https:\/\/calafat.cat\/index.php\/wp-json\/wp\/v2\/pages"}],"about":[{"href":"https:\/\/calafat.cat\/index.php\/wp-json\/wp\/v2\/types\/page"}],"author":[{"embeddable":true,"href":"https:\/\/calafat.cat\/index.php\/wp-json\/wp\/v2\/users\/1"}],"replies":[{"embeddable":true,"href":"https:\/\/calafat.cat\/index.php\/wp-json\/wp\/v2\/comments?post=1274"}],"version-history":[{"count":3,"href":"https:\/\/calafat.cat\/index.php\/wp-json\/wp\/v2\/pages\/1274\/revisions"}],"predecessor-version":[{"id":4146,"href":"https:\/\/calafat.cat\/index.php\/wp-json\/wp\/v2\/pages\/1274\/revisions\/4146"}],"wp:attachment":[{"href":"https:\/\/calafat.cat\/index.php\/wp-json\/wp\/v2\/media?parent=1274"}],"curies":[{"name":"wp","href":"https:\/\/api.w.org\/{rel}","templated":true}]}}