{"id":1286,"date":"2022-04-27T06:56:35","date_gmt":"2022-04-27T06:56:35","guid":{"rendered":"http:\/\/calafat.cat\/?page_id=1286"},"modified":"2022-05-11T16:30:11","modified_gmt":"2022-05-11T16:30:11","slug":"preocupacions-duna-decada","status":"publish","type":"page","link":"https:\/\/calafat.cat\/index.php\/preocupacions-duna-decada\/","title":{"rendered":"Preocupacions d&#8217;una d\u00e8cada"},"content":{"rendered":"\n<div class=\"wp-block-columns alignwide is-layout-flex wp-container-core-columns-is-layout-9d6595d7 wp-block-columns-is-layout-flex\">\n<div class=\"wp-block-column is-layout-flow wp-block-column-is-layout-flow\" style=\"flex-basis:50%\">\n<p>El llibre titulat&nbsp;<em>Per a qu\u00e8 serveix un escriptor?<\/em>&nbsp;es compon d&#8217;un conjunt d&#8217;articles que ha recopilat Jaume Subirana. En aquesta obra, l&#8217;autor ens ofereix un joc d&#8217;estampes que evoquen, amb un estil \u00e0gil i ir\u00f2nic, els debats i obsessions que han preocupat el gremi literari al llarg dels anys noranta.<\/p>\n\n\n\n<p>Vull comptar-me entre els lectors entusiastes de les recol\u00b7leccions de papers de premsa. M&#8217;atrau molt l&#8217;escriptura que reflecteix els impulsos personals, passionals, dels escriptors, que deixa testimoni dels problemes que m\u00e9s els preocupen en un moment determinat. I aix\u00f2 \u00e9s el que trobar\u00e0 el lector de&nbsp;<em>Per a qu\u00e8 serveix un escriptor?<\/em>&nbsp;de Jaume Subirana, un llibre on apareixen evocades les pol\u00e8miques i les obsessions que han animat el gremi d&#8217;escriptors entre els anys 1989 i 1997, com ara el gust necrol\u00f2gic de la nostra cultura, la desforestaci\u00f3 moral i intel\u00b7lectual dels escriptors, la relaci\u00f3 entre literatura i televisi\u00f3, la progressiva tend\u00e8ncia a entendre la cultura com un espectacle, la dura llei del desert que, segons l&#8217;autor, plana sobre la literatura catalana, les in\u00e8rcies que pesen en el m\u00f3n literari&#8230; Un retrat, fet i fet, de tonalitats grises que presenta una literatura que es mou \u00abpermanentment en els marges de l&#8217;ambig\u00fcitat\u00bb i que sovint sembla un pur joc de repartiment de prebendes. Al seu costat, podem trobar alguns dels articles m\u00e9s personals i atractius, aquells que giren al voltant de l&#8217;activitat d&#8217;escriure, entesa com una manera de viure, \u00abcom una fe antiga, com una for\u00e7a estranya que arrossegu\u00e9s cada autor m\u00e9s enll\u00e0 de la ra\u00f3 i de la mandra i de l&#8217;angoixa i de les tardes circulars\u00bb.<\/p>\n\n\n\n<p>Al marge de les p\u00e0gines prescindibles, habituals en aquesta mena d&#8217;obres, podem gaudir de tot un seguit d&#8217;aspectes positius: una veu personal, sincera, que ha sabut fer-se un estil vers\u00e0til, que integra, com diu Enric S\u00f2ria en el pr\u00f2leg que encap\u00e7ala l&#8217;obra, la cr\u00edtica i el to desimbolt, el sentimentalisme i la ironia.<\/p>\n\n\n\n<p>EL TEMPS, n\u00fam. 755, p\u00e0g. 85, 07-12-1998<\/p>\n\n\n\n<p>Descarrega&#8217;t l&#8217;original:&nbsp;<img decoding=\"async\" src=\"http:\/\/calafat.cat\/modules\/file\/icons\/application-pdf.png\" alt=\"PDF icon\"><a href=\"http:\/\/calafat.cat\/sites\/default\/files\/preocupacions-d-una-decada.pdf\">preocupacions-d-una-decada.pdf<\/a><\/p>\n\n\n\n<p><a rel=\"noreferrer noopener\" href=\"http:\/\/calafat.cat\/#facebook\" target=\"_blank\">Facebook<\/a>&nbsp;<a rel=\"noreferrer noopener\" href=\"http:\/\/calafat.cat\/#twitter\" target=\"_blank\">Twitter<\/a>&nbsp;<a href=\"https:\/\/www.addtoany.com\/share#url=http%3A%2F%2Fcalafat.cat%2Farticles%2Fpreocupacions-d-una-decada&amp;title=Preocupacions%20d%27una%20d%C3%A8cada\">&nbsp;Comparteix a<\/a><\/p>\n\n\n\n<p>Articles recents:&nbsp;<\/p>\n\n\n\n<p><a href=\"http:\/\/calafat.cat\/index.php\/laura-contaminada-de-valencia\/\" data-type=\"page\" data-id=\"1046\">L&#8217;aura contaminada de Val\u00e8ncia<\/a><\/p>\n\n\n\n<p><a href=\"http:\/\/calafat.cat\/index.php\/el-cami-de-la-poesia-valenciana-dels-setanta-fins-ara\/\" data-type=\"page\" data-id=\"1052\">El cam\u00ed de la poesia valenciana dels setanta fins ara<\/a><\/p>\n\n\n\n<p><a href=\"http:\/\/calafat.cat\/index.php\/reflexions-al-voltant-del-llorentenisme-i-fuster\/\" data-type=\"page\" data-id=\"1130\">Reflexions al voltant del llorentenisme i Fuster<\/a><\/p>\n<\/div>\n\n\n\n<div class=\"wp-block-column is-layout-flow wp-block-column-is-layout-flow\" style=\"flex-basis:50%\">\n<figure class=\"wp-block-image size-full\"><img loading=\"lazy\" decoding=\"async\" width=\"379\" height=\"250\" src=\"http:\/\/calafat.cat\/wp-content\/uploads\/2022\/05\/preocupacions-d-una-decada-2-1.jpeg\" alt=\"\" class=\"wp-image-3022\" srcset=\"https:\/\/calafat.cat\/wp-content\/uploads\/2022\/05\/preocupacions-d-una-decada-2-1.jpeg 379w, https:\/\/calafat.cat\/wp-content\/uploads\/2022\/05\/preocupacions-d-una-decada-2-1-300x198.jpeg 300w\" sizes=\"auto, (max-width: 379px) 100vw, 379px\" \/><figcaption>Jaume Subirana. Fotografia: Joan S\u00e1nchez.<br><br>Font: elpais.com<br>Per a qu\u00e8 serveix un escriptor? Jaume Subirana. Editorial Proa, Col\u00b7Iecci\u00f3 \u00abPerfils\u00bb, Barcelona, 1998. 146 p\u00e0gs.<br><br>Etiquetes:\u00a0<a href=\"http:\/\/calafat.cat\/index.php\/1998-2\/\" data-type=\"page\" data-id=\"2609\">1998<\/a> <a href=\"http:\/\/calafat.cat\/index.php\/publicat-a\/el-temps\/\" data-type=\"page\" data-id=\"110\">El Temps<\/a> <a href=\"http:\/\/calafat.cat\/index.php\/assaig\/\" data-type=\"page\" data-id=\"1677\">Assaig<\/a><\/figcaption><\/figure>\n<\/div>\n<\/div>\n","protected":false},"excerpt":{"rendered":"<p>El llibre titulat&nbsp;Per a qu\u00e8 serveix un escriptor?&nbsp;es compon d&#8217;un conjunt d&#8217;articles que ha recopilat Jaume Subirana. En aquesta obra, l&#8217;autor ens ofereix un joc d&#8217;estampes que evoquen, amb un estil \u00e0gil i ir\u00f2nic, els debats i obsessions que han preocupat el gremi literari al llarg dels anys noranta. Vull comptar-me entre els lectors entusiastes &#8230; <a title=\"Preocupacions d&#8217;una d\u00e8cada\" class=\"read-more\" href=\"https:\/\/calafat.cat\/index.php\/preocupacions-duna-decada\/\" aria-label=\"M\u00e1s en Preocupacions d&#8217;una d\u00e8cada\">Leer m\u00e1s<\/a><\/p>\n","protected":false},"author":1,"featured_media":0,"parent":0,"menu_order":0,"comment_status":"closed","ping_status":"closed","template":"","meta":{"footnotes":""},"class_list":["post-1286","page","type-page","status-publish"],"_links":{"self":[{"href":"https:\/\/calafat.cat\/index.php\/wp-json\/wp\/v2\/pages\/1286","targetHints":{"allow":["GET"]}}],"collection":[{"href":"https:\/\/calafat.cat\/index.php\/wp-json\/wp\/v2\/pages"}],"about":[{"href":"https:\/\/calafat.cat\/index.php\/wp-json\/wp\/v2\/types\/page"}],"author":[{"embeddable":true,"href":"https:\/\/calafat.cat\/index.php\/wp-json\/wp\/v2\/users\/1"}],"replies":[{"embeddable":true,"href":"https:\/\/calafat.cat\/index.php\/wp-json\/wp\/v2\/comments?post=1286"}],"version-history":[{"count":2,"href":"https:\/\/calafat.cat\/index.php\/wp-json\/wp\/v2\/pages\/1286\/revisions"}],"predecessor-version":[{"id":3023,"href":"https:\/\/calafat.cat\/index.php\/wp-json\/wp\/v2\/pages\/1286\/revisions\/3023"}],"wp:attachment":[{"href":"https:\/\/calafat.cat\/index.php\/wp-json\/wp\/v2\/media?parent=1286"}],"curies":[{"name":"wp","href":"https:\/\/api.w.org\/{rel}","templated":true}]}}