{"id":1294,"date":"2022-04-27T07:05:12","date_gmt":"2022-04-27T07:05:12","guid":{"rendered":"http:\/\/calafat.cat\/?page_id=1294"},"modified":"2022-05-11T16:37:48","modified_gmt":"2022-05-11T16:37:48","slug":"veus-plurals","status":"publish","type":"page","link":"https:\/\/calafat.cat\/index.php\/veus-plurals\/","title":{"rendered":"Veus plurals"},"content":{"rendered":"\n<div class=\"wp-block-columns alignwide is-layout-flex wp-container-core-columns-is-layout-9d6595d7 wp-block-columns-is-layout-flex\">\n<div class=\"wp-block-column is-layout-flow wp-block-column-is-layout-flow\" style=\"flex-basis:50%\">\n<p>Entre les \u00faltimes novetats de poesia valenciana trobem els noms de Ballester, Bess\u00f3, Trigo, Palomero i Garcia Grau. Tots ells s\u00f3n autors d\u2019una obra considerable. Els seus llibres ens dibuixen un panorama variat en veus i intencions, que reflecteix la pluralitat de la paraula po\u00e8tica que es d\u00f3na a Val\u00e8ncia a les hores d\u2019ara.<\/p>\n\n\n\n<p>De tots ells, segurament el llibre de Ballester \u00e9s el m\u00e9s ambici\u00f3s.&nbsp;<em>La mar<\/em>, com abans&nbsp;<em>L\u2019holand\u00e9s errant<\/em>, consolida la seua traject\u00f2ria po\u00e8tica i confirma la creaci\u00f3 d\u2019un m\u00f3n po\u00e8tic personal. Una l\u00ednia creativa que t\u00e9 afinitats amb l\u2019obra de Pal\u00e0cios, P\u00e9rez Montaner i Navarro. Imatges recurrents com el mar, el desert, el viatge i el naufragi s\u00f3n imatges amb qu\u00e8 Ballester fonamenta el seu pensament: una visi\u00f3 descentrada de l\u2019home, en permanent exili. La vida errant \u00e9s tamb\u00e9 la recerca de l\u2019ideal, tot i impossible. L\u2019amor, el somni i l\u2019escriptura s\u00f3n les \u00faniques armes per combatre l\u2019oblit, la caiguda. El gust per la met\u00e0fora, els referents culturals, la reescriptura d\u2019estils est\u00e8tics diversos i formes distintes s\u00f3n el distintiu d\u2019aquesta poesia desencantada.<\/p>\n\n\n\n<p>El viatge \u00e9s tamb\u00e9 el motiu que domina els llibres de Xulio Ricardo Trigo i Josep Palomero. Com en altres ocasions, Xulio Ricardo Trigo en&nbsp;<em>Far de llum grisa<\/em>&nbsp;escriu sobre paisatges i ciutats. El viatge, ent\u00e9s com a forma de coneixement i de vida, \u00e9s una senda tamb\u00e9 per al somni i la reflexi\u00f3. Imatges encadenades ens comuniquen les suggestions que el paisatge desperta en el poeta, per\u00f2 tamb\u00e9 s\u00f3n una via per expressar una viv\u00e8ncia m\u00e9s \u00edntima. Un llibre de coloracions t\u00e8nues i mirada amable. Un llibre fet amb ofici.<\/p>\n\n\n\n<p>Josep Palomero repr\u00e9n l\u2019activitat po\u00e8tica amb un llibre saludable,&nbsp;<em>La rosa dels vents<\/em>. L\u2019autor desgrana un to juganer, ir\u00f2nic i fins tot par\u00f2dic en una s\u00e8rie de retrats de personatges protot\u00edpics i situacions an\u00f2males. El llibre \u00e9s un exercici literari en qu\u00e8 l\u2019autor demostra, que no \u00e9s poc, el seu enginy ling\u00fc\u00edstic i literari. La seua versatilitat ve demostrada per l\u2019\u00fas de formes m\u00e8triques variades i en el profit que sap traure al joc<br>de la repetici\u00f3.<\/p>\n\n\n\n<p>El llibre de Pere Bess\u00f3 \u00e9s una novetat en la poesia valenciana pel g\u00e8nere que pr\u00e0ctica.&nbsp;<em>Iter\u00e0ncies, interfer\u00e8ncies i grafitis<\/em>&nbsp;\u00e9s compost de versos solts, aforismes i hist\u00f2ries<br>comprimides. Tota una po\u00e8tica de la condensaci\u00f3, de l\u2019estil epigram\u00e0tic. Una gamma \u00e0mplia de motius i de pinzellades sobre diversos aspectes del comportament hum\u00e0 d\u00f3na joc a tonalitats variades (l\u2019apunt l\u00edric, la ironia&#8230;). M\u2019ha costat una mica de llegir aquest llibre. Potser ha sigut per la seua dispersi\u00f3 i fragmentaci\u00f3, per\u00f2 hi he trobat<br>all\u00f2 que m\u00e9s caracteritza la personalitat liter\u00e0ria de Bess\u00f3: el seu bagatge literari, el gust per la met\u00e0fora i les associacions agosarades.<\/p>\n\n\n\n<p>El vers de Manel Garcia Grau \u00e9s potent. El lector que el llegisca per primera vegada trobar\u00e0 en aquests&nbsp;<em>Mots sota sospita<\/em>&nbsp;un autor interessant. Els seus temes s\u00f3n la condici\u00f3 de l\u2019home, el temps i la paraula; el seu estil, com sempre, \u00e9s un vers llarg i de ritme salmodi\u00f3s. Tot i que hi ha una t\u00edmida introducci\u00f3 d\u2019elements nous (referents culturals i poemes que estrafan estils d\u2019altres autors), el lector que conega tota la seua obra trobar\u00e0 que aquest \u00e9s un llibre prou semblant als anteriors. \u00c9s una ll\u00e0stima, perqu\u00e8 Garcia Grau \u00e9s un poeta amb una personalitat pr\u00f2pia ben interessant.<\/p>\n\n\n\n<p>REFER\u00c8NCIES:<br>Josep Ballester,&nbsp;<em>La mar<br>Editorial 3 i 4, 1997<\/em><\/p>\n\n\n\n<p>Josep Palomero,&nbsp;<em>La rosa dels vents<br>Editorial Bromera, 1997<\/em><\/p>\n\n\n\n<p>Pere Bess\u00f3,&nbsp;<em>Iter\u00e0ncies, interfer\u00e8ncies i grafitis<br>Editorial Bromera, 1997<\/em><\/p>\n\n\n\n<p>Xulio Ricardo Trigo,&nbsp;<em>Far de llum grisa<br>Editorial 62, 1997<\/em><\/p>\n\n\n\n<p>Manel Garcia Grau,&nbsp;<em>Mots sota sospita<br>Edicions Cosset\u00e0nia, 1997<\/em><\/p>\n\n\n\n<p>CAR\u00c0CTERS, n\u00fam 2, gener 1998, p\u00e0g. 29<\/p>\n\n\n\n<p>Descarrega&#8217;t l&#8217;original:&nbsp;<img decoding=\"async\" src=\"http:\/\/calafat.cat\/modules\/file\/icons\/application-pdf.png\" alt=\"PDF icon\"><a href=\"http:\/\/calafat.cat\/sites\/default\/files\/veus-plurals.pdf\">veus-plurals.pdf<\/a><\/p>\n\n\n\n<p><a rel=\"noreferrer noopener\" href=\"http:\/\/calafat.cat\/#facebook\" target=\"_blank\">Facebook<\/a>&nbsp;<a rel=\"noreferrer noopener\" href=\"http:\/\/calafat.cat\/#twitter\" target=\"_blank\">Twitter<\/a>&nbsp;<a href=\"https:\/\/www.addtoany.com\/share#url=http%3A%2F%2Fcalafat.cat%2Farticles%2Fveus-plurals&amp;title=Veus%20plurals\">&nbsp;Comparteix a<\/a><\/p>\n\n\n\n<p><img decoding=\"async\" src=\"http:\/\/calafat.cat\/modules\/file\/icons\/application-pdf.png\" alt=\"PDF icon\"><a href=\"http:\/\/calafat.cat\/sites\/default\/files\/veus-plurals.pdf\">veus-plurals.pdf<\/a><\/p>\n<\/div>\n\n\n\n<div class=\"wp-block-column is-layout-flow wp-block-column-is-layout-flow\" style=\"flex-basis:50%\">\n<figure class=\"wp-block-image size-full\"><img loading=\"lazy\" decoding=\"async\" width=\"379\" height=\"314\" src=\"http:\/\/calafat.cat\/wp-content\/uploads\/2022\/05\/veus-plurals-2-1.jpeg\" alt=\"\" class=\"wp-image-3031\" srcset=\"https:\/\/calafat.cat\/wp-content\/uploads\/2022\/05\/veus-plurals-2-1.jpeg 379w, https:\/\/calafat.cat\/wp-content\/uploads\/2022\/05\/veus-plurals-2-1-300x249.jpeg 300w\" sizes=\"auto, (max-width: 379px) 100vw, 379px\" \/><figcaption>Josep Ballester, Josep Palomero, Pere Bess\u00f3, Xulio <br><br>Ricardo Trigo i Manel Garcia Grau<br><br>Etiquetes:\u00a0<a href=\"http:\/\/calafat.cat\/index.php\/1998-2\/\" data-type=\"page\" data-id=\"2609\">1998<\/a> <a href=\"http:\/\/calafat.cat\/index.php\/publicat-a\/caracters\/\" data-type=\"page\" data-id=\"104\">Car\u00e0cters<\/a> <a href=\"http:\/\/calafat.cat\/index.php\/per-generes\/poesia\/\" data-type=\"page\" data-id=\"98\">Poesia<\/a><\/figcaption><\/figure>\n<\/div>\n<\/div>\n","protected":false},"excerpt":{"rendered":"<p>Entre les \u00faltimes novetats de poesia valenciana trobem els noms de Ballester, Bess\u00f3, Trigo, Palomero i Garcia Grau. Tots ells s\u00f3n autors d\u2019una obra considerable. Els seus llibres ens dibuixen un panorama variat en veus i intencions, que reflecteix la pluralitat de la paraula po\u00e8tica que es d\u00f3na a Val\u00e8ncia a les hores d\u2019ara. De &#8230; <a title=\"Veus plurals\" class=\"read-more\" href=\"https:\/\/calafat.cat\/index.php\/veus-plurals\/\" aria-label=\"M\u00e1s en Veus plurals\">Leer m\u00e1s<\/a><\/p>\n","protected":false},"author":1,"featured_media":0,"parent":0,"menu_order":0,"comment_status":"closed","ping_status":"closed","template":"","meta":{"footnotes":""},"class_list":["post-1294","page","type-page","status-publish"],"_links":{"self":[{"href":"https:\/\/calafat.cat\/index.php\/wp-json\/wp\/v2\/pages\/1294","targetHints":{"allow":["GET"]}}],"collection":[{"href":"https:\/\/calafat.cat\/index.php\/wp-json\/wp\/v2\/pages"}],"about":[{"href":"https:\/\/calafat.cat\/index.php\/wp-json\/wp\/v2\/types\/page"}],"author":[{"embeddable":true,"href":"https:\/\/calafat.cat\/index.php\/wp-json\/wp\/v2\/users\/1"}],"replies":[{"embeddable":true,"href":"https:\/\/calafat.cat\/index.php\/wp-json\/wp\/v2\/comments?post=1294"}],"version-history":[{"count":2,"href":"https:\/\/calafat.cat\/index.php\/wp-json\/wp\/v2\/pages\/1294\/revisions"}],"predecessor-version":[{"id":3032,"href":"https:\/\/calafat.cat\/index.php\/wp-json\/wp\/v2\/pages\/1294\/revisions\/3032"}],"wp:attachment":[{"href":"https:\/\/calafat.cat\/index.php\/wp-json\/wp\/v2\/media?parent=1294"}],"curies":[{"name":"wp","href":"https:\/\/api.w.org\/{rel}","templated":true}]}}