{"id":1298,"date":"2022-04-27T07:10:08","date_gmt":"2022-04-27T07:10:08","guid":{"rendered":"http:\/\/calafat.cat\/?page_id=1298"},"modified":"2022-05-18T14:49:09","modified_gmt":"2022-05-18T14:49:09","slug":"amor-que-creix-i-perdura","status":"publish","type":"page","link":"https:\/\/calafat.cat\/index.php\/amor-que-creix-i-perdura\/","title":{"rendered":"Amor que creix i perdura"},"content":{"rendered":"\n<div class=\"wp-block-columns alignwide is-layout-flex wp-container-core-columns-is-layout-9d6595d7 wp-block-columns-is-layout-flex\">\n<div class=\"wp-block-column is-layout-flow wp-block-column-is-layout-flow\" style=\"flex-basis:50%\">\n<p>El nou llibre de Marc Granell,&nbsp;<em>Versos per a Anna<\/em>, explora camins nous en la seua poesia. Dedicat tot ell a l\u2019amor, expressa amb uns versos emotius i sentits tots els \u00e0mbits de l&#8217;experi\u00e8ncia extraordin\u00e0ria que representa l\u2019enamorament, com ara l\u2019exaltaci\u00f3 vital, la passi\u00f3 i la fantasia.<\/p>\n\n\n\n<p><em>Versos per a Anna<\/em>, sens dubte, representa un nou horitz\u00f3 en la poesia de Marc Granell. La desolaci\u00f3 i el clima asfixiant dels poemes anteriors deixen pas a una visi\u00f3 m\u00e9s positiva.<br>Aquesta \u00e9s una fita singular en la seua poesia, de la mateixa manera que ho \u00e9s la viv\u00e8ncia que poetitza: l&#8217;amor, l&#8217;enamorament, un estat extraordinari per a aquells que el viuen. El llibre presenta l&#8217;enamorament com un estadi de renaixement personal perqu\u00e8 t\u00e9 l\u2019estranya forca de refer el passat i encetar una nova vida. Per la persona que estima, l&#8217;amor es converteix en un absolut que ho il\u00b7lumina i transfigura tot, en un sentiment tan exclusiu que ocupa tota la consciencia de l\u2019enamorat, capa\u00e7 de construir un univers de fantasia. L\u2019amor \u00e9s desig i erotisme, per\u00f2 tamb\u00e9 la voluntat d&#8217;encetar una etapa diferent, de fundar una alian\u00e7a entre dues persones. Aquest proc\u00e9s ve acompanyat de la necessitat del reconeixement, de voler saber els secrets de la persona estimada, de voler la transpar\u00e8ncia de l\u2019altre amb els tots seus atributs i la seu concreci\u00f3 per poder oferir-se un mateix com a objecte d&#8217;amor aut\u00e8ntic, com a int\u00e8rpret i consolaci\u00f3.<\/p>\n\n\n\n<p>Encara que&nbsp;<em>Versos per a Anna<\/em>&nbsp;no siga un poemari tan rod\u00f3 com&nbsp;<em>Fira desolada<\/em>, el seu llibre anterior, perqu\u00e8 cont\u00e9 versos excessivament na\u00effs, Marc Granell hi aconsegueix, amb l&#8217;efic\u00e0cia caracter\u00edstica del seu estil, uns versos sentits, amb uns quants poemes memorables, que transmeten amb gran potencia l&#8217; amor en tota la seua plenitud.<\/p>\n\n\n\n<p>EL TEMPS, n\u00fam. 760, 11\/01\/99, p. 69.<\/p>\n\n\n\n<p><a rel=\"noreferrer noopener\" href=\"http:\/\/calafat.cat\/#facebook\" target=\"_blank\">Facebook<\/a>&nbsp;<a rel=\"noreferrer noopener\" href=\"http:\/\/calafat.cat\/#twitter\" target=\"_blank\">Twitter<\/a>&nbsp;<a href=\"https:\/\/www.addtoany.com\/share#url=http%3A%2F%2Fcalafat.cat%2Farticles%2Famor-que-creix-i-perdura&amp;title=Amor%20que%20creix%20i%20perdura\">&nbsp;Comparteix a<\/a><\/p>\n\n\n\n<p>Articles recents:<\/p>\n\n\n\n<p>&nbsp;<a href=\"http:\/\/calafat.cat\/index.php\/el-cami-de-la-poesia-valenciana-dels-setanta-fins-ara\/\" data-type=\"page\" data-id=\"1052\">El cam\u00ed de la poesia valenciana dels setanta fins ara<\/a><\/p>\n\n\n\n<p><a href=\"http:\/\/calafat.cat\/index.php\/pulsions-en-un-moviment-permament\/\" data-type=\"page\" data-id=\"1061\">Pulsions en un moviment permament<\/a><\/p>\n\n\n\n<p><a href=\"http:\/\/calafat.cat\/index.php\/viure-es-cremar-anar-cremant-se\/\" data-type=\"page\" data-id=\"1038\">Viure \u00e9s cremar, anar cremant-se<\/a><\/p>\n<\/div>\n\n\n\n<div class=\"wp-block-column is-layout-flow wp-block-column-is-layout-flow\" style=\"flex-basis:50%\">\n<figure class=\"wp-block-image size-full\"><img loading=\"lazy\" decoding=\"async\" width=\"379\" height=\"378\" src=\"http:\/\/calafat.cat\/wp-content\/uploads\/2022\/05\/amor-que-creix-i-perdura.jpeg\" alt=\"\" class=\"wp-image-3036\" srcset=\"https:\/\/calafat.cat\/wp-content\/uploads\/2022\/05\/amor-que-creix-i-perdura.jpeg 379w, https:\/\/calafat.cat\/wp-content\/uploads\/2022\/05\/amor-que-creix-i-perdura-300x300.jpeg 300w, https:\/\/calafat.cat\/wp-content\/uploads\/2022\/05\/amor-que-creix-i-perdura-150x150.jpeg 150w\" sizes=\"auto, (max-width: 379px) 100vw, 379px\" \/><figcaption>Portada del llibre<br><br>Versos per a Anna. Marc Granell. Editorial Bromera, Alzira,1998. 40 p\u00e0gs<br><br>Etiquetes:\u00a0<a href=\"http:\/\/calafat.cat\/articles\/1999\"><\/a><a href=\"http:\/\/calafat.cat\/index.php\/1999-2\/\" data-type=\"page\" data-id=\"2403\">1999<\/a> <a href=\"http:\/\/calafat.cat\/index.php\/publicat-a\/el-temps\/\" data-type=\"page\" data-id=\"110\">El Temps<\/a> <a href=\"http:\/\/calafat.cat\/index.php\/per-generes\/poesia\/\" data-type=\"page\" data-id=\"98\">Poesia<\/a> <a href=\"http:\/\/calafat.cat\/?page_id=3814\" data-type=\"page\" data-id=\"3814\">Marc Granell<\/a><\/figcaption><\/figure>\n<\/div>\n<\/div>\n","protected":false},"excerpt":{"rendered":"<p>El nou llibre de Marc Granell,&nbsp;Versos per a Anna, explora camins nous en la seua poesia. Dedicat tot ell a l\u2019amor, expressa amb uns versos emotius i sentits tots els \u00e0mbits de l&#8217;experi\u00e8ncia extraordin\u00e0ria que representa l\u2019enamorament, com ara l\u2019exaltaci\u00f3 vital, la passi\u00f3 i la fantasia. Versos per a Anna, sens dubte, representa un nou &#8230; <a title=\"Amor que creix i perdura\" class=\"read-more\" href=\"https:\/\/calafat.cat\/index.php\/amor-que-creix-i-perdura\/\" aria-label=\"M\u00e1s en Amor que creix i perdura\">Leer m\u00e1s<\/a><\/p>\n","protected":false},"author":1,"featured_media":0,"parent":0,"menu_order":0,"comment_status":"closed","ping_status":"closed","template":"","meta":{"footnotes":""},"class_list":["post-1298","page","type-page","status-publish"],"_links":{"self":[{"href":"https:\/\/calafat.cat\/index.php\/wp-json\/wp\/v2\/pages\/1298","targetHints":{"allow":["GET"]}}],"collection":[{"href":"https:\/\/calafat.cat\/index.php\/wp-json\/wp\/v2\/pages"}],"about":[{"href":"https:\/\/calafat.cat\/index.php\/wp-json\/wp\/v2\/types\/page"}],"author":[{"embeddable":true,"href":"https:\/\/calafat.cat\/index.php\/wp-json\/wp\/v2\/users\/1"}],"replies":[{"embeddable":true,"href":"https:\/\/calafat.cat\/index.php\/wp-json\/wp\/v2\/comments?post=1298"}],"version-history":[{"count":4,"href":"https:\/\/calafat.cat\/index.php\/wp-json\/wp\/v2\/pages\/1298\/revisions"}],"predecessor-version":[{"id":3831,"href":"https:\/\/calafat.cat\/index.php\/wp-json\/wp\/v2\/pages\/1298\/revisions\/3831"}],"wp:attachment":[{"href":"https:\/\/calafat.cat\/index.php\/wp-json\/wp\/v2\/media?parent=1298"}],"curies":[{"name":"wp","href":"https:\/\/api.w.org\/{rel}","templated":true}]}}