{"id":1306,"date":"2022-04-27T07:15:09","date_gmt":"2022-04-27T07:15:09","guid":{"rendered":"http:\/\/calafat.cat\/?page_id=1306"},"modified":"2022-05-12T08:56:04","modified_gmt":"2022-05-12T08:56:04","slug":"els-sentits-de-lamor","status":"publish","type":"page","link":"https:\/\/calafat.cat\/index.php\/els-sentits-de-lamor\/","title":{"rendered":"Els sentits de l&#8217;amor"},"content":{"rendered":"\n<div class=\"wp-block-columns alignwide is-layout-flex wp-container-core-columns-is-layout-9d6595d7 wp-block-columns-is-layout-flex\">\n<div class=\"wp-block-column is-layout-flow wp-block-column-is-layout-flow\" style=\"flex-basis:50%\">\n<p>En aquest llibre, de poemes de dimensions variades, Llu\u00eds Roda elaboba una poesia l\u00facida i punyent sobre els sentits de l&#8217;amor i sobre els viaranys de la vida. Una poesia d&#8217;una imatgeria de soprenent novetat, on encaixa met\u00e0fores i s\u00edmils inesperats i exactes.<\/p>\n\n\n\n<p>Des de&nbsp;<em>Sobre l&#8217;hamada<\/em>, publicat el 1989, que va representar la confirmaci\u00f3 po\u00e8tica de Llu\u00eds Roda, fins a&nbsp;<em>Buirac d&#8217;amor<\/em>, han passat nou anys. La seua poesia continua manifestant el gust pels efectes verbals, fonamentat en paronom\u00e0sies sorprenents i associacions expressives llampants, per\u00f2 ha guanyat en maduresa, en profunditat. Els seus poemes s\u00f3n, ara, sobretot reflexius. La ironia tamb\u00e9 s&#8217;ha redu\u00eft, per\u00f2 els seus colps, quan apareix, s\u00f3n m\u00e9s punyents.<\/p>\n\n\n\n<p>L&#8217;amor i la mort s\u00f3n els nuclis tem\u00e0tics que irradien el llibre. Enmig: la vida quotidiana, la conviv\u00e8ncia, els fills, la reflexi\u00f3 po\u00e8tica i la mem\u00f2ria. En definitiva, ell llibre es una llarga reflexi\u00f3 sobre el sentit de la vida, assetjada pel pas del temps, per la mort, pels propis errors i covardies. Les viv\u00e8ncies aconsegueixen el seu sentit en el record, ja que \u00abl&#8217;instant no es pot gaudir, solament viure, per\u00f2 s\u00ed el seu record\u00bb. I per b\u00e9 que les experi\u00e8ncies duguen irremeiablement un desgast, un profund sentit de p\u00e8rdua, ajuden a tenir un sentit m\u00e9s afilat de les coses, a fer m\u00e9s humana la mirada, la paraula.<\/p>\n\n\n\n<p>Els poemes m\u00e9s ambiciosos s\u00f3n els m\u00e9s llargs, que creixen sovint amb un ritme entretallat, en els quals el to cavil\u00b7l\u00f3s del llibre s&#8217;expressa amb versos de rotunditat epigram\u00e0tica. Entre aquests, es troba el poema que m\u00e9s m&#8217;ha impactat: un rabiosa incursi\u00f3, de ressons estellesians, sobre la mort. Tot plegat, un llibre on el lector trobar\u00e0 moments i poemes de gran for\u00e7a, i on hi ha una singular manera de convertir el llenguatge m\u00e9s d\u00edscol en poesia.<\/p>\n\n\n\n<p>EL TEMPS, 08\/03\/1999<\/p>\n\n\n\n<p><a rel=\"noreferrer noopener\" href=\"http:\/\/calafat.cat\/#facebook\" target=\"_blank\">Facebook<\/a>\u00a0<a rel=\"noreferrer noopener\" href=\"http:\/\/calafat.cat\/#twitter\" target=\"_blank\">Twitter<\/a>\u00a0<a href=\"https:\/\/www.addtoany.com\/share#url=http%3A%2F%2Fcalafat.cat%2Farticles%2Fels-sentits-de-l-amor&amp;title=Els%20sentits%20de%20l%27amor\">\u00a0Comparteix a<\/a><\/p>\n\n\n\n<p>Articles recents:\u00a0<\/p>\n\n\n\n<p><a href=\"http:\/\/calafat.cat\/index.php\/saltant-duna-travessa-a-laltra\/\" data-type=\"page\" data-id=\"1034\">Saltant d\u2019una travessa a l\u2019altra<\/a><\/p>\n\n\n\n<p><a href=\"http:\/\/calafat.cat\/index.php\/lunivers-dens-de-lalfabet-2\/\" data-type=\"page\" data-id=\"2010\">L\u2019univers dens de l\u2019alfabet<\/a><\/p>\n\n\n\n<p><a href=\"http:\/\/calafat.cat\/index.php\/joves-sensibles-3\/\" data-type=\"page\" data-id=\"1588\">Joves sensibles<\/a><\/p>\n<\/div>\n\n\n\n<div class=\"wp-block-column is-layout-flow wp-block-column-is-layout-flow\" style=\"flex-basis:50%\">\n<figure class=\"wp-block-image size-full\"><img loading=\"lazy\" decoding=\"async\" width=\"379\" height=\"377\" src=\"http:\/\/calafat.cat\/wp-content\/uploads\/2022\/05\/els-sentits-de-l-amor2.jpeg\" alt=\"\" class=\"wp-image-3049\" srcset=\"https:\/\/calafat.cat\/wp-content\/uploads\/2022\/05\/els-sentits-de-l-amor2.jpeg 379w, https:\/\/calafat.cat\/wp-content\/uploads\/2022\/05\/els-sentits-de-l-amor2-300x298.jpeg 300w, https:\/\/calafat.cat\/wp-content\/uploads\/2022\/05\/els-sentits-de-l-amor2-150x150.jpeg 150w\" sizes=\"auto, (max-width: 379px) 100vw, 379px\" \/><figcaption>Llu\u00eds Roda. Fotografia: Ricky. Font: cultura.gencat.net<br><br>Buirac d&#8217;amor. Llu\u00eds Roda. Edicions Bromera, Alzira, 1998. 54 p\u00e0gs.<br><br>Etiquetes:\u00a0<a href=\"http:\/\/calafat.cat\/index.php\/1999-2\/\" data-type=\"page\" data-id=\"2403\">1999<\/a> <a href=\"http:\/\/calafat.cat\/index.php\/publicat-a\/el-temps\/\" data-type=\"page\" data-id=\"110\">El Temps<\/a> <a href=\"http:\/\/calafat.cat\/index.php\/per-generes\/poesia\/\" data-type=\"page\" data-id=\"98\">Poesia<\/a><\/figcaption><\/figure>\n<\/div>\n<\/div>\n","protected":false},"excerpt":{"rendered":"<p>En aquest llibre, de poemes de dimensions variades, Llu\u00eds Roda elaboba una poesia l\u00facida i punyent sobre els sentits de l&#8217;amor i sobre els viaranys de la vida. Una poesia d&#8217;una imatgeria de soprenent novetat, on encaixa met\u00e0fores i s\u00edmils inesperats i exactes. Des de&nbsp;Sobre l&#8217;hamada, publicat el 1989, que va representar la confirmaci\u00f3 po\u00e8tica &#8230; <a title=\"Els sentits de l&#8217;amor\" class=\"read-more\" href=\"https:\/\/calafat.cat\/index.php\/els-sentits-de-lamor\/\" aria-label=\"M\u00e1s en Els sentits de l&#8217;amor\">Leer m\u00e1s<\/a><\/p>\n","protected":false},"author":1,"featured_media":0,"parent":0,"menu_order":0,"comment_status":"closed","ping_status":"closed","template":"","meta":{"footnotes":""},"class_list":["post-1306","page","type-page","status-publish"],"_links":{"self":[{"href":"https:\/\/calafat.cat\/index.php\/wp-json\/wp\/v2\/pages\/1306","targetHints":{"allow":["GET"]}}],"collection":[{"href":"https:\/\/calafat.cat\/index.php\/wp-json\/wp\/v2\/pages"}],"about":[{"href":"https:\/\/calafat.cat\/index.php\/wp-json\/wp\/v2\/types\/page"}],"author":[{"embeddable":true,"href":"https:\/\/calafat.cat\/index.php\/wp-json\/wp\/v2\/users\/1"}],"replies":[{"embeddable":true,"href":"https:\/\/calafat.cat\/index.php\/wp-json\/wp\/v2\/comments?post=1306"}],"version-history":[{"count":2,"href":"https:\/\/calafat.cat\/index.php\/wp-json\/wp\/v2\/pages\/1306\/revisions"}],"predecessor-version":[{"id":3050,"href":"https:\/\/calafat.cat\/index.php\/wp-json\/wp\/v2\/pages\/1306\/revisions\/3050"}],"wp:attachment":[{"href":"https:\/\/calafat.cat\/index.php\/wp-json\/wp\/v2\/media?parent=1306"}],"curies":[{"name":"wp","href":"https:\/\/api.w.org\/{rel}","templated":true}]}}