{"id":1308,"date":"2022-04-27T07:15:36","date_gmt":"2022-04-27T07:15:36","guid":{"rendered":"http:\/\/calafat.cat\/?page_id=1308"},"modified":"2022-05-12T08:58:33","modified_gmt":"2022-05-12T08:58:33","slug":"farsa-politica","status":"publish","type":"page","link":"https:\/\/calafat.cat\/index.php\/farsa-politica\/","title":{"rendered":"Farsa pol\u00edtica"},"content":{"rendered":"\n<div class=\"wp-block-columns alignwide is-layout-flex wp-container-core-columns-is-layout-9d6595d7 wp-block-columns-is-layout-flex\">\n<div class=\"wp-block-column is-layout-flow wp-block-column-is-layout-flow\" style=\"flex-basis:50%\">\n<p><em>DG<\/em>&nbsp;\u00e9s una farsa sobre els nostres dies. El personatge que ens guia pel laberint de desprop\u00f2sits \u00e9s una maruja preocupada per trobar feina al seu marit. La casualitat fa que es convertesca en objecte de desig de tots els partits pol\u00edtics, per b\u00e9 que acabe en mans dels convergents.<\/p>\n\n\n\n<p>Ramon Solsona, autor de dues novel\u00b7les estimables, deriva en&nbsp;<em>DG<\/em>&nbsp;cap a la via de l&#8217;humor. El seu camp d&#8217;acci\u00f3 \u00e9s la pol\u00edtica i la vida catalana actual. En aquesta novel\u00b7la tots els personatges ixen escaldats, sobretot els pol\u00edtics i els funcionaris que fan pol\u00edtica de corredor. L&#8217;autor ens introdueix en el laber\u00edntic m\u00f3n de la pol\u00edtica de la m\u00e0 d&#8217;una maruja que sense saber ni com ni perqu\u00e8 acaba instal\u00b7lada en la Direcci\u00f3 General de Felicitat Social. Ella \u00e9s un personatge que no amaga la poca simp\u00e0tica que t\u00e9 pels governants, que est\u00e0 obsedida nom\u00e9s en trobar una feina al seu marit, i, com no sap com ocupar el temps, es dedica a traure llustre al mobles del despatx. Sobre el contrast entre aquest personatge ignorant i la vor\u00e0gine de la vida pol\u00edtica creix i avan\u00e7a a un ritme trepidant la hist\u00f2ria, tot acumulant ocurr\u00e8ncies i malentesos.<\/p>\n\n\n\n<p>El narrador \u00e9s, ni m\u00e9s ni menys, Ramon Muntaner, que serveix per mantenir un cert distanciament i alhora per oferir una \u00f2ptica humor\u00edstica diferent a la narrada, basada sobretot en el xoc entre l&#8217;estil propi del cronista i la vulgaritat de les coses narrades. Per a reblar el clau, l&#8217;americana que prologa i anota el llibre, no encerta una ni per casualitat. Per ella Catalunya \u00e9s una mena de reserva ind\u00edgena.<\/p>\n\n\n\n<p>Ramon Solsona \u00e9s un narrador efica\u00e7 que posa el seu art al servei d&#8217;una visi\u00f3 par\u00f2dica de la vida pol\u00edtica actual. El resultat n&#8217;\u00e9s una imatge generalment anecd\u00f2tica i superficial. Solsona ridiculitza tot el que toca amb la finalitat de divertir el lector. Sembla que ho ha aconseguit, ja que la novel\u00b7la ha tingut una bona acceptaci\u00f3 de p\u00fablic. Un dels aspectes m\u00e9s meritoris del llibre \u00e9s l&#8217;habilitat de ventr\u00edloc de l&#8217;autor per recrear i parodiar veus, estils i llenguatges molt diferents.<\/p>\n\n\n\n<p>EL TEMPS, 25\/01\/1999<\/p>\n\n\n\n<p><a rel=\"noreferrer noopener\" href=\"http:\/\/calafat.cat\/#facebook\" target=\"_blank\">Facebook<\/a>\u00a0<a rel=\"noreferrer noopener\" href=\"http:\/\/calafat.cat\/#twitter\" target=\"_blank\">Twitter<\/a>\u00a0<a href=\"https:\/\/www.addtoany.com\/share#url=http%3A%2F%2Fcalafat.cat%2Farticles%2Ffarsa-pol%25C3%25ADtica&amp;title=Farsa%20pol%C3%ADtica\">\u00a0Comparteix a<\/a><\/p>\n\n\n\n<p>Articles recents:\u00a0<\/p>\n\n\n\n<p><a href=\"http:\/\/calafat.cat\/index.php\/saltant-duna-travessa-a-laltra\/\" data-type=\"page\" data-id=\"1034\">Saltant d\u2019una travessa a l\u2019altra<\/a><\/p>\n\n\n\n<p><a href=\"http:\/\/calafat.cat\/index.php\/cezanne-poesia-i-pensament-fets-pintura\/\" data-type=\"page\" data-id=\"1125\">C\u00e9zanne: poesia i pensament fets pintura<\/a><\/p>\n\n\n\n<p><a href=\"http:\/\/calafat.cat\/index.php\/joves-sensibles-3\/\" data-type=\"page\" data-id=\"1588\">Joves sensibles<\/a><\/p>\n<\/div>\n\n\n\n<div class=\"wp-block-column is-layout-flow wp-block-column-is-layout-flow\" style=\"flex-basis:50%\">\n<figure class=\"wp-block-image size-full\"><img loading=\"lazy\" decoding=\"async\" width=\"379\" height=\"379\" src=\"http:\/\/calafat.cat\/wp-content\/uploads\/2022\/05\/farsa-politica1.jpeg\" alt=\"\" class=\"wp-image-3051\" srcset=\"https:\/\/calafat.cat\/wp-content\/uploads\/2022\/05\/farsa-politica1.jpeg 379w, https:\/\/calafat.cat\/wp-content\/uploads\/2022\/05\/farsa-politica1-300x300.jpeg 300w, https:\/\/calafat.cat\/wp-content\/uploads\/2022\/05\/farsa-politica1-150x150.jpeg 150w\" sizes=\"auto, (max-width: 379px) 100vw, 379px\" \/><figcaption>Portada del llibre<br><br>DG. Ramon Solsona. Quaderns Crema, Barcelona, 1998. 251 p\u00e0gs.<br><br>Etiquetes:\u00a0<a href=\"http:\/\/calafat.cat\/index.php\/1999-2\/\" data-type=\"page\" data-id=\"2403\">1999<\/a> <a href=\"http:\/\/calafat.cat\/index.php\/publicat-a\/el-temps\/\" data-type=\"page\" data-id=\"110\">El Temps<\/a> <a href=\"http:\/\/calafat.cat\/index.php\/per-generes\/narrativa\/\" data-type=\"page\" data-id=\"94\">Narrativa<\/a><\/figcaption><\/figure>\n<\/div>\n<\/div>\n","protected":false},"excerpt":{"rendered":"<p>DG&nbsp;\u00e9s una farsa sobre els nostres dies. El personatge que ens guia pel laberint de desprop\u00f2sits \u00e9s una maruja preocupada per trobar feina al seu marit. La casualitat fa que es convertesca en objecte de desig de tots els partits pol\u00edtics, per b\u00e9 que acabe en mans dels convergents. Ramon Solsona, autor de dues novel\u00b7les &#8230; <a title=\"Farsa pol\u00edtica\" class=\"read-more\" href=\"https:\/\/calafat.cat\/index.php\/farsa-politica\/\" aria-label=\"M\u00e1s en Farsa pol\u00edtica\">Leer m\u00e1s<\/a><\/p>\n","protected":false},"author":1,"featured_media":0,"parent":0,"menu_order":0,"comment_status":"closed","ping_status":"closed","template":"","meta":{"footnotes":""},"class_list":["post-1308","page","type-page","status-publish"],"_links":{"self":[{"href":"https:\/\/calafat.cat\/index.php\/wp-json\/wp\/v2\/pages\/1308","targetHints":{"allow":["GET"]}}],"collection":[{"href":"https:\/\/calafat.cat\/index.php\/wp-json\/wp\/v2\/pages"}],"about":[{"href":"https:\/\/calafat.cat\/index.php\/wp-json\/wp\/v2\/types\/page"}],"author":[{"embeddable":true,"href":"https:\/\/calafat.cat\/index.php\/wp-json\/wp\/v2\/users\/1"}],"replies":[{"embeddable":true,"href":"https:\/\/calafat.cat\/index.php\/wp-json\/wp\/v2\/comments?post=1308"}],"version-history":[{"count":2,"href":"https:\/\/calafat.cat\/index.php\/wp-json\/wp\/v2\/pages\/1308\/revisions"}],"predecessor-version":[{"id":3053,"href":"https:\/\/calafat.cat\/index.php\/wp-json\/wp\/v2\/pages\/1308\/revisions\/3053"}],"wp:attachment":[{"href":"https:\/\/calafat.cat\/index.php\/wp-json\/wp\/v2\/media?parent=1308"}],"curies":[{"name":"wp","href":"https:\/\/api.w.org\/{rel}","templated":true}]}}