{"id":1316,"date":"2022-04-27T07:20:57","date_gmt":"2022-04-27T07:20:57","guid":{"rendered":"http:\/\/calafat.cat\/?page_id=1316"},"modified":"2022-05-18T14:46:52","modified_gmt":"2022-05-18T14:46:52","slug":"la-lucidesa-poetica-de-marc-granell","status":"publish","type":"page","link":"https:\/\/calafat.cat\/index.php\/la-lucidesa-poetica-de-marc-granell\/","title":{"rendered":"La lucidesa po\u00e8tica de Marc Granell"},"content":{"rendered":"\n<div class=\"wp-block-columns alignwide is-layout-flex wp-container-core-columns-is-layout-9d6595d7 wp-block-columns-is-layout-flex\">\n<div class=\"wp-block-column is-layout-flow wp-block-column-is-layout-flow\" style=\"flex-basis:50%\">\n<p>La poesia en catal\u00e0 al Pa\u00eds Valenci\u00e0 presenta una pila d\u2019autors i llibres de gran inter\u00e9s. Un d\u2019aquests autors \u00e9s el poeta Marc Granell que des d\u2019aquell lluny\u00e0 1977 en qu\u00e8 va publicar&nbsp;<em>Llarg cam\u00ed llarg<\/em>&nbsp;fins al recent&nbsp;<em>Corrent de fons<\/em>&nbsp;ha bastit una obra liter\u00e0ria de refer\u00e8ncia, una poesia de llarg abast i de profunda humanitat. El lector de la seua poesia sap des del primer moment que l\u2019autor ent\u00e9n la literatura com un espai idoni per expressar els seus interessos m\u00e9s \u00edntims, les preocupacions, els sentiments, els ressorts m\u00e9s profunds de la seua personalitat. Els poemes esdevenen, per tant, el lloc on millor es manifesta la dimensi\u00f3 humana del poeta. Aquesta clara pres\u00e8ncia fa que els lectors esperem amb plaer qu\u00e8 \u00e9s el que el poeta pensa de cadascuna de les realitats de les quals parla. Aix\u00f2 indica amb tota evid\u00e8ncia una cosa: la lucidesa i la for\u00e7a emotiva de la seua paraula.<\/p>\n\n\n\n<p>El primer llibre ja cont\u00e9 en estat embrionari tot la visi\u00f3 del m\u00f3n que s\u2019anir\u00e0 desplegant en l\u2019obra posterior. En els primers poemes, d\u2019\u00e0mbit c\u00f2smic i llenguatge filos\u00f2fic, apareix la insatisfacci\u00f3 de l\u2019individu davant el m\u00f3n; la impossibilitat d\u2019aconseguir un m\u00f3n ideal impulsa la recerca de la pr\u00f2pia identitat; l\u2019atenci\u00f3 es trasllada, ara, al reconeixement del propi cos i a les preocupacions de la vida i del present. Aquest sentiment del temps va lligat a l\u2019inter\u00e9s per la hist\u00f2ria: de la seua hist\u00f2ria i de la pr\u00f2pia mem\u00f2ria personal i de la seua terra, en un sentit \u00e8tic, moral i pol\u00edtic. Aix\u00ed en&nbsp;<em>Refugi absent<\/em>&nbsp;(1979),&nbsp;<em>Materials per a una mort meditada<\/em>&nbsp;(1980) i&nbsp;<em>Exercicis per a una veu<\/em>&nbsp;(1983) la veu del poeta es despulla del llenguatge filos\u00f2fic i es fa m\u00e9s directa, m\u00e9s cr\u00edtica; \u00e9s reconverteix en una veu solid\u00e0ria i oberta al futur. Ara les ferides m\u00e9s personals es projecten sobre les ferides dels altres, en uns versos de clara implicaci\u00f3 social i pol\u00edtica, perqu\u00e8 \u201cdius poble \/ i et dius\u201d.<\/p>\n\n\n\n<p>Despr\u00e9s de set anys de silenci, el 1991 publica un gran llibre,&nbsp;<em>Fira desolada<\/em>, on la visi\u00f3 esqueixada, adolorida i amarga \u00e9s quasi asfixiant. La for\u00e7a dram\u00e0tica dels poemes subratlla el reconeixement dels problemes existencials i el fet que la vida, \u00e9s una for\u00e7a cega que ho arrossega tot i tot ho empeny cap a la destrucci\u00f3. \u00c9s tamb\u00e9 la constataci\u00f3 sarc\u00e0stica que el patiment i les atrocitats creades per l\u2019home pertanyen a la condici\u00f3 del ser hum\u00e0. Saber que les coses s\u00f3n com s\u00f3n i van com van no significa una ren\u00fancia, vol dir m\u00e9s aviat saber-ne els l\u00edmits a partir dels quals tornar a comen\u00e7ar amb noves esperances, tot i saber que s\u00f3n tan il\u00b7lus\u00f2ries com les anteriors.<\/p>\n\n\n\n<p>La poesia de Marc Granell \u00e9s una poesia estoica, pessimista, de queixa sarc\u00e0stica, per\u00f2 de tant en tant hi afloren moments de tendresa i afecte, de lligams positius amb els altres i amb el m\u00f3n. I aix\u00f2 on millor es veu en&nbsp;<em>Versos per Anna<\/em>&nbsp;(1998), adre\u00e7ats a cantar en uns versos emotius i sentits tots els efectes que desencadena una experi\u00e8ncia tan extraordin\u00e0ria com \u00e9s l\u2019enamorament: l\u2019exaltaci\u00f3 vital, la passi\u00f3 i la fantasia. Un dels poemes m\u00e9s rodons comen\u00e7a amb aquests espl\u00e8ndids versos: \u201cno hi ha llum com la llum amb qu\u00e8 il\u00b7lumines \/ el m\u00f3n quan apareixes i t\u2019acostes, carrer avall, cap a mi que intenta \/ debades desxifrar tanta tenebra\u201d.<\/p>\n\n\n\n<p>Acaba d\u2019eixir a la llum&nbsp;<em>Corrent de fons<\/em>&nbsp;on tornen a ressonar amb renovada for\u00e7a les preocupacions constants de l\u2019autor: temes \u00edntims (la vida com una col\u00b7lecci\u00f3 d\u2019abs\u00e8ncies, de p\u00e8rdua d\u2019esperances i creaci\u00f3 de noves, la dignitat personal) i refer\u00e8ncies als autors pl\u00e0stics i a fets clau del nostre segle que s\u2019acaba (les guerres que testimonien la barb\u00e0rie humana, la guerra civil espanyola, les banderes ideol\u00f2giques, la immigraci\u00f3, el dolor convertit en espectacle gr\u00e0cies als mitjans televisius&#8230;) serveixen per forma pr\u00f2pia de veure les coses. Per\u00f2 amb to m\u00e9s ir\u00f2nic i distant que no en altres ocasions.<\/p>\n\n\n\n<p>La singularitat de la poesia de Granell va lligada a una manera ben personal de dir les coses: \u00e9s una poesia de rotunditats, de den\u00fancies expressada amb imatges colpidores i pl\u00e0stiques, que avan\u00e7a a colps d\u2019un ritme sincopat, de repeticions d\u2019opressiva efic\u00e0cia. Tot plegat, la poesia de Marc Granell es pot considerar com una poesia de la consci\u00e8ncia i de la mirada esc\u00e8ptica davant la realitat. Hi ha en l\u2019obra de Marc Granell la urg\u00e8ncia d\u2019elaborar una f\u00f3rmula de superviv\u00e8ncia, per\u00f2 feta des de la creen\u00e7a que l\u2019art no \u00e9s m\u00e9s un pas de ball, un simulacre, moralment irrenunciable, per\u00f2, al capdavall, un pas de ball necessari per participar en la gran dansa de la vida. En la noblesa d\u2019aquest gest es troba concentrat el valor po\u00e8tic i la humil grandesa de la paraula po\u00e8tica de Marc Granell: \u201cEt llegeixes i penses \/ mai ning\u00fa no ha pogut \/ parlar tant engany. \/ Per\u00f2 saps que mentint es diu \/ la veritat\u201d.<\/p>\n\n\n\n<p>EL PA\u00cdS, QUADERN, 13\/05\/1999<\/p>\n\n\n\n<p><a rel=\"noreferrer noopener\" href=\"http:\/\/calafat.cat\/#facebook\" target=\"_blank\">Facebook<\/a>&nbsp;<a rel=\"noreferrer noopener\" href=\"http:\/\/calafat.cat\/#twitter\" target=\"_blank\">Twitter<\/a>&nbsp;<a href=\"https:\/\/www.addtoany.com\/share#url=http%3A%2F%2Fcalafat.cat%2Farticles%2Fla-lucidesa-poetica-de-marc-granell&amp;title=La%20lucidesa%20po%C3%A8tica%20de%20Marc%20Granell\">&nbsp;Comparteix a<\/a><\/p>\n\n\n\n<p>Articles recents:&nbsp;<\/p>\n\n\n\n<p><a href=\"http:\/\/calafat.cat\/index.php\/quan-la-realitat-dansa-en-la-ficcio-3\/\" data-type=\"page\" data-id=\"1892\">Quan la realitat dansa en la ficci\u00f3<\/a><\/p>\n\n\n\n<p><a href=\"http:\/\/calafat.cat\/index.php\/lunivers-dens-de-lalfabet-2\/\" data-type=\"page\" data-id=\"2010\">L\u2019univers dens de l\u2019alfabet<\/a><\/p>\n\n\n\n<p><a href=\"http:\/\/calafat.cat\/index.php\/el-teatre-de-manuel-la-tralla-que-allibera-4\/\" data-type=\"page\" data-id=\"1582\">El teatre de Manuel: la tralla que allibera<\/a><\/p>\n<\/div>\n\n\n\n<div class=\"wp-block-column is-layout-flow wp-block-column-is-layout-flow\" style=\"flex-basis:50%\">\n<figure class=\"wp-block-image size-full\"><img loading=\"lazy\" decoding=\"async\" width=\"379\" height=\"284\" src=\"http:\/\/calafat.cat\/wp-content\/uploads\/2022\/05\/la-lucidesa-poetica-de-marc-granell-2.jpeg\" alt=\"\" class=\"wp-image-3063\" srcset=\"https:\/\/calafat.cat\/wp-content\/uploads\/2022\/05\/la-lucidesa-poetica-de-marc-granell-2.jpeg 379w, https:\/\/calafat.cat\/wp-content\/uploads\/2022\/05\/la-lucidesa-poetica-de-marc-granell-2-300x225.jpeg 300w\" sizes=\"auto, (max-width: 379px) 100vw, 379px\" \/><figcaption>Mural po\u00e8tic a l\u2019escola. Font: lapresodelaigua.blogspot.com<br><br>Etiquetes:\u00a0<a href=\"http:\/\/calafat.cat\/index.php\/1999-2\/\" data-type=\"page\" data-id=\"2403\">1999<\/a> <a href=\"http:\/\/calafat.cat\/index.php\/publicat-a\/el-pais\/\" data-type=\"page\" data-id=\"108\">El Pa\u00eds<\/a> <a href=\"http:\/\/calafat.cat\/index.php\/per-generes\/poesia\/\" data-type=\"page\" data-id=\"98\">Poesia<\/a> <a href=\"http:\/\/calafat.cat\/index.php\/marc-granell\/\" data-type=\"page\" data-id=\"3814\">Marc Granell<\/a><\/figcaption><\/figure>\n<\/div>\n<\/div>\n","protected":false},"excerpt":{"rendered":"<p>La poesia en catal\u00e0 al Pa\u00eds Valenci\u00e0 presenta una pila d\u2019autors i llibres de gran inter\u00e9s. Un d\u2019aquests autors \u00e9s el poeta Marc Granell que des d\u2019aquell lluny\u00e0 1977 en qu\u00e8 va publicar&nbsp;Llarg cam\u00ed llarg&nbsp;fins al recent&nbsp;Corrent de fons&nbsp;ha bastit una obra liter\u00e0ria de refer\u00e8ncia, una poesia de llarg abast i de profunda humanitat. El &#8230; <a title=\"La lucidesa po\u00e8tica de Marc Granell\" class=\"read-more\" href=\"https:\/\/calafat.cat\/index.php\/la-lucidesa-poetica-de-marc-granell\/\" aria-label=\"M\u00e1s en La lucidesa po\u00e8tica de Marc Granell\">Leer m\u00e1s<\/a><\/p>\n","protected":false},"author":1,"featured_media":0,"parent":0,"menu_order":0,"comment_status":"closed","ping_status":"closed","template":"","meta":{"footnotes":""},"class_list":["post-1316","page","type-page","status-publish"],"_links":{"self":[{"href":"https:\/\/calafat.cat\/index.php\/wp-json\/wp\/v2\/pages\/1316","targetHints":{"allow":["GET"]}}],"collection":[{"href":"https:\/\/calafat.cat\/index.php\/wp-json\/wp\/v2\/pages"}],"about":[{"href":"https:\/\/calafat.cat\/index.php\/wp-json\/wp\/v2\/types\/page"}],"author":[{"embeddable":true,"href":"https:\/\/calafat.cat\/index.php\/wp-json\/wp\/v2\/users\/1"}],"replies":[{"embeddable":true,"href":"https:\/\/calafat.cat\/index.php\/wp-json\/wp\/v2\/comments?post=1316"}],"version-history":[{"count":3,"href":"https:\/\/calafat.cat\/index.php\/wp-json\/wp\/v2\/pages\/1316\/revisions"}],"predecessor-version":[{"id":3824,"href":"https:\/\/calafat.cat\/index.php\/wp-json\/wp\/v2\/pages\/1316\/revisions\/3824"}],"wp:attachment":[{"href":"https:\/\/calafat.cat\/index.php\/wp-json\/wp\/v2\/media?parent=1316"}],"curies":[{"name":"wp","href":"https:\/\/api.w.org\/{rel}","templated":true}]}}