{"id":1330,"date":"2022-04-27T07:27:50","date_gmt":"2022-04-27T07:27:50","guid":{"rendered":"http:\/\/calafat.cat\/?page_id=1330"},"modified":"2022-05-12T09:36:34","modified_gmt":"2022-05-12T09:36:34","slug":"una-nova-versio-de-virgili","status":"publish","type":"page","link":"https:\/\/calafat.cat\/index.php\/una-nova-versio-de-virgili\/","title":{"rendered":"Una nova versi\u00f3 de Virgili"},"content":{"rendered":"\n<div class=\"wp-block-columns alignwide is-layout-flex wp-container-core-columns-is-layout-9d6595d7 wp-block-columns-is-layout-flex\">\n<div class=\"wp-block-column is-layout-flow wp-block-column-is-layout-flow\" style=\"flex-basis:50%\">\n<p>La versi\u00f3 en prosa que ha fet Joan Bell\u00e8s de&nbsp;<em>L\u2019Eneida<\/em>&nbsp;afavorir\u00e0 que el lector actual puga accedir sense entrebancs a la narraci\u00f3 de les aventures legend\u00e0ries de l\u2019heroi troi\u00e0 Eneas que constitueixen l\u2019eix central d\u00b4una de les obres m\u00e9s apreciades de la literatura universal.<\/p>\n\n\n\n<p>Quan li preguntaren quin escriptor del passat hauria preferit con\u00e8ixer, Goethe no ho va dubtar: Virgili. Avui pocs escriptors afirmarien el mateix. Poc importa. El que val \u00e9s que durant segles Virgili va ser admirat per l\u2019eleg\u00e0ncia i profunda senzillesa dels seus versos, per solidesa del seus poemes, per la seua aguda percepci\u00f3 del la complexa psicologia humana i per la seua capacitat d\u2019integrar una astoradora erudici\u00f3 amb una refinada sensibilitat per les coses m\u00e9s elementals.<\/p>\n\n\n\n<p>A&nbsp;<em>L\u2019Eneida<\/em>&nbsp;li manca la naturalitat de les obres d\u2019Homer; la desfilada de d\u00e9us, el c\u00famul de refer\u00e8ncies hist\u00f2riques i de tot tipus m\u2019han tornat a espantar en la meu a nova incursi\u00f3 en aquest llarg poema \u00e8pic, per\u00f2 a mesura que progressava en la lectura i anava dominant les refer\u00e8ncies amb l\u2019ajut de les acurades notes explicatives del traductor, se m\u2019ha acabat per imposar la portentosa ficci\u00f3 novel\u00b7lesca que \u00e9s l\u2019obra magna de Virgili. No hi cap dubte que aquest llibre de Virgili \u00e9s una summa de l\u2019antiguitat i un cant transcendental de Roma amb l\u2019objectiu de presentar-ne uns or\u00edgens mitol\u00f2gics que justifiquen el present esplendor\u00f3s de l\u2019era d\u2019August i auguren un futur esperan\u00e7ador.&nbsp;<em>L\u2019Eneida<\/em>&nbsp;\u00e9s tot aix\u00f2, una exaltaci\u00f3 nacional de Roma, per\u00f2 tamb\u00e9 una novel\u00b7la d\u2019aventures, d\u2019amors i de guerres. Una epopeia que progressa a colps de grans efectes pintorescos, vigoroses escenificacions i inesperades lluminositats, que escenifica un m\u00f3n meravell\u00f3s i sobrenatural on d\u00e9us, semid\u00e9us, nimfes i herois es barregen amb les aventures dels humans. Un m\u00f3n sobrenatural per potenciar els afectes, els sentiments i les passions dels personatges. Els d\u00e9us, des de les altes esferes, mouen, inflexibles, els fils dels destins; ac\u00ed, a la terra, els homes segueixen patint.<\/p>\n\n\n\n<p>Sobre aquest fons \u00e8pic Virgili situa la humanitat paradigm\u00e0tica d\u2019Eneas, posse\u00efdor de totes les virtuts de la moral romana, i les perip\u00e8cies d\u2019un conjunt de personatges secundaris d\u2019un accentuat car\u00e0cter \u201crom\u00e0ntic\u201d (Dido, Nis i Eur\u00edal, Evandre i Pal\u00b7lant, Lausus i Camil\u00b7la) que, per al lector actual, segurament constituiran els episodis m\u00e9s emotius, m\u00e9s intensos i bonics del llibre.<\/p>\n\n\n\n<p>Tant els que hem pogut llegir la versi\u00f3 vibrant que Miquel Dol\u00e7 va fer en vers de&nbsp;<em>L\u2019Eneida<\/em>&nbsp;com els que no han tingut aquest plaer podem valorar molt positivament la nova traducci\u00f3 feta per Joan Bell\u00e8s, que aconsegueix de transmetre amb un catal\u00e0 m\u00e9s assequible al lector actual l\u2019eleg\u00e0ncia i la tensi\u00f3 l\u00edrica de Virgili.<\/p>\n\n\n\n<p>EL TEMPS, 29\/04\/1999<\/p>\n\n\n\n<p><a rel=\"noreferrer noopener\" href=\"http:\/\/calafat.cat\/#facebook\" target=\"_blank\">Facebook<\/a>\u00a0<a rel=\"noreferrer noopener\" href=\"http:\/\/calafat.cat\/#twitter\" target=\"_blank\">Twitter<\/a>\u00a0<a href=\"https:\/\/www.addtoany.com\/share#url=http%3A%2F%2Fcalafat.cat%2Farticles%2Funa-nova-versio-de-virgili&amp;title=Una%20nova%20versi%C3%B3%20de%20Virgili\">\u00a0Comparteix a<\/a><\/p>\n\n\n\n<p>Articles recents:\u00a0<\/p>\n\n\n\n<p><a href=\"http:\/\/calafat.cat\/index.php\/tot-parla-de-tu\/\" data-type=\"page\" data-id=\"1100\">Tot parla de tu<\/a><\/p>\n\n\n\n<p><a href=\"http:\/\/calafat.cat\/index.php\/el-cami-de-la-poesia-valenciana-dels-setanta-fins-ara\/\" data-type=\"page\" data-id=\"1052\">El cam\u00ed de la poesia valenciana dels setanta fins ara<\/a><\/p>\n\n\n\n<p><a href=\"http:\/\/calafat.cat\/index.php\/pulsions-en-un-moviment-permament\/\" data-type=\"page\" data-id=\"1061\">Pulsions en un moviment permament<\/a><\/p>\n<\/div>\n\n\n\n<div class=\"wp-block-column is-layout-flow wp-block-column-is-layout-flow\" style=\"flex-basis:50%\">\n<figure class=\"wp-block-image size-full\"><img loading=\"lazy\" decoding=\"async\" width=\"379\" height=\"379\" src=\"http:\/\/calafat.cat\/wp-content\/uploads\/2022\/05\/una-nova-versio-de-virgili-1.jpeg\" alt=\"\" class=\"wp-image-3084\" srcset=\"https:\/\/calafat.cat\/wp-content\/uploads\/2022\/05\/una-nova-versio-de-virgili-1.jpeg 379w, https:\/\/calafat.cat\/wp-content\/uploads\/2022\/05\/una-nova-versio-de-virgili-1-300x300.jpeg 300w, https:\/\/calafat.cat\/wp-content\/uploads\/2022\/05\/una-nova-versio-de-virgili-1-150x150.jpeg 150w\" sizes=\"auto, (max-width: 379px) 100vw, 379px\" \/><figcaption>Portada del llibre<br><br>L\u2019Eneida. Virgili. Traducci\u00f3 de Joan Bell\u00e9s. Emp\u00faries, Barcelona, 1998. 379 p\u00e0gs.<br><br>Etiquetes:\u00a0<a href=\"http:\/\/calafat.cat\/index.php\/1999-2\/\" data-type=\"page\" data-id=\"2403\">1999<\/a> <a href=\"http:\/\/calafat.cat\/index.php\/publicat-a\/el-temps\/\" data-type=\"page\" data-id=\"110\">El Temps<\/a> <a href=\"http:\/\/calafat.cat\/index.php\/per-generes\/poesia\/\" data-type=\"page\" data-id=\"98\">Poesia<\/a><\/figcaption><\/figure>\n<\/div>\n<\/div>\n","protected":false},"excerpt":{"rendered":"<p>La versi\u00f3 en prosa que ha fet Joan Bell\u00e8s de&nbsp;L\u2019Eneida&nbsp;afavorir\u00e0 que el lector actual puga accedir sense entrebancs a la narraci\u00f3 de les aventures legend\u00e0ries de l\u2019heroi troi\u00e0 Eneas que constitueixen l\u2019eix central d\u00b4una de les obres m\u00e9s apreciades de la literatura universal. Quan li preguntaren quin escriptor del passat hauria preferit con\u00e8ixer, Goethe no &#8230; <a title=\"Una nova versi\u00f3 de Virgili\" class=\"read-more\" href=\"https:\/\/calafat.cat\/index.php\/una-nova-versio-de-virgili\/\" aria-label=\"M\u00e1s en Una nova versi\u00f3 de Virgili\">Leer m\u00e1s<\/a><\/p>\n","protected":false},"author":1,"featured_media":0,"parent":0,"menu_order":0,"comment_status":"closed","ping_status":"closed","template":"","meta":{"footnotes":""},"class_list":["post-1330","page","type-page","status-publish"],"_links":{"self":[{"href":"https:\/\/calafat.cat\/index.php\/wp-json\/wp\/v2\/pages\/1330","targetHints":{"allow":["GET"]}}],"collection":[{"href":"https:\/\/calafat.cat\/index.php\/wp-json\/wp\/v2\/pages"}],"about":[{"href":"https:\/\/calafat.cat\/index.php\/wp-json\/wp\/v2\/types\/page"}],"author":[{"embeddable":true,"href":"https:\/\/calafat.cat\/index.php\/wp-json\/wp\/v2\/users\/1"}],"replies":[{"embeddable":true,"href":"https:\/\/calafat.cat\/index.php\/wp-json\/wp\/v2\/comments?post=1330"}],"version-history":[{"count":2,"href":"https:\/\/calafat.cat\/index.php\/wp-json\/wp\/v2\/pages\/1330\/revisions"}],"predecessor-version":[{"id":3086,"href":"https:\/\/calafat.cat\/index.php\/wp-json\/wp\/v2\/pages\/1330\/revisions\/3086"}],"wp:attachment":[{"href":"https:\/\/calafat.cat\/index.php\/wp-json\/wp\/v2\/media?parent=1330"}],"curies":[{"name":"wp","href":"https:\/\/api.w.org\/{rel}","templated":true}]}}