{"id":1352,"date":"2022-04-27T07:45:25","date_gmt":"2022-04-27T07:45:25","guid":{"rendered":"http:\/\/calafat.cat\/?page_id=1352"},"modified":"2022-05-12T10:10:30","modified_gmt":"2022-05-12T10:10:30","slug":"el-valencia-es-una-llengua-diferent","status":"publish","type":"page","link":"https:\/\/calafat.cat\/index.php\/el-valencia-es-una-llengua-diferent\/","title":{"rendered":"El valenci\u00e0 \u00e9s una llengua diferent?"},"content":{"rendered":"\n<div class=\"wp-block-columns alignwide is-layout-flex wp-container-core-columns-is-layout-9d6595d7 wp-block-columns-is-layout-flex\">\n<div class=\"wp-block-column is-layout-flow wp-block-column-is-layout-flow\" style=\"flex-basis:50%\">\n<p>La situaci\u00f3 sociol\u00f2gica i pol\u00edtica ha dut al fet que defensar l\u2019\u00fas del valenci\u00e0 i reflexionar sobre la seua identitat seriosament siga sempre una q\u00fcesti\u00f3. Per aix\u00f2 llibres com<em>&nbsp;El valenci\u00e0 \u00e9s una llengua diferent?<\/em>&nbsp;de Maria Josep Cuenca (publicat per T\u00e0ndem edicions), s\u00f3n extremadament necessaris i \u00fatils, perqu\u00e8, dirigit a un p\u00fablic ampli, exposa d\u2019una manera precisa i raonada la identitat ling\u00fc\u00edstica del valenci\u00e0. A m\u00e9s, sense embuts ni mitges tintes exposa la situaci\u00f3 dram\u00e0tica que viu actualment el nostre idioma, especialment la manipulaci\u00f3 pol\u00edtica que s\u2019ha fet en el passat i es fa ara en el present de la identitat de la llengua. En aquest sentit, es ben aclaridor, segons l\u2019autora, que la normalitzaci\u00f3 ling\u00fc\u00edstica dels \u00faltims anys ha condu\u00eft a un cert caos en l\u2019escriptura, a causa de la innecess\u00e0ria duplicaci\u00f3 de solucions ling\u00fc\u00edstiques.<\/p>\n\n\n\n<p>Per aquest motiu, l\u2019autora desconfia de les futures solucions de la l\u2019Acad\u00e8mia de la Valenciana de la Llengua \u2013quina llengua?-, ja que aquesta instituci\u00f3 per justificar-se com a tal instituci\u00f3 duplicar\u00e0 gram\u00e0tiques, diccionaris i normes i crear\u00e0 m\u00e9s confusi\u00f3 en el tema ling\u00fc\u00edstic. I no nom\u00e9s aix\u00f2, sin\u00f3 que determinades formes amb una important tradici\u00f3 liter\u00e0ria en no ser recomanades directament per la nova instituci\u00f3 poden passar a no ser acceptades. Aquesta \u00e9s una q\u00fcesti\u00f3 que pot repercutir, i molt, en l\u2019escriptura dels escriptors actuals. Siga com siga, el llibre de Maria Josep Cuenca \u00e9s un text necessari perqu\u00e8 parla dels problemes actuals de l\u2019idioma d\u2019una manera directa i aix\u00f2 entre nosaltres no sempre \u00e9s habitual.<\/p>\n\n\n\n<ul class=\"wp-block-list\"><li><a target=\"_blank\" href=\"http:\/\/calafat.cat\/#facebook\" rel=\"noreferrer noopener\">Facebook<\/a>&nbsp;<a target=\"_blank\" href=\"http:\/\/calafat.cat\/#twitter\" rel=\"noreferrer noopener\">Twitter<\/a>&nbsp;<a href=\"https:\/\/www.addtoany.com\/share#url=http%3A%2F%2Fcalafat.cat%2Farticles%2Fel-valencia-es-una-llengua-diferent&amp;title=El%20valenci%C3%A0%20%C3%A9s%20una%20llengua%20diferent%3F%20\">&nbsp;Comparteix a<\/a><\/li><li><\/li><\/ul>\n\n\n\n<p>Articles recents:\u00a0<\/p>\n\n\n\n<p><a href=\"http:\/\/calafat.cat\/index.php\/viatge-iniciatic-i-catartic-al-mon-sorprenent-del-primer-estelles-2\/\" data-type=\"page\" data-id=\"2032\">Viatge inici\u00e0tic i cat\u00e0rtic al m\u00f3n sorprenent del primer Estell\u00e9s<\/a><\/p>\n\n\n\n<p><a href=\"http:\/\/calafat.cat\/index.php\/renaixer-de-les-cendres\/\" data-type=\"page\" data-id=\"1067\">Ren\u00e0ixer de les cendres<\/a><\/p>\n\n\n\n<p><a href=\"http:\/\/calafat.cat\/index.php\/el-periple-danar-mes-enlla\/\" data-type=\"page\" data-id=\"1090\">El periple d\u2019anar m\u00e9s enll\u00e0<\/a><\/p>\n<\/div>\n\n\n\n<div class=\"wp-block-column is-layout-flow wp-block-column-is-layout-flow\" style=\"flex-basis:50%\">\n<figure class=\"wp-block-image size-full\"><img loading=\"lazy\" decoding=\"async\" width=\"379\" height=\"379\" src=\"http:\/\/calafat.cat\/wp-content\/uploads\/2022\/05\/el-valencia-es-una-llengua-diferent-de-maria-josep-cuenca-1-1.jpeg\" alt=\"\" class=\"wp-image-3122\" srcset=\"https:\/\/calafat.cat\/wp-content\/uploads\/2022\/05\/el-valencia-es-una-llengua-diferent-de-maria-josep-cuenca-1-1.jpeg 379w, https:\/\/calafat.cat\/wp-content\/uploads\/2022\/05\/el-valencia-es-una-llengua-diferent-de-maria-josep-cuenca-1-1-300x300.jpeg 300w, https:\/\/calafat.cat\/wp-content\/uploads\/2022\/05\/el-valencia-es-una-llengua-diferent-de-maria-josep-cuenca-1-1-150x150.jpeg 150w\" sizes=\"auto, (max-width: 379px) 100vw, 379px\" \/><figcaption>Portada del llibre<br><br>El valenci\u00e0 \u00e9s una llengua diferent? Maria Josep Cuenca. T\u00e0ndem, Val\u00e8ncia, 2003. 171 p\u00e0gs.<br><br>Etiquetes:\u00a0<a href=\"http:\/\/calafat.cat\/index.php\/2003-2\/\" data-type=\"page\" data-id=\"2143\">2003<\/a> <a href=\"http:\/\/calafat.cat\/index.php\/assaig\/\" data-type=\"page\" data-id=\"1677\">Assaig<\/a><\/figcaption><\/figure>\n<\/div>\n<\/div>\n","protected":false},"excerpt":{"rendered":"<p>La situaci\u00f3 sociol\u00f2gica i pol\u00edtica ha dut al fet que defensar l\u2019\u00fas del valenci\u00e0 i reflexionar sobre la seua identitat seriosament siga sempre una q\u00fcesti\u00f3. Per aix\u00f2 llibres com&nbsp;El valenci\u00e0 \u00e9s una llengua diferent?&nbsp;de Maria Josep Cuenca (publicat per T\u00e0ndem edicions), s\u00f3n extremadament necessaris i \u00fatils, perqu\u00e8, dirigit a un p\u00fablic ampli, exposa d\u2019una manera &#8230; <a title=\"El valenci\u00e0 \u00e9s una llengua diferent?\" class=\"read-more\" href=\"https:\/\/calafat.cat\/index.php\/el-valencia-es-una-llengua-diferent\/\" aria-label=\"M\u00e1s en El valenci\u00e0 \u00e9s una llengua diferent?\">Leer m\u00e1s<\/a><\/p>\n","protected":false},"author":1,"featured_media":0,"parent":0,"menu_order":0,"comment_status":"closed","ping_status":"closed","template":"","meta":{"footnotes":""},"class_list":["post-1352","page","type-page","status-publish"],"_links":{"self":[{"href":"https:\/\/calafat.cat\/index.php\/wp-json\/wp\/v2\/pages\/1352","targetHints":{"allow":["GET"]}}],"collection":[{"href":"https:\/\/calafat.cat\/index.php\/wp-json\/wp\/v2\/pages"}],"about":[{"href":"https:\/\/calafat.cat\/index.php\/wp-json\/wp\/v2\/types\/page"}],"author":[{"embeddable":true,"href":"https:\/\/calafat.cat\/index.php\/wp-json\/wp\/v2\/users\/1"}],"replies":[{"embeddable":true,"href":"https:\/\/calafat.cat\/index.php\/wp-json\/wp\/v2\/comments?post=1352"}],"version-history":[{"count":2,"href":"https:\/\/calafat.cat\/index.php\/wp-json\/wp\/v2\/pages\/1352\/revisions"}],"predecessor-version":[{"id":3123,"href":"https:\/\/calafat.cat\/index.php\/wp-json\/wp\/v2\/pages\/1352\/revisions\/3123"}],"wp:attachment":[{"href":"https:\/\/calafat.cat\/index.php\/wp-json\/wp\/v2\/media?parent=1352"}],"curies":[{"name":"wp","href":"https:\/\/api.w.org\/{rel}","templated":true}]}}