{"id":1354,"date":"2022-04-27T07:45:45","date_gmt":"2022-04-27T07:45:45","guid":{"rendered":"http:\/\/calafat.cat\/?page_id=1354"},"modified":"2022-05-19T14:48:30","modified_gmt":"2022-05-19T14:48:30","slug":"idees-sentides-raons-de-vida","status":"publish","type":"page","link":"https:\/\/calafat.cat\/index.php\/idees-sentides-raons-de-vida\/","title":{"rendered":"Idees sentides, raons de vida"},"content":{"rendered":"\n<div class=\"wp-block-columns alignwide is-layout-flex wp-container-core-columns-is-layout-9d6595d7 wp-block-columns-is-layout-flex\">\n<div class=\"wp-block-column is-layout-flow wp-block-column-is-layout-flow\" style=\"flex-basis:50%\">\n<p>Un altre llibre que he rellegit a gust aquest estiu ha sigut&nbsp;<em>Arran de precipici<\/em>&nbsp;de Josep Piera, publicat per Destino, que si el comparem amb la versi\u00f3 original comprovarem la for\u00e7a actual de la seua prosa.&nbsp;<em>Arran de precipici<\/em>&nbsp;\u00e9s el t\u00edtol que du la nova versi\u00f3 d\u2019<em>El cingle verd<\/em>, llibre que va mer\u00e9ixer el premi Josep Pla de 1981 i que en aquell moment era una mostra entusiasta del que anomenen literatura del jo, aquella literatura que creix i madura a partir de les experi\u00e8ncies personals, de la mem\u00f2ria \u00edntima, de les idees sentides. Josep Piera, mantenint el que era el llibre aconsegueix fer-ne un altre de m\u00e9s intens, amb una prosa m\u00e9s madura i sense els d\u00e8ficits de la primera redacci\u00f3. \u00c9s un llibre de mem\u00f2ria personal i col\u00b7lectiva que va dels anys seixanta a l\u2019any vuitanta-u, un llarg periple de ruptures i descobertes on l\u2019autor ens apunta els seus entusiasmes i passions, la fascinaci\u00f3 pel paisatge, les amistats, els mestres, els afanys vitals i literaris. Tamb\u00e9 ens narra les raons per les quals canvia de llengua en l\u2019escriptura.&nbsp;<em>Arran de precipici<\/em>&nbsp;tamb\u00e9 ens aporta les claus dels seus grans interessos literaris que orientaran la seua posterior evoluci\u00f3 liter\u00e0ria: la descoberta de la Gr\u00e8cia real el dur\u00e0 a descobrir i reconstruir all\u00f2 que de mediterrani t\u00e9 encara la nostra geografia i cultura.<\/p>\n\n\n\n<p>El llibre \u00e9s un dietari molt singular, que recull cartes, fragments de poemes, notes \u00edntimes, di\u00e0legs, perqu\u00e8 en no seguir estrictament un ordre cronol\u00f2gic, llevat d\u2019alguna part, pot fer la impressi\u00f3 al lector de trobar-se davant d\u2019una cr\u00f2nica despullada de les emocions, dels desigs i dels somnis. Una cr\u00f2nica l\u00edrica composta de fragments breus i r\u00e0pids, escrita en una llengua de regust oral i cl\u00e0ssic alhora, d\u2019intenses de tonalitats crom\u00e0tiques.<\/p>\n\n\n\n<p><a rel=\"noreferrer noopener\" href=\"http:\/\/calafat.cat\/#facebook\" target=\"_blank\">Facebook<\/a>&nbsp;<a rel=\"noreferrer noopener\" href=\"http:\/\/calafat.cat\/#twitter\" target=\"_blank\">Twitter<\/a>&nbsp;<a href=\"https:\/\/www.addtoany.com\/share#url=http%3A%2F%2Fcalafat.cat%2Farticles%2Fidees-sentides-raons-de-vida&amp;title=Idees%20sentides%2C%20raons%20de%20vida\">&nbsp;Comparteix a<\/a><\/p>\n\n\n\n<p>Articles recents:<\/p>\n\n\n\n<p>&nbsp;<a href=\"http:\/\/calafat.cat\/index.php\/saltant-duna-travessa-a-laltra\/\" data-type=\"page\" data-id=\"1034\">Saltant d\u2019una travessa a l\u2019altra<\/a><\/p>\n\n\n\n<p><a href=\"http:\/\/calafat.cat\/index.php\/lunivers-dens-de-lalfabet-2\/\" data-type=\"page\" data-id=\"2010\">L\u2019univers dens de l\u2019alfabet<\/a><\/p>\n\n\n\n<p><a href=\"http:\/\/calafat.cat\/index.php\/cezanne-poesia-i-pensament-fets-pintura\/\" data-type=\"page\" data-id=\"1125\">C\u00e9zanne: poesia i pensament fets pintura<\/a><\/p>\n<\/div>\n\n\n\n<div class=\"wp-block-column is-layout-flow wp-block-column-is-layout-flow\" style=\"flex-basis:50%\">\n<figure class=\"wp-block-image size-full\"><img loading=\"lazy\" decoding=\"async\" width=\"379\" height=\"379\" src=\"http:\/\/calafat.cat\/wp-content\/uploads\/2022\/05\/idees-sentides-raons-de-vida-1.jpeg\" alt=\"\" class=\"wp-image-3124\" srcset=\"https:\/\/calafat.cat\/wp-content\/uploads\/2022\/05\/idees-sentides-raons-de-vida-1.jpeg 379w, https:\/\/calafat.cat\/wp-content\/uploads\/2022\/05\/idees-sentides-raons-de-vida-1-300x300.jpeg 300w, https:\/\/calafat.cat\/wp-content\/uploads\/2022\/05\/idees-sentides-raons-de-vida-1-150x150.jpeg 150w\" sizes=\"auto, (max-width: 379px) 100vw, 379px\" \/><figcaption>Portada del llibre<br><br>Arran de precipici. Josep Piera. Edicions Destino. Barcelona, 2003. 243 p\u00e0gs.<br><br>Etiquetes:\u00a0<a href=\"http:\/\/calafat.cat\/index.php\/2003-2\/\" data-type=\"page\" data-id=\"2143\">2003<\/a> <a href=\"http:\/\/calafat.cat\/index.php\/per-generes\/narrativa\/\" data-type=\"page\" data-id=\"94\">Narrativa<\/a> <a href=\"http:\/\/calafat.cat\/index.php\/josep-piera\/\" data-type=\"page\" data-id=\"4151\">Josep Piera<\/a><\/figcaption><\/figure>\n<\/div>\n<\/div>\n","protected":false},"excerpt":{"rendered":"<p>Un altre llibre que he rellegit a gust aquest estiu ha sigut&nbsp;Arran de precipici&nbsp;de Josep Piera, publicat per Destino, que si el comparem amb la versi\u00f3 original comprovarem la for\u00e7a actual de la seua prosa.&nbsp;Arran de precipici&nbsp;\u00e9s el t\u00edtol que du la nova versi\u00f3 d\u2019El cingle verd, llibre que va mer\u00e9ixer el premi Josep Pla &#8230; <a title=\"Idees sentides, raons de vida\" class=\"read-more\" href=\"https:\/\/calafat.cat\/index.php\/idees-sentides-raons-de-vida\/\" aria-label=\"M\u00e1s en Idees sentides, raons de vida\">Leer m\u00e1s<\/a><\/p>\n","protected":false},"author":1,"featured_media":0,"parent":0,"menu_order":0,"comment_status":"closed","ping_status":"closed","template":"","meta":{"footnotes":""},"class_list":["post-1354","page","type-page","status-publish"],"_links":{"self":[{"href":"https:\/\/calafat.cat\/index.php\/wp-json\/wp\/v2\/pages\/1354","targetHints":{"allow":["GET"]}}],"collection":[{"href":"https:\/\/calafat.cat\/index.php\/wp-json\/wp\/v2\/pages"}],"about":[{"href":"https:\/\/calafat.cat\/index.php\/wp-json\/wp\/v2\/types\/page"}],"author":[{"embeddable":true,"href":"https:\/\/calafat.cat\/index.php\/wp-json\/wp\/v2\/users\/1"}],"replies":[{"embeddable":true,"href":"https:\/\/calafat.cat\/index.php\/wp-json\/wp\/v2\/comments?post=1354"}],"version-history":[{"count":3,"href":"https:\/\/calafat.cat\/index.php\/wp-json\/wp\/v2\/pages\/1354\/revisions"}],"predecessor-version":[{"id":4167,"href":"https:\/\/calafat.cat\/index.php\/wp-json\/wp\/v2\/pages\/1354\/revisions\/4167"}],"wp:attachment":[{"href":"https:\/\/calafat.cat\/index.php\/wp-json\/wp\/v2\/media?parent=1354"}],"curies":[{"name":"wp","href":"https:\/\/api.w.org\/{rel}","templated":true}]}}