{"id":1387,"date":"2022-04-27T08:15:28","date_gmt":"2022-04-27T08:15:28","guid":{"rendered":"http:\/\/calafat.cat\/?page_id=1387"},"modified":"2022-05-19T14:48:56","modified_gmt":"2022-05-19T14:48:56","slug":"jerusalem-ets-tu","status":"publish","type":"page","link":"https:\/\/calafat.cat\/index.php\/jerusalem-ets-tu\/","title":{"rendered":"Jerusalem ets tu"},"content":{"rendered":"\n<div class=\"wp-block-columns alignwide is-layout-flex wp-container-core-columns-is-layout-9d6595d7 wp-block-columns-is-layout-flex\">\n<div class=\"wp-block-column is-layout-flow wp-block-column-is-layout-flow\" style=\"flex-basis:50%\">\n<p><em>A Jerusalem<\/em>&nbsp;(Edicions 62) de Josep Piera \u00e9s molt m\u00e9s que un llibre de viatges. Jerusalem una \u00e9s una met\u00e0fora, un polvor\u00ed cultural carregat de simbologia (com ho s\u00f3n els noms dels personatges). Per a molta gent la ciutat santa \u00e9s un somni, una utopia, una il\u00b7lusi\u00f3 adolorida perqu\u00e8 de fet el lloc sagrat de les tres religions monoteistes. Per aquesta ra\u00f3 anar-hi es un pelegrinatge, en recerca d\u2019alguna siga religiosa o no, fins i tot molt jueus rics hi va morir. Aquestes dues idees, l\u2019ideal (la pau, la recerca de respostes) i la mort, el frac\u00e0s, travessen tot el llibre. Per aquest motiu, la visi\u00f3 de Jerusalem no acaba amb el viatge, ja que com diu un personatge Jerusalem anava amb ell. L\u2019\u00faltima part resumeix les conseq\u00fc\u00e8ncies de l\u201911 de setembre del 2001 tan a Israel com la resta del m\u00f3n. Potser siga l\u2019apartat menys atractiu, perqu\u00e8 \u00e9s una s\u00edntesi del que pass\u00e0 en els mesos posteriors, segurament perqu\u00e8 encara ho tenim molt frescos els fets, per\u00f2 tal volta d\u2019ac\u00ed a un temps aquesta s\u00edntesi siga \u00fatil per als lectors.<\/p>\n\n\n\n<p>El llibre \u00e9s una veu de veus, perqu\u00e8 veiem i sentim Jerusalem no sols a trav\u00e9s de testimonis d\u2019escriptors, sin\u00f3 a trav\u00e9s del di\u00e0leg dels personatges amb l\u2019escriptor. L\u2019oralitat i els distints punt de mira ens una visi\u00f3 m\u00e9s sentida (vital i tr\u00e0gica alhora) de la ciutat. Ac\u00ed hi ha les p\u00e0gines m\u00e9s rodones amb reflexions molt afortunades sobre el sentit de viatge, de la mem\u00f2ria, de la hist\u00f2ria i el mite. Saturat pel clima religi\u00f3s que ho domina tot, pedres incloses, Piera veu la ciutat com un laberint d\u2019espills, on res \u00e9s el que sembla. Les conseq\u00fc\u00e8ncies d\u2019una ciutat mental, impossible, nom\u00e9s es pot traduir en la tensi\u00f3 constant. El m\u00e9s colpidor, per l\u2019autor, \u00e9s la for\u00e7a callada que les ru\u00efnes transmeten a la gent, tot presentant-nos les estampes m\u00e9s l\u00edriques del llibre. Un llibre molt personal i molt ben escrit.<\/p>\n\n\n\n<p><a rel=\"noreferrer noopener\" href=\"http:\/\/calafat.cat\/#facebook\" target=\"_blank\">Facebook<\/a>&nbsp;<a rel=\"noreferrer noopener\" href=\"http:\/\/calafat.cat\/#twitter\" target=\"_blank\">Twitter<\/a>&nbsp;<a href=\"https:\/\/www.addtoany.com\/share#url=http%3A%2F%2Fcalafat.cat%2Farticles%2Fjerusalem-ets-tu&amp;title=Jerusalem%20ets%20tu%20\">&nbsp;Comparteix a<\/a><\/p>\n\n\n\n<p>Articles recents:&nbsp;<\/p>\n\n\n\n<p><a href=\"http:\/\/calafat.cat\/index.php\/una-passio-amorosa-en-la-valencia-del-quatre-cents\/\" data-type=\"page\" data-id=\"1050\">Una passi\u00f3 amorosa en la Val\u00e8ncia del quatre-cents<\/a><\/p>\n\n\n\n<p><a href=\"http:\/\/calafat.cat\/index.php\/quatre-decades-de-narrativa-valenciana-moderna\/\" data-type=\"page\" data-id=\"1048\">Quatre d\u00e8cades de narrativa valenciana moderna<\/a><\/p>\n\n\n\n<p><a href=\"http:\/\/calafat.cat\/index.php\/els-fulgors-del-vertigen\/\" data-type=\"page\" data-id=\"1056\">Els fulgors del vertigen<\/a><\/p>\n<\/div>\n\n\n\n<div class=\"wp-block-column is-layout-flow wp-block-column-is-layout-flow\" style=\"flex-basis:50%\">\n<figure class=\"wp-block-image size-full\"><img loading=\"lazy\" decoding=\"async\" width=\"379\" height=\"379\" src=\"http:\/\/calafat.cat\/wp-content\/uploads\/2022\/05\/jerusalem-ets-tu-1.jpeg\" alt=\"\" class=\"wp-image-3183\" srcset=\"https:\/\/calafat.cat\/wp-content\/uploads\/2022\/05\/jerusalem-ets-tu-1.jpeg 379w, https:\/\/calafat.cat\/wp-content\/uploads\/2022\/05\/jerusalem-ets-tu-1-300x300.jpeg 300w, https:\/\/calafat.cat\/wp-content\/uploads\/2022\/05\/jerusalem-ets-tu-1-150x150.jpeg 150w\" sizes=\"auto, (max-width: 379px) 100vw, 379px\" \/><figcaption>Portada del llibre<br><br>A Jerusalem. Josep Piera. Edicions 62. Barcelona, 2005.158 p\u00e0gs.<br><br>Etiquetes:\u00a0<a href=\"http:\/\/calafat.cat\/index.php\/2005-2\/\" data-type=\"page\" data-id=\"2155\">2005<\/a> <a href=\"http:\/\/calafat.cat\/index.php\/per-generes\/narrativa\/\" data-type=\"page\" data-id=\"94\">Narrativa<\/a> <a href=\"http:\/\/calafat.cat\/index.php\/josep-piera\/\" data-type=\"page\" data-id=\"4151\">Josep Piera<\/a><\/figcaption><\/figure>\n<\/div>\n<\/div>\n","protected":false},"excerpt":{"rendered":"<p>A Jerusalem&nbsp;(Edicions 62) de Josep Piera \u00e9s molt m\u00e9s que un llibre de viatges. Jerusalem una \u00e9s una met\u00e0fora, un polvor\u00ed cultural carregat de simbologia (com ho s\u00f3n els noms dels personatges). Per a molta gent la ciutat santa \u00e9s un somni, una utopia, una il\u00b7lusi\u00f3 adolorida perqu\u00e8 de fet el lloc sagrat de les &#8230; <a title=\"Jerusalem ets tu\" class=\"read-more\" href=\"https:\/\/calafat.cat\/index.php\/jerusalem-ets-tu\/\" aria-label=\"M\u00e1s en Jerusalem ets tu\">Leer m\u00e1s<\/a><\/p>\n","protected":false},"author":1,"featured_media":0,"parent":0,"menu_order":0,"comment_status":"closed","ping_status":"closed","template":"","meta":{"footnotes":""},"class_list":["post-1387","page","type-page","status-publish"],"_links":{"self":[{"href":"https:\/\/calafat.cat\/index.php\/wp-json\/wp\/v2\/pages\/1387","targetHints":{"allow":["GET"]}}],"collection":[{"href":"https:\/\/calafat.cat\/index.php\/wp-json\/wp\/v2\/pages"}],"about":[{"href":"https:\/\/calafat.cat\/index.php\/wp-json\/wp\/v2\/types\/page"}],"author":[{"embeddable":true,"href":"https:\/\/calafat.cat\/index.php\/wp-json\/wp\/v2\/users\/1"}],"replies":[{"embeddable":true,"href":"https:\/\/calafat.cat\/index.php\/wp-json\/wp\/v2\/comments?post=1387"}],"version-history":[{"count":3,"href":"https:\/\/calafat.cat\/index.php\/wp-json\/wp\/v2\/pages\/1387\/revisions"}],"predecessor-version":[{"id":4168,"href":"https:\/\/calafat.cat\/index.php\/wp-json\/wp\/v2\/pages\/1387\/revisions\/4168"}],"wp:attachment":[{"href":"https:\/\/calafat.cat\/index.php\/wp-json\/wp\/v2\/media?parent=1387"}],"curies":[{"name":"wp","href":"https:\/\/api.w.org\/{rel}","templated":true}]}}