{"id":1427,"date":"2022-04-27T08:47:48","date_gmt":"2022-04-27T08:47:48","guid":{"rendered":"http:\/\/calafat.cat\/?page_id=1427"},"modified":"2022-05-12T13:54:05","modified_gmt":"2022-05-12T13:54:05","slug":"arrelament-del-viure","status":"publish","type":"page","link":"https:\/\/calafat.cat\/index.php\/arrelament-del-viure\/","title":{"rendered":"Arrelament del viure"},"content":{"rendered":"\n<div class=\"wp-block-columns alignwide is-layout-flex wp-container-core-columns-is-layout-9d6595d7 wp-block-columns-is-layout-flex\">\n<div class=\"wp-block-column is-layout-flow wp-block-column-is-layout-flow\" style=\"flex-basis:50%\">\n<p>Maite Insa \u00e9s coneguda sobretot com a comentarista de llibres, \u00e0mbit on sempre ha fet \u00fas d\u2019un instrument ben afilat: una prosa \u00e0gil, fresca i suggerent. Ara, despr\u00e9s de molts anys de bregar amb els llibres dels altres, ha travessat la frontera i es presenta com davant del lector com a creadora, com a poeta. I la veritat, tot siga dit, la seua estrena amb un de t\u00edtol altament suggerent,&nbsp;<em>El poema \u00e9s sobrer<\/em>, ha sigut per la porta gran, ja que ha guanyat un premi de pes, el Ciutat de Val\u00e8ncia, tot i els vaivens hist\u00f2rics que li ha tocar patir. Per\u00f2 el que val sempre i damunt de tot \u00e9s el llibre, i aquest ens mostra una autora potent i molta segura de les coses que vol dir i sobretot amb un domini admirable de la llengua i del vers, gens habitual, en una primera obra.<\/p>\n\n\n\n<p>El poemari de Maite Insa \u00e9s una meditaci\u00f3 \u00edntima desenvolupada a trav\u00e9s d\u2019en un poema llarg, elaborat a base de decas\u00edl\u00b7labs i d\u2019alexandrins, cadenciosos i aspres alhora, i agrupats en estrofes d\u2019execuci\u00f3 rotunda. Una obra que com el t\u00edtol &#8212;<em>El poema \u00e9s sobrer<\/em>&#8212; anuncia gira al voltant de l\u2019embolicada i complexa relaci\u00f3 entre poesia i vida. L\u2019autora reflexiona i pesa el valor de la paraula, la necessitat d\u2019escriure i el sentit de fer-ho en uns moments tan canviants com els actuals.<\/p>\n\n\n\n<p>El primer poema \u00e9s tota una declaraci\u00f3 de principis: proclama obertament la separaci\u00f3 entre vida i literatura que l\u2019autora observa en bona part de la poesia contempor\u00e0nia., perqu\u00e8, segons l\u2019autora, el poema viu \u201ctancat en ell mateix\u201d. El poema sap la cultura que arrossega, \u201cse sap aparellat, abillat, insolent\u201d, per\u00f2 desconeix \u201cel doll potent\u201d de les viv\u00e8ncies concretes, com podrien ser ara el \u201cde la sa\u00f3 deserta, del dolor poruc de merla\u201d. La poeta reivindica \u201ctancar el temps d\u2019abstraccions i brosten els fills\u201d. Per aix\u00f2, vol fer servir tan mots bruts, gastats, polsosos com mots tendres o innocents, per\u00f2 sempre tacats de vida, ja que s\u00f3n \u201cels mots amb qu\u00e8 em corprenc, que lluite per servar\u201d.<\/p>\n\n\n\n<p>En altres ocasions, l\u2019autora reclama la necessitat de recuperar i de donar fermesa renovada a la connexi\u00f3 entre realitat i paraula po\u00e8tica. I busca divises en \u201cla veu fecunda, alegre i viva\u201d de Joan Maragall i la fascinaci\u00f3 pels objectes fugissers cantats per Pablo Neruda. Dos est\u00edmuls que pivoten l\u201darrelament del viure\u201d que fecunda cadascun dels versos de Maite Insa. Amb aquesta orientaci\u00f3 l\u2019autora explora tamb\u00e9 la condici\u00f3 femenina i de la condici\u00f3 de mare, per\u00f2 sobretot s\u2019aboca a cantar amb intensitat una terra i una cultura i una llengua ferides, que viuen un proc\u00e9s galopant de desfiguraci\u00f3, i on els ciutadans de tenen un paper determinant. Aquest paisatge ferit \u00e9s on viu la poeta i \u00e9s l\u2019escenari on vol arrelar i fer cr\u00e9ixer la seua identitat. Un dels m\u00e8rits del llibre \u00e9s tocar amb rigor i amb expressi\u00f3 adolorida per\u00f2 tamb\u00e9 rabiosament vital temes de repercussions tremendes. Tot plegat,&nbsp;<em>El poema \u00e9s sobrer<\/em>&nbsp;\u00e9s un llibre agosarat, desimbolt i vigor\u00f3s que reclama parlar de q\u00fcestions que couen i fer-ho amb un llenguatge viu, quotidi\u00e0, per\u00f2 t\u00e9 ben poc a veure amb els realismes d\u2019abans. \u00c9s tot una altra cosa. El temps dir\u00e0<\/p>\n\n\n\n<p>EL PA\u00cdS, QUADERN, 01\/11\/2007<\/p>\n\n\n\n<p><a rel=\"noreferrer noopener\" href=\"http:\/\/calafat.cat\/#facebook\" target=\"_blank\">Facebook<\/a>\u00a0<a rel=\"noreferrer noopener\" href=\"http:\/\/calafat.cat\/#twitter\" target=\"_blank\">Twitter<\/a>\u00a0<a href=\"https:\/\/www.addtoany.com\/share#url=http%3A%2F%2Fcalafat.cat%2Farticles%2Farrelament-del-viure&amp;title=Arrelament%20del%20viure\">\u00a0Comparteix a<\/a><\/p>\n\n\n\n<p>Articles recents:\u00a0<\/p>\n\n\n\n<p><a href=\"http:\/\/calafat.cat\/index.php\/viatge-iniciatic-i-catartic-al-mon-sorprenent-del-primer-estelles-2\/\" data-type=\"page\" data-id=\"2032\">Viatge inici\u00e0tic i cat\u00e0rtic al m\u00f3n sorprenent del primer Estell\u00e9s<\/a><\/p>\n\n\n\n<p><a href=\"http:\/\/calafat.cat\/articles\/quatre-decades-de-narrativa-valenciana-moderna\">Quatre d\u00e8cad<\/a><a href=\"http:\/\/calafat.cat\/index.php\/quatre-decades-de-narrativa-valenciana-moderna\/\" data-type=\"page\" data-id=\"1048\">e<\/a><a href=\"http:\/\/calafat.cat\/articles\/quatre-decades-de-narrativa-valenciana-moderna\">s de narrativa valenciana moderna<\/a><\/p>\n\n\n\n<p><a href=\"http:\/\/calafat.cat\/index.php\/pulsions-en-un-moviment-permament\/\" data-type=\"page\" data-id=\"1061\">Pulsions en un moviment permament<\/a><\/p>\n<\/div>\n\n\n\n<div class=\"wp-block-column is-layout-flow wp-block-column-is-layout-flow\" style=\"flex-basis:50%\">\n<figure class=\"wp-block-image size-full\"><img loading=\"lazy\" decoding=\"async\" width=\"379\" height=\"284\" src=\"http:\/\/calafat.cat\/wp-content\/uploads\/2022\/05\/1-13.jpeg\" alt=\"\" class=\"wp-image-3252\" srcset=\"https:\/\/calafat.cat\/wp-content\/uploads\/2022\/05\/1-13.jpeg 379w, https:\/\/calafat.cat\/wp-content\/uploads\/2022\/05\/1-13-300x225.jpeg 300w\" sizes=\"auto, (max-width: 379px) 100vw, 379px\" \/><figcaption>Maite Insa. Font: actualitat.traces.uab.cat<br><br>El poema \u00e9s sobrer. Maite Insa. Edicions Bromera, Alzira, 2007<br><br>Etiquetes:\u00a0<a href=\"http:\/\/calafat.cat\/index.php\/2007-2\/\" data-type=\"page\" data-id=\"2160\">2007<\/a> <a href=\"http:\/\/calafat.cat\/index.php\/publicat-a\/el-pais\/\" data-type=\"page\" data-id=\"108\">El Pa\u00eds<\/a><a href=\"http:\/\/calafat.cat\/index.php\/per-generes\/poesia\/\" data-type=\"page\" data-id=\"98\"> Poesia<\/a><\/figcaption><\/figure>\n<\/div>\n<\/div>\n","protected":false},"excerpt":{"rendered":"<p>Maite Insa \u00e9s coneguda sobretot com a comentarista de llibres, \u00e0mbit on sempre ha fet \u00fas d\u2019un instrument ben afilat: una prosa \u00e0gil, fresca i suggerent. Ara, despr\u00e9s de molts anys de bregar amb els llibres dels altres, ha travessat la frontera i es presenta com davant del lector com a creadora, com a poeta. &#8230; <a title=\"Arrelament del viure\" class=\"read-more\" href=\"https:\/\/calafat.cat\/index.php\/arrelament-del-viure\/\" aria-label=\"M\u00e1s en Arrelament del viure\">Leer m\u00e1s<\/a><\/p>\n","protected":false},"author":1,"featured_media":0,"parent":0,"menu_order":0,"comment_status":"closed","ping_status":"closed","template":"","meta":{"footnotes":""},"class_list":["post-1427","page","type-page","status-publish"],"_links":{"self":[{"href":"https:\/\/calafat.cat\/index.php\/wp-json\/wp\/v2\/pages\/1427","targetHints":{"allow":["GET"]}}],"collection":[{"href":"https:\/\/calafat.cat\/index.php\/wp-json\/wp\/v2\/pages"}],"about":[{"href":"https:\/\/calafat.cat\/index.php\/wp-json\/wp\/v2\/types\/page"}],"author":[{"embeddable":true,"href":"https:\/\/calafat.cat\/index.php\/wp-json\/wp\/v2\/users\/1"}],"replies":[{"embeddable":true,"href":"https:\/\/calafat.cat\/index.php\/wp-json\/wp\/v2\/comments?post=1427"}],"version-history":[{"count":2,"href":"https:\/\/calafat.cat\/index.php\/wp-json\/wp\/v2\/pages\/1427\/revisions"}],"predecessor-version":[{"id":3254,"href":"https:\/\/calafat.cat\/index.php\/wp-json\/wp\/v2\/pages\/1427\/revisions\/3254"}],"wp:attachment":[{"href":"https:\/\/calafat.cat\/index.php\/wp-json\/wp\/v2\/media?parent=1427"}],"curies":[{"name":"wp","href":"https:\/\/api.w.org\/{rel}","templated":true}]}}