{"id":1429,"date":"2022-04-27T08:48:20","date_gmt":"2022-04-27T08:48:20","guid":{"rendered":"http:\/\/calafat.cat\/?page_id=1429"},"modified":"2022-05-19T14:34:13","modified_gmt":"2022-05-19T14:34:13","slug":"de-mai-i-de-sempre","status":"publish","type":"page","link":"https:\/\/calafat.cat\/index.php\/de-mai-i-de-sempre\/","title":{"rendered":"De mai i de sempre"},"content":{"rendered":"\n<div class=\"wp-block-columns alignwide is-layout-flex wp-container-core-columns-is-layout-9d6595d7 wp-block-columns-is-layout-flex\">\n<div class=\"wp-block-column is-layout-flow wp-block-column-is-layout-flow\" style=\"flex-basis:50%\">\n<p>Llegir&nbsp;<em>Flors a casa<\/em>&nbsp;m\u2019ha estat tota una sorpresa per la for\u00e7a dels seus versos. Maria Josep Escriv\u00e0 \u00e9s una poeta que no ha tingut presa per publicar. Cada nou llibre ha representat un salt extraordinari. Ja el llibre de poemes anterior,&nbsp;<em>Tots els noms de la pena<\/em>, ens mostrava una personalitat po\u00e8tica digna de tenir en compte, amb una veu que sabia a qu\u00e8 aspirava. Era un llibre irregular, per\u00f2 amb poemes d\u2019entitat, on explorava un to punyent i on tocava temes conflictius i socials. Ara en&nbsp;<em>Flors a casa<\/em>, que ha merescut un dels premis m\u00e9s importants del panorama l\u00edric, els Jocs Florals de Barcelona, el seu art po\u00e8tic arriba a una plenitud a tenir en compte per la for\u00e7a i equilibri del llibre, per la maduresa d\u2019una veu fecunda plena de resson\u00e0ncies po\u00e8tiques. En aquest nou lliurament el vers \u2013 la sintaxi\u2014 esdev\u00e9 m\u00e9s l\u00edmpid, transparent, per\u00f2 alhora cava m\u00e9s fondo, i entona amb la mateixa intensitat el tremolor de l\u2019alegria com el dring del dolor.<\/p>\n\n\n\n<p>L\u2019autora sap traure profit tant als poemes curts com als llargs, a la concisi\u00f3 i a l\u2019expansi\u00f3 expressiva, controla la modulaci\u00f3 sostinguda del ritme i t\u00e9 capacitat de suggerir per mitj\u00e0 de la natura i dels objectes humils. El llibre arranca amb la idea que les coses, s\u2019encadenen, creen tensi\u00f3 perp\u00e8tuament. Aix\u00ed, el dolor es regenera amb m\u00e9s dolor, i el desig renaix sempre en un altre desig. La plenitud la podem trobar en l\u2019instant, com ara \u201cla pres\u00e8ncia atzarosa de dues galtes\u201d, per\u00f2 en cada viv\u00e8ncia, en cada atzar hi poden viure impulsos en combat, hi topem amb \u201ctan res, tan tot\u201d. Aix\u00ed, el parad\u00eds est\u00e0 en els ulls de l\u2019altre, per\u00f2 aquest altre \u00e9s un pou sense fons, una persona no sempre coneguda del tot i que engendra tamb\u00e9 el temor: \u201cel teu cos \u00e9s ara el meu p\u00e0nic\u201d. El final d\u2019una viv\u00e8ncia comporta una espera i el ressorgiment del desig que \u00e9s el principi de tot, \u201cd\u2019un altre cam\u00ed inaugural\u201d. El temps entre les nostres mans \u00e9s \u201ca penes temps\u201d. Malgrat aix\u00f2 o per aix\u00f2 mateix cal viure\u2019l com si fos etern: \u00abcom si vingu\u00e9s de mai i fos per sempre\u201d. Viure\u2019l com si realment f\u00f3ra nostre, com si f\u00f3ra nostra la mirada de l\u2019altre, el seu amor i la seua por. El paisatge en la poesia de Maria Josep Escriv\u00e0 \u00e9s sempre vida, \u00e9s goig en la seua pura contemplaci\u00f3, per\u00f2 tamb\u00e9 \u00e9s una pura festa perqu\u00e8 \u00e9s signe de l\u2019experi\u00e8ncia: \u00e9s vert\u00edgen, visi\u00f3 adolorida, \u00e0nsia mai del tot no acomplerta.<\/p>\n\n\n\n<p>EL PA\u00cdS, QUADERN, 20\/12\/2007<\/p>\n\n\n\n<p><a rel=\"noreferrer noopener\" href=\"http:\/\/calafat.cat\/#facebook\" target=\"_blank\">Facebook<\/a>&nbsp;<a rel=\"noreferrer noopener\" href=\"http:\/\/calafat.cat\/#twitter\" target=\"_blank\">Twitter<\/a>&nbsp;<a href=\"https:\/\/www.addtoany.com\/share#url=http%3A%2F%2Fcalafat.cat%2Farticles%2Fde-mai-i-de-sempre&amp;title=De%20mai%20i%20de%20sempre\">&nbsp;Comparteix a<\/a><\/p>\n\n\n\n<p>Articles recents:&nbsp;<\/p>\n\n\n\n<p><a href=\"http:\/\/calafat.cat\/index.php\/viatge-iniciatic-i-catartic-al-mon-sorprenent-del-primer-estelles-2\/\" data-type=\"page\" data-id=\"2032\">Viatge inici\u00e0tic i cat\u00e0rtic al m\u00f3n sorprenent del primer Estell\u00e9s<\/a><\/p>\n\n\n\n<p><a href=\"http:\/\/calafat.cat\/index.php\/una-passio-amorosa-en-la-valencia-del-quatre-cents\/\" data-type=\"page\" data-id=\"1050\">Una passi\u00f3 amorosa en la Val\u00e8ncia del quatre-cents<\/a><\/p>\n\n\n\n<p><a href=\"http:\/\/calafat.cat\/index.php\/un-ambit-dambits-literaris\/\" data-type=\"page\" data-id=\"1040\">Un \u00e0mbit d\u2019\u00e0mbits literaris<\/a><\/p>\n<\/div>\n\n\n\n<div class=\"wp-block-column is-layout-flow wp-block-column-is-layout-flow\" style=\"flex-basis:50%\">\n<figure class=\"wp-block-image size-full\"><img loading=\"lazy\" decoding=\"async\" width=\"379\" height=\"379\" src=\"http:\/\/calafat.cat\/wp-content\/uploads\/2022\/05\/de-mai-i-de-sempre-2-1.jpeg\" alt=\"\" class=\"wp-image-4130\" srcset=\"https:\/\/calafat.cat\/wp-content\/uploads\/2022\/05\/de-mai-i-de-sempre-2-1.jpeg 379w, https:\/\/calafat.cat\/wp-content\/uploads\/2022\/05\/de-mai-i-de-sempre-2-1-300x300.jpeg 300w, https:\/\/calafat.cat\/wp-content\/uploads\/2022\/05\/de-mai-i-de-sempre-2-1-150x150.jpeg 150w\" sizes=\"auto, (max-width: 379px) 100vw, 379px\" \/><figcaption>Maria Josep Escriv\u00e0. Font: poesiacatmex.wordpress.com<br><br>Flors a casa. Maria Josep Escriv\u00e0. Edicions 62, Barcelona, 2007, 96 p\u00e0gs.<br><br>Etiquetes:\u00a0<a href=\"http:\/\/calafat.cat\/index.php\/2007-2\/\" data-type=\"page\" data-id=\"2160\">2007<\/a> <a href=\"http:\/\/calafat.cat\/index.php\/publicat-a\/el-pais\/\" data-type=\"page\" data-id=\"108\">El Pa\u00eds<\/a> <a href=\"http:\/\/calafat.cat\/index.php\/per-generes\/poesia\/\" data-type=\"page\" data-id=\"98\">Poesia<\/a><\/figcaption><\/figure>\n<\/div>\n<\/div>\n","protected":false},"excerpt":{"rendered":"<p>Llegir&nbsp;Flors a casa&nbsp;m\u2019ha estat tota una sorpresa per la for\u00e7a dels seus versos. Maria Josep Escriv\u00e0 \u00e9s una poeta que no ha tingut presa per publicar. Cada nou llibre ha representat un salt extraordinari. Ja el llibre de poemes anterior,&nbsp;Tots els noms de la pena, ens mostrava una personalitat po\u00e8tica digna de tenir en compte, &#8230; <a title=\"De mai i de sempre\" class=\"read-more\" href=\"https:\/\/calafat.cat\/index.php\/de-mai-i-de-sempre\/\" aria-label=\"M\u00e1s en De mai i de sempre\">Leer m\u00e1s<\/a><\/p>\n","protected":false},"author":1,"featured_media":0,"parent":0,"menu_order":0,"comment_status":"closed","ping_status":"closed","template":"","meta":{"footnotes":""},"class_list":["post-1429","page","type-page","status-publish"],"_links":{"self":[{"href":"https:\/\/calafat.cat\/index.php\/wp-json\/wp\/v2\/pages\/1429","targetHints":{"allow":["GET"]}}],"collection":[{"href":"https:\/\/calafat.cat\/index.php\/wp-json\/wp\/v2\/pages"}],"about":[{"href":"https:\/\/calafat.cat\/index.php\/wp-json\/wp\/v2\/types\/page"}],"author":[{"embeddable":true,"href":"https:\/\/calafat.cat\/index.php\/wp-json\/wp\/v2\/users\/1"}],"replies":[{"embeddable":true,"href":"https:\/\/calafat.cat\/index.php\/wp-json\/wp\/v2\/comments?post=1429"}],"version-history":[{"count":2,"href":"https:\/\/calafat.cat\/index.php\/wp-json\/wp\/v2\/pages\/1429\/revisions"}],"predecessor-version":[{"id":4132,"href":"https:\/\/calafat.cat\/index.php\/wp-json\/wp\/v2\/pages\/1429\/revisions\/4132"}],"wp:attachment":[{"href":"https:\/\/calafat.cat\/index.php\/wp-json\/wp\/v2\/media?parent=1429"}],"curies":[{"name":"wp","href":"https:\/\/api.w.org\/{rel}","templated":true}]}}