{"id":1455,"date":"2022-04-27T09:06:51","date_gmt":"2022-04-27T09:06:51","guid":{"rendered":"http:\/\/calafat.cat\/?page_id=1455"},"modified":"2022-05-19T15:40:31","modified_gmt":"2022-05-19T15:40:31","slug":"rabia-en-la-poesia-mes-jove","status":"publish","type":"page","link":"https:\/\/calafat.cat\/index.php\/rabia-en-la-poesia-mes-jove\/","title":{"rendered":"R\u00e0bia en la poesia m\u00e9s jove"},"content":{"rendered":"\n<div class=\"wp-block-columns alignwide is-layout-flex wp-container-core-columns-is-layout-9d6595d7 wp-block-columns-is-layout-flex\">\n<div class=\"wp-block-column is-layout-flow wp-block-column-is-layout-flow\" style=\"flex-basis:50%\">\n<p>Rub\u00e9n Luz\u00f3n (Val\u00e8ncia, 1982) proposa amb fermesa fer-se un espai en l\u2019\u00e0mbit de la poesia en catal\u00e0. La seua escriptura \u00e9s arriscada i demana al lector que s\u2019implique a fons per entendre i no perdre\u2019s en el laberint del seu univers. El t\u00edtol mateix,&nbsp;<em>Baladaspirina<\/em>, anuncia gosadia en el llenguatge i un univers greu i inquietant. El llibre es fonamenta en la indagaci\u00f3 expressiva, en la integraci\u00f3 de registres, tons (la gravetat i la mirada existencial no exclouen la ironia i el sarcasme) i formes. La voluntat experimental es veu en la creaci\u00f3 de llenguatge, en els lligams ins\u00f2lits i paradoxals de les imatges i en l\u2019acoblament de refer\u00e8ncies primitives, medievals i actuals. Encara que l\u2019objectiu \u00e9s carregar les bateries sem\u00e0ntiques dels poemes, la tensi\u00f3 extremada del l\u00e8xic pot dur a una dispersi\u00f3 i una fuga de sentits no desitjada per l\u2019autor. \u00c9s el gran trencacolls d\u2019aquesta mena de poesia, perqu\u00e8 \u00e9s dif\u00edcil saber quan cal tancar l\u2019aixeta de la combinaci\u00f3.<\/p>\n\n\n\n<p>Al marge d\u2019alguns dubtes com a lector, crec que&nbsp;<em>Baladaspirina<\/em>&nbsp;ofereix prou raons per a considerar-lo un llibre digne de tenir compte. Ens projecta, des bon comen\u00e7ament, un clima de desassossec, estrany, i ho fa perqu\u00e8 no vol copiar m\u00e9s o menys la realitat, sin\u00f3 m\u00e9s aviat fernos-la veure amb la creaci\u00f3 d\u2019un m\u00f3n paral\u00b7lel. Els temes gen\u00e8rics s\u00f3n l\u2019amor, el desig, la mort, la fragilitat i els afanys dels humans. En un principi, el paisatge \u00e9s bastant esplendor\u00f3s, per\u00f2 a mesura que les aspiracions xoquen amb les circumst\u00e0ncies, amb els fracassos personals, se\u2019ns fa present un temps sense temps, un m\u00f3n en ru\u00efnes i violent. En aquest clima i en un escenari canviant, l\u2019autor pinta el periple vital d\u2019un personatge (de vegades, plural) a qui en enfrontar-se amb les adversitats suren les pors i les febleses. Aquest personatge s\u2019adona que nom\u00e9s \u00e9s \u201cuna c\u00e8l\u00b7lula en el ventre de d\u00e9u\u201d i que amb l\u2019experi\u00e8ncia del no-res el fa conscient dels l\u00edmits de la vida, que, d\u2019altra banda, li injecta una vitalitat, un desig de \u201ccoses poques\u201d per a lluitar i mirar d\u2019assajar equilibris amb la finalitat d\u2019aconseguir un viure que no siga tan sols un mar de ll\u00e0grimes.<\/p>\n\n\n\n<p><em>Tr\u00e0nsits Nord<\/em>, el poemari anterior d\u2019Eduard Ram\u00edrez (Val\u00e8ncia, 1972), ens oferia un projecte guiat pel desfici vital que ballava en una atmosfera profundament urbana. Era una modulaci\u00f3 i una tem\u00e0tica poc transitades pels nostres escriptors. Ara,&nbsp;<em>L\u2019usdefruit encara<\/em>, un altre llibre engrescador, apadrinat per pr\u00f2leg d\u2019Enric S\u00f2ria, ens mostra una veu m\u00e9s feta i una maduresa en la reflexi\u00f3 sobre el seu ideari vital. El t\u00edtol i el primer poema s\u00f3n tota una declaraci\u00f3 de voluntats: ens mostren una visi\u00f3 de la vida entesa no com un m\u00e8rit o una propietat, sin\u00f3 m\u00e9s aviat com un do o un b\u00e9 que \u00e9s guanya. Tota conquesta comporta un desgast, i moure\u2019s envoltat de fracassos o d\u2019impot\u00e8ncies que poblen l\u2019exist\u00e8ncia. La veu del llibre es proclama un \u201cguerriller de l\u2019alegria\u201d, per\u00f2 hem de tenir clar que el seu vitalisme no procedeix de la innoc\u00e8ncia; al contrari, brolla de les baralles amb el dia a dia i de les bufetades que en rep. Si encara no en tenia prou, viure intensament exigeix embolicar-se en els remolins de la vida i tirar endavant amb nervi. D\u2019aquest combat sense treva, el ca\u00e7ador d\u2019instants d\u2019alta tensi\u00f3 n\u2019ix ple de ferides, que s\u00f3n vistes, no com a derrotes, sin\u00f3 com a emblemes d\u2019\u00e0nsia i, per tant, reforcen l\u2019impuls del vividor.<\/p>\n\n\n\n<p>En la primera part, predomina el ref\u00fas de certs h\u00e0bits i comportaments, siguen personals o passionals, laborals, socials\u2026 que paralitzen l\u2019individu i el constrenyen a uns h\u00e0bits que la societat vol controlats. La reacci\u00f3 del vitalista \u00e9s el gest insolent i provocador. El segon bloc de poemes rebutja els principis solemnes i defensa el gaudi \u201csense reserva \/ i dir vida a mos red\u00f3\u201d. L\u2019autor proclama la voracitat per assaborir tota viv\u00e8ncia possible i considera que les temptacions s\u00f3n per a caure-hi, per\u00f2 amb precauci\u00f3, ja que la desmesura pot esdevenir una tirania nova. En el darrer apartat, som davant d\u2019un estadi m\u00e9s calm\u00f3s i on les coses es miren amb m\u00e9s prud\u00e8ncia i pragmatisme, tot i que no s\u2019abandona mai el seu esperit. L\u2019objectiu ara, des d\u2019una estabilitat desitjada, \u00e9s viure les coses quotidianes i els compromisos vitals com si foren nous cada dia.<\/p>\n\n\n\n<p>Tot plegat, dos poemaris valents que constaten un malestar i un descontentament davant del m\u00f3n que ens envolta, i tamb\u00e9 testimonien un distanciament cridaner respecte d\u2019una poesia m\u00e9s acomodat\u00edcia que es refugia en el b\u00e0lsam de la intimitat.<\/p>\n\n\n\n<p>EL PA\u00cdS, QUADERN, 05\/02\/2009Descarrega&#8217;t l&#8217;original:&nbsp;<img decoding=\"async\" src=\"http:\/\/calafat.cat\/modules\/file\/icons\/application-pdf.png\" alt=\"PDF icon\"><a href=\"http:\/\/calafat.cat\/sites\/default\/files\/rabia-en-la-poesia-mes-jove.pdf\">rabia-en-la-poesia-mes-jove.pdf<\/a><\/p>\n\n\n\n<p><a rel=\"noreferrer noopener\" href=\"http:\/\/calafat.cat\/#facebook\" target=\"_blank\">Facebook<\/a>&nbsp;<a rel=\"noreferrer noopener\" href=\"http:\/\/calafat.cat\/#twitter\" target=\"_blank\">Twitter<\/a>&nbsp;<a href=\"https:\/\/www.addtoany.com\/share#url=http%3A%2F%2Fcalafat.cat%2Farticles%2Frabia-en-la-poesia-mes-jove&amp;title=R%C3%A0bia%20en%20la%20poesia%20m%C3%A9s%20jove\">&nbsp;Comparteix a<\/a><\/p>\n\n\n\n<p>Articles recents:&nbsp;<\/p>\n\n\n\n<p><a href=\"http:\/\/calafat.cat\/index.php\/viatge-iniciatic-i-catartic-al-mon-sorprenent-del-primer-estelles-2\/\" data-type=\"page\" data-id=\"2032\">Viatge inici\u00e0tic i cat\u00e0rtic al m\u00f3n sorprenent del primer Estell\u00e9s<\/a><\/p>\n\n\n\n<p><a href=\"http:\/\/calafat.cat\/index.php\/laura-contaminada-de-valencia\/\" data-type=\"page\" data-id=\"1046\">L&#8217;aura contaminada de Val\u00e8ncia<\/a><\/p>\n\n\n\n<p><a href=\"http:\/\/calafat.cat\/index.php\/tot-parla-de-tu\/\" data-type=\"page\" data-id=\"1100\">Tot parla de tu<\/a><\/p>\n<\/div>\n\n\n\n<div class=\"wp-block-column is-layout-flow wp-block-column-is-layout-flow\" style=\"flex-basis:50%\">\n<figure class=\"wp-block-image\"><img loading=\"lazy\" decoding=\"async\" width=\"379\" height=\"266\" src=\"http:\/\/calafat.cat\/wp-content\/uploads\/2022\/05\/1-25.jpeg\" alt=\"\" class=\"wp-image-3292\" srcset=\"https:\/\/calafat.cat\/wp-content\/uploads\/2022\/05\/1-25.jpeg 379w, https:\/\/calafat.cat\/wp-content\/uploads\/2022\/05\/1-25-300x211.jpeg 300w\" sizes=\"auto, (max-width: 379px) 100vw, 379px\" \/><figcaption>Portades dels llibres<br><br>Baladaspirina. Rub\u00e9n Luz\u00f3n. Edicions 62, Barcelona, 2008. 58 p\u00e0gs.<br>L\u2019usdefruit encara. Eduard Ram\u00edrez. Edicions Proa, Barcelona, 2008. 97 p\u00e0gs.<br><br>Etiquetes:\u00a0<a href=\"http:\/\/calafat.cat\/index.php\/2008-3\/\" data-type=\"page\" data-id=\"2162\">2008<\/a> <a href=\"http:\/\/calafat.cat\/index.php\/publicat-a\/el-pais\/\" data-type=\"page\" data-id=\"108\">El Pa\u00eds<\/a> <a href=\"http:\/\/calafat.cat\/index.php\/per-generes\/poesia\/\" data-type=\"page\" data-id=\"98\">Poesia<\/a> <a href=\"http:\/\/calafat.cat\/?page_id=4249\" data-type=\"page\" data-id=\"4249\">Rub\u00e9n Luzon<\/a><\/figcaption><\/figure>\n<\/div>\n<\/div>\n","protected":false},"excerpt":{"rendered":"<p>Rub\u00e9n Luz\u00f3n (Val\u00e8ncia, 1982) proposa amb fermesa fer-se un espai en l\u2019\u00e0mbit de la poesia en catal\u00e0. La seua escriptura \u00e9s arriscada i demana al lector que s\u2019implique a fons per entendre i no perdre\u2019s en el laberint del seu univers. El t\u00edtol mateix,&nbsp;Baladaspirina, anuncia gosadia en el llenguatge i un univers greu i inquietant. &#8230; <a title=\"R\u00e0bia en la poesia m\u00e9s jove\" class=\"read-more\" href=\"https:\/\/calafat.cat\/index.php\/rabia-en-la-poesia-mes-jove\/\" aria-label=\"M\u00e1s en R\u00e0bia en la poesia m\u00e9s jove\">Leer m\u00e1s<\/a><\/p>\n","protected":false},"author":1,"featured_media":0,"parent":0,"menu_order":0,"comment_status":"closed","ping_status":"closed","template":"","meta":{"footnotes":""},"class_list":["post-1455","page","type-page","status-publish"],"_links":{"self":[{"href":"https:\/\/calafat.cat\/index.php\/wp-json\/wp\/v2\/pages\/1455","targetHints":{"allow":["GET"]}}],"collection":[{"href":"https:\/\/calafat.cat\/index.php\/wp-json\/wp\/v2\/pages"}],"about":[{"href":"https:\/\/calafat.cat\/index.php\/wp-json\/wp\/v2\/types\/page"}],"author":[{"embeddable":true,"href":"https:\/\/calafat.cat\/index.php\/wp-json\/wp\/v2\/users\/1"}],"replies":[{"embeddable":true,"href":"https:\/\/calafat.cat\/index.php\/wp-json\/wp\/v2\/comments?post=1455"}],"version-history":[{"count":3,"href":"https:\/\/calafat.cat\/index.php\/wp-json\/wp\/v2\/pages\/1455\/revisions"}],"predecessor-version":[{"id":4250,"href":"https:\/\/calafat.cat\/index.php\/wp-json\/wp\/v2\/pages\/1455\/revisions\/4250"}],"wp:attachment":[{"href":"https:\/\/calafat.cat\/index.php\/wp-json\/wp\/v2\/media?parent=1455"}],"curies":[{"name":"wp","href":"https:\/\/api.w.org\/{rel}","templated":true}]}}