{"id":1457,"date":"2022-04-27T09:07:06","date_gmt":"2022-04-27T09:07:06","guid":{"rendered":"http:\/\/calafat.cat\/?page_id=1457"},"modified":"2022-05-12T14:51:21","modified_gmt":"2022-05-12T14:51:21","slug":"somnis-dultramar","status":"publish","type":"page","link":"https:\/\/calafat.cat\/index.php\/somnis-dultramar\/","title":{"rendered":"Somnis d\u2019ultramar"},"content":{"rendered":"\n<div class=\"wp-block-columns alignwide is-layout-flex wp-container-core-columns-is-layout-9d6595d7 wp-block-columns-is-layout-flex\">\n<div class=\"wp-block-column is-layout-flow wp-block-column-is-layout-flow\" style=\"flex-basis:50%\">\n<p>Isidre Mart\u00ednez Marzo \u00e9s un dels l\u00edrics valencians amb una personalitat m\u00e9s definida. Poeta de tall profund i amb olfacte per a captar la c\u00e0rrega de vida i de sentit que pot oferir el paisatge, especialment el dels entorns de D\u00e9nia, aquest tros de natura ja treia el nas en La casa perduda, el seu primer llibre de poemes, i esclata amb lluminositat portentosa en&nbsp;<em>Hostes<\/em>, llibre mereixedor del premi Carles Riba de fa tres anys. Amb&nbsp;<em>El cementiri dels anglesos<\/em>&nbsp;viatgem de la met\u00e0fora i l\u2019espurneig del vers al soroll d\u2019uns carrers i a la concreci\u00f3 d\u2019unes viv\u00e8ncies imaginades de la D\u00e9nia recreada de la segona part del segle XIX. M\u2019imagine Isidre Mart\u00ednez pensant davant les l\u00e0pides d\u2019aquell cementeri que dugu\u00e9 aquells germans Rankin de Terranova a travessar tot el m\u00f3n, mai m\u00e9s ben dit, per a anar a raure a D\u00e9nia, un port en plena expansi\u00f3 comercial gr\u00e0cies a la pansa. Un somni rom\u00e0ntic, l\u2019aventura, els diners, la independ\u00e8ncia respecte a la fam\u00edlia? Potser hi ha una mica de tot en Robert, el primer germ\u00e0 que ve a aquestes latituds. De fet, hi ve a integrar-se en el negoci que du un cos\u00ed seu. Per\u00f2 despr\u00e9s d\u2019haver fregat la mort en un naufragi davant les terres de la Marina, desitja fer vida de mariner, integrar-se en aquell m\u00f3n, viure amb intensitat una vida plena, modesta, sense grans pretensions, per\u00f2 sense patrons de cap mena, al marge de l\u2019empresa familiar, condu\u00efda per un cos\u00ed d\u00e8bil i perdulari, que trobarem en la seua passi\u00f3 pel joc en algunes de les p\u00e0gines m\u00e9s vibr\u00e0tils del llibre.<\/p>\n\n\n\n<p><em>El cementiri dels anglesos<\/em>&nbsp;creix amb diversos fronts a l\u2019hora: els contrastos entre Terranova i D\u00e9nia, i la difer\u00e8ncia de vida entre els germans Robert i John, que viu i es casa a la seua ciutat, fins que una desgr\u00e0cia familiar el du a ell i la seua dona a D\u00e9nia. Isidre Mart\u00ednez perfila i retrata amb certa efic\u00e0cia personatges i paisatge, per\u00f2 peca de melodram\u00e0tic en la hist\u00f2ria del cos\u00ed. Als protagonistes principals els falta una mica m\u00e9s de profunditat. Amb tot, la hist\u00f2ria avan\u00e7a b\u00e9, sense grans pretensions, per\u00f2 amb una efic\u00e0cia ajustada.<\/p>\n\n\n\n<p>EL PA\u00cdS, QUADERN, 17\/07\/2008<\/p>\n\n\n\n<p>Descarrega&#8217;t l&#8217;original:\u00a0<img decoding=\"async\" src=\"http:\/\/calafat.cat\/modules\/file\/icons\/application-pdf.png\" alt=\"PDF icon\"><a href=\"http:\/\/calafat.cat\/sites\/default\/files\/somnis-d-ultramar.pdf\">somnis-d-ultramar.pdf<\/a><\/p>\n\n\n\n<p><a rel=\"noreferrer noopener\" href=\"http:\/\/calafat.cat\/#facebook\" target=\"_blank\">Facebook<\/a>\u00a0<a rel=\"noreferrer noopener\" href=\"http:\/\/calafat.cat\/#twitter\" target=\"_blank\">Twitter<\/a>\u00a0<a href=\"https:\/\/www.addtoany.com\/share#url=http%3A%2F%2Fcalafat.cat%2Farticles%2Fsomnis-d-ultramar&amp;title=Somnis%20d%E2%80%99ultramar\">\u00a0Comparteix a<\/a><\/p>\n\n\n\n<p>Articles recents:<\/p>\n\n\n\n<p>\u00a0<a href=\"http:\/\/calafat.cat\/index.php\/la-valencia-viscuda-2\/\" data-type=\"page\" data-id=\"1189\">La Val\u00e8ncia viscuda<\/a><\/p>\n\n\n\n<p><a href=\"http:\/\/calafat.cat\/index.php\/cezanne-poesia-i-pensament-fets-pintura\/\" data-type=\"page\" data-id=\"1125\">C\u00e9zanne: poesia i pensament fets pintura<\/a><\/p>\n\n\n\n<p><a href=\"http:\/\/calafat.cat\/index.php\/els-estrats-profunds-de-limaginari-de-soria\/\" data-type=\"page\" data-id=\"1982\">Els estrats profunds de l\u2019imaginari de S\u00f2ria<\/a><\/p>\n<\/div>\n\n\n\n<div class=\"wp-block-column is-layout-flow wp-block-column-is-layout-flow\" style=\"flex-basis:50%\">\n<figure class=\"wp-block-image size-full\"><img loading=\"lazy\" decoding=\"async\" width=\"379\" height=\"379\" src=\"http:\/\/calafat.cat\/wp-content\/uploads\/2022\/05\/1-26.jpeg\" alt=\"\" class=\"wp-image-3297\" srcset=\"https:\/\/calafat.cat\/wp-content\/uploads\/2022\/05\/1-26.jpeg 379w, https:\/\/calafat.cat\/wp-content\/uploads\/2022\/05\/1-26-300x300.jpeg 300w, https:\/\/calafat.cat\/wp-content\/uploads\/2022\/05\/1-26-150x150.jpeg 150w\" sizes=\"auto, (max-width: 379px) 100vw, 379px\" \/><figcaption>Portada del llibre<br><br>Cementiri dels anglesos. Isidre Mart\u00ednez Marzo. Editorial 3 i 4, Val\u00e8ncia, 2008. 142 p\u00e0gs.<br><br>Etiquetes:\u00a0<a href=\"http:\/\/calafat.cat\/index.php\/2008-3\/\" data-type=\"page\" data-id=\"2162\">2008<\/a> <a href=\"http:\/\/calafat.cat\/index.php\/publicat-a\/el-pais\/\" data-type=\"page\" data-id=\"108\">El Pa\u00eds<\/a> <a href=\"http:\/\/calafat.cat\/index.php\/per-generes\/narrativa\/\" data-type=\"page\" data-id=\"94\">Narrativa<\/a><\/figcaption><\/figure>\n<\/div>\n<\/div>\n","protected":false},"excerpt":{"rendered":"<p>Isidre Mart\u00ednez Marzo \u00e9s un dels l\u00edrics valencians amb una personalitat m\u00e9s definida. Poeta de tall profund i amb olfacte per a captar la c\u00e0rrega de vida i de sentit que pot oferir el paisatge, especialment el dels entorns de D\u00e9nia, aquest tros de natura ja treia el nas en La casa perduda, el seu &#8230; <a title=\"Somnis d\u2019ultramar\" class=\"read-more\" href=\"https:\/\/calafat.cat\/index.php\/somnis-dultramar\/\" aria-label=\"M\u00e1s en Somnis d\u2019ultramar\">Leer m\u00e1s<\/a><\/p>\n","protected":false},"author":1,"featured_media":0,"parent":0,"menu_order":0,"comment_status":"closed","ping_status":"closed","template":"","meta":{"footnotes":""},"class_list":["post-1457","page","type-page","status-publish"],"_links":{"self":[{"href":"https:\/\/calafat.cat\/index.php\/wp-json\/wp\/v2\/pages\/1457","targetHints":{"allow":["GET"]}}],"collection":[{"href":"https:\/\/calafat.cat\/index.php\/wp-json\/wp\/v2\/pages"}],"about":[{"href":"https:\/\/calafat.cat\/index.php\/wp-json\/wp\/v2\/types\/page"}],"author":[{"embeddable":true,"href":"https:\/\/calafat.cat\/index.php\/wp-json\/wp\/v2\/users\/1"}],"replies":[{"embeddable":true,"href":"https:\/\/calafat.cat\/index.php\/wp-json\/wp\/v2\/comments?post=1457"}],"version-history":[{"count":2,"href":"https:\/\/calafat.cat\/index.php\/wp-json\/wp\/v2\/pages\/1457\/revisions"}],"predecessor-version":[{"id":3298,"href":"https:\/\/calafat.cat\/index.php\/wp-json\/wp\/v2\/pages\/1457\/revisions\/3298"}],"wp:attachment":[{"href":"https:\/\/calafat.cat\/index.php\/wp-json\/wp\/v2\/media?parent=1457"}],"curies":[{"name":"wp","href":"https:\/\/api.w.org\/{rel}","templated":true}]}}