{"id":1496,"date":"2022-04-27T09:52:06","date_gmt":"2022-04-27T09:52:06","guid":{"rendered":"http:\/\/calafat.cat\/?page_id=1496"},"modified":"2022-05-12T15:40:10","modified_gmt":"2022-05-12T15:40:10","slug":"el-valor-del-dolor","status":"publish","type":"page","link":"https:\/\/calafat.cat\/index.php\/el-valor-del-dolor\/","title":{"rendered":"El valor del dolor"},"content":{"rendered":"\n<div class=\"wp-block-columns alignwide is-layout-flex wp-container-core-columns-is-layout-9d6595d7 wp-block-columns-is-layout-flex\">\n<div class=\"wp-block-column is-layout-flow wp-block-column-is-layout-flow\" style=\"flex-basis:50%\">\n<p>De la poesia d\u2019Anna Montero, els lectors sovint en destaquen la sensibilitat, la retic\u00e8ncia, un to t\u00e8nue i un repertori d\u2019imatges que ofereixen una mina de reverberacions. Encara que ho fem, no podem oblidar que sota la seda del vers corre la tensi\u00f3 continguda. La poeta valenciana s\u2019obri en&nbsp;<em>Teranyines<\/em>&nbsp;als ecos del drama i enlla\u00e7a amb les preocupacions de la nissaga dels \u201cl\u00facids i desolats\u201d, que en diria Joan Fuster. El llibre es llan\u00e7a a l\u2019arena de les veritats crues i nues. Explora en carn viva les ferides obertes de l\u2019exist\u00e8ncia i del pas del temps: \u201ccada dia dins teu mor \/ el d\u00e9u que habitava cada cosa, \/ el d\u00e9u que podies haver estat\u201d, \u201ccada nit per tu, s\u2019apaga un astre al cel que cap d\u00e9u \/ no t\u2019ajuda a suportar\u201d.<\/p>\n\n\n\n<p>La por, el buit, la mort, la monstruositat, la fragilitat de la vida conviuen amb nosaltres i com m\u00e9s va m\u00e9s companys assidus esdevenen. L\u2019emoci\u00f3 tensa dels poemes, els mira cara a cara, defuig els consols falsos, ja que \u00e9s temptador d\u2019al\u00e7ar \u201cmuralles de por \/ contra la por\u201d. Ser\u00e0 dolor\u00f3s ser-ne conscient, per\u00f2 aquesta actitud esdev\u00e9 tot un valor, perqu\u00e8 no permet que la desesperaci\u00f3 i el negre esdevinguen virus destructors; ajuda a aprofundir i gaudir tot el que ens puguen oferir els dies, fins i tot la bellesa de la monstruositat, per a copsar la vida que acompanya la destrucci\u00f3. \u00c9s l\u2019\u00fanica via per a comprendre plenament la vida i els seus significats. Els poemes sobre la por, la p\u00e8rdua, els l\u00edmits del dolor s\u00f3n esborronadors, i trobarem en el dedicat al record del pare una idea atractiva: l\u2019abs\u00e8ncia dels pr\u00f2xims \u00e9s diferent a la dels altres; els duem incorporats.<\/p>\n\n\n\n<p>Tocar els grans temes, inserir-se en la pell de les paraules fonamentals, sense caure en la gestualitat histri\u00f2nica o en la impostura. I sembla que Anna Montero ha cuit el seu llenguatge fins a trobar-lo. En les coloracions tr\u00e0giques dialoga amb mites trasbalsadors, com ara Ant\u00edgona, Medea, Clitemnestra o Eur\u00eddice, o amb les fotografies impactants de la monstruositat de Diana Arbus. En general, poua motius concrets m\u00e9s pr\u00f2xims, m\u00ednimament esbossats, i aposta bastant per una respiraci\u00f3 m\u00e9s \u00e0mplia del vers, del poema i de la paraula despullada, sense abandonar la sensibilitat aguda per les imatges, per a bastir una veu reflexiva.<\/p>\n\n\n\n<p>La for\u00e7a dels llibres escrits amb voluntat d\u2019arrapar trossos de vida rau en el fet que els poemes s\u00f3n c\u00e0psules farcides de resson\u00e0ncies. Volem dir que&nbsp;<em>Teranyines<\/em>&nbsp;\u00e9s molt m\u00e9s de les coses dites: hi tenen pes l\u2019\u00e0nsia vital, l\u2019amor, la conviv\u00e8ncia en la maduresa, el reclam del suport de l\u2019altre i de la seua mirada. \u00c9s un llibre colpidor per la solidesa del vers, la factura diversa i clavada dels poemes, i sobretot per la seua amplitud en la davallada al fons per a \u201cescrutar la flama que crema i vetlla\u201d que \u00e9s l\u2019\u00fanic \u201ccam\u00ed cap a la llum\u201d.<\/p>\n\n\n\n<p>EL PA\u00cdS, QUADERN, 02\/12\/2010<\/p>\n\n\n\n<p>Descarrega&#8217;t l&#8217;original:\u00a0<img decoding=\"async\" src=\"http:\/\/calafat.cat\/modules\/file\/icons\/application-pdf.png\" alt=\"PDF icon\"><a href=\"http:\/\/calafat.cat\/sites\/default\/files\/el-valor-del-dolor.pdf\">el-valor-del-dolor.pdf<\/a><\/p>\n\n\n\n<p><a rel=\"noreferrer noopener\" href=\"http:\/\/calafat.cat\/#facebook\" target=\"_blank\">Facebook<\/a>\u00a0<a rel=\"noreferrer noopener\" href=\"http:\/\/calafat.cat\/#twitter\" target=\"_blank\">Twitter<\/a>\u00a0<a href=\"https:\/\/www.addtoany.com\/share#url=http%3A%2F%2Fcalafat.cat%2Farticles%2Fel-valor-del-dolor&amp;title=El%20valor%20del%20dolor\">\u00a0Comparteix a<\/a><\/p>\n\n\n\n<p>Articles recents:\u00a0<\/p>\n\n\n\n<p><a href=\"http:\/\/calafat.cat\/index.php\/lobertura-de-mires-enmig-de-la-tragedia\/\" data-type=\"page\" data-id=\"1673\">L\u2019obertura de mires enmig de la trag\u00e8dia<\/a><\/p>\n\n\n\n<p><a href=\"http:\/\/calafat.cat\/index.php\/una-balena-al-cor-de-la-ciutat-2\/\" data-type=\"page\" data-id=\"1659\">Una balena al cor de la ciutat<\/a><\/p>\n\n\n\n<p><a href=\"http:\/\/calafat.cat\/index.php\/dietari-dues-vides-que-sautoalimenten\/\" data-type=\"page\" data-id=\"1611\">Dietari: dues vides que s\u2019autoalimenten<\/a><\/p>\n<\/div>\n\n\n\n<div class=\"wp-block-column is-layout-flow wp-block-column-is-layout-flow\" style=\"flex-basis:50%\">\n<figure class=\"wp-block-image size-full\"><img loading=\"lazy\" decoding=\"async\" width=\"379\" height=\"377\" src=\"http:\/\/calafat.cat\/wp-content\/uploads\/2022\/05\/1-45.jpeg\" alt=\"\" class=\"wp-image-3362\" srcset=\"https:\/\/calafat.cat\/wp-content\/uploads\/2022\/05\/1-45.jpeg 379w, https:\/\/calafat.cat\/wp-content\/uploads\/2022\/05\/1-45-300x298.jpeg 300w, https:\/\/calafat.cat\/wp-content\/uploads\/2022\/05\/1-45-150x150.jpeg 150w\" sizes=\"auto, (max-width: 379px) 100vw, 379px\" \/><figcaption>Anna Montero. Fotografia: Natxo Franc\u00e9s.<br>Font: ccaa.elpais.com<br><br>Teranyines. Anna Montero. Edicions 62. Barcelona, 2010. 68 p\u00e0gs.<br><br>Etiquetes:\u00a0<a href=\"http:\/\/calafat.cat\/index.php\/2010-3\/\" data-type=\"page\" data-id=\"2169\">2010<\/a> <a href=\"http:\/\/calafat.cat\/index.php\/publicat-a\/el-pais\/\" data-type=\"page\" data-id=\"108\">El Pa\u00eds<\/a> <a href=\"http:\/\/calafat.cat\/index.php\/per-generes\/poesia\/\" data-type=\"page\" data-id=\"98\">Poesia<\/a><\/figcaption><\/figure>\n<\/div>\n<\/div>\n","protected":false},"excerpt":{"rendered":"<p>De la poesia d\u2019Anna Montero, els lectors sovint en destaquen la sensibilitat, la retic\u00e8ncia, un to t\u00e8nue i un repertori d\u2019imatges que ofereixen una mina de reverberacions. Encara que ho fem, no podem oblidar que sota la seda del vers corre la tensi\u00f3 continguda. La poeta valenciana s\u2019obri en&nbsp;Teranyines&nbsp;als ecos del drama i enlla\u00e7a amb &#8230; <a title=\"El valor del dolor\" class=\"read-more\" href=\"https:\/\/calafat.cat\/index.php\/el-valor-del-dolor\/\" aria-label=\"M\u00e1s en El valor del dolor\">Leer m\u00e1s<\/a><\/p>\n","protected":false},"author":1,"featured_media":0,"parent":0,"menu_order":0,"comment_status":"closed","ping_status":"closed","template":"","meta":{"footnotes":""},"class_list":["post-1496","page","type-page","status-publish"],"_links":{"self":[{"href":"https:\/\/calafat.cat\/index.php\/wp-json\/wp\/v2\/pages\/1496","targetHints":{"allow":["GET"]}}],"collection":[{"href":"https:\/\/calafat.cat\/index.php\/wp-json\/wp\/v2\/pages"}],"about":[{"href":"https:\/\/calafat.cat\/index.php\/wp-json\/wp\/v2\/types\/page"}],"author":[{"embeddable":true,"href":"https:\/\/calafat.cat\/index.php\/wp-json\/wp\/v2\/users\/1"}],"replies":[{"embeddable":true,"href":"https:\/\/calafat.cat\/index.php\/wp-json\/wp\/v2\/comments?post=1496"}],"version-history":[{"count":2,"href":"https:\/\/calafat.cat\/index.php\/wp-json\/wp\/v2\/pages\/1496\/revisions"}],"predecessor-version":[{"id":3364,"href":"https:\/\/calafat.cat\/index.php\/wp-json\/wp\/v2\/pages\/1496\/revisions\/3364"}],"wp:attachment":[{"href":"https:\/\/calafat.cat\/index.php\/wp-json\/wp\/v2\/media?parent=1496"}],"curies":[{"name":"wp","href":"https:\/\/api.w.org\/{rel}","templated":true}]}}