{"id":1526,"date":"2022-04-27T10:20:33","date_gmt":"2022-04-27T10:20:33","guid":{"rendered":"http:\/\/calafat.cat\/?page_id=1526"},"modified":"2022-05-18T15:01:42","modified_gmt":"2022-05-18T15:01:42","slug":"els-clarobscurs-de-la-musica","status":"publish","type":"page","link":"https:\/\/calafat.cat\/index.php\/els-clarobscurs-de-la-musica\/","title":{"rendered":"Els clarobscurs de la m\u00fasica"},"content":{"rendered":"\n<div class=\"wp-block-columns alignwide is-layout-flex wp-container-core-columns-is-layout-9d6595d7 wp-block-columns-is-layout-flex\">\n<div class=\"wp-block-column is-layout-flow wp-block-column-is-layout-flow\" style=\"flex-basis:50%\">\n<p>La condici\u00f3 de periodista de Xavier Aliaga fa que li interesse que la realitat s\u2019escole d\u2019alguna manera en les ficcions. I aix\u00f2 \u00e9s un punt que s\u2019ha de valorar, perqu\u00e8 l\u2019actualitat no \u00e9s molt corrent en els itineraris literaris dels narradors valencians. En les primeres novel\u00b7les els fets eren filtrats per l\u2019humor i el grotesc, m\u00e9s blanc en&nbsp;<em>Si no ho dic, rebente<\/em>&nbsp;i m\u00e9s corrosiu en&nbsp;<em>Els neons de Sodoma<\/em>. Ara, en&nbsp;<em>Vides desafinades<\/em>, llibre que ha guanyat el premi Joanot Martorell de Gandia, assaja una modulaci\u00f3 m\u00e9s greu, m\u00e9s crua. L\u2019humor hi \u00e9s, per\u00f2 forma part del car\u00e0cter dels protagonistes o de les circumst\u00e0ncies, ja no \u00e9s la biga mestra de la trama. Per\u00f2 sobretot l\u2019autor aconsegueix ac\u00ed una novel\u00b7la m\u00e9s consistent, amb molla, ja que \u00e9s profund en les giragonses psicol\u00f2giques dels personatges, i, de rebot, basteix una bona banda sonora amb les pinzellades encertades que dedica a Val\u00e8ncia i Barcelona i a la situaci\u00f3 social, que denota ja els primers compassos de l\u2019actual crisi, una crisi que va, segons els personatges, m\u00e9s enll\u00e0 de l\u2019economia i denota una societat podrida i malalta.<\/p>\n\n\n\n<p><em>Vides desafinades<\/em>&nbsp;\u00e9s una hist\u00f2ria coral, de sis vides encreuades, de vegades perilloses, que mostren un retaule generacional d\u2019uns joves inundats de m\u00fasica que dansaven entre la trentena i quarantena en el segon lustre del tercer mil\u00b7lenni. Els protagonistes es troben en un moment de prendre decisions importants i d\u2019encarrilar les seues vides. I aix\u00f2 passa a alguns personatges enmig d\u2019unes circumst\u00e0ncies socials i laborals que comencen degradar-se. \u00c9s el cas de Vicky i Marta, que es trenquen les banyes per mirar de sobreviure amb una discogr\u00e0fica menuda i independent, siga trobant fortuna amb un grup jove o reconduint el negoci mitjan\u00e7ant el management.<\/p>\n\n\n\n<p>Enmig d\u2019una exist\u00e8ncia condu\u00efda per la m\u00fasica i pels circuits independents, contemplem, en primer pla i en directe, veus que despullen vides menudes, carregades d\u2019intencions i que mostren les cicatrius d\u2019un m\u00f3n equivocat. D\u2019entrada, tots estimen la persona equivocada, cap protagonista \u00e9s correspost, si m\u00e9s no, com vol. Hi veiem els vaivens del cor i els malentesos de la vida i com els egoismes generen desastres enormes. Aix\u00ed rebenten els sentiments m\u00e9s b\u00e0sics i corre la gelosia, el ressentiment, la sensaci\u00f3 d\u2019estafa, el desassossec i l\u2019autodestrucci\u00f3. \u00c9s la subst\u00e0ncia amarga que amera la condici\u00f3 humana amb les seues febleses i forces destructives. El dolor i el drama fereixen, per\u00f2 no anul\u00b7len. Per aix\u00f2, els personatges cerquen l\u2019equilibri en el mar de les adversitats. Encara que hi ha un neguit esquin\u00e7ador flotant, Marta, Vicky, Gerard, Francesc, Al\u00edcia i Jordi aposten per la vida. Combaten la inseguretat i el drama com poden, a trompades i amb accelerades de tota mena (sexe, alcohol i altres deliris). Refan els seus fracassos amb precauci\u00f3 i alhora amb una vitalitat mal dissimulada.<\/p>\n\n\n\n<p>La metralla de la vida fa que alguns personatges fabriquen una cuirassa de duresa i cinisme, encara que per davall brollen els dubtes i el sentit de culpa, l\u2019\u00e0nsia i el sentit de culpa. Fet i debatut, Xavier Aliaga ens ofereix una reflexi\u00f3 veritable sobre el temps vist com la consumaci\u00f3 del desassossec, per\u00f2 tamb\u00e9 com l\u2019esfor\u00e7 permanent de controlar-lo, sobre les complexitats de les relacions sentimentals i la for\u00e7a de l\u2019amistat, sobre la comunicaci\u00f3 tan dif\u00edcil entre generacions i el lligam \u00edntim entre vida i art, ac\u00ed m\u00fasica.<\/p>\n\n\n\n<p>En&nbsp;<em>Vides desafinades<\/em>&nbsp;la ficci\u00f3 ha perm\u00e9s a l\u2019autor pintar peda\u00e7os de vida i ho fa perqu\u00e8 es mostra comprensible, minuci\u00f3s i clar. En els detalls i els gestos regolfa la vida, un teixit cosit per la subtilesa i el corrent soterrani que amaguen els moviments i les paraules dels personatges. Els clarobscurs que en resulten van acompanyats per una prosa plena de giragonses i matisos, i d\u2019una forta expressivitat, allunyada de tota afectaci\u00f3, amb capacitat, aix\u00f2 s\u00ed, de traure punta a la vulgaritat i l\u2019altison\u00e0ncia.<\/p>\n\n\n\n<p><em>Vides desafinades<\/em>, al marge dels punts febles que hi puga detectar el lector, \u00e9s una proposta honesta i valuosa que acompleix amb escreix els objectius que es proposava.<\/p>\n\n\n\n<p>EL PA\u00cdS, QUADERN, 22\/12\/2011<\/p>\n\n\n\n<p>Descarrega&#8217;t l&#8217;original:&nbsp;<img decoding=\"async\" src=\"http:\/\/calafat.cat\/modules\/file\/icons\/application-pdf.png\" alt=\"PDF icon\"><a href=\"http:\/\/calafat.cat\/sites\/default\/files\/els-clarobscurs-de-la-musica.pdf\">els-clarobscurs-de-la-musica.pdf<\/a><\/p>\n\n\n\n<p><a rel=\"noreferrer noopener\" href=\"http:\/\/calafat.cat\/#facebook\" target=\"_blank\">Facebook<\/a>&nbsp;<a rel=\"noreferrer noopener\" href=\"http:\/\/calafat.cat\/#twitter\" target=\"_blank\">Twitter<\/a>&nbsp;<a href=\"https:\/\/www.addtoany.com\/share#url=http%3A%2F%2Fcalafat.cat%2Farticles%2Fels-clarobscurs-de-la-musica&amp;title=Els%20clarobscurs%20de%20la%20m%C3%BAsica\">&nbsp;Comparteix a<\/a><\/p>\n\n\n\n<p>Articles recents:<\/p>\n\n\n\n<p>&nbsp;<a href=\"http:\/\/calafat.cat\/index.php\/lunivers-dens-de-lalfabet-2\/\" data-type=\"page\" data-id=\"2010\">L\u2019univers dens de l\u2019alfabet<\/a><\/p>\n\n\n\n<p><a href=\"http:\/\/calafat.cat\/index.php\/cezanne-poesia-i-pensament-fets-pintura\/\" data-type=\"page\" data-id=\"1125\">C\u00e9zanne: poesia i pensament fets pintura<\/a><\/p>\n\n\n\n<p><a href=\"http:\/\/calafat.cat\/index.php\/el-teatre-de-manuel-la-tralla-que-allibera-4\/\" data-type=\"page\" data-id=\"1582\">El teatre de Manuel: la tralla que allibera<\/a><\/p>\n<\/div>\n\n\n\n<div class=\"wp-block-column is-layout-flow wp-block-column-is-layout-flow\" style=\"flex-basis:50%\">\n<figure class=\"wp-block-image size-full\"><img loading=\"lazy\" decoding=\"async\" width=\"379\" height=\"379\" src=\"http:\/\/calafat.cat\/wp-content\/uploads\/2022\/05\/1-61.jpeg\" alt=\"\" class=\"wp-image-3417\" srcset=\"https:\/\/calafat.cat\/wp-content\/uploads\/2022\/05\/1-61.jpeg 379w, https:\/\/calafat.cat\/wp-content\/uploads\/2022\/05\/1-61-300x300.jpeg 300w, https:\/\/calafat.cat\/wp-content\/uploads\/2022\/05\/1-61-150x150.jpeg 150w\" sizes=\"auto, (max-width: 379px) 100vw, 379px\" \/><figcaption>Portada del llibre<br><br>Vides desafinades. Xavier Aliaga. Edicions 62, Barcelona, 2011. 252 p\u00e0gs.<br><br>Etiquetes:\u00a0<a href=\"http:\/\/calafat.cat\/index.php\/2011-2\/\" data-type=\"page\" data-id=\"2171\">2011<\/a> <a href=\"http:\/\/calafat.cat\/index.php\/publicat-a\/el-pais\/\" data-type=\"page\" data-id=\"108\">El Pa\u00eds<\/a> <a href=\"http:\/\/calafat.cat\/index.php\/per-generes\/narrativa\/\" data-type=\"page\" data-id=\"94\">Narrativa<\/a> <a href=\"http:\/\/calafat.cat\/index.php\/xavier-aliaga\/\" data-type=\"page\" data-id=\"3851\">Xavier Aliaga<\/a><\/figcaption><\/figure>\n<\/div>\n<\/div>\n","protected":false},"excerpt":{"rendered":"<p>La condici\u00f3 de periodista de Xavier Aliaga fa que li interesse que la realitat s\u2019escole d\u2019alguna manera en les ficcions. I aix\u00f2 \u00e9s un punt que s\u2019ha de valorar, perqu\u00e8 l\u2019actualitat no \u00e9s molt corrent en els itineraris literaris dels narradors valencians. En les primeres novel\u00b7les els fets eren filtrats per l\u2019humor i el grotesc, &#8230; <a title=\"Els clarobscurs de la m\u00fasica\" class=\"read-more\" href=\"https:\/\/calafat.cat\/index.php\/els-clarobscurs-de-la-musica\/\" aria-label=\"M\u00e1s en Els clarobscurs de la m\u00fasica\">Leer m\u00e1s<\/a><\/p>\n","protected":false},"author":1,"featured_media":0,"parent":0,"menu_order":0,"comment_status":"closed","ping_status":"closed","template":"","meta":{"footnotes":""},"class_list":["post-1526","page","type-page","status-publish"],"_links":{"self":[{"href":"https:\/\/calafat.cat\/index.php\/wp-json\/wp\/v2\/pages\/1526","targetHints":{"allow":["GET"]}}],"collection":[{"href":"https:\/\/calafat.cat\/index.php\/wp-json\/wp\/v2\/pages"}],"about":[{"href":"https:\/\/calafat.cat\/index.php\/wp-json\/wp\/v2\/types\/page"}],"author":[{"embeddable":true,"href":"https:\/\/calafat.cat\/index.php\/wp-json\/wp\/v2\/users\/1"}],"replies":[{"embeddable":true,"href":"https:\/\/calafat.cat\/index.php\/wp-json\/wp\/v2\/comments?post=1526"}],"version-history":[{"count":3,"href":"https:\/\/calafat.cat\/index.php\/wp-json\/wp\/v2\/pages\/1526\/revisions"}],"predecessor-version":[{"id":3858,"href":"https:\/\/calafat.cat\/index.php\/wp-json\/wp\/v2\/pages\/1526\/revisions\/3858"}],"wp:attachment":[{"href":"https:\/\/calafat.cat\/index.php\/wp-json\/wp\/v2\/media?parent=1526"}],"curies":[{"name":"wp","href":"https:\/\/api.w.org\/{rel}","templated":true}]}}