{"id":1528,"date":"2022-04-27T10:20:52","date_gmt":"2022-04-27T10:20:52","guid":{"rendered":"http:\/\/calafat.cat\/?page_id=1528"},"modified":"2022-05-18T15:24:44","modified_gmt":"2022-05-18T15:24:44","slug":"espies-a-la-valencia-de-postguerra","status":"publish","type":"page","link":"https:\/\/calafat.cat\/index.php\/espies-a-la-valencia-de-postguerra\/","title":{"rendered":"Espies a la Val\u00e8ncia de postguerra"},"content":{"rendered":"\n<div class=\"wp-block-columns alignwide is-layout-flex wp-container-core-columns-is-layout-9d6595d7 wp-block-columns-is-layout-flex\">\n<div class=\"wp-block-column is-layout-flow wp-block-column-is-layout-flow\" style=\"flex-basis:50%\">\n<p>Des de fa uns anys a Ferran Torrent el tempta la trama internacional. La va iniciar per mitj\u00e0 d\u2019un excombatent de l\u2019IRA i d\u2019un comando del Mossad que aterraren a Val\u00e8ncia. En&nbsp;<em>Bulevard dels francesos<\/em>&nbsp;se submergia en el drama que obr\u00ed la guerra espanyola, l\u2019asfixia de la inacabable postguerra, els efectes de les ideologies i els estralls que deixaren les il\u00b7lusions pol\u00edtiques desaforades. La seua narrativa \u00e9s fa m\u00e9s greu i els personatges viuen travessats per conflictes interns i morals. En&nbsp;<em>Ombres en la nit<\/em>&nbsp;integra les dues l\u00ednies en una operaci\u00f3 arriscada, perqu\u00e8 parteix d\u2019un fet, d\u2019entrada, poc cre\u00efble: la pres\u00e8ncia d\u2019un valenci\u00e0 gitano i comunista en un grup jueu. Alg\u00fa dir\u00e0: ja estem, una altra vegada els nazis i els jueus. Sembla ja un fet inevitable quan es parla de l\u2019Europa del segle XX. Potser, per\u00f2 al mateix temps es pot pensar per qu\u00e8 no. \u00c9s un tema clau, de moltes resson\u00e0ncies, que ha marcat el nostre imaginari. A m\u00e9s, ara ja n\u2019hi ha prou informaci\u00f3 per a poder parlar-ne amb versemblan\u00e7a. El problema no \u00e9s que se\u2019n parle, sin\u00f3 amb quina intenci\u00f3 es fa. Tamb\u00e9 cal dir que, vista l\u2019evoluci\u00f3 de les novel\u00b7les de Ferran Torrent, no sorpr\u00e9n gens que aposte ara per un&nbsp;<em>thriller<\/em>&nbsp;d\u2019espionatge i venjan\u00e7a en els anys immediats de la Segona Guerra Mundial, enmig de les tensions entre Occident i el comunisme. L\u2019autor ha tingut bon ull de triar aspectes poc transitats, com ara el ressentiment i l\u2019odi.<\/p>\n\n\n\n<p>El valenci\u00e0 Santiago Cort\u00e9s pertany a un grup entestat a reparar el sofriment de les v\u00edctimes. El Nakam no t\u00e9 paci\u00e8ncia per a estrat\u00e8gies legals i pol\u00edtiques i s\u2019enfronta a les institucions jueves m\u00e9s representatives. Exigeixen una just\u00edcia r\u00e0pida; \u00e9s la seua via d\u2019expiar la culpa. Els components del col\u00b7lectiu s\u00f3n personatges temeraris, trencats per la brutalitat viscuda, errants i desarrelats. S\u00f3n una ferida oberta. Nom\u00e9s es reconeixen entre els torturats. La incomunicaci\u00f3 \u00e9s total. No hi ha cap consol. L\u2019assassinat de nazis, com esperen, no desinfecta la nafra, l\u2019aprofundeix. No tots els integrants s\u00f3n su\u00efcides en pot\u00e8ncia. Alguns estan cremats, per\u00f2 no odien la vida; miren d\u2019introduir en el seu pensament tant com poden una mica de racionalitat. La reflexi\u00f3 implica comprendre les circumst\u00e0ncies.<\/p>\n\n\n\n<p>La primera part de la novel\u00b7la se centra en les accions del Nakam que es duen a terme a Viena i als seus voltants. Al seu costat hi ha altres hist\u00f2ries. La d\u2019un periodista angl\u00e9s, que estigu\u00e9 a Val\u00e8ncia en temps de la guerra i f\u00e9u molts amics republicans, i ara fa d\u2019ajudant d\u2019espia. I la d\u2019un coronel rus que es fa passar per home de negocis hongar\u00e9s, amb bones relacions amb el poder valenci\u00e0. Dirigeix la resist\u00e8ncia, formada per antics amics de l\u2019angl\u00e9s. \u00c9s en la segona part d\u2019<em>Ombres en la nit<\/em>&nbsp;que conflueixen els distints fils narratius i creix la intriga. Tots van al darrere del metge Heinrich Henkel, expert en temes nuclears, i que va dirigir experiments en camps de concentraci\u00f3. \u00c9s el moment en qu\u00e8 l\u2019autor posa a rodar les seues millors armes narratives. Els personatges es busquen, es vigilen i miren de despistar i controlar els altres. L\u2019acci\u00f3 avan\u00e7a a base de moviments i contramoviments, on els espies professionals, que s\u00f3n els ca\u00e7adors i els que mouen els fils ocults, acaben sent ca\u00e7ats.<\/p>\n\n\n\n<p>Els personatges (alguns de reeixits, com els falsificadors, l\u2019exboxejador i el gitano) s\u00f3n durs, descreguts, i acaben defensant una moral individualista enfront de l\u2019opacitat i l\u2019arbitrarietat de les ideologies i dels governs (capa\u00e7os d\u2019integrar personatges de passat terrible, si molt els conv\u00e9). \u00c9s la l\u00f2gica del poder. En una societat en ru\u00efnes, de desconfian\u00e7a total, els personatges valencians de la resist\u00e8ncia troben una eixida, la dignitat personal, en la sacralitzaci\u00f3 dels ideals, als quals ho subordinen tot. Inexcusablement, el desengany arriba i es viu sense fatalismes ni narc\u00f2tics.<\/p>\n\n\n\n<p><em>Ombres en la nit<\/em>, on es veu l\u2019ombra de la novel\u00b7la anglesa i de les mem\u00f2ries d\u2019activistes i supervivents, pinta una obra coral, de protagonisme divers, per\u00f2 on els car\u00e0cters s\u00f3n ajustats i al servei d\u2019una trama ben dosificada, rematada amb uns di\u00e0legs tensos i un estil conc\u00eds i rotund. Encara que l\u2019obra no t\u00e9 l\u2019abast de&nbsp;<em>Bulevard dels francesos<\/em>, t\u00e9 l\u2019atractiu d\u2019aparcar l\u2019humor i oferir en una lectura entretinguda una visi\u00f3 devastadora de la condici\u00f3 humana.<\/p>\n\n\n\n<p>EL PA\u00cdS, QUADERN, 27\/10\/2011<\/p>\n\n\n\n<p>Descarrega&#8217;t l&#8217;original:&nbsp;<img decoding=\"async\" src=\"http:\/\/calafat.cat\/modules\/file\/icons\/application-pdf.png\" alt=\"PDF icon\"><a href=\"http:\/\/calafat.cat\/sites\/default\/files\/espies-a-la-valencia-de-postguerra.pdf\">espies-a-la-valencia-de-postguerra.pdf<\/a><\/p>\n\n\n\n<p><a rel=\"noreferrer noopener\" href=\"http:\/\/calafat.cat\/#facebook\" target=\"_blank\">Facebook<\/a>&nbsp;<a rel=\"noreferrer noopener\" href=\"http:\/\/calafat.cat\/#twitter\" target=\"_blank\">Twitter<\/a>&nbsp;<a href=\"https:\/\/www.addtoany.com\/share#url=http%3A%2F%2Fcalafat.cat%2Farticles%2Fespies-a-la-valencia-de-postguerra&amp;title=Espies%20a%20la%20Val%C3%A8ncia%20de%20postguerra\">&nbsp;Comparteix a<\/a><\/p>\n\n\n\n<p>Articles recents:&nbsp;<\/p>\n\n\n\n<p><a href=\"http:\/\/calafat.cat\/index.php\/viatge-iniciatic-i-catartic-al-mon-sorprenent-del-primer-estelles-2\/\" data-type=\"page\" data-id=\"2032\">Viatge inici\u00e0tic i cat\u00e0rtic al m\u00f3n sorprenent del primer Estell\u00e9s<\/a><\/p>\n\n\n\n<p><a href=\"http:\/\/calafat.cat\/index.php\/laura-contaminada-de-valencia\/\" data-type=\"page\" data-id=\"1046\">L&#8217;aura contaminada de Val\u00e8ncia<\/a><\/p>\n\n\n\n<p><a href=\"http:\/\/calafat.cat\/index.php\/reflexions-al-voltant-del-llorentenisme-i-fuster\/\" data-type=\"page\" data-id=\"1130\">Reflexions al voltant del llorentenisme i Fuster<\/a><\/p>\n<\/div>\n\n\n\n<div class=\"wp-block-column is-layout-flow wp-block-column-is-layout-flow\" style=\"flex-basis:50%\">\n<figure class=\"wp-block-image size-full is-resized\"><img loading=\"lazy\" decoding=\"async\" src=\"http:\/\/calafat.cat\/wp-content\/uploads\/2022\/05\/1-62.jpeg\" alt=\"\" class=\"wp-image-3421\" width=\"379\" height=\"379\" srcset=\"https:\/\/calafat.cat\/wp-content\/uploads\/2022\/05\/1-62.jpeg 379w, https:\/\/calafat.cat\/wp-content\/uploads\/2022\/05\/1-62-300x300.jpeg 300w, https:\/\/calafat.cat\/wp-content\/uploads\/2022\/05\/1-62-150x150.jpeg 150w\" sizes=\"auto, (max-width: 379px) 100vw, 379px\" \/><figcaption>Portada del llibre<br><br>Ombres en la nit. Ferran Torrent. Columna\/Bromera, Barcelona\/Val\u00e8ncia, 2011. 245\/209 p\u00e0gs.<br><br>Etiquetes:\u00a0<a href=\"http:\/\/calafat.cat\/index.php\/2011-2\/\" data-type=\"page\" data-id=\"2171\">2011<\/a> <a href=\"http:\/\/calafat.cat\/index.php\/publicat-a\/el-pais\/\" data-type=\"page\" data-id=\"108\">El Pa\u00eds<\/a> <a href=\"http:\/\/calafat.cat\/index.php\/per-generes\/narrativa\/\" data-type=\"page\" data-id=\"94\">Narrativa<\/a> <a href=\"http:\/\/calafat.cat\/index.php\/ferran-torrent\/\" data-type=\"page\" data-id=\"3892\">Ferran Torrent<\/a><\/figcaption><\/figure>\n<\/div>\n<\/div>\n","protected":false},"excerpt":{"rendered":"<p>Des de fa uns anys a Ferran Torrent el tempta la trama internacional. La va iniciar per mitj\u00e0 d\u2019un excombatent de l\u2019IRA i d\u2019un comando del Mossad que aterraren a Val\u00e8ncia. En&nbsp;Bulevard dels francesos&nbsp;se submergia en el drama que obr\u00ed la guerra espanyola, l\u2019asfixia de la inacabable postguerra, els efectes de les ideologies i els &#8230; <a title=\"Espies a la Val\u00e8ncia de postguerra\" class=\"read-more\" href=\"https:\/\/calafat.cat\/index.php\/espies-a-la-valencia-de-postguerra\/\" aria-label=\"M\u00e1s en Espies a la Val\u00e8ncia de postguerra\">Leer m\u00e1s<\/a><\/p>\n","protected":false},"author":1,"featured_media":0,"parent":0,"menu_order":0,"comment_status":"closed","ping_status":"closed","template":"","meta":{"footnotes":""},"class_list":["post-1528","page","type-page","status-publish"],"_links":{"self":[{"href":"https:\/\/calafat.cat\/index.php\/wp-json\/wp\/v2\/pages\/1528","targetHints":{"allow":["GET"]}}],"collection":[{"href":"https:\/\/calafat.cat\/index.php\/wp-json\/wp\/v2\/pages"}],"about":[{"href":"https:\/\/calafat.cat\/index.php\/wp-json\/wp\/v2\/types\/page"}],"author":[{"embeddable":true,"href":"https:\/\/calafat.cat\/index.php\/wp-json\/wp\/v2\/users\/1"}],"replies":[{"embeddable":true,"href":"https:\/\/calafat.cat\/index.php\/wp-json\/wp\/v2\/comments?post=1528"}],"version-history":[{"count":3,"href":"https:\/\/calafat.cat\/index.php\/wp-json\/wp\/v2\/pages\/1528\/revisions"}],"predecessor-version":[{"id":3904,"href":"https:\/\/calafat.cat\/index.php\/wp-json\/wp\/v2\/pages\/1528\/revisions\/3904"}],"wp:attachment":[{"href":"https:\/\/calafat.cat\/index.php\/wp-json\/wp\/v2\/media?parent=1528"}],"curies":[{"name":"wp","href":"https:\/\/api.w.org\/{rel}","templated":true}]}}