{"id":1552,"date":"2022-04-27T10:31:40","date_gmt":"2022-04-27T10:31:40","guid":{"rendered":"http:\/\/calafat.cat\/?page_id=1552"},"modified":"2022-05-19T14:25:23","modified_gmt":"2022-05-19T14:25:23","slug":"engrandir-la-passio-dels-dies","status":"publish","type":"page","link":"https:\/\/calafat.cat\/index.php\/engrandir-la-passio-dels-dies\/","title":{"rendered":"Engrandir la passi\u00f3 dels dies"},"content":{"rendered":"\n<div class=\"wp-block-columns alignwide is-layout-flex wp-container-core-columns-is-layout-9d6595d7 wp-block-columns-is-layout-flex\">\n<div class=\"wp-block-column is-layout-flow wp-block-column-is-layout-flow\" style=\"flex-basis:50%\">\n<p><em>En l\u2019aspre vent del nou m\u00f3n<\/em>&nbsp;\u00e9s un t\u00edtol potent que suggereix diverses lectures. Tanmateix, una de possible seria que el m\u00f3n vist en conjunt pot resultar ca\u00f2tic, estrany, dif\u00edcil d\u2019apamar. Per\u00f2 viure \u00e9s certament aix\u00f2, tractar que aqueixa immensitat incomprensible puga tenir algun sentit. De fet, ens trobem davant d\u2019un llibre que ent\u00e9n la poesia com una forma de coneixement, i ac\u00ed de coneixement que t\u00e9 poc a veure amb la defensa de cap racionalisme i d\u2019una visi\u00f3 \u00fanica. \u00c9s m\u00e9s aviat el contrari. L\u2019univers \u00e9s plural, cisellat per les circumst\u00e0ncies. Parlar-ne ser\u00e0, doncs, una aproximaci\u00f3 constant, mai tancada del tot. A partir de la contemplaci\u00f3 ens amerem del m\u00f3n i per mitj\u00e0 del llenguatge el fem nostre, l\u2019espongem per recon\u00e9ixer \u00abtot el que albires darrere les coses\u00bb, encara que puguen ser opaques i confuses. En el proc\u00e9s de traure\u2019n els sentits es produeix una interrogaci\u00f3 incessant i una tensi\u00f3 permanent entre \u00abulls i paraula\u00bb. Encara que hi ha alguns poemes conceptuals, una bona part s\u00f3n concrets i es gesten des de l\u2019observaci\u00f3 del paisatge \u2014alguns des de darrere d\u2019una finestra\u2014, d\u2019una estampa de la natura, d\u2019un record, d\u2019una viv\u00e8ncia. I, per aix\u00f2, el vers \u00e9s fortament sensitiu i emotiu, perqu\u00e8 les sensacions i les emocions aporten valoracions i informaci\u00f3 sobre les coses. La reflexi\u00f3 hi \u00e9s, sovint despr\u00e9s d\u2019una situaci\u00f3 a la inversa, per\u00f2 generalment integrada amb les escenes o amb les seues percepcions.<\/p>\n\n\n\n<p>El poemari comen\u00e7a fort: s\u2019interroga qu\u00e8 pot fer una vida insignificant contra el no-res. Aquest no-res \u00e9s el mur contra el qual topetem, \u00e9s la fita que ens consciencia del que som, de la nostra feblesa i dels perills que ens assetgen. Tot seguit ve la cursa per interrogar la vida, per intensificar-la, cercar-ne algun entrellat, per\u00f2 de vegades hem de saber que hi ha coses per les quals no cal obsedir-se. Unes altres, gaudirem de la llum que s\u2019esgota sense m\u00e9s. La prud\u00e8ncia a voltes, sobretot amb l\u2019edat, demana quietud, per\u00f2 una manera de mantenir la vitalitat \u00e9s \u00abmirar on no deus\u00bb, perqu\u00e8 potser all\u00e0 trobar\u00e0s \u00abel sentit de dir sense artifici el goig de ser\u00bb. Encara que les paraules no ho s\u00f3n tot ni poden donar compte de tot ni fixar els termes justos de la realitat, cal mirar d\u2019expressar \u00abla resplendor que enlluerna\u00bb, perqu\u00e8 tot i saber de les pors i de l\u2019oblit, cal la paraula, la poesia, per conjurar-los. Tot plegat, \u00abni versos ni aforismes s\u2019inventaren \/ per dir la veritat. Nom\u00e9s per ajudar \/a imaginar-la\u00bb.<\/p>\n\n\n\n<p>Si amb&nbsp;<em>Del clam de Jas\u00f3<\/em>, Vicent Alonso encetava una nova etapa, En l\u2019aspre vent del nou m\u00f3n trobem l\u2019aprofundiment d\u2019aquella dicci\u00f3 i mirada po\u00e8tiques. \u00c9s un llibre d\u2019una extraordin\u00e0ria for\u00e7a l\u00edrica que ofereix reflexions consistents i personals, imatges d\u2019una gran densitat i delicadesa i poemes de factura impecable. Vicent Alonso aconsegueix un vers d\u2019una naturalitat admirable que des de la senzillesa toca fibres profundes de l\u2019experi\u00e8ncia humana.<\/p>\n\n\n\n<p>EL PA\u00cdS, QUADERN, 05\/04\/2012<\/p>\n\n\n\n<p>Descarrega&#8217;t l&#8217;original:&nbsp;<img decoding=\"async\" src=\"http:\/\/calafat.cat\/modules\/file\/icons\/application-pdf.png\" alt=\"PDF icon\"><a href=\"http:\/\/calafat.cat\/sites\/default\/files\/engrandir-la-passio-dels-dies_0.pdf\">engrandir-la-passio-dels-dies.pdf<\/a><\/p>\n\n\n\n<p><a rel=\"noreferrer noopener\" href=\"http:\/\/calafat.cat\/#facebook\" target=\"_blank\">Facebook<\/a>&nbsp;<a rel=\"noreferrer noopener\" href=\"http:\/\/calafat.cat\/#twitter\" target=\"_blank\">Twitter<\/a>&nbsp;<a href=\"https:\/\/www.addtoany.com\/share#url=http%3A%2F%2Fcalafat.cat%2Farticles%2Fengrandir-la-passio-dels-dies&amp;title=Engrandir%20la%20passi%C3%B3%20dels%20dies\">&nbsp;Comparteix a<\/a><\/p>\n\n\n\n<p>Articles recents:&nbsp;<\/p>\n\n\n\n<p><a href=\"http:\/\/calafat.cat\/index.php\/quan-la-realitat-dansa-en-la-ficcio-3\/\" data-type=\"page\" data-id=\"1892\">Quan la realitat dansa en la ficci\u00f3<\/a><\/p>\n\n\n\n<p><a href=\"http:\/\/calafat.cat\/index.php\/saltant-duna-travessa-a-laltra\/\" data-type=\"page\" data-id=\"1034\">Saltant d\u2019una travessa a l\u2019altra<\/a><\/p>\n\n\n\n<p><a href=\"http:\/\/calafat.cat\/index.php\/cezanne-poesia-i-pensament-fets-pintura\/\" data-type=\"page\" data-id=\"1125\">C\u00e9zanne: poesia i pensament fets pintura<\/a><\/p>\n<\/div>\n\n\n\n<div class=\"wp-block-column is-layout-flow wp-block-column-is-layout-flow\" style=\"flex-basis:50%\">\n<figure class=\"wp-block-image\"><img loading=\"lazy\" decoding=\"async\" width=\"379\" height=\"379\" src=\"http:\/\/calafat.cat\/wp-content\/uploads\/2022\/05\/1-73.jpeg\" alt=\"\" class=\"wp-image-3465\" srcset=\"https:\/\/calafat.cat\/wp-content\/uploads\/2022\/05\/1-73.jpeg 379w, https:\/\/calafat.cat\/wp-content\/uploads\/2022\/05\/1-73-300x300.jpeg 300w, https:\/\/calafat.cat\/wp-content\/uploads\/2022\/05\/1-73-150x150.jpeg 150w\" sizes=\"auto, (max-width: 379px) 100vw, 379px\" \/><figcaption>Vicent Alonso. Fotografia: M\u00f2nica Torres.<br>Font: ccaa.elpais.com<br><br>En l\u2019aspre vent del nou m\u00f3n. Vicent Alonso. Editorial Eumo-Caf\u00e9 Central, Vic, 2012. 58 p\u00e0gs.<br><br>Etiquetes:\u00a0<a href=\"http:\/\/calafat.cat\/index.php\/2012-3\/\" data-type=\"page\" data-id=\"2173\">2012<\/a> <a href=\"http:\/\/calafat.cat\/index.php\/publicat-a\/el-pais\/\" data-type=\"page\" data-id=\"108\">El Pa\u00eds<\/a> <a href=\"http:\/\/calafat.cat\/index.php\/per-generes\/poesia\/\" data-type=\"page\" data-id=\"98\">Poesia<\/a> <a href=\"http:\/\/calafat.cat\/index.php\/vicent-alonso\/\" data-type=\"page\" data-id=\"4103\">Vicent Alonso<\/a><\/figcaption><\/figure>\n<\/div>\n<\/div>\n","protected":false},"excerpt":{"rendered":"<p>En l\u2019aspre vent del nou m\u00f3n&nbsp;\u00e9s un t\u00edtol potent que suggereix diverses lectures. Tanmateix, una de possible seria que el m\u00f3n vist en conjunt pot resultar ca\u00f2tic, estrany, dif\u00edcil d\u2019apamar. Per\u00f2 viure \u00e9s certament aix\u00f2, tractar que aqueixa immensitat incomprensible puga tenir algun sentit. De fet, ens trobem davant d\u2019un llibre que ent\u00e9n la poesia &#8230; <a title=\"Engrandir la passi\u00f3 dels dies\" class=\"read-more\" href=\"https:\/\/calafat.cat\/index.php\/engrandir-la-passio-dels-dies\/\" aria-label=\"M\u00e1s en Engrandir la passi\u00f3 dels dies\">Leer m\u00e1s<\/a><\/p>\n","protected":false},"author":1,"featured_media":0,"parent":0,"menu_order":0,"comment_status":"closed","ping_status":"closed","template":"","meta":{"footnotes":""},"class_list":["post-1552","page","type-page","status-publish"],"_links":{"self":[{"href":"https:\/\/calafat.cat\/index.php\/wp-json\/wp\/v2\/pages\/1552","targetHints":{"allow":["GET"]}}],"collection":[{"href":"https:\/\/calafat.cat\/index.php\/wp-json\/wp\/v2\/pages"}],"about":[{"href":"https:\/\/calafat.cat\/index.php\/wp-json\/wp\/v2\/types\/page"}],"author":[{"embeddable":true,"href":"https:\/\/calafat.cat\/index.php\/wp-json\/wp\/v2\/users\/1"}],"replies":[{"embeddable":true,"href":"https:\/\/calafat.cat\/index.php\/wp-json\/wp\/v2\/comments?post=1552"}],"version-history":[{"count":3,"href":"https:\/\/calafat.cat\/index.php\/wp-json\/wp\/v2\/pages\/1552\/revisions"}],"predecessor-version":[{"id":4117,"href":"https:\/\/calafat.cat\/index.php\/wp-json\/wp\/v2\/pages\/1552\/revisions\/4117"}],"wp:attachment":[{"href":"https:\/\/calafat.cat\/index.php\/wp-json\/wp\/v2\/media?parent=1552"}],"curies":[{"name":"wp","href":"https:\/\/api.w.org\/{rel}","templated":true}]}}