{"id":1576,"date":"2022-04-27T10:45:07","date_gmt":"2022-04-27T10:45:07","guid":{"rendered":"http:\/\/calafat.cat\/?page_id=1576"},"modified":"2022-05-16T10:23:51","modified_gmt":"2022-05-16T10:23:51","slug":"una-temporada-de-ficcio-panorama-dun-curs-fecund-en-les-lletres-valencianes","status":"publish","type":"page","link":"https:\/\/calafat.cat\/index.php\/una-temporada-de-ficcio-panorama-dun-curs-fecund-en-les-lletres-valencianes\/","title":{"rendered":"Una temporada de ficci\u00f3. Panorama d\u2019un curs fecund en les lletres valencianes"},"content":{"rendered":"\n<div class=\"wp-block-columns alignwide is-layout-flex wp-container-core-columns-is-layout-9d6595d7 wp-block-columns-is-layout-flex\">\n<div class=\"wp-block-column is-layout-flow wp-block-column-is-layout-flow\" style=\"flex-basis:50%\">\n<p>El curs literari va comen\u00e7ar potent. El va obrir a l\u2019octubre Ferran Torrent amb un t\u00edtol atractiu,&nbsp;<em>Les ombres en la nit<\/em>&nbsp;(Columna), una novel\u00b7la de suspens i, per tant, d\u2019entreteniment, per\u00f2 carregada de p\u00f3lvora. Furga dos temes importants, com la postguerra espanyola i els primers passos dels supervivents de l\u2019Holocaust. Toca dos punts poc tractats: el ressentiment i l\u2019odi que dugu\u00e9 alguns supervivents a venjar la mort dels sis milions de jueus i, a trav\u00e9s del personatge Santiago Cort\u00e9s, recorda una minoria oblidada, els gitanos. Aquest&nbsp;<em>thriller<\/em>&nbsp;d\u2019espionatge cont\u00e9 una bona part dels ingredients del g\u00e8nere: missions perilloses, intencions fosques, agents que no se sap a qu\u00e8 juguen i ca\u00e7adors ca\u00e7ats. \u00c9s una obra coral, altament dramatitzada amb uns di\u00e0legs tallants i rotunds, una prosa neta i un ritme el\u00e8ctric.<\/p>\n\n\n\n<p>El mateix mes un altre autor valenci\u00e0 de pes, Vicent Us\u00f3, va donar a con\u00e9ixer&nbsp;<em>La m\u00e0 de ning\u00fa<\/em>&nbsp;(Proa), situada tamb\u00e9 fora de les nostres fronteres, en concret al nord de Fran\u00e7a. Hi fa servir pinzellades del g\u00e8nere polic\u00edac per a pintar un m\u00f3n s\u00f2rdid. Amb un punt de misteri hi presenta vides corrents, per\u00f2 que arrosseguen secrets, per a descriure realitats i conflictes diferents. Sota la normalitat hi ha uns quants secrets que serveixen per a tocar temes espinosos, com ara la immigraci\u00f3 il\u00b7legal, el tr\u00e0fic de prostitutes i pr\u00e0ctiques m\u00e8diques al marge de la llei. El narrador \u00e9s destre en l\u2019exploraci\u00f3 dels sentiments dels personatges i sap traure punta als detalls nimis i a les relacions callades, per mitj\u00e0 del gest m\u00e9s menut i la mirada subtil.<\/p>\n\n\n\n<p>Tot seguit Xavier Aliaga va traure un dels plats forts de la temporada,&nbsp;<em>Vides desafinades<\/em>&nbsp;(Edicions 62), que, situada a cavall entre Val\u00e8ncia i Barcelona, t\u00e9 com a fons la m\u00fasica independent i els primers compassos de la crisi actual. \u00c9s una hist\u00f2ria amb molta molla, de veus encreuades, que segueix les vides de joves d\u2019ara, plenes d\u2019objectius i que mostren les ferides d\u2019un m\u00f3n equivocat. Contemplem els alts i baixos dels sentiments i els equ\u00edvocs de l\u2019exist\u00e8ncia i com els egoismes provoquen cat\u00e0strofes enormes. Una reflexi\u00f3 veritable sobre el temps vist com la consumaci\u00f3 del desassossec, per\u00f2 tamb\u00e9 com l\u2019esfor\u00e7 permanent de controlar-lo, sobre la complexitat de les relacions sentimentals i la for\u00e7a de l\u2019amistat, sobre la dif\u00edcil comunicaci\u00f3 entre generacions i el lligam \u00edntim entre vida i art, ac\u00ed m\u00fasica.<\/p>\n\n\n\n<p>Una bona sorpresa ha estat l\u2019estrena liter\u00e0ria d\u2019Anna Moner, que amb&nbsp;<em>Les mans de la deixebla<\/em>&nbsp;(Bromera) ens evoca l\u2019univers de Frankenstein i ens transporta al segle XVIII, a l\u2019exploraci\u00f3 dels l\u00edmits en el ram dels metges. Els punts forts de la novel\u00b7la s\u00f3n la hist\u00f2ria absorbent que encadena uns personatges plens de plecs i la creaci\u00f3 d\u2019un clima envoltant, de reverberacions simb\u00f2liques, opressiu i tenebr\u00f3s per la combinaci\u00f3 i contrast de bellesa i monstruositat, de lux\u00faria, morbositat i terror, enmig d\u2019escenes saturades per la descomposici\u00f3 i les aromes florals.<\/p>\n\n\n\n<p>Silvestre Vilaplana ens condueix tamb\u00e9 al terreny de la morbositat i l\u2019horror amb&nbsp;<em>El quadern de les vides perdudes<\/em>&nbsp;(Bromera). \u00c9s un&nbsp;<em>thriller<\/em>&nbsp;que es decanta pel costat psicol\u00f2gic i que descriu les tribulacions d\u2019un vell en fase de perdre la mem\u00f2ria, angoixat pel fet que sospita que pot ser un assass\u00ed de xiquetes. En el seu desassossec s\u2019agafa desesperadament a la literatura com una via per no perdre la consci\u00e8ncia de qui \u00e9s.<\/p>\n\n\n\n<p>Jordi Colonques s\u2019atrinxera en la metralla liter\u00e0ria i en&nbsp;<em>M\u00f3n animal<\/em>&nbsp;(Onada) desenvolupa amb efectivitat una s\u00e0tira sagnant sobre el m\u00f3n actual per mitj\u00e0 de personatges delirants o estampes demolidores sobre la venda ambulant i l\u2019obsessi\u00f3 pels parcs tem\u00e0tics. Cal no oblidar&nbsp;<em>Raons de sang i foc<\/em>&nbsp;(Bromera), de Pep Castellano, centrada en la guerra de la Germania i en qu\u00e8 la protagonista ha de silenciar un secret terrible.<\/p>\n\n\n\n<p>Enguany el g\u00e8nere del conte inclou uns quants t\u00edtols. Anna Lis s\u2019estrena com a narradora amb&nbsp;<em>Les temptacions<\/em>&nbsp;(Edicions 96), un llibre amable i amb bones dosis d\u2019ironia. Hi desplega una galeria notable d\u2019actituds i situacions sobre les relacions sentimentals, familiars i d\u2019amistat que corren per les pujades i les baixades d\u2019unes relacions tan \u00e0mplies com complexes. Contades amb una prosa funcional, col\u00b7loquial, plena de girs de tota mena, on cada conte se sustenta en imatge i una estructura que la ressalten. Sico Fons ha reunit en&nbsp;<em>Humors agres<\/em>&nbsp;(Bullent) relats ir\u00f2nics que pinten situacions absurdes i pat\u00e8tiques de la vida actual. En canvi, Francesc Momp\u00f3, en&nbsp;<em>Fronteres de vidre<\/em>&nbsp;(Germania), confecciona hist\u00f2ries que dansen entre la realitat i la irrealitat, entre la l\u00f2gica i l\u2019absurd.<\/p>\n\n\n\n<p>Entre les novetats cal subratllar la novel\u00b7la&nbsp;<em>La gatera<\/em>, de Muriel Villanueva (Amsterdam). La protagonista, que hereta dos pisos units per una gatera, transitada per un gat taronja, trena un dietari for\u00e7a suggeridor a base de somnis i viv\u00e8ncies, lectures i pensaments per indagar la seua identitat, sobretot la sexual. Una proposta interessant plena de salts que uneix en un mateix al\u00e9 vital passat i present, realitat i ficci\u00f3.<\/p>\n\n\n\n<p>Isabel-Clara Sim\u00f3, amb l\u2019efic\u00e0cia de sempre, ens presenta en&nbsp;<em>Un tros de cel<\/em>&nbsp;(Bromera) una den\u00fancia de la prostituci\u00f3 i de les m\u00e0fies que t\u00e9 com a protagonista una adolescent de Hong Kong, for\u00e7ada a prostituir-se a la ciutat de Val\u00e8ncia i que tracta de fugir de les atrocitats que ha patit amb l\u2019objectiu de controlar el rumb de la seua pr\u00f2pia vida.<\/p>\n\n\n\n<p>El poeta Berna Blanch, en la primera incursi\u00f3 en la narrativa, aposta pel g\u00e8nere fant\u00e0stic. Aix\u00ed, en&nbsp;<em>Apunts d\u2019altres mons<\/em>&nbsp;(Onada), per mitj\u00e0 d\u2019un seguit de mon\u00f2legs, presenta un \u00e9sser eteri que s\u2019instal\u00b7la dins d\u2019altres \u00e9sser vius per rec\u00f3rrer l\u2019univers fins que aterra en l\u2019interior d\u2019un \u00e9sser hum\u00e0.<\/p>\n\n\n\n<p>Per tancar, dues obres que no pertanyen a la ficci\u00f3, per\u00f2 que estan escrites amb voluntat liter\u00e0ria. En la primera,&nbsp;<em>El somni d\u2019una p\u00e0tria de paraules<\/em>&nbsp;(Bromera), Josep Piera es planteja revitalitzar la figura de Teodor Llorente i, en un segon pla, la resta dels protagonistes que s\u2019esfor\u00e7aren per engegar la Renaixen\u00e7a a Val\u00e8ncia. Repassa la traject\u00f2ria intel\u00b7lectual i po\u00e8tica del creador de&nbsp;<em>Las Provincias<\/em>&nbsp;i la connecta amb els corrents de l\u2019\u00e8poca. En el segon,&nbsp;<em>Viatge pel meu pa\u00eds<\/em>&nbsp;(Edicions 3i4), Joan Gar\u00ed recorre amb ulls actuals el viatge que va fer Fuster fa cinquanta anys amb la finalitat de veure l\u2019evoluci\u00f3 del pa\u00eds.<\/p>\n\n\n\n<p>EL PA\u00cdS, QUADERN, 26\/04\/2012<\/p>\n\n\n\n<p>Descarrega&#8217;t l&#8217;original:\u00a0<img decoding=\"async\" src=\"http:\/\/calafat.cat\/modules\/file\/icons\/application-pdf.png\" alt=\"PDF icon\"><a href=\"http:\/\/calafat.cat\/sites\/default\/files\/una-temporada-de-ficcio.pdf\">una-temporada-de-ficcio.pdf<\/a><\/p>\n\n\n\n<p><a rel=\"noreferrer noopener\" href=\"http:\/\/calafat.cat\/#facebook\" target=\"_blank\">Facebook<\/a>\u00a0<a rel=\"noreferrer noopener\" href=\"http:\/\/calafat.cat\/#twitter\" target=\"_blank\">Twitter<\/a>\u00a0<a href=\"https:\/\/www.addtoany.com\/share#url=http%3A%2F%2Fcalafat.cat%2Farticles%2Funa-temporada-de-ficcio&amp;title=Una%20temporada%20de%20ficci%C3%B3.%20Panorama%20d%E2%80%99un%20curs%20fecund%20en%20les%20lletres%20valencianes\">\u00a0Comparteix a<\/a><\/p>\n\n\n\n<p>Articles recents:<\/p>\n\n\n\n<p>&nbsp;<a href=\"http:\/\/calafat.cat\/index.php\/viatge-iniciatic-i-catartic-al-mon-sorprenent-del-primer-estelles-2\/\" data-type=\"page\" data-id=\"2032\">Viatge inici\u00e0tic i cat\u00e0rtic al m\u00f3n sorprenent del primer Estell\u00e9s<\/a><\/p>\n\n\n\n<p><a href=\"http:\/\/calafat.cat\/index.php\/quatre-decades-de-narrativa-valenciana-moderna\/\" data-type=\"page\" data-id=\"1048\">Quatre d\u00e8cades de narrativa valenciana moderna<\/a><\/p>\n\n\n\n<p><a href=\"http:\/\/calafat.cat\/index.php\/pulsions-en-un-moviment-permament\/\" data-type=\"page\" data-id=\"1061\">Pulsions en un moviment permament<\/a><\/p>\n<\/div>\n\n\n\n<div class=\"wp-block-column is-layout-flow wp-block-column-is-layout-flow\" style=\"flex-basis:50%\">\n<figure class=\"wp-block-image size-full\"><img loading=\"lazy\" decoding=\"async\" width=\"379\" height=\"284\" src=\"http:\/\/calafat.cat\/wp-content\/uploads\/2022\/05\/1-86.jpeg\" alt=\"\" class=\"wp-image-3507\" srcset=\"https:\/\/calafat.cat\/wp-content\/uploads\/2022\/05\/1-86.jpeg 379w, https:\/\/calafat.cat\/wp-content\/uploads\/2022\/05\/1-86-300x225.jpeg 300w\" sizes=\"auto, (max-width: 379px) 100vw, 379px\" \/><figcaption>Fotografia: Josep Mart\u00ednez<br><br>Etiquetes:\u00a0<a href=\"http:\/\/calafat.cat\/index.php\/2012-3\/\" data-type=\"page\" data-id=\"2173\">2012<\/a> <a href=\"http:\/\/calafat.cat\/index.php\/publicat-a\/el-pais\/\">El Pa\u00eds<\/a> <a href=\"http:\/\/calafat.cat\/index.php\/per-generes\/panoramiques\/\" data-type=\"page\" data-id=\"96\">Panor\u00e0miques<\/a> <a href=\"http:\/\/calafat.cat\/index.php\/per-generes\/narrativa\/\" data-type=\"page\" data-id=\"94\">Narrativa<\/a><\/figcaption><\/figure>\n<\/div>\n<\/div>\n","protected":false},"excerpt":{"rendered":"<p>El curs literari va comen\u00e7ar potent. El va obrir a l\u2019octubre Ferran Torrent amb un t\u00edtol atractiu,&nbsp;Les ombres en la nit&nbsp;(Columna), una novel\u00b7la de suspens i, per tant, d\u2019entreteniment, per\u00f2 carregada de p\u00f3lvora. Furga dos temes importants, com la postguerra espanyola i els primers passos dels supervivents de l\u2019Holocaust. Toca dos punts poc tractats: el &#8230; <a title=\"Una temporada de ficci\u00f3. Panorama d\u2019un curs fecund en les lletres valencianes\" class=\"read-more\" href=\"https:\/\/calafat.cat\/index.php\/una-temporada-de-ficcio-panorama-dun-curs-fecund-en-les-lletres-valencianes\/\" aria-label=\"M\u00e1s en Una temporada de ficci\u00f3. Panorama d\u2019un curs fecund en les lletres valencianes\">Leer m\u00e1s<\/a><\/p>\n","protected":false},"author":1,"featured_media":0,"parent":0,"menu_order":0,"comment_status":"closed","ping_status":"closed","template":"","meta":{"footnotes":""},"class_list":["post-1576","page","type-page","status-publish"],"_links":{"self":[{"href":"https:\/\/calafat.cat\/index.php\/wp-json\/wp\/v2\/pages\/1576","targetHints":{"allow":["GET"]}}],"collection":[{"href":"https:\/\/calafat.cat\/index.php\/wp-json\/wp\/v2\/pages"}],"about":[{"href":"https:\/\/calafat.cat\/index.php\/wp-json\/wp\/v2\/types\/page"}],"author":[{"embeddable":true,"href":"https:\/\/calafat.cat\/index.php\/wp-json\/wp\/v2\/users\/1"}],"replies":[{"embeddable":true,"href":"https:\/\/calafat.cat\/index.php\/wp-json\/wp\/v2\/comments?post=1576"}],"version-history":[{"count":2,"href":"https:\/\/calafat.cat\/index.php\/wp-json\/wp\/v2\/pages\/1576\/revisions"}],"predecessor-version":[{"id":3509,"href":"https:\/\/calafat.cat\/index.php\/wp-json\/wp\/v2\/pages\/1576\/revisions\/3509"}],"wp:attachment":[{"href":"https:\/\/calafat.cat\/index.php\/wp-json\/wp\/v2\/media?parent=1576"}],"curies":[{"name":"wp","href":"https:\/\/api.w.org\/{rel}","templated":true}]}}