{"id":1588,"date":"2022-04-27T10:54:02","date_gmt":"2022-04-27T10:54:02","guid":{"rendered":"http:\/\/calafat.cat\/?page_id=1588"},"modified":"2022-05-18T15:01:57","modified_gmt":"2022-05-18T15:01:57","slug":"joves-sensibles-3","status":"publish","type":"page","link":"https:\/\/calafat.cat\/index.php\/joves-sensibles-3\/","title":{"rendered":"Joves sensibles"},"content":{"rendered":"\n<div class=\"wp-block-columns alignwide is-layout-flex wp-container-core-columns-is-layout-9d6595d7 wp-block-columns-is-layout-flex\">\n<div class=\"wp-block-column is-layout-flow wp-block-column-is-layout-flow\" style=\"flex-basis:50%\">\n<p>Ho confesse: no tinc cap fascinaci\u00f3 per la novel\u00b7la juvenil. En llig perqu\u00e8 forma part del meu ofici. Aix\u00f2 no lleva que reconega que \u00e9s un g\u00e8nere d\u2019una transcend\u00e8ncia fabulosa tant en el circuit educatiu com en el literari. A m\u00e9s, contra el t\u00f2pic, no \u00e9s un g\u00e8nere gens f\u00e0cil. En aquest sentit, la tasca dels escriptors valencians que s\u2019hi han dedicat \u00e9s d\u2019un valor enorme. Tamb\u00e9 \u00e9s cert, per\u00f2, que, per raons de mercat relacionades amb la urg\u00e8ncia, es publiquen obres d\u2019una banalitat que fa terror, i que consideren que molts alumnes tenen l\u2019encefalograma totalment pla. En aquest context cal situar la darrera novel\u00b7la de Xavier Aliaga, anomenada&nbsp;<em>El meu nom no \u00e9s Irina<\/em>. \u00c9s la primera aproximaci\u00f3 de l\u2019autor a la literatura per a joves, per\u00f2 \u00e9s una proposta for\u00e7a interessant, perqu\u00e8 juga amb molts recursos que es fan servir en aquesta mena de registre literari, ja que parteix de la idea que els adolescents poden ser sensibles a la vibraci\u00f3 est\u00e8tica i que s\u00f3n conscients que el m\u00f3n que viuen els afecta i s\u00f3n capa\u00e7os de tractar d\u2019entendre\u2019l i mirar de \u201cfabricar\u201d constantment \u201craons\u201d, encara que provisionals, que l\u2019expliquen.<\/p>\n\n\n\n<p><em>El meu nom no \u00e9s Irina<\/em>&nbsp;\u00e9s una obra que baralla diverses cartes liter\u00e0ries. D\u2019entrada, integra g\u00e8neres literaris diferents (la ci\u00e8ncia- ficci\u00f3, les aventures medievals \u2013manipula t\u00f2pics amb alguns grans de pebre particular\u2013, i una trama negra, centrada la fugida de la m\u00e0fia, en aquest cas russa) que basculen les experi\u00e8ncies vitals i la maduresa progressiva del protagonista. Per aquest motiu, tamb\u00e9 \u00e9s una novel\u00b7la de formaci\u00f3 d\u2019un adolescent d\u2019institut \u2013i de la seua germana, una mica m\u00e9s menuda\u2013 que narra l\u2019entorn escolar, l\u2019enfebrament i el desencant de la fascinaci\u00f3 amorosa. Al mateix temps, \u00e9s un radar de les inclem\u00e8ncies o els daltabaixos de les fam\u00edlies actuals, dels comportaments diferents dels seus pares, i de la realitat \u00faltima, trasbalsada per la crisi econ\u00f2mica que afecta tots els racons de la societat i del dia a dia. Una altra aposta forta de la novel\u00b7la \u00e9s que els adolescents viuen l\u2019obsessi\u00f3 per comprendre les coses lligada amb l\u2019est\u00edmul del goig est\u00e8tic (la m\u00fasica, la literatura, el cinema), ja que el comencen a percebre com un term\u00f2metre de la consci\u00e8ncia d\u2019all\u00f2 que viuen i els envolta. En aquesta l\u00ednia, tenen molta gr\u00e0cia i for\u00e7a els di\u00e0legs amb diverses obres i amb els personatges literaris, producte de la imaginaci\u00f3 del narrador.<\/p>\n\n\n\n<p>El m\u00e9s important no \u00e9s nom\u00e9s que la novel\u00b7la toque els temes esmentats, sin\u00f3 el tractament que en fa l\u2019autor. I ac\u00ed rau la v\u00e0lua del llibre: en la solidesa dels personatges, ben apamats, pintats amb bastants arestes psicol\u00f2giques que els fan atractius al lector. Uns protagonistes, tant els adults com els joves, que es mouen en terrenys inestables, per\u00f2 que s\u2019esforcen per bastir fonaments per a fer i refer les seues vides. Els altres reclams d\u2019<em>El meu nom no \u00e9s Irina<\/em>&nbsp;s\u00f3n la vivacitat de la llengua, d\u2019una plasticitat potent, gr\u00e0cies a les comparacions, constru\u00efda a partir d\u2019un llenguatge fresc i contemporani, el ritme i els salts de modulaci\u00f3 narrativa, les anades i vingudes i les interfer\u00e8ncies entre la realitat i la ficci\u00f3, les complexitats que introdueix cada nou estadi de la hist\u00f2ria, coronada amb una sorpresa final que enriqueix el cosmos creat per Xavier Aliaga: \u201cLa vida \u00e9s aix\u00f2, un grapat de terra que alg\u00fa et llan\u00e7a als ulls cada cert temps, perqu\u00e8 no ens creguem immunes a la infelicitat, el desenc\u00eds o la r\u00e0bia\u201d.<\/p>\n\n\n\n<p>En cada nou lliurament, Xavier Aliaga demostra la voluntat de construir una obra liter\u00e0ria potent i vers\u00e0til capa\u00e7 d\u2019unir el seus vessants de periodista i de narrador, preocupat per ordir un univers carregat d\u2019hams comunicatius, que tracten les pulsions del present, gestionades amb una ferma determinaci\u00f3 creativa, tot integrant veus variades. Aix\u00f2 pot explicar que acabe de publicar un relat llarg, \u00abNom\u00e9s volia que ho saberes\u00bb, incl\u00f2s en l\u2019antologia&nbsp;<em>Crims.Cat 2.0<\/em>, confeccionada per \u00c0lex Mart\u00edn Escrib\u00e0 i Sebasti\u00e0 Bennasar i editat per Alrev\u00e9s, que eixampla la mirada polic\u00edaca encetada per l\u2019inspector negre Feliu Oyono a Neons de Sodoma, per\u00f2 amb m\u00e9s rotunditat i amplitud per furgar en la corrupci\u00f3 i en els desficacis pol\u00edtics d\u2019un present tant desassossegador com el nostre.<\/p>\n\n\n\n<p>EL PA\u00cdS, QUADERN, 08\/05\/2013<\/p>\n\n\n\n<p>Descarrega&#8217;t l&#8217;original:&nbsp;<img decoding=\"async\" src=\"http:\/\/calafat.cat\/modules\/file\/icons\/application-pdf.png\" alt=\"PDF icon\"><a href=\"http:\/\/calafat.cat\/sites\/default\/files\/joves-sensibles.pdf\">joves-sensibles.pdf<\/a><\/p>\n\n\n\n<p><a rel=\"noreferrer noopener\" href=\"http:\/\/calafat.cat\/#facebook\" target=\"_blank\">Facebook<\/a>&nbsp;<a rel=\"noreferrer noopener\" href=\"http:\/\/calafat.cat\/#twitter\" target=\"_blank\">Twitter<\/a>&nbsp;<a href=\"https:\/\/www.addtoany.com\/share#url=http%3A%2F%2Fcalafat.cat%2Farticles%2Fjoves-sensibles&amp;title=Joves%20sensibles\">&nbsp;Comparteix a<\/a><\/p>\n\n\n\n<p>Articles recents:&nbsp;<\/p>\n\n\n\n<p><a href=\"http:\/\/calafat.cat\/index.php\/saltant-duna-travessa-a-laltra\/\" data-type=\"page\" data-id=\"1034\">Saltant d\u2019una travessa a l\u2019altra<\/a><\/p>\n\n\n\n<p><a href=\"http:\/\/calafat.cat\/index.php\/lunivers-dens-de-lalfabet-2\/\" data-type=\"page\" data-id=\"2010\">L\u2019univers dens de l\u2019alfabet<\/a><\/p>\n\n\n\n<p><a href=\"http:\/\/calafat.cat\/index.php\/cezanne-poesia-i-pensament-fets-pintura\/\" data-type=\"page\" data-id=\"1125\">C\u00e9zanne: poesia i pensament fets pintura<\/a><\/p>\n<\/div>\n\n\n\n<div class=\"wp-block-column is-layout-flow wp-block-column-is-layout-flow\" style=\"flex-basis:50%\">\n<figure class=\"wp-block-image size-full\"><img loading=\"lazy\" decoding=\"async\" width=\"379\" height=\"379\" src=\"http:\/\/calafat.cat\/wp-content\/uploads\/2022\/05\/1-92.jpeg\" alt=\"\" class=\"wp-image-3529\" srcset=\"https:\/\/calafat.cat\/wp-content\/uploads\/2022\/05\/1-92.jpeg 379w, https:\/\/calafat.cat\/wp-content\/uploads\/2022\/05\/1-92-300x300.jpeg 300w, https:\/\/calafat.cat\/wp-content\/uploads\/2022\/05\/1-92-150x150.jpeg 150w\" sizes=\"auto, (max-width: 379px) 100vw, 379px\" \/><figcaption>Portada del llibre<br><br>El meu nom no \u00e9s Irina. Xavier Aliaga. Andana Editorial, Algemes\u00ed, 2013.179 p\u00e0gs.<br><br>Etiquetes:\u00a0<a href=\"http:\/\/calafat.cat\/index.php\/2013-2\/\" data-type=\"page\" data-id=\"2175\">2013<\/a> <a href=\"http:\/\/calafat.cat\/index.php\/publicat-a\/el-pais\/\" data-type=\"page\" data-id=\"108\">El Pa\u00eds<\/a> <a href=\"http:\/\/calafat.cat\/index.php\/per-generes\/narrativa\/\" data-type=\"page\" data-id=\"94\">Narrativa<\/a> <a href=\"http:\/\/calafat.cat\/index.php\/xavier-aliaga\/\" data-type=\"page\" data-id=\"3851\">Xavier Aliaga<\/a><\/figcaption><\/figure>\n<\/div>\n<\/div>\n","protected":false},"excerpt":{"rendered":"<p>Ho confesse: no tinc cap fascinaci\u00f3 per la novel\u00b7la juvenil. En llig perqu\u00e8 forma part del meu ofici. Aix\u00f2 no lleva que reconega que \u00e9s un g\u00e8nere d\u2019una transcend\u00e8ncia fabulosa tant en el circuit educatiu com en el literari. A m\u00e9s, contra el t\u00f2pic, no \u00e9s un g\u00e8nere gens f\u00e0cil. En aquest sentit, la tasca &#8230; <a title=\"Joves sensibles\" class=\"read-more\" href=\"https:\/\/calafat.cat\/index.php\/joves-sensibles-3\/\" aria-label=\"M\u00e1s en Joves sensibles\">Leer m\u00e1s<\/a><\/p>\n","protected":false},"author":1,"featured_media":0,"parent":0,"menu_order":0,"comment_status":"closed","ping_status":"closed","template":"","meta":{"footnotes":""},"class_list":["post-1588","page","type-page","status-publish"],"_links":{"self":[{"href":"https:\/\/calafat.cat\/index.php\/wp-json\/wp\/v2\/pages\/1588","targetHints":{"allow":["GET"]}}],"collection":[{"href":"https:\/\/calafat.cat\/index.php\/wp-json\/wp\/v2\/pages"}],"about":[{"href":"https:\/\/calafat.cat\/index.php\/wp-json\/wp\/v2\/types\/page"}],"author":[{"embeddable":true,"href":"https:\/\/calafat.cat\/index.php\/wp-json\/wp\/v2\/users\/1"}],"replies":[{"embeddable":true,"href":"https:\/\/calafat.cat\/index.php\/wp-json\/wp\/v2\/comments?post=1588"}],"version-history":[{"count":5,"href":"https:\/\/calafat.cat\/index.php\/wp-json\/wp\/v2\/pages\/1588\/revisions"}],"predecessor-version":[{"id":3859,"href":"https:\/\/calafat.cat\/index.php\/wp-json\/wp\/v2\/pages\/1588\/revisions\/3859"}],"wp:attachment":[{"href":"https:\/\/calafat.cat\/index.php\/wp-json\/wp\/v2\/media?parent=1588"}],"curies":[{"name":"wp","href":"https:\/\/api.w.org\/{rel}","templated":true}]}}