{"id":1617,"date":"2022-04-27T11:27:29","date_gmt":"2022-04-27T11:27:29","guid":{"rendered":"http:\/\/calafat.cat\/?page_id=1617"},"modified":"2022-05-19T15:02:05","modified_gmt":"2022-05-19T15:02:05","slug":"els-laberints-de-la-historia","status":"publish","type":"page","link":"https:\/\/calafat.cat\/index.php\/els-laberints-de-la-historia\/","title":{"rendered":"Els laberints de la hist\u00f2ria"},"content":{"rendered":"\n<div class=\"wp-block-columns alignwide is-layout-flex wp-container-core-columns-is-layout-9d6595d7 wp-block-columns-is-layout-flex\">\n<div class=\"wp-block-column is-layout-flow wp-block-column-is-layout-flow\" style=\"flex-basis:50%\">\n<p>Juli Alandes \u00e9s un d\u2019aquells narradors a qui agrada cabussar-se en els g\u00e8neres for\u00e7a transitats, per\u00f2 l\u2019incomoda deixar-se dur per les convencions massa suades. Li cal esborrar les fites massa fixes i fabricar-se el seu propi itinerari. Aquest objectiu tan arriscat el du endavant en dues l\u00ednies paral\u00b7leles, la novel\u00b7la polic\u00edaca i la novel\u00b7la hist\u00f2rica, i el lector ho pot comprovar en les dues darreres obres que ha publicat amb pocs mesos de difer\u00e8ncia:&nbsp;<em>La mirada del cocodril<\/em>&nbsp;i&nbsp;<em>Trencatenebres<\/em>.<\/p>\n\n\n\n<p>En&nbsp;<em>La mirada del cocodril<\/em>&nbsp;t\u00e9 com un dels conductors principals el singular comissari Miquel O\u2019Malley, figura principal d\u2019<em>El crepuscle dels afortunats<\/em>&nbsp;i&nbsp;<em>Cr\u00f2nica negra<\/em>. La guspira de la hist\u00f2ria sorgeix en la conflu\u00e8ncia entre la primavera valenciana, un combatiu grup de m\u00fasica, l\u2019assassinat d\u2019un inc\u00f2mode pol\u00edtic valenci\u00e0 i la hist\u00f2ria d\u2019un mercenari sud-afric\u00e0, d\u2019origen mo\u00e7ambiqu\u00e9s. Encara que en la combinat\u00f2ria d\u2019ingredients tan explosius el lector puga trobar punts de la trama exagerats o que potser els caldria ser esmolats una mica m\u00e9s, Juli Alandes troba un material prou potent perqu\u00e8 la fabulaci\u00f3 funcione amb una mirada demolidora, per\u00f2 desenfadada, sobre el present, especialment sobre els afers pol\u00edtics i socials valencians, per\u00f2 tamb\u00e9 d\u2019\u00e0mbit espanyol. El to narratiu se sedimenta, entre altres factors, en un estil muscul\u00f3s i flexible que combina amb destresa les observacions incisives i fondes, l\u2019humor i la vitalitat. En aquesta ocasi\u00f3, la for\u00e7a de les perip\u00e8cies i de la veu del mercenari blanc decanten la balan\u00e7a final cap a la trama internacional.<\/p>\n\n\n\n<p>Un autor que tinga l\u2019atreviment d\u2019embolicar-se en aquests temps en la guerra civil espanyola corre el risc, a causa de l\u2019\u00fas i l\u2019ab\u00fas del tema, d\u2019eixir-ne trasquilat. Juli Alandes, per sort, se\u2019n surt b\u00e9. Ja ho va fer en&nbsp;<em>\u00c0crates!<\/em>. De fet,&nbsp;<em>Trencatenebres<\/em>&nbsp;toca una part que all\u00e0 no va fer. Si ad\u00e9s enfocava la guerra des del costat anarquista a Catalunya, ara ho fa des del Pa\u00eds Valenci\u00e0. La novel\u00b7la, per ara, \u00e9s la m\u00e9s ambiciosa, ja que tra\u00e7a un fresc ampli de la nostra hist\u00f2ria que va des del 1919 fins al 1937, per\u00f2 el centre nodular recau en la guerra, sobretot en la Columna de Ferro, creada pels anarquistes valencians amb l\u2019objectiu d\u2019actuar en el front de Terol. Va ser una de les agrupacions m\u00e9s populars gr\u00e0cies a l\u2019aura m\u00edtica que l\u2019envoltava. Se l\u2019acusava de saqueigs sistem\u00e0tics, execucions arbitr\u00e0ries i extorsions de tota mena. Al costat d\u2019aix\u00f2, fou una columna que va ser al mateix temps mil\u00edcia de guerra i organitzaci\u00f3 revolucion\u00e0ria, amb un altaveu de paper per a justificar les accions i els objectius.<\/p>\n\n\n\n<p>La trama segueix els vaivens de l\u2019organitzaci\u00f3, els debats i les tensions internes, les friccions amb la direcci\u00f3 anarquista estatal i els xocs amb el govern i els comunistes, per\u00f2 la hist\u00f2ria va m\u00e9s enll\u00e0, perqu\u00e8 tamb\u00e9 incideix en els sentiments i les motivacions de personatges ben diversos (anarquistes, metges, periodistes i poetes, llauradors, policies, falangistes, pobres, espavilats, terratinents, valencianistes&#8230;).&nbsp;<em>Trencatenebres<\/em>&nbsp;\u00e9s una obra coral, calidosc\u00f2pica, que configura un dibuix gens maniqueu d\u2019un per\u00edode complex i ca\u00f2tic, com tota guerra, on les fronteres de tot es dilueixen, les contradiccions creixen, els somnis es desboquen i esdevenen impossibles. En la configuraci\u00f3 dels personatges, l\u2019autor vol trencar els prototipus i aposta per personatges ben particulars, com es veu en les figures femenines. Barreja el rigor de la hist\u00f2ria amb la llibertat de la ficci\u00f3, que extrema en una trama polic\u00edaca arran de l\u2019aparici\u00f3 desconcertant d\u2019un assass\u00ed en s\u00e8rie, fet que accentua el clima turbulent de la guerra.<\/p>\n\n\n\n<p>En Juli Alandes \u00e9s ben manifesta la voluntat de convertir la seua narrativa en una coctelera de components ben variats, un dels quals \u00e9s la integraci\u00f3 gens f\u00e0cil d\u2019aconseguir entre la gravetat de la trag\u00e8dia amb una perspectiva fresca, entretinguda. Sens dubte, una de les sorpreses \u00e9s la factura de la hist\u00f2ria, concebuda com una calaixera on cada calaix cont\u00e9 una hist\u00f2ria que construeix al mateix temps els personatges i la vida de tots, i que evoca, encara que siga de lluny, l\u2019estructura d\u2019<em>El meu segle<\/em>&nbsp;de G\u00fcnter Grass. En una novel\u00b7la que vol estirar tants fils, inevitablement sempre hi haur\u00e0 zones i angles que no acabaran de satisfer a tots, per\u00f2 el conjunt de la hist\u00f2ria, el to i el gruix de la mirada converteixen&nbsp;<em>Trencatenebres<\/em>&nbsp;en una novel\u00b7la amena i atractiva que cerca lectors que no tinguen manies i els agrade endinsar-se per camins poc freq\u00fcentats.<\/p>\n\n\n\n<p>EL PA\u00cdS, QUADERN, 30\/04\/2015<\/p>\n\n\n\n<p>Descarrega&#8217;t l&#8217;original:&nbsp;<img decoding=\"async\" src=\"http:\/\/calafat.cat\/modules\/file\/icons\/application-pdf.png\" alt=\"PDF icon\"><a href=\"http:\/\/calafat.cat\/sites\/default\/files\/els-laberints-de-la-historia.pdf\">els-laberints-de-la-historia.pdf<\/a><\/p>\n\n\n\n<p><a rel=\"noreferrer noopener\" href=\"http:\/\/calafat.cat\/#facebook\" target=\"_blank\">Facebook<\/a><a rel=\"noreferrer noopener\" href=\"http:\/\/calafat.cat\/#twitter\" target=\"_blank\"><\/a> <a rel=\"noreferrer noopener\" href=\"http:\/\/calafat.cat\/#twitter\" target=\"_blank\">Twitter<\/a><a href=\"https:\/\/www.addtoany.com\/share#url=http%3A%2F%2Fcalafat.cat%2Farticles%2Fels-laberints-de-la-hist%25C3%25B2ria&amp;title=Els%20laberints%20de%20la%20hist%C3%B2ria\"><\/a> <a href=\"https:\/\/www.addtoany.com\/share#url=http%3A%2F%2Fcalafat.cat%2Farticles%2Fels-laberints-de-la-hist%25C3%25B2ria&amp;title=Els%20laberints%20de%20la%20hist%C3%B2ria\">Comparteix a<\/a><\/p>\n\n\n\n<p>Articles recents:&nbsp;<\/p>\n\n\n\n<p><a href=\"http:\/\/calafat.cat\/index.php\/les-geografies-literaries-dels-escriptors-valencians-2\/\" data-type=\"page\" data-id=\"1651\">Les geografies liter\u00e0ries dels escriptors valencians<\/a><\/p>\n\n\n\n<p><a href=\"http:\/\/calafat.cat\/index.php\/traficants-de-viatges-i-paraules-2\/\" data-type=\"page\" data-id=\"1655\">Traficants de viatges i paraules<\/a><\/p>\n\n\n\n<p><a href=\"http:\/\/calafat.cat\/index.php\/buscar-se-en-la-memoria-2\/\" data-type=\"page\" data-id=\"1637\">Buscar-se en la mem\u00f2ria<\/a><\/p>\n<\/div>\n\n\n\n<div class=\"wp-block-column is-layout-flow wp-block-column-is-layout-flow\" style=\"flex-basis:50%\">\n<figure class=\"wp-block-image size-full\"><img loading=\"lazy\" decoding=\"async\" width=\"379\" height=\"253\" src=\"http:\/\/calafat.cat\/wp-content\/uploads\/2022\/05\/els-laberints-de-la-historia.r-1.jpg\" alt=\"\" class=\"wp-image-3651\" srcset=\"https:\/\/calafat.cat\/wp-content\/uploads\/2022\/05\/els-laberints-de-la-historia.r-1.jpg 379w, https:\/\/calafat.cat\/wp-content\/uploads\/2022\/05\/els-laberints-de-la-historia.r-1-300x200.jpg 300w\" sizes=\"auto, (max-width: 379px) 100vw, 379px\" \/><figcaption>Juli Alandes. Fotografia: Prats i Camps. Font: eltemps.cat<br><br>La mirada del cocodril\/Trencatenebres.<br>Juli Alandes. Alrev\u00e9s\/Tres i Quatre, Barcelona\/Paterna, 2014\/2015. 203\/224 p\u00e0gs.<br><br>Etiquetes:\u00a0<a href=\"http:\/\/calafat.cat\/index.php\/2015-2\/\" data-type=\"page\" data-id=\"2179\">2015<\/a> <a href=\"http:\/\/calafat.cat\/index.php\/publicat-a\/el-pais\/\" data-type=\"page\" data-id=\"108\">El Pa\u00eds<\/a> <a href=\"http:\/\/calafat.cat\/index.php\/per-generes\/narrativa\/\" data-type=\"page\" data-id=\"94\">Narrativa<\/a> <a href=\"http:\/\/calafat.cat\/?page_id=4192\" data-type=\"page\" data-id=\"4192\">Juli Alandes<\/a><\/figcaption><\/figure>\n<\/div>\n<\/div>\n","protected":false},"excerpt":{"rendered":"<p>Juli Alandes \u00e9s un d\u2019aquells narradors a qui agrada cabussar-se en els g\u00e8neres for\u00e7a transitats, per\u00f2 l\u2019incomoda deixar-se dur per les convencions massa suades. Li cal esborrar les fites massa fixes i fabricar-se el seu propi itinerari. Aquest objectiu tan arriscat el du endavant en dues l\u00ednies paral\u00b7leles, la novel\u00b7la polic\u00edaca i la novel\u00b7la hist\u00f2rica, &#8230; <a title=\"Els laberints de la hist\u00f2ria\" class=\"read-more\" href=\"https:\/\/calafat.cat\/index.php\/els-laberints-de-la-historia\/\" aria-label=\"M\u00e1s en Els laberints de la hist\u00f2ria\">Leer m\u00e1s<\/a><\/p>\n","protected":false},"author":1,"featured_media":0,"parent":0,"menu_order":0,"comment_status":"closed","ping_status":"closed","template":"","meta":{"footnotes":""},"class_list":["post-1617","page","type-page","status-publish"],"_links":{"self":[{"href":"https:\/\/calafat.cat\/index.php\/wp-json\/wp\/v2\/pages\/1617","targetHints":{"allow":["GET"]}}],"collection":[{"href":"https:\/\/calafat.cat\/index.php\/wp-json\/wp\/v2\/pages"}],"about":[{"href":"https:\/\/calafat.cat\/index.php\/wp-json\/wp\/v2\/types\/page"}],"author":[{"embeddable":true,"href":"https:\/\/calafat.cat\/index.php\/wp-json\/wp\/v2\/users\/1"}],"replies":[{"embeddable":true,"href":"https:\/\/calafat.cat\/index.php\/wp-json\/wp\/v2\/comments?post=1617"}],"version-history":[{"count":3,"href":"https:\/\/calafat.cat\/index.php\/wp-json\/wp\/v2\/pages\/1617\/revisions"}],"predecessor-version":[{"id":4199,"href":"https:\/\/calafat.cat\/index.php\/wp-json\/wp\/v2\/pages\/1617\/revisions\/4199"}],"wp:attachment":[{"href":"https:\/\/calafat.cat\/index.php\/wp-json\/wp\/v2\/media?parent=1617"}],"curies":[{"name":"wp","href":"https:\/\/api.w.org\/{rel}","templated":true}]}}