{"id":1647,"date":"2022-04-28T06:42:49","date_gmt":"2022-04-28T06:42:49","guid":{"rendered":"http:\/\/calafat.cat\/?page_id=1647"},"modified":"2022-05-17T10:45:19","modified_gmt":"2022-05-17T10:45:19","slug":"latraccio-del-desconegut-3","status":"publish","type":"page","link":"https:\/\/calafat.cat\/index.php\/latraccio-del-desconegut-3\/","title":{"rendered":"L&#8217;atracci\u00f3 del desconegut"},"content":{"rendered":"\n<div class=\"wp-block-columns alignwide is-layout-flex wp-container-core-columns-is-layout-9d6595d7 wp-block-columns-is-layout-flex\">\n<div class=\"wp-block-column is-layout-flow wp-block-column-is-layout-flow\" style=\"flex-basis:50%\">\n<p>L\u2019aparici\u00f3 de dones joves mutilades trasbalsen el Par\u00eds de 1897. \u00c9s moment del sorgiment dels sistemes moderns d\u2019investigaci\u00f3 polic\u00edaca i forense, basats en la minuciositat, en el rigor i en l\u2019an\u00e0lisi cient\u00edfica, encarnats en personatge potents: l\u2019inspector B\u00e9ziers i el forense Locard. L\u2019eix, centrat en un Par\u00eds tumultu\u00f3s, de grans trasbalsos urban\u00edstics i transgressi\u00f3 nocturnes, s\u2019alterna amb la ciutat actual, on s\u2019exhumen, durant la remodelaci\u00f3 del cementiri de P\u00e8re-Lachaise, uns cad\u00e0vers en estat singulars i amb un <em>atrezzo<\/em> ins\u00f2lit. El cossos s\u00f3n un regal per la jove antrop\u00f2loga forense Sara Bongard de l\u2019Institut Medicolegal, que viu fascinada per la incomprensible conservaci\u00f3 d\u2019un dels cad\u00e0vers. Recursos cient\u00edfics moderns i altres escorcolls en el fons de Locard, li permetran connectar els cossos mutilats amb els cad\u00e0vers \u201cestranys\u201d i a poc a poc anir\u00e0 recomponent els trencaclosques que explique els fets i els motius d\u2019aquells misteris mai no resolts.<\/p>\n\n\n\n<p>La literatura d\u2019Anna Moner va descol\u00b7locar molts lectors amb <em>Les mans de la deixebla<\/em>, perqu\u00e8 obria un paisatge poc transitat entre nosaltres i ho feia amb una convicci\u00f3 de pedra picada a l\u2019hora bastir els somnis d\u2019una deixebla d\u2019un metge, vision\u00e0ria i capficada a dur-los a terme. El retaule resultant era turbulent, producte d\u2019una prosa ferma que cisellava un clima opressiu, monstru\u00f3s, per\u00f2 al mateix temps m\u00f2rbid i luxuri\u00f3s.<\/p>\n\n\n\n<p><em>El retorn de l\u2019Hongar\u00e8s<\/em>, mereixedora del premi Alfons el Magn\u00e0nim, \u00e9s un pas endavant i un aprofundiment i actualitzaci\u00f3 d\u2019all\u00f2 que d\u2019una manera molt simplificada es pot anomenar <em>novel\u00b7la g\u00f2tica<\/em>. Les ombres de la hist\u00f2ria segreguen depredaci\u00f3, formes amena\u00e7adores i abismes que posa en perill la vida, les normes morals i socials i l\u2019estabilitat personal. Tres dels puntals que guien l\u2019exploraci\u00f3 de la novel\u00b7la que, amb la torxa en la m\u00e0, va rec\u00f3rrer els soterranis novel\u00b7l\u00edstics de la literatura europea des del segle XIX. Un univers entre fant\u00e0stic i sinistre que execra situacions que ens duen al l\u00edmit de la imaginaci\u00f3, a angoixes i a exaltacions inconfessables. Tot un joc de vert\u00edgens alhora tenebrosos i plaenters, que ens transporten de ple al centre de la morbositat i de l\u2019ambig\u00fcitat. Tot plegat, l\u2019obra es mou en el costat \u201cfosc\u201d de la condici\u00f3 humana. Un viatge bastant complet als horrors i a les turpituds que poden cometre els individus.<\/p>\n\n\n\n<p>El que cerca l\u2019autora \u00e9s que els conflictes ambivalents d\u2019una persona que es generen en una societat moderna, marcada pel dolor i la incertesa, esdevinguen un mirall del comportament hum\u00e0, dels dubtes, dels turments, dels abismes. Tot aix\u00f2 pot generar una certa desmesura, un estat melanc\u00f2lic en qu\u00e8 el sublim es barreja amb el malestar i el perill. En distints graus veiem com els personatges es mouen en la duplicitat, entre all\u00f2 hum\u00e0 i all\u00f2 no hum\u00e0 i combinen desassossec i joia. Les fuites de la imaginaci\u00f3 i la ra\u00f3 no viuen en compartiments tancats, com podem veure en el detectiu i en els forenses.<\/p>\n\n\n\n<p>Quan els personatges s\u2019endinsen en determinades situacions, apareix el cuc dionis\u00edac que du a superar les normes morals dominants. La bellesa pot apareix en l\u2019\u00e0mbit sinistre, el conegut condueix als \u00e0mbits desconeguts, all\u00e0 on s\u2019esborren els l\u00edmits i les fronteres, i on els conflictes encenen instants de delici\u00f3s estupor, situacions d\u2019esglais vibrants. El punt extrem el trobarem en el mag, l\u2019Hongar\u00e8s, i en la seu a ajudant, la dona de Jade, estetes refinats del macabre: ignoren tot principi \u00e8tic i moral per dur a terme us somnis delirants, per\u00f2 \u201cracionalitzats\u201d. Un horitz\u00f3 vital basat en la satisfacci\u00f3, la morbositat, el terror i la concupisc\u00e8ncia en temperatures altes. Per a ells, la pr\u00e0ctica de l\u2019horror fecunda la il\u00b7lusi\u00f3 de donar via a la seua \u201cidea\u201d, de perpetuar-se m\u00e9s enll\u00e0 de la vida. L\u2019acumulaci\u00f3 de brutalitat no \u00e9s nom\u00e9s \u201csentir-se\u201d, sin\u00f3 sobretot afirmar-se. Per al lector el seu deliri li pot semblar absurd, per\u00f2 aix\u00f2 no hi fa res perqu\u00e8 els personatges acumulen mecanismes adequats per tirar en davant un projecte ignomini\u00f3s. L\u2019autora sembla dir-nos que la voracitat inhumana -nosaltres afegir\u00edem no nom\u00e9s la privada, sin\u00f3 tamb\u00e9 la pol\u00edtica- est\u00e0 sempre a l\u2019aguait, esperant el seu moment.<\/p>\n\n\n\n<p><em>El retorn de l\u2019Hongar\u00e8s<\/em> \u00e9s un thriller especial, on hi ha indagaci\u00f3 polic\u00edaca, per\u00f2 sobretot la investigaci\u00f3 forense, on es combinen els m\u00e8todes de passat i del present. Anna Moner destaca per la destresa en la minuciositat del miniaturista per a bastir descripcions i crear atmosferes inquietants i climes embolcalladors de titil\u00b7lacions morboses. A part dels enfocaments als cossos i insectes, \u00e9s molt bona la fotografia del Par\u00eds canalla. Potser la recreaci\u00f3 entusiasta en aquesta mena moments parega massa prolixa en la descripci\u00f3 de l\u2019\u00e0mbit mortuori, per\u00f2 el dinamisme d\u2019aquests veritables quadres literaris i la seua for\u00e7a suavitza la seua expansi\u00f3. Amb tot, la tensi\u00f3 de la trama acapara progressivament el protagonisme, refor\u00e7at per uns personatges ben perfilats i ple de replecs, com ara el detectiu, atrapat en les seues contradiccions; El forense, supera l\u2019olor de mort, amb un hedonisme repujat, un amant met\u00f2dic dels sentits i de les arts, i la jove actual conjuga una sexualitat desenfada i la passi\u00f3 pel treball amb secrets i una tirada a la morbositat i als \u00e9ssers h\u00edbrids.<\/p>\n\n\n\n<p>Amb <em>El retorn de l\u2019Hongar\u00e8s<\/em> Anna Moner es mostra com una escriptora singular, que exhibeix un llenguatge potent i un prosa de subtileses fortes, que arranca en les premisses de la literatura g\u00f2tica, per\u00f2 va m\u00e9s enll\u00e0 a la recerca d\u2019un territori propi. Una obra que ofereix molts al\u00b7licients per aquelles que gaudeixen de les immersions en les tenebres i en la brutalitat sense ox\u00edgens: una obra de notable factura que demana (i mereix) un lliurament total.<\/p>\n\n\n\n<p>EL PA\u00cdS, QUADERN, 15\/04\/2015 <\/p>\n\n\n\n<p>Descarrega&#8217;t l&#8217;original:\u00a0<img decoding=\"async\" src=\"http:\/\/calafat.cat\/modules\/file\/icons\/application-pdf.png\" alt=\"PDF icon\"><a href=\"http:\/\/calafat.cat\/sites\/default\/files\/latraccio-del-desconegut.pdf\">latraccio-del-desconegut.pdf<\/a><\/p>\n\n\n\n<p><a rel=\"noreferrer noopener\" href=\"http:\/\/calafat.cat\/#facebook\" target=\"_blank\">Facebook<\/a><a rel=\"noreferrer noopener\" href=\"http:\/\/calafat.cat\/#twitter\" target=\"_blank\"><\/a><a rel=\"noreferrer noopener\" href=\"http:\/\/calafat.cat\/#twitter\" target=\"_blank\">Twitter<\/a><a href=\"https:\/\/www.addtoany.com\/share#url=http%3A%2F%2Fcalafat.cat%2Farticles%2Flatraccio-del-desconegut&amp;title=L%27atracci%C3%B3%20del%20desconegut\"><\/a><a href=\"https:\/\/www.addtoany.com\/share#url=http%3A%2F%2Fcalafat.cat%2Farticles%2Flatraccio-del-desconegut&amp;title=L%27atracci%C3%B3%20del%20desconegut\">Comparteix a<\/a><\/p>\n\n\n\n<p>Articles recents:\u00a0<\/p>\n\n\n\n<p><a href=\"http:\/\/calafat.cat\/index.php\/traficants-de-viatges-i-paraules-2\/\" data-type=\"page\" data-id=\"1655\">Traficants de viatges i paraules<\/a><\/p>\n\n\n\n<p><a href=\"http:\/\/calafat.cat\/index.php\/buscar-se-en-la-memoria-2\/\" data-type=\"page\" data-id=\"1637\">Buscar-se en la mem\u00f2ria<\/a><\/p>\n\n\n\n<p><a href=\"http:\/\/calafat.cat\/index.php\/la-llum-i-la-paraula\/\" data-type=\"page\" data-id=\"1063\">La llum i la paraula<\/a><\/p>\n<\/div>\n\n\n\n<div class=\"wp-block-column is-layout-flow wp-block-column-is-layout-flow\" style=\"flex-basis:50%\">\n<figure class=\"wp-block-image size-full\"><img loading=\"lazy\" decoding=\"async\" width=\"379\" height=\"229\" src=\"http:\/\/calafat.cat\/wp-content\/uploads\/2022\/05\/latraccio-del-desconegut.png\" alt=\"\" class=\"wp-image-3653\" srcset=\"https:\/\/calafat.cat\/wp-content\/uploads\/2022\/05\/latraccio-del-desconegut.png 379w, https:\/\/calafat.cat\/wp-content\/uploads\/2022\/05\/latraccio-del-desconegut-300x181.png 300w\" sizes=\"auto, (max-width: 379px) 100vw, 379px\" \/><figcaption>Anna Moner i Francesc Calafat.<br>Font: elpontdeleslletres.cat<br><br>El retorn de l\u2019Hongar\u00e8s. Anna Moner. Editorial Bromera, Alzira, 2015. 255 p\u00e0gs.<br><br>Etiquetes:\u00a0<a href=\"http:\/\/calafat.cat\/index.php\/2015-2\/\" data-type=\"page\" data-id=\"2179\">2015<\/a> <a href=\"http:\/\/calafat.cat\/index.php\/publicat-a\/el-pais\/\" data-type=\"page\" data-id=\"108\">El Pa\u00eds<\/a> <a href=\"http:\/\/calafat.cat\/index.php\/per-generes\/narrativa\/\" data-type=\"page\" data-id=\"94\">Narrautiva<\/a><\/figcaption><\/figure>\n<\/div>\n<\/div>\n","protected":false},"excerpt":{"rendered":"<p>L\u2019aparici\u00f3 de dones joves mutilades trasbalsen el Par\u00eds de 1897. \u00c9s moment del sorgiment dels sistemes moderns d\u2019investigaci\u00f3 polic\u00edaca i forense, basats en la minuciositat, en el rigor i en l\u2019an\u00e0lisi cient\u00edfica, encarnats en personatge potents: l\u2019inspector B\u00e9ziers i el forense Locard. L\u2019eix, centrat en un Par\u00eds tumultu\u00f3s, de grans trasbalsos urban\u00edstics i transgressi\u00f3 nocturnes, &#8230; <a title=\"L&#8217;atracci\u00f3 del desconegut\" class=\"read-more\" href=\"https:\/\/calafat.cat\/index.php\/latraccio-del-desconegut-3\/\" aria-label=\"M\u00e1s en L&#8217;atracci\u00f3 del desconegut\">Leer m\u00e1s<\/a><\/p>\n","protected":false},"author":1,"featured_media":0,"parent":0,"menu_order":0,"comment_status":"closed","ping_status":"closed","template":"","meta":{"footnotes":""},"class_list":["post-1647","page","type-page","status-publish"],"_links":{"self":[{"href":"https:\/\/calafat.cat\/index.php\/wp-json\/wp\/v2\/pages\/1647","targetHints":{"allow":["GET"]}}],"collection":[{"href":"https:\/\/calafat.cat\/index.php\/wp-json\/wp\/v2\/pages"}],"about":[{"href":"https:\/\/calafat.cat\/index.php\/wp-json\/wp\/v2\/types\/page"}],"author":[{"embeddable":true,"href":"https:\/\/calafat.cat\/index.php\/wp-json\/wp\/v2\/users\/1"}],"replies":[{"embeddable":true,"href":"https:\/\/calafat.cat\/index.php\/wp-json\/wp\/v2\/comments?post=1647"}],"version-history":[{"count":3,"href":"https:\/\/calafat.cat\/index.php\/wp-json\/wp\/v2\/pages\/1647\/revisions"}],"predecessor-version":[{"id":3657,"href":"https:\/\/calafat.cat\/index.php\/wp-json\/wp\/v2\/pages\/1647\/revisions\/3657"}],"wp:attachment":[{"href":"https:\/\/calafat.cat\/index.php\/wp-json\/wp\/v2\/media?parent=1647"}],"curies":[{"name":"wp","href":"https:\/\/api.w.org\/{rel}","templated":true}]}}