{"id":1681,"date":"2022-04-28T06:56:24","date_gmt":"2022-04-28T06:56:24","guid":{"rendered":"http:\/\/calafat.cat\/?page_id=1681"},"modified":"2022-05-17T14:40:04","modified_gmt":"2022-05-17T14:40:04","slug":"al-cor-de-la-immensitat-2","status":"publish","type":"page","link":"https:\/\/calafat.cat\/index.php\/al-cor-de-la-immensitat-2\/","title":{"rendered":"Al cor de la immensitat"},"content":{"rendered":"\n<div class=\"wp-block-columns alignwide is-layout-flex wp-container-core-columns-is-layout-9d6595d7 wp-block-columns-is-layout-flex\">\n<div class=\"wp-block-column is-layout-flow wp-block-column-is-layout-flow\" style=\"flex-basis:50%\">\n<p>Toni Moll\u00e0 \u00e9s un autor que procedeix de l\u2019escriptura dura de la socioling\u00fcista i l\u2019assaig (<em>Manual de socioling\u00fc\u00edstica<\/em>,&nbsp;<em>Quina pol\u00edtica ling\u00fc\u00edstica?<\/em>, entre altres) i que des fa una d\u00e8cada mira de compaginar-la amb una escriptura m\u00e9s liter\u00e0ria, de tracte m\u00e9s cordial. La forma triada, ara per ara, \u00e9s el dietari. Ho testimonien&nbsp;<em>Espill d\u2019insol\u00e8ncies<\/em>&nbsp;i&nbsp;<em>Al pas dels dies<\/em>. Aquesta orientaci\u00f3 li permet d\u2019acostar les idees a la calor de l\u2019experi\u00e8ncia concreta, a les efusions emotives. Les notes a peu del dia rubriquen les circumstancies adverses o favorables i les lliguen a la madeixa del temps. Total, l\u2019allunyament de les generalitzacions i del procediment sistem\u00e0tic condueix a dir les coses d\u2019una altra manera, on la subjectivitat i l\u2019efic\u00e0cia est\u00e8tica tenen un paper clau.<\/p>\n\n\n\n<p><em>M\u00e9s enll\u00e0 de San Francisco<\/em>, mereixedor del Premi de Narrativa Ciutat de Val\u00e8ncia, taquigrafia, a dosis justes, el recorregut per Calif\u00f2rnia, des de San Francisco fins a Las Vegas, tot passant per Carmel, Santa Barbara, deserts i alguns dels grans parcs naturals de la zona. Un viatge on l\u2018escalfor m\u00edtica de la literatura \u2014sobretot la de Kerouac\u2014, de la m\u00fasica i del cinema tenen valor vivificador. La viv\u00e8ncia del tr\u00e0nsit, del goig de l\u2018instant i el simple moviment esdevenen els ossos de l\u2018aventura. Aix\u00ed, l\u2018euf\u00f2ria, la satisfacci\u00f3 permanent, malgrat els contratemps, repunten la narraci\u00f3 i s\u00f3n l\u2018estat d\u2018\u00e0nim on els detalls i les diverses viv\u00e8ncies no s\u00f3n fets solts ni anodins, sin\u00f3 que formen part del clima i de la curiositat viatgera, que fa que tot estiga lligat i tinga sentit. A m\u00e9s, el contrast entre all\u00f2 llegit i somiat pel viatger i les coses inesperades fecunda l\u2018aventura i fa que un vulga amerar-se fins on siga possible de les sorpreses que li depara el periple californi\u00e0.<\/p>\n\n\n\n<p>Encara que no \u00e9s un bon saur\u00ed per als moments fugissers, Moll\u00e0 es mostra efica\u00e7 en contar el que fan i els passa, a ell i a la seua fam\u00edlia, per\u00f2 on es troba m\u00e9s a gust \u00e9s en l\u2018observaci\u00f3 dels gestos, dels h\u00e0bits mentals i socials dels americans. L\u2018atrau sobretot la identitat dels llocs fonamentada en la no-identitat, en la diversitat extrema i en la falta de centre, com passa a Los Angeles i Las Vegas. D\u2018aquesta \u00faltima, en subratlla que l\u2018artificialitat i l\u2018espectacle total s\u00f3n tan fascinants que atrapen tots els visitants que hi van.<\/p>\n\n\n\n<p>No \u00e9s f\u00e0cil trobar el to per a aconseguir que un llibre de viatges resulte interessant, i Toni Moll\u00e0 ho aconsegueix en bona mesura.&nbsp;<em>M\u00e9s enll\u00e0 de San Francisco<\/em>&nbsp;convoca emocions i<br>aventures, per\u00f2 fonamentalment reflexions que travessen la nostra identitat. Aquesta manera d\u2018anar tan lluny \u00e9s tamb\u00e9 una via d\u2018arribar ben a prop. \u00c9s l\u2018\u00e0ngel de la literatura: fer pr\u00f2xim, nostre, el que ens \u00e9s ali\u00e9.<\/p>\n\n\n\n<p>EL PA\u00cdS, QUADERN, 10\/06\/2010<\/p>\n\n\n\n<p>Descarrega&#8217;t l&#8217;original:&nbsp;<img decoding=\"async\" src=\"http:\/\/calafat.cat\/modules\/file\/icons\/application-pdf.png\" alt=\"PDF icon\"><a href=\"http:\/\/calafat.cat\/sites\/default\/files\/al-cor-de-la-immensitat.pdf\">al-cor-de-la-immensitat.pdf<\/a><\/p>\n\n\n\n<p><a rel=\"noreferrer noopener\" href=\"http:\/\/calafat.cat\/#facebook\" target=\"_blank\">Facebook<\/a>&nbsp;<a rel=\"noreferrer noopener\" href=\"http:\/\/calafat.cat\/#twitter\" target=\"_blank\">Twitter<\/a>&nbsp;<a href=\"https:\/\/www.addtoany.com\/share#url=http%3A%2F%2Fcalafat.cat%2Farticles%2Fal-cor-de-la-immensitat&amp;title=Al%20cor%20de%20la%20immensitat%20\">&nbsp;Comparteix a<\/a><\/p>\n\n\n\n<p>Articles recents:&nbsp;<\/p>\n\n\n\n<p><a href=\"http:\/\/calafat.cat\/index.php\/el-cami-de-la-poesia-valenciana-dels-setanta-fins-ara\/\" data-type=\"page\" data-id=\"1052\">El cam\u00ed de la poesia valenciana dels setanta fins ara<\/a><\/p>\n\n\n\n<p><a href=\"http:\/\/calafat.cat\/index.php\/pulsions-en-un-moviment-permament\/\" data-type=\"page\" data-id=\"1061\">Pulsions en un moviment permament<\/a><\/p>\n\n\n\n<p><a href=\"http:\/\/calafat.cat\/index.php\/viure-es-cremar-anar-cremant-se\/\" data-type=\"page\" data-id=\"1038\">Viure \u00e9s cremar, anar cremant-se<\/a><\/p>\n<\/div>\n\n\n\n<div class=\"wp-block-column is-layout-flow wp-block-column-is-layout-flow\" style=\"flex-basis:50%\">\n<figure class=\"wp-block-image size-full\"><img loading=\"lazy\" decoding=\"async\" width=\"379\" height=\"304\" src=\"http:\/\/calafat.cat\/wp-content\/uploads\/2022\/05\/1-43.jpeg\" alt=\"\" class=\"wp-image-3355\" srcset=\"https:\/\/calafat.cat\/wp-content\/uploads\/2022\/05\/1-43.jpeg 379w, https:\/\/calafat.cat\/wp-content\/uploads\/2022\/05\/1-43-300x241.jpeg 300w\" sizes=\"auto, (max-width: 379px) 100vw, 379px\" \/><figcaption>Toni Moll\u00e0. Fotografia: Jos\u00e9 Cu\u00e9llar. Font: elpuntavui.cat<br><br>M\u00e9s enll\u00e0 de San Francisco. Toni Moll\u00e0. Edicions Bromera, Alzira, 2010. 183 p\u00e0gines<br><br>Etiquetes:\u00a0<a href=\"http:\/\/calafat.cat\/index.php\/2010-3\/\" data-type=\"page\" data-id=\"2169\">2010<\/a> <a href=\"http:\/\/calafat.cat\/index.php\/publicat-a\/el-pais\/\" data-type=\"page\" data-id=\"108\">El Pa\u00eds<\/a> <a href=\"http:\/\/calafat.cat\/index.php\/assaig\/\" data-type=\"page\" data-id=\"1677\"><a href=\"http:\/\/calafat.cat\/index.php\/per-generes\/assaig\/\" data-type=\"page\" data-id=\"83\">Assaig<\/a><\/a><\/figcaption><\/figure>\n<\/div>\n<\/div>\n","protected":false},"excerpt":{"rendered":"<p>Toni Moll\u00e0 \u00e9s un autor que procedeix de l\u2019escriptura dura de la socioling\u00fcista i l\u2019assaig (Manual de socioling\u00fc\u00edstica,&nbsp;Quina pol\u00edtica ling\u00fc\u00edstica?, entre altres) i que des fa una d\u00e8cada mira de compaginar-la amb una escriptura m\u00e9s liter\u00e0ria, de tracte m\u00e9s cordial. La forma triada, ara per ara, \u00e9s el dietari. Ho testimonien&nbsp;Espill d\u2019insol\u00e8ncies&nbsp;i&nbsp;Al pas dels dies. &#8230; <a title=\"Al cor de la immensitat\" class=\"read-more\" href=\"https:\/\/calafat.cat\/index.php\/al-cor-de-la-immensitat-2\/\" aria-label=\"M\u00e1s en Al cor de la immensitat\">Leer m\u00e1s<\/a><\/p>\n","protected":false},"author":1,"featured_media":0,"parent":0,"menu_order":0,"comment_status":"closed","ping_status":"closed","template":"","meta":{"footnotes":""},"class_list":["post-1681","page","type-page","status-publish"],"_links":{"self":[{"href":"https:\/\/calafat.cat\/index.php\/wp-json\/wp\/v2\/pages\/1681","targetHints":{"allow":["GET"]}}],"collection":[{"href":"https:\/\/calafat.cat\/index.php\/wp-json\/wp\/v2\/pages"}],"about":[{"href":"https:\/\/calafat.cat\/index.php\/wp-json\/wp\/v2\/types\/page"}],"author":[{"embeddable":true,"href":"https:\/\/calafat.cat\/index.php\/wp-json\/wp\/v2\/users\/1"}],"replies":[{"embeddable":true,"href":"https:\/\/calafat.cat\/index.php\/wp-json\/wp\/v2\/comments?post=1681"}],"version-history":[{"count":3,"href":"https:\/\/calafat.cat\/index.php\/wp-json\/wp\/v2\/pages\/1681\/revisions"}],"predecessor-version":[{"id":3721,"href":"https:\/\/calafat.cat\/index.php\/wp-json\/wp\/v2\/pages\/1681\/revisions\/3721"}],"wp:attachment":[{"href":"https:\/\/calafat.cat\/index.php\/wp-json\/wp\/v2\/media?parent=1681"}],"curies":[{"name":"wp","href":"https:\/\/api.w.org\/{rel}","templated":true}]}}