{"id":1689,"date":"2022-04-28T06:57:32","date_gmt":"2022-04-28T06:57:32","guid":{"rendered":"http:\/\/calafat.cat\/?page_id=1689"},"modified":"2022-05-17T15:01:13","modified_gmt":"2022-05-17T15:01:13","slug":"ciutat-i-literatura-2","status":"publish","type":"page","link":"https:\/\/calafat.cat\/index.php\/ciutat-i-literatura-2\/","title":{"rendered":"Ciutat i literatura"},"content":{"rendered":"\n<div class=\"wp-block-columns alignwide is-layout-flex wp-container-core-columns-is-layout-9d6595d7 wp-block-columns-is-layout-flex\">\n<div class=\"wp-block-column is-layout-flow wp-block-column-is-layout-flow\" style=\"flex-basis:50%\">\n<p>Recull de diversos treballs sobre els usos que la societat catalana ha fet del seu patrimoni literari. Se centra en la recepci\u00f3 problem\u00e0tica de Verdaguer i en el proc\u00e9s de la seva conversi\u00f3 en mite nacional, en la relaci\u00f3 de V\u00edctor Catal\u00e0 amb la seva \u00e8poca i les imatges liter\u00e0ries de Girona i en Barcelona.<\/p>\n\n\n\n<p>Jordi Castellanos \u00e9s un bon coneixedor de la literatura del primer ter\u00e7 del present segle, com ho demostren la qualitat dels diversos treballs que integren&nbsp;<em>Literatura, vides, ciutats<\/em>. Tots els cap\u00edtols del llibre, fins i tot el dedicat a l&#8217;an\u00e0lisi detallada de&nbsp;<em>Solitud<\/em>&nbsp;de V\u00edctor Catal\u00e0, incideixen en l&#8217;estudi de les mentalitats, en la interrelaci\u00f3 entre all\u00f2 que \u00e9s sensibilitat d&#8217;\u00e8poca i all\u00f2 que \u00e9s personal en les opinions i creacions dels escriptors catalans. El cap\u00edtol que encap\u00e7ala el llibre \u00e9s una reflexi\u00f3 sobre els usos que la societat liter\u00e0ria fa del passat, dels cl\u00e0ssics, com els reelabora, i com, en un di\u00e0leg permanent amb la tradici\u00f3, enllesteix una lectura viva i renovable en cada moment.<\/p>\n\n\n\n<p>L&#8217;autor tamb\u00e9 rastreja la recepci\u00f3 problem\u00e0tica de Jacint Verdaguer en la primera etapa del modernisme i la posterior mitificaci\u00f3 que se&#8217;n fa des de distints fronts literaris. Tot plegat, un personatge que cal respectar, per\u00f2 no imitar.<\/p>\n\n\n\n<p>\u00c9s molt remarcable l&#8217;\u00faltima part del llibre, pel fet que presenta una visi\u00f3 de conjunt de les distintes i contraposades mirades liter\u00e0ries que s&#8217;han fet sobre les ciutats de Girona i Barcelona. Una via d&#8217;investigaci\u00f3 que t\u00e9 com a punt de partida l&#8217;obra de Walter Benjamin i que tants bons resultats ha donat en altres lleng\u00fces. Per a Jordi Castellanos la interpretaci\u00f3 liter\u00e0ria de la ciutat no \u00e9s tan sols producte d&#8217;una experi\u00e8ncia hist\u00f2rica i personal, sin\u00f3 que aquesta va lligada tamb\u00e9 a un bagatge literari.<\/p>\n\n\n\n<p>EL TEMPS, n\u00fam. 708, p\u00e0g. 71 12\/01\/1998<\/p>\n\n\n\n<p>Descarrega&#8217;t l&#8217;original:&nbsp;<img decoding=\"async\" src=\"http:\/\/calafat.cat\/modules\/file\/icons\/application-pdf.png\" alt=\"PDF icon\"><a href=\"http:\/\/calafat.cat\/sites\/default\/files\/ciutat-i-literatura.pdf\">ciutat-i-literatura.pdf<\/a><\/p>\n\n\n\n<p><a rel=\"noreferrer noopener\" href=\"http:\/\/calafat.cat\/#facebook\" target=\"_blank\">Facebook<\/a>&nbsp;<a rel=\"noreferrer noopener\" href=\"http:\/\/calafat.cat\/#twitter\" target=\"_blank\">Twitter<\/a>&nbsp;<a href=\"https:\/\/www.addtoany.com\/share#url=http%3A%2F%2Fcalafat.cat%2Farticles%2Fciutat-i-literatura&amp;title=Ciutat%20i%20literatura%20\">&nbsp;Comparteix a<\/a><\/p>\n\n\n\n<p>Articles recents:&nbsp;<\/p>\n\n\n\n<p><a href=\"http:\/\/calafat.cat\/index.php\/viatge-iniciatic-i-catartic-al-mon-sorprenent-del-primer-estelles-2\/\" data-type=\"page\" data-id=\"2032\">Viatge inici\u00e0tic i cat\u00e0rtic al m\u00f3n sorprenent del primer Estell\u00e9s<\/a><\/p>\n\n\n\n<p><a href=\"http:\/\/calafat.cat\/index.php\/quatre-decades-de-narrativa-valenciana-moderna\/\" data-type=\"page\" data-id=\"1048\">Quatre d\u00e8cades de narrativa valenciana moderna<\/a><\/p>\n\n\n\n<p><a href=\"http:\/\/calafat.cat\/index.php\/renaixer-de-les-cendres\/\" data-type=\"page\" data-id=\"1067\">Ren\u00e0ixer de les cendres<\/a><\/p>\n<\/div>\n\n\n\n<div class=\"wp-block-column is-layout-flow wp-block-column-is-layout-flow\" style=\"flex-basis:50%\">\n<figure class=\"wp-block-image size-full\"><img loading=\"lazy\" decoding=\"async\" width=\"379\" height=\"252\" src=\"http:\/\/calafat.cat\/wp-content\/uploads\/2022\/05\/ciutat-i-literatura-2-1.jpeg\" alt=\"\" class=\"wp-image-2989\" srcset=\"https:\/\/calafat.cat\/wp-content\/uploads\/2022\/05\/ciutat-i-literatura-2-1.jpeg 379w, https:\/\/calafat.cat\/wp-content\/uploads\/2022\/05\/ciutat-i-literatura-2-1-300x199.jpeg 300w\" sizes=\"auto, (max-width: 379px) 100vw, 379px\" \/><figcaption>Jordi Castellanos. Font: lavanguardia.com<br><br>Literatura, vides, ciutats. Jordi Castellanos. Edicions 62, Barcelona, 1997. 193 p\u00e0gs.<br><br>Etiquetes:\u00a0<a href=\"http:\/\/calafat.cat\/index.php\/1998-2\/\" data-type=\"page\" data-id=\"2609\">1998<\/a> <a href=\"http:\/\/calafat.cat\/index.php\/publicat-a\/el-temps\/\" data-type=\"page\" data-id=\"110\">El Temps<\/a> <a href=\"http:\/\/calafat.cat\/index.php\/assaig\/\" data-type=\"page\" data-id=\"1677\"><a href=\"http:\/\/calafat.cat\/index.php\/assaig\/\" data-type=\"page\" data-id=\"1677\"><\/a><a href=\"http:\/\/calafat.cat\/index.php\/per-generes\/assaig\/\" data-type=\"page\" data-id=\"83\">Assaig<\/a><\/a><\/figcaption><\/figure>\n<\/div>\n<\/div>\n","protected":false},"excerpt":{"rendered":"<p>Recull de diversos treballs sobre els usos que la societat catalana ha fet del seu patrimoni literari. Se centra en la recepci\u00f3 problem\u00e0tica de Verdaguer i en el proc\u00e9s de la seva conversi\u00f3 en mite nacional, en la relaci\u00f3 de V\u00edctor Catal\u00e0 amb la seva \u00e8poca i les imatges liter\u00e0ries de Girona i en Barcelona. &#8230; <a title=\"Ciutat i literatura\" class=\"read-more\" href=\"https:\/\/calafat.cat\/index.php\/ciutat-i-literatura-2\/\" aria-label=\"M\u00e1s en Ciutat i literatura\">Leer m\u00e1s<\/a><\/p>\n","protected":false},"author":1,"featured_media":0,"parent":0,"menu_order":0,"comment_status":"closed","ping_status":"closed","template":"","meta":{"footnotes":""},"class_list":["post-1689","page","type-page","status-publish"],"_links":{"self":[{"href":"https:\/\/calafat.cat\/index.php\/wp-json\/wp\/v2\/pages\/1689","targetHints":{"allow":["GET"]}}],"collection":[{"href":"https:\/\/calafat.cat\/index.php\/wp-json\/wp\/v2\/pages"}],"about":[{"href":"https:\/\/calafat.cat\/index.php\/wp-json\/wp\/v2\/types\/page"}],"author":[{"embeddable":true,"href":"https:\/\/calafat.cat\/index.php\/wp-json\/wp\/v2\/users\/1"}],"replies":[{"embeddable":true,"href":"https:\/\/calafat.cat\/index.php\/wp-json\/wp\/v2\/comments?post=1689"}],"version-history":[{"count":3,"href":"https:\/\/calafat.cat\/index.php\/wp-json\/wp\/v2\/pages\/1689\/revisions"}],"predecessor-version":[{"id":3728,"href":"https:\/\/calafat.cat\/index.php\/wp-json\/wp\/v2\/pages\/1689\/revisions\/3728"}],"wp:attachment":[{"href":"https:\/\/calafat.cat\/index.php\/wp-json\/wp\/v2\/media?parent=1689"}],"curies":[{"name":"wp","href":"https:\/\/api.w.org\/{rel}","templated":true}]}}