{"id":1708,"date":"2022-04-28T07:03:35","date_gmt":"2022-04-28T07:03:35","guid":{"rendered":"http:\/\/calafat.cat\/?page_id=1708"},"modified":"2022-05-19T14:58:28","modified_gmt":"2022-05-19T14:58:28","slug":"la-forca-del-llenguatge-un-festival-literari-2","status":"publish","type":"page","link":"https:\/\/calafat.cat\/index.php\/la-forca-del-llenguatge-un-festival-literari-2\/","title":{"rendered":"La for\u00e7a del llenguatge. Un festival literari"},"content":{"rendered":"\n<div class=\"wp-block-columns alignwide is-layout-flex wp-container-core-columns-is-layout-9d6595d7 wp-block-columns-is-layout-flex\">\n<div class=\"wp-block-column is-layout-flow wp-block-column-is-layout-flow\" style=\"flex-basis:50%\">\n<p>Enric S\u00f2ria, poeta i prosista, \u00e9s conegut de tots vost\u00e9s pels papers que li lligen en aquest&nbsp;<em>Quadern<\/em>&nbsp;i segurament per d\u2019altres recollits en&nbsp;<em>Incitacions<\/em>&nbsp;(1997) i&nbsp;<em>L\u2019espill de Janus<\/em>&nbsp;(2000), on desplega una agudesa afuada i una prosa elegant que es mou amb comoditat per les trinxeres tem\u00e0tiques m\u00e9s variades. Per\u00f2 quan realment trobem en estat pur la seua aquest mirada inquieta i inquisitiva sobre la realitat que l\u2019envolta \u00e9s en els dietaris: ac\u00ed el pillen entre bastidors, mentre afila els instruments i esgrimeix estrat\u00e8gies diverses d\u2019argumentar i contraargumentar. El seu primer dietari,&nbsp;<em>Mentre parlem<\/em>&nbsp;(1994) ja ens confirma la seua amplitud de mires i la fermesa del seu art discursiu.&nbsp;<em>La lentitud del mar<\/em>&nbsp;no \u00e9s llibre d\u2019assaigs en el m\u00e9s estricte del terme sin\u00f3 que \u00e9s una desfilada d\u2019apunts de l\u2019escriptor que creix entre experi\u00e8ncies viscudes i experi\u00e8ncies llegides, encarnades en textos de distinta mida i intenci\u00f3: des les cites i la nota epigram\u00e0tica fins als assaigs breus, i \u00e9s ac\u00ed, en aquesta literatura d\u2019idees i d\u2019idees sobre idees on m\u00e9s s\u2019acosta al dietarisme fusteri\u00e0; per\u00f2 bastit amb armes i punts de vista ben personals. A difer\u00e8ncia de l\u2019escriptor de Sueca, a S\u00f2ria li agrada recrear-se, sense abusar-ne, en an\u00e8cdotes, detalls fugissers de la vida quotidiana, paisatges amb anotacions llampants i acollides. A m\u00e9s ens regala retrats atractius d\u2019escriptors uns itineraris llumin\u00f3s i aclaridors pel Centre de Europa, sobretot per terres alemanyes.<\/p>\n\n\n\n<p>Com d\u00f3na a entendre l\u2019autor, el seu periple biogr\u00e0fic i intel\u00b7lectual es fonamenta a partir del di\u00e0leg i de conflictes amb el m\u00f3n. I tamb\u00e9 amb els diferents \u201cjo\u201d que genera amb el temps. Aix\u00ed la ment esdev\u00e9 una esp\u00e8cie de&nbsp;<em>f\u00f2rum<\/em>&nbsp;imaginatiu amb el qual estableix un estira i arronsa constant: afirma, contradiu, decideix, preveu, recorda, aprova i reprova, admira, culpa i s\u2019inculpa, accepta i rebutja. I moltes altres coses, com ara mantenir una batalla a ultran\u00e7a amb ell mateix, on els sentiments i les viv\u00e8ncies estableixen un escenari tens i conf\u00fas amb les ambival\u00e8ncies contradiccions habituals dels moments d\u2019alta tensi\u00f3 existencial, amb la confessi\u00f3 intimitats \u2013poques; nom\u00e9s les imprescindibles- que aporten credibilitat i for\u00e7a dram\u00e0tica. Amb aquests objectius s\u2019ent\u00e9n que una de les obsessions de l\u2019autor siga l\u2019exig\u00e8ncia moral i liter\u00e0ria. Aquesta recerca pot arribar a situacions de crispaci\u00f3 i de menysteniment personal i ganes d\u2019abonar l\u2019escriptura. Tot plegat, les esfor\u00e7os i les tensions ressalten un desfici vital, un neguit\u00f3s desig de coneixement i de gaudir plenament de les coses.<\/p>\n\n\n\n<p>Una part ben visible de dietari s\u00f3n els que podem considerar assaigs menuts, que reflecteixen les inquietuds de l\u2019autor de l\u2019autor i de vegades tamb\u00e9 del moment hist\u00f2ric. Encara que giren al voltant d\u2019idees, l\u2019an\u00e8cdota que els motiven \u00e9s evocada o intu\u00efda. A banda de temes literaris, els temes que provoquen inquietud o inter\u00e9s a l\u2019autor s\u00f3n la progressiva inhabilitat de l\u2019entorn i la conversi\u00f3 del paisatge en un parc tem\u00e0tic universal, els problemes que presenta una converg\u00e8ncia europea basada nom\u00e9s en el vessant econ\u00f2mic i el trag\u00e8dia dels Balcans. Altres q\u00fcestions a destacar s\u00f3n les complexitats i les distintes cares del que anomenem jo, la relaci\u00f3 del jo amb els altres, les possibilitats del coneixement, la relaci\u00f3 del llenguatge i de la ment amb el m\u00f3n, l\u2019universalisme i la diversitat, els sentits de l\u2019art&#8230; S\u00f2ria sempre parla des d\u2019una visi\u00f3 entenimentada i raonable, rebutjant les reduccions i els extremismes. Per aix\u00f2, sempre que pot \u00e9s bel\u00b7ligerant amb els defensors del tot val en art i de l\u2019art autoreferent, amb aquells que veuen el llenguatge com a \u00fanica realitat possible. El m\u00e9s valu\u00f3s del seu discurs no s\u00f3n, per dir-ho en paraules d\u2019Isaiah Berlin, tan les idees, que solen ser simples com totes les idees, sin\u00f3 els fond\u00e0ria arguments que es menen per sustentar-les.<\/p>\n\n\n\n<p><em>La lentitud del mar<\/em>&nbsp;com a veritable&nbsp;<em>vademecum<\/em>&nbsp;no \u00e9s nom\u00e9s la hist\u00f2ria d\u2019una etapa de l\u2019autor sin\u00f3 que fins a cert punt \u00e9s tamb\u00e9 una cr\u00f2nica parcial d\u2019un temps, una ciutat, d\u2019un pa\u00eds i una literatura. Hi ha apunts molt justs sobre la situaci\u00f3 liter\u00e0ria, ling\u00fc\u00edstica i pol\u00edtica del Pa\u00eds Valenci\u00e0. Per\u00f2 hi ha moltes coses, especialment liter\u00e0ries i on destaquen algunes glosses sobre la figura i l\u2019obra de Joan Fuster, l\u2019Estell\u00e9s, Josep Pal\u00e0cios, Salvador Espriu, Vicent Berenguer, Claudio Magris, Junguer, Golo Mann, Lichtenberg i molts altres.<\/p>\n\n\n\n<p>Enric S\u00f2ria s\u2019ha deixat la pell en aquest llibre, escrit sense concessions. \u00c9s tot un festival literari. El seu estil \u00e9s vigor\u00f3s i vers\u00e0til, sinu\u00f3s i fecund en insinuacions. Cada p\u00e0gina \u00e9s una continua eclosi\u00f3 de llenguatge \u2013amb un magn\u00edfic \u00fas de l\u2019adjectiu-, prec\u00eds i imaginatiu a l\u2019hora. S\u00f2ria el for\u00e7a de vegades fins a extrems agosarats, sense perdre mai la claredat. Sens dubte, una fita en la nostra literatura.<\/p>\n\n\n\n<p>EL PA\u00cdS, QUADERN, 30\/06\/2005<\/p>\n\n\n\n<p><a rel=\"noreferrer noopener\" href=\"http:\/\/calafat.cat\/#facebook\" target=\"_blank\">Facebook<\/a>&nbsp;<a rel=\"noreferrer noopener\" href=\"http:\/\/calafat.cat\/#twitter\" target=\"_blank\">Twitter<\/a>&nbsp;<a href=\"https:\/\/www.addtoany.com\/share#url=http%3A%2F%2Fcalafat.cat%2Farticles%2Fla-forca-del-llenguatge&amp;title=La%20for%C3%A7a%20del%20llenguatge.%20Un%20festival%20literari\">&nbsp;Comparteix a<\/a><\/p>\n\n\n\n<p>Articles recents:&nbsp;<\/p>\n\n\n\n<p><a href=\"http:\/\/calafat.cat\/index.php\/quan-la-realitat-dansa-en-la-ficcio-3\/\" data-type=\"page\" data-id=\"1892\">Quan la realitat dansa en la ficci\u00f3<\/a><\/p>\n\n\n\n<p><a href=\"http:\/\/calafat.cat\/index.php\/saltant-duna-travessa-a-laltra\/\" data-type=\"page\" data-id=\"1034\">Saltant d\u2019una travessa a l\u2019altra<\/a><\/p>\n\n\n\n<p><a href=\"http:\/\/calafat.cat\/index.php\/lunivers-dens-de-lalfabet-2\/\" data-type=\"page\" data-id=\"2010\">L\u2019univers dens de l\u2019alfabet<\/a><\/p>\n<\/div>\n\n\n\n<div class=\"wp-block-column is-layout-flow wp-block-column-is-layout-flow\" style=\"flex-basis:50%\">\n<figure class=\"wp-block-image size-full\"><img loading=\"lazy\" decoding=\"async\" width=\"379\" height=\"379\" src=\"http:\/\/calafat.cat\/wp-content\/uploads\/2022\/05\/la-forca-del-llenguatge-2.jpeg\" alt=\"\" class=\"wp-image-3188\" srcset=\"https:\/\/calafat.cat\/wp-content\/uploads\/2022\/05\/la-forca-del-llenguatge-2.jpeg 379w, https:\/\/calafat.cat\/wp-content\/uploads\/2022\/05\/la-forca-del-llenguatge-2-300x300.jpeg 300w, https:\/\/calafat.cat\/wp-content\/uploads\/2022\/05\/la-forca-del-llenguatge-2-150x150.jpeg 150w\" sizes=\"auto, (max-width: 379px) 100vw, 379px\" \/><figcaption>Enric S\u00f2ria. Fotografia: Jes\u00fas Ciscar. Font: ccaa.elpais.com<br><br>La lentitud del mar. Dietari. 1989-1997. Enric S\u00f2ria. Edicions Proa. Barcelona, 2005. 358 p\u00e0gs.<br><br>Etiquetes:\u00a0<a href=\"http:\/\/calafat.cat\/index.php\/2005-2\/\" data-type=\"page\" data-id=\"2155\">2005<\/a> <a href=\"http:\/\/calafat.cat\/index.php\/publicat-a\/el-pais\/\" data-type=\"page\" data-id=\"108\">El Pa\u00eds<\/a> <a href=\"http:\/\/calafat.cat\/index.php\/assaig\/\" data-type=\"page\" data-id=\"1677\">Assaig<\/a> <a href=\"http:\/\/calafat.cat\/index.php\/enric-soria\/\" data-type=\"page\" data-id=\"4178\">Enric S\u00f2ria<\/a><\/figcaption><\/figure>\n<\/div>\n<\/div>\n","protected":false},"excerpt":{"rendered":"<p>Enric S\u00f2ria, poeta i prosista, \u00e9s conegut de tots vost\u00e9s pels papers que li lligen en aquest&nbsp;Quadern&nbsp;i segurament per d\u2019altres recollits en&nbsp;Incitacions&nbsp;(1997) i&nbsp;L\u2019espill de Janus&nbsp;(2000), on desplega una agudesa afuada i una prosa elegant que es mou amb comoditat per les trinxeres tem\u00e0tiques m\u00e9s variades. Per\u00f2 quan realment trobem en estat pur la seua aquest &#8230; <a title=\"La for\u00e7a del llenguatge. Un festival literari\" class=\"read-more\" href=\"https:\/\/calafat.cat\/index.php\/la-forca-del-llenguatge-un-festival-literari-2\/\" aria-label=\"M\u00e1s en La for\u00e7a del llenguatge. Un festival literari\">Leer m\u00e1s<\/a><\/p>\n","protected":false},"author":1,"featured_media":0,"parent":0,"menu_order":0,"comment_status":"closed","ping_status":"closed","template":"","meta":{"footnotes":""},"class_list":["post-1708","page","type-page","status-publish"],"_links":{"self":[{"href":"https:\/\/calafat.cat\/index.php\/wp-json\/wp\/v2\/pages\/1708","targetHints":{"allow":["GET"]}}],"collection":[{"href":"https:\/\/calafat.cat\/index.php\/wp-json\/wp\/v2\/pages"}],"about":[{"href":"https:\/\/calafat.cat\/index.php\/wp-json\/wp\/v2\/types\/page"}],"author":[{"embeddable":true,"href":"https:\/\/calafat.cat\/index.php\/wp-json\/wp\/v2\/users\/1"}],"replies":[{"embeddable":true,"href":"https:\/\/calafat.cat\/index.php\/wp-json\/wp\/v2\/comments?post=1708"}],"version-history":[{"count":3,"href":"https:\/\/calafat.cat\/index.php\/wp-json\/wp\/v2\/pages\/1708\/revisions"}],"predecessor-version":[{"id":4188,"href":"https:\/\/calafat.cat\/index.php\/wp-json\/wp\/v2\/pages\/1708\/revisions\/4188"}],"wp:attachment":[{"href":"https:\/\/calafat.cat\/index.php\/wp-json\/wp\/v2\/media?parent=1708"}],"curies":[{"name":"wp","href":"https:\/\/api.w.org\/{rel}","templated":true}]}}