{"id":1718,"date":"2022-04-28T07:09:12","date_gmt":"2022-04-28T07:09:12","guid":{"rendered":"http:\/\/calafat.cat\/?page_id=1718"},"modified":"2022-05-11T16:22:46","modified_gmt":"2022-05-11T16:22:46","slug":"la-prosa-purificant-de-villalonga-2","status":"publish","type":"page","link":"https:\/\/calafat.cat\/index.php\/la-prosa-purificant-de-villalonga-2\/","title":{"rendered":"La prosa purificant de Villalonga"},"content":{"rendered":"\n<div class=\"wp-block-columns alignwide is-layout-flex wp-container-core-columns-is-layout-9d6595d7 wp-block-columns-is-layout-flex\">\n<div class=\"wp-block-column is-layout-flow wp-block-column-is-layout-flow\" style=\"flex-basis:50%\">\n<p>El present volum \u00e9s un recull de cartes i d&#8217;articles del Lloren\u00e7 VilIalonga anterior a la guerra espanyola en el qual es reflecteix un home preocupat pels grans problemes del seu temps amb una activitat period\u00edstica, lligada a la controv\u00e8rsia i la pol\u00e8mica, orientada a renovar la seua societat.<\/p>\n\n\n\n<p>Jaume Pomar ofereix en aquest volum totes les cartes que va escriure Lloren\u00e7 Villalonga abans de la guerra i una mostra \u00e0mplia de la seua activitat period\u00edstica. Tot plegat, un aplec de papers importants per con\u00e8ixer millor la personalitat i el pensament esmunyedissos de l&#8217;escriptor mallorqu\u00ed. Les cartes, escrites en calent, ens mostren la cara m\u00e9s \u00edntima de l&#8217;escriptor: els motius que el duen a elegir la carrera de medicina, els aspectes m\u00e9s vulnerables de la seua personalitat, els afers sentimentals, com ara la proposici\u00f3 de matrimoni a la v\u00eddua de Jacob Surada o l&#8217;afer t\u00e8rbol del rapte d&#8217;una jove deficient. Al marge de tota aquesta informaci\u00f3, que sempre aporta una mica de pebre a la xafarderia liter\u00e0ria, potser el que hi destaca \u00e9s una personalitat inquieta, de gustos cosmopolites, a qui l&#8217;asfixiant ambient resclosit de les illes el du a menystenir el nacionalisme cultural i literari. Aquesta inquietud es reflectir\u00e0 d&#8217;una manera quasi obsessiva en la seua activitat period\u00edstica d&#8217;abans de guerra. Aix\u00ed, els articles presenten una Mallorca tova, poruga, anestesiada per la tradici\u00f3 i les convencions, rebeca a qualsevol voluntat de renovaci\u00f3, ja siga cultural o pol\u00edtica. Davant una atmosfera tan tancada, la via que assumeix Villalonga per combatre-la i comprendre-la \u00e9s una actitud purificant de demolir el t\u00f2pics amb les armes de la ironia, l&#8217;escepticisme i l&#8217;antilocalisme. Per aix\u00f2, al costat d&#8217;articles on analitza la mentalitat mallorquina, la curtedat de mires a l&#8217;hora de plantejar el tema del turisme, la pol\u00edtica local i estatal, s&#8217;esfor\u00e7ar\u00e0 per divulgar idees noves i alguns dels autors significatius de la literatura europea (Mann, Gide, France&#8230;).<\/p>\n\n\n\n<p>A banda de les q\u00fcestions liter\u00e0ries, al lector actual li poden atraure les reflexions sobre la possibilitat del coneixement davant un m\u00f3n caracteritzat per la progressiva acumulaci\u00f3 d&#8217;informaci\u00f3, o la cr\u00edtica a les visions deterministes del comportament hum\u00e0 com les que oferia, per exemple, el doctor Mara\u00f1\u00f3n. En conjunt, els escrits d&#8217;aquest volum mostren un pensament liberal que tingu\u00e9 poc espai en els convulsos anys d&#8217;entreguerres, un pensament cr\u00edtic tant amb l&#8217;immobilisme de les dretes com amb els esquematismes dels moviments progressistes. Sense perdre de vista, \u00e9s clar, les limitacions de la visi\u00f3 del mateix ViIIalonga, que, propera la guerra, es decanta cap a posicions feixistes.<\/p>\n\n\n\n<p>El llibre permet al lector de veure de m\u00e9s a prop l&#8217;evoluci\u00f3 vital de VilIalonga i, de retruc, l&#8217;exist\u00e8ncia d&#8217;un pensament liberal, o com es vulga dir, m\u00e9s s\u00f2lid del que sovint la historiografia ha pintat.<\/p>\n\n\n\n<p>EL TEMPS, n\u00fam. 756, p\u00e0g. 84, 14\/12\/1998 <\/p>\n\n\n\n<p>Descarrega&#8217;t l&#8217;original:&nbsp;<img decoding=\"async\" src=\"http:\/\/calafat.cat\/modules\/file\/icons\/application-pdf.png\" alt=\"PDF icon\"><a href=\"http:\/\/calafat.cat\/sites\/default\/files\/la-prosa-purificant-de-villalonga.pdf\">la-prosa-purificant-de-villalonga.pdf<\/a><\/p>\n\n\n\n<p><a rel=\"noreferrer noopener\" href=\"http:\/\/calafat.cat\/#facebook\" target=\"_blank\">Facebook<\/a>&nbsp;<a rel=\"noreferrer noopener\" href=\"http:\/\/calafat.cat\/#twitter\" target=\"_blank\">Twitter<\/a>&nbsp;<a href=\"https:\/\/www.addtoany.com\/share#url=http%3A%2F%2Fcalafat.cat%2Farticles%2Fla-prosa-purificant-de-villalonga&amp;title=La%20prosa%20purificant%20de%20Villalonga%20\">&nbsp;Comparteix a<\/a><\/p>\n\n\n\n<p>Articles recents:&nbsp;<\/p>\n\n\n\n<p><a href=\"http:\/\/calafat.cat\/index.php\/lunivers-dens-de-lalfabet-2\/\" data-type=\"page\" data-id=\"2010\">L\u2019univers dens de l\u2019alfabet<\/a><\/p>\n\n\n\n<p><a href=\"http:\/\/calafat.cat\/index.php\/vitalitat-de-la-lletra-impresa-la-literatura-valenciana-sobreviu-als-efectes-duna-crisi-que-sacarnissa-tambe-amb-el-mon-de-la-cultura\/\" data-type=\"page\" data-id=\"1094\">Vitalitat de la lletra impresa. La literatura valenciana sobreviu als efectes d&#8217;una crisi que s&#8217;acarnissa tamb\u00e9 amb el m\u00f3n de la cultura<\/a><\/p>\n\n\n\n<p><a href=\"http:\/\/calafat.cat\/index.php\/joves-sensibles-3\/\" data-type=\"page\" data-id=\"1588\">Joves sensibles<\/a><\/p>\n<\/div>\n\n\n\n<div class=\"wp-block-column is-layout-flow wp-block-column-is-layout-flow\" style=\"flex-basis:50%\">\n<figure class=\"wp-block-image size-full\"><img loading=\"lazy\" decoding=\"async\" width=\"379\" height=\"291\" src=\"http:\/\/calafat.cat\/wp-content\/uploads\/2022\/05\/la-prosa-purificant-de-villalonga-2-1.jpeg\" alt=\"\" class=\"wp-image-3016\" srcset=\"https:\/\/calafat.cat\/wp-content\/uploads\/2022\/05\/la-prosa-purificant-de-villalonga-2-1.jpeg 379w, https:\/\/calafat.cat\/wp-content\/uploads\/2022\/05\/la-prosa-purificant-de-villalonga-2-1-300x230.jpeg 300w\" sizes=\"auto, (max-width: 379px) 100vw, 379px\" \/><figcaption>Lloren\u00e7 Villalonga<br><br>Cartes i articles. Temps de preguerra. Lloren\u00e7 Villalonga. Ed. a cura de Jaume Pomar. Ed. Moll. Col\u00b7Iecci\u00f3 \u00abTomir\u00bb, 34, Mallorca, 1998. 275 p\u00e0gs.<br><br>Etiquetes:\u00a0<a href=\"http:\/\/calafat.cat\/index.php\/1998-2\/\" data-type=\"page\" data-id=\"2609\">1998<\/a> <a href=\"http:\/\/calafat.cat\/index.php\/publicat-a\/el-temps\/\" data-type=\"page\" data-id=\"110\">El Temps<\/a> <a href=\"http:\/\/calafat.cat\/index.php\/assaig\/\" data-type=\"page\" data-id=\"1677\">Assaig<\/a><\/figcaption><\/figure>\n<\/div>\n<\/div>\n","protected":false},"excerpt":{"rendered":"<p>El present volum \u00e9s un recull de cartes i d&#8217;articles del Lloren\u00e7 VilIalonga anterior a la guerra espanyola en el qual es reflecteix un home preocupat pels grans problemes del seu temps amb una activitat period\u00edstica, lligada a la controv\u00e8rsia i la pol\u00e8mica, orientada a renovar la seua societat. Jaume Pomar ofereix en aquest volum &#8230; <a title=\"La prosa purificant de Villalonga\" class=\"read-more\" href=\"https:\/\/calafat.cat\/index.php\/la-prosa-purificant-de-villalonga-2\/\" aria-label=\"M\u00e1s en La prosa purificant de Villalonga\">Leer m\u00e1s<\/a><\/p>\n","protected":false},"author":1,"featured_media":0,"parent":0,"menu_order":0,"comment_status":"closed","ping_status":"closed","template":"","meta":{"footnotes":""},"class_list":["post-1718","page","type-page","status-publish"],"_links":{"self":[{"href":"https:\/\/calafat.cat\/index.php\/wp-json\/wp\/v2\/pages\/1718","targetHints":{"allow":["GET"]}}],"collection":[{"href":"https:\/\/calafat.cat\/index.php\/wp-json\/wp\/v2\/pages"}],"about":[{"href":"https:\/\/calafat.cat\/index.php\/wp-json\/wp\/v2\/types\/page"}],"author":[{"embeddable":true,"href":"https:\/\/calafat.cat\/index.php\/wp-json\/wp\/v2\/users\/1"}],"replies":[{"embeddable":true,"href":"https:\/\/calafat.cat\/index.php\/wp-json\/wp\/v2\/comments?post=1718"}],"version-history":[{"count":2,"href":"https:\/\/calafat.cat\/index.php\/wp-json\/wp\/v2\/pages\/1718\/revisions"}],"predecessor-version":[{"id":3017,"href":"https:\/\/calafat.cat\/index.php\/wp-json\/wp\/v2\/pages\/1718\/revisions\/3017"}],"wp:attachment":[{"href":"https:\/\/calafat.cat\/index.php\/wp-json\/wp\/v2\/media?parent=1718"}],"curies":[{"name":"wp","href":"https:\/\/api.w.org\/{rel}","templated":true}]}}