{"id":1732,"date":"2022-04-28T07:14:43","date_gmt":"2022-04-28T07:14:43","guid":{"rendered":"http:\/\/calafat.cat\/?page_id=1732"},"modified":"2022-05-11T13:28:50","modified_gmt":"2022-05-11T13:28:50","slug":"tapies-tambe-un-valor-teoric-2","status":"publish","type":"page","link":"https:\/\/calafat.cat\/index.php\/tapies-tambe-un-valor-teoric-2\/","title":{"rendered":"T\u00e0pies, tamb\u00e9 un valor te\u00f2ric"},"content":{"rendered":"\n<div class=\"wp-block-columns alignwide is-layout-flex wp-container-core-columns-is-layout-9d6595d7 wp-block-columns-is-layout-flex\">\n<div class=\"wp-block-column is-layout-flow wp-block-column-is-layout-flow\" style=\"flex-basis:50%\">\n<p>Antoni T\u00e0pies \u00e9s, no cal dir-ho, una de les personalitats art\u00edstiques de la cultura catalana m\u00e9s respectades arreu del m\u00f3n. Respecte que s&#8217;ha guanyat a pols per la seua aportaci\u00f3 a la pintura contempor\u00e0nia, per\u00f2 aquest tal vegada no seria tan emblem\u00e0tic i extens, sin\u00f3 fos pel fet que representa un model d&#8217;artista modern complert. Com tot artista conscient de la seua funci\u00f3, s&#8217;ha esfor\u00e7at per entendre els coneixements i les pulsacions del nostre temps, i per ajudar a comprendre i difondre la rica gamma de valors de l&#8217;art modern a casa nostra. Per tot aix\u00f2 no \u00e9s estrany que l&#8217;\u00e0mplia curiositat art\u00edstica i cultural que es manifesta en les seues creacions pl\u00e0stiques i reflexions escrites l&#8217;hagen convertit en emblema i s\u00edntesi de les tend\u00e8ncies m\u00e9s valuoses de l&#8217;actualitat.<\/p>\n\n\n\n<p>Els llibres i articles de T\u00e0pies no han sigut mai un exercici subsidiari, de justificaci\u00f3, ans el contrari, s\u00f3n part essencial de la seua concepci\u00f3 de la pl\u00e0stica i del m\u00f3n, actitud que li ha exigit un ingent esfor\u00e7 reflexiu que l&#8217;ha portat a immergir-se en distintes branques del saber, com ara la filosofia, la ci\u00e8ncia, les distintes religions, la tradici\u00f3 simb\u00f2lica, la psicohist\u00f2ria, etc. Si alg\u00fa pens\u00e0s que aquesta c\u00e0rrega te\u00f2rica entra en contradicci\u00f3 amb la seua defensa de l&#8217;art, de l&#8217;obra concreta, contra l&#8217;est\u00e8tica, oblidaria que T\u00e0pies el que combat s\u00f3n els preceptes te\u00f2rics, no el pensament que ajuda a concebre una obra d&#8217;art, encara que aquesta siga sovint espont\u00e0nia i intu\u00eftiva.<\/p>\n\n\n\n<p>Valor de l&#8217;art, que acaba d&#8217;eixir, \u00e9s el darrer gra\u00f3 del s\u00f2lid i interessant cam\u00ed reflexiu de T\u00e0pies. Hi recull escrits de distintes intencions, dimensions i qualitats, corn ara discursos, articles, presentacions de cat\u00e0legs&#8230; que, elaborats al llarg dels \u00faltims sis anys, desenvolupen algunes de les constants dels llibres anteriors. El conjunt de tots ells, tot<br>i no formar un discurs sistem\u00e0tic, si que formen un to coherent i unitari.<\/p>\n\n\n\n<p>La primera part del llibre, sota el t\u00edtol de \u00abTeoria\/Contemplaci\u00f3\u00bb, agrupa els articles m\u00e9s densos, d&#8217;abast m\u00e9s te\u00f2ric, els quals graviten sobre el valor i la import\u00e0ncia de l&#8217;art modern com a eina per obtenir un coneixement de la realitat i millorar la condici\u00f3 humana; la necessitat de crear i recuperar certs valors positius que tornen a donar sentit a la vida; l&#8217;espiritualitat de l&#8217;art; la defensa de la complementarietat del m\u00f3n inconscient, intu\u00eftiu, amb el m\u00f3n conscient, racional, cient\u00edfic; l&#8217;advocaci\u00f3 del model d&#8217;artista amb un comprom\u00eds \u00e8tic i inquiet est\u00e8ticament.<\/p>\n\n\n\n<p>A la segona part, podem llegir textos sobre l&#8217;art japon\u00e9s i rom\u00e0nic, a m\u00e9s dels dedicats a artistes concrets com ara Dom\u00e8nech i Montaner, Gaud\u00ed, Foix, Brossa, etc., en els quals T\u00e0pies posa de manifest algunes de les seues afinitats i admiracions. En les dues parts restants del llibre expressa la seua opini\u00f3 sobre la degradaci\u00f3 del Montseny, la defensa dels drets de l&#8217;artista i alguns punts sospitosos de la llei de la propietat intel\u00b7lectual.<\/p>\n\n\n\n<p>Tot i que algunes de les seues opinions puguen ser discutibles, sempre s\u00f3n suggerents i mai no ens deixen indiferents, at\u00e9s que totes aquestes perspectives ens ofereixen una bona oportunitat per entendre millor la personalitat art\u00edstica de T\u00e0pies i de bona part de l&#8217;art modern.<\/p>\n\n\n\n<p>1993. PUBLICAT A &#8216;EL TEMPS&#8217;<\/p>\n\n\n\n<p>Descarrega&#8217;t l&#8217;original:\u00a0<img decoding=\"async\" src=\"http:\/\/calafat.cat\/modules\/file\/icons\/application-pdf.png\" alt=\"PDF icon\"><a href=\"http:\/\/calafat.cat\/sites\/default\/files\/tapies-tambe-un-valor-teoric.pdf\">tapies-tambe-un-valor-teoric.pdf<\/a><\/p>\n\n\n\n<p><a rel=\"noreferrer noopener\" href=\"http:\/\/calafat.cat\/#facebook\" target=\"_blank\">Facebook<\/a>\u00a0<a rel=\"noreferrer noopener\" href=\"http:\/\/calafat.cat\/#twitter\" target=\"_blank\">Twitter<\/a>\u00a0<a href=\"https:\/\/www.addtoany.com\/share#url=http%3A%2F%2Fcalafat.cat%2Farticles%2Ftapies-tambe-un-valor-teoric&amp;title=T%C3%A0pies%2C%20tamb%C3%A9%20un%20valor%20te%C3%B2ric%20\">\u00a0Comparteix a<\/a><\/p>\n\n\n\n<p>Articles recents:\u00a0<\/p>\n\n\n\n<p><a href=\"http:\/\/calafat.cat\/articles\/una-passio-amorosa-en-la-valencia-del-quatre-cents\">Una passi\u00f3 amorosa en la Val\u00e8ncia del quatre-cents<\/a><\/p>\n\n\n\n<p><a href=\"http:\/\/calafat.cat\/articles\/tot-parla-de-tu\">Tot parla de tu<\/a><\/p>\n\n\n\n<p><a href=\"http:\/\/calafat.cat\/articles\/reflexions-al-voltant-del-llorentinisme-i-fuster\">Reflexions al voltant del llorentenisme i Fuster<\/a><\/p>\n<\/div>\n\n\n\n<div class=\"wp-block-column is-layout-flow wp-block-column-is-layout-flow\" style=\"flex-basis:50%\">\n<figure class=\"wp-block-image size-full\"><img loading=\"lazy\" decoding=\"async\" width=\"379\" height=\"266\" src=\"http:\/\/calafat.cat\/wp-content\/uploads\/2022\/05\/tapies-tambe-un-valor-teoric-2.jpeg\" alt=\"\" class=\"wp-image-2883\" srcset=\"https:\/\/calafat.cat\/wp-content\/uploads\/2022\/05\/tapies-tambe-un-valor-teoric-2.jpeg 379w, https:\/\/calafat.cat\/wp-content\/uploads\/2022\/05\/tapies-tambe-un-valor-teoric-2-300x211.jpeg 300w\" sizes=\"auto, (max-width: 379px) 100vw, 379px\" \/><figcaption>Antoni T\u00e0pies. Font: claudipuchades.blogspot.com<br><br>Antoni T\u00e0pies. Valor de l&#8217;art. Fundaci\u00f3 T\u00e0pies i Editorial Emp\u00faries. Barcelona, 1993, 229 p\u00e0gs.<br><br>Etiquetes:\u00a0 <a href=\"http:\/\/calafat.cat\/index.php\/1993-2\/\" data-type=\"page\" data-id=\"2107\">1993<\/a> <a href=\"http:\/\/calafat.cat\/index.php\/publicat-a\/el-temps\/\" data-type=\"page\" data-id=\"110\">El Temps<\/a> <a href=\"http:\/\/calafat.cat\/index.php\/assaig\/\" data-type=\"page\" data-id=\"1677\">Assaig<\/a><\/figcaption><\/figure>\n<\/div>\n<\/div>\n","protected":false},"excerpt":{"rendered":"<p>Antoni T\u00e0pies \u00e9s, no cal dir-ho, una de les personalitats art\u00edstiques de la cultura catalana m\u00e9s respectades arreu del m\u00f3n. Respecte que s&#8217;ha guanyat a pols per la seua aportaci\u00f3 a la pintura contempor\u00e0nia, per\u00f2 aquest tal vegada no seria tan emblem\u00e0tic i extens, sin\u00f3 fos pel fet que representa un model d&#8217;artista modern complert. &#8230; <a title=\"T\u00e0pies, tamb\u00e9 un valor te\u00f2ric\" class=\"read-more\" href=\"https:\/\/calafat.cat\/index.php\/tapies-tambe-un-valor-teoric-2\/\" aria-label=\"M\u00e1s en T\u00e0pies, tamb\u00e9 un valor te\u00f2ric\">Leer m\u00e1s<\/a><\/p>\n","protected":false},"author":1,"featured_media":0,"parent":0,"menu_order":0,"comment_status":"closed","ping_status":"closed","template":"","meta":{"footnotes":""},"class_list":["post-1732","page","type-page","status-publish"],"_links":{"self":[{"href":"https:\/\/calafat.cat\/index.php\/wp-json\/wp\/v2\/pages\/1732","targetHints":{"allow":["GET"]}}],"collection":[{"href":"https:\/\/calafat.cat\/index.php\/wp-json\/wp\/v2\/pages"}],"about":[{"href":"https:\/\/calafat.cat\/index.php\/wp-json\/wp\/v2\/types\/page"}],"author":[{"embeddable":true,"href":"https:\/\/calafat.cat\/index.php\/wp-json\/wp\/v2\/users\/1"}],"replies":[{"embeddable":true,"href":"https:\/\/calafat.cat\/index.php\/wp-json\/wp\/v2\/comments?post=1732"}],"version-history":[{"count":2,"href":"https:\/\/calafat.cat\/index.php\/wp-json\/wp\/v2\/pages\/1732\/revisions"}],"predecessor-version":[{"id":2884,"href":"https:\/\/calafat.cat\/index.php\/wp-json\/wp\/v2\/pages\/1732\/revisions\/2884"}],"wp:attachment":[{"href":"https:\/\/calafat.cat\/index.php\/wp-json\/wp\/v2\/media?parent=1732"}],"curies":[{"name":"wp","href":"https:\/\/api.w.org\/{rel}","templated":true}]}}