{"id":1750,"date":"2022-04-28T07:17:56","date_gmt":"2022-04-28T07:17:56","guid":{"rendered":"http:\/\/calafat.cat\/?page_id=1750"},"modified":"2022-05-18T14:47:29","modified_gmt":"2022-05-18T14:47:29","slug":"homenatge-a-marc-granell-2","status":"publish","type":"page","link":"https:\/\/calafat.cat\/index.php\/homenatge-a-marc-granell-2\/","title":{"rendered":"Homenatge a Marc Granell"},"content":{"rendered":"\n<div class=\"wp-block-columns alignwide is-layout-flex wp-container-core-columns-is-layout-9d6595d7 wp-block-columns-is-layout-flex\">\n<div class=\"wp-block-column is-layout-flow wp-block-column-is-layout-flow\" style=\"flex-basis:50%\">\n<p>L\u2019acte que ens ha convocat avui ac\u00ed va sorgir fa ara quasi un any quan a un grup d\u2019escriptors joves, en una conversa informal, se\u2019ls va oc\u00f3rrer la idea de manifestar l\u2019amistat i l\u2019agra\u00efment a Marc Granell per tot all\u00f2 que havia fet per la literatura del nostre pa\u00eds. Aix\u00ed, sense m\u00e9s, sense saber molt b\u00e9 qu\u00e8 fer ni com. En poc temps l\u2019entusiasme inicial va contagiar moltes persones i, la veritat siga dita, l\u2019aventura ha estat f\u00e0cil, com prova la mostra plural de poetes que participen en aquest volum de&nbsp;<em>Versos per Marc<\/em>, l\u2019editorial que l\u2019ha fet possible i la universitat que ens ha acollit.<\/p>\n\n\n\n<p>Tots els que avui heu vingut coneixeu de sobres el valor de la seua poesia, el lirisme, l\u2019emoci\u00f3 i la lucidesa que recorren els seus versos. Tamb\u00e9 sabeu de les hores que ha dedicat, com a editor, per donar a con\u00e8ixer al p\u00fablic gran nombre d\u2019autors i llibres i del paper discret i efectiu, estrictament volenter\u00f3s, de Marc per fer possible que la l\u00edrica dispose d\u2019un lloc honorable en aquest estrany pa\u00eds. Marc du a les seus espatles unes col\u00b7leccions de poesia de m\u00e8rit innegable, com ara les de Gregal i l\u2019IVEI. Si no res ho impedeix, i esperem que no res ho impedesca, tal vegada no tarde a dirigir-ne una de nova. Les col\u00b7leccions per ell dirigides han sigut sempre plurals, obertes a autors de totes les edats i est\u00e8tiques. En aquest periple han tingut un pes notable les traduccions, perqu\u00e8 la poesia \u00e9s una terra sense fronteres: all\u00f2 que precisament la separa dels lectors -les lleng\u00fces- \u00e9s all\u00f2 que els uneix. El poeta nom\u00e9s pot fer vibrar les fibres m\u00e9s profundes amb aquella llengua que fa seua. Hem de subratllar, a m\u00e9s, l\u2019atenci\u00f3 especial que el nostre autor ha dedicat als joves. Els poetes joves sempre han trobat a casa de Marc una rebuda c\u00e0lida, consells i est\u00edmuls. I un entusiasme encomanad\u00eds. Fins i tot molts hem vist com Marc, en els moments que no podia editar, perseguia algun editor per cantar-li les lloes d\u2019un llibre per tal que no romangu\u00e9s sense publicar un autor novell de m\u00e8rit.<\/p>\n\n\n\n<p>Quan ens van posar a redactar aquestes ratlles no van poder eludir preguntar-nos: \u00bfQui \u00e9s realment Marc Granell? Pot ser la pregunta resulte estranya, perqu\u00e8 la imatge de l\u2019escriptor sembla molt clara a qualsevol que el tracte i que conega la seua poesia. Em principi s\u00ed que n\u2019\u00e9s, de clara. Per\u00f2 si alg\u00fa de nosaltres tracta d\u2019ajuntar tot el que sap sobre Marc Granell, aqueixa imatge de colp i volta assumeix contorns segmentats i complexos, engloba elements dif\u00edcils d\u2019encaixar. I quantes m\u00e9s peces aconseguim de traure a la llum, m\u00e9s ens adonem que se\u2019ns escapen altres per encaixar en una figura unit\u00e0ria totes les cares del pol\u00ededre. Aquest escriptor que sembla acollir-nos amb una invitaci\u00f3 a sentir-nos c\u00f2modes, a adoptar una posici\u00f3 confortable i a sentir-nos amb ell tan relaxats com si an\u00e0rem a jugar una partida entre amics, \u00e9s en realitat un personatge amb un rerafons que mai no s\u2019acaba d\u2019explorar; per m\u00e9s que ho desitgem, mai no aconseguim d\u2019arribar al fons de sentiments i implicacions que cont\u00e9 la seua figura i la seua obra. I no hi ha cap dubte que aqueixes zones d\u2019ombra, aqueixes intu\u00efcions que entreveus per\u00f2 que se t\u2019enfugen, et desperten l\u2019inter\u00e9s per la seua personalitat i et creen noves expectatives quan t\u2019acostes de nou a la seua obra, al joc de miralls que \u00e9s tot llibre.<\/p>\n\n\n\n<p>Hem volgut assenyalar les virtuts de Marc Granell sense caure en la hagiografia. Tota hagiografia sol caure en la mitificaci\u00f3, en l\u2019exaltaci\u00f3 en exc\u00e9s, sense veure i comprendre, per\u00f2 nosaltres no podem fer aix\u00f2 amb Marc, perqu\u00e8 per a Marc la literatura, a m\u00e9s del plaer, \u00e9s sempre una exig\u00e8ncia \u00e8tica, un constant veure i comprendre les coses.<\/p>\n\n\n\n<p>Tots els que d\u2019alguna manera hem participat en aquesta aventura nom\u00e9s preten\u00edem de mostrar el nostre agra\u00efment, la nostra amistat i complicitat. En aquest pa\u00eds sovint no sabem ser agra\u00efts amb les persones de m\u00e8rits; o ho fem quan ja \u00e9s massa tard. Una de les petites sorpreses que ens hem dut \u00e9s que algunes de les persones amb qu\u00e8 ens vam posar en contacte per invitar-les a col\u00b7laborar en aquest homenatge van donar per ent\u00e8s que Marc estava malalt, i amb tota la bona voluntat del m\u00f3n li trucaren interessant-se per la seua salut. Nosaltres, per\u00f2, no vol\u00edem esperar, desitj\u00e0vem fer ja un gest de simpatia i respecte, ara que l\u2019autor es troba en la plenitud de la seua maduresa intel\u00b7lectual i immergit en una etapa de febrosa creativitat. Ens semblava que ara \u00e9s l\u2019hora per tornar-li el que ell havia fet per nosaltres, donar-li \u00e0nims i est\u00edmuls perqu\u00e8 continue amb m\u00e9s for\u00e7a encara els seus interessos literaris.<\/p>\n\n\n\n<p>En una etapa tant poc favorable per a la cultura en catal\u00e0, idear un acte com aquest \u00e9s tamb\u00e9, per modest que siga, un gest d\u2019afirmaci\u00f3 de la dignitat de la poesia i de la cultura feta en catal\u00e0.<\/p>\n\n\n\n<p>Per aix\u00f2 volem dir que en la figura de Marc aquest acte havia d\u2019anar adre\u00e7at a tots aquells que treballen per dignificar la nostra poesia, la nostra literatura. I la ra\u00f3 \u00e9s ben senzilla: quan llegim els nostres autors ho fem per plaer, per\u00f2 igualment mirem de descobrir com la nostra col\u00b7lectivitat ha esdevingut all\u00f2 que \u00e9s, ens esforcem per descobrir all\u00f2 que som. Raons suficients totes elles perqu\u00e8 celebrem aquest acte dedicat a Marc en particular i a la poesia en general. Aix\u00f2 \u00e9s tot. Moltes gr\u00e0cies.<\/p>\n\n\n\n<p>Acte celebrat al Col\u00b7legi Major Rector Peset, de Val\u00e8ncia, l&#8217;any 1999, que despr\u00e9s va continuar amb la publicaci\u00f3 del volum col\u00b7lectiu&nbsp;<em>Versos per a Marc<\/em><\/p>\n\n\n\n<p><a rel=\"noreferrer noopener\" href=\"http:\/\/calafat.cat\/#facebook\" target=\"_blank\">Facebook<\/a>&nbsp;<a rel=\"noreferrer noopener\" href=\"http:\/\/calafat.cat\/#twitter\" target=\"_blank\">Twitter<\/a>&nbsp;<a href=\"https:\/\/www.addtoany.com\/share#url=http%3A%2F%2Fcalafat.cat%2Farticles%2Fhomenatge-a-marc-granell&amp;title=Homenatge%20a%20Marc%20Granell\">&nbsp;Comparteix a<\/a><\/p>\n\n\n\n<p>Articles recents:&nbsp;<\/p>\n\n\n\n<p><a href=\"http:\/\/calafat.cat\/index.php\/viatge-iniciatic-i-catartic-al-mon-sorprenent-del-primer-estelles-2\/\" data-type=\"page\" data-id=\"2032\">Viatge inici\u00e0tic i cat\u00e0rtic al m\u00f3n sorprenent del primer Estell\u00e9s<\/a><\/p>\n\n\n\n<p><a href=\"http:\/\/calafat.cat\/index.php\/el-cami-de-la-poesia-valenciana-dels-setanta-fins-ara\/\" data-type=\"page\" data-id=\"1052\">El cam\u00ed de la poesia valenciana dels setanta fins ara<\/a><\/p>\n\n\n\n<p><a href=\"http:\/\/calafat.cat\/index.php\/pulsions-en-un-moviment-permament\/\" data-type=\"page\" data-id=\"1061\">Pulsions en un moviment permament<\/a><\/p>\n<\/div>\n\n\n\n<div class=\"wp-block-column is-layout-flow wp-block-column-is-layout-flow\" style=\"flex-basis:50%\">\n<figure class=\"wp-block-image size-full\"><img loading=\"lazy\" decoding=\"async\" width=\"379\" height=\"254\" src=\"http:\/\/calafat.cat\/wp-content\/uploads\/2022\/05\/homenatge-a-marc-granell-2.jpeg\" alt=\"\" class=\"wp-image-3054\" srcset=\"https:\/\/calafat.cat\/wp-content\/uploads\/2022\/05\/homenatge-a-marc-granell-2.jpeg 379w, https:\/\/calafat.cat\/wp-content\/uploads\/2022\/05\/homenatge-a-marc-granell-2-300x201.jpeg 300w\" sizes=\"auto, (max-width: 379px) 100vw, 379px\" \/><figcaption>Marc Granell. Font: escriptors.cat<br><br>Etiquetes:\u00a0<a href=\"http:\/\/calafat.cat\/index.php\/1999-2\/\" data-type=\"page\" data-id=\"2403\">1999<\/a> <a href=\"http:\/\/calafat.cat\/index.php\/per-generes\/homenatges-presentacions\/\" data-type=\"page\" data-id=\"92\">Homenatges\/Presentacions<\/a> <a href=\"http:\/\/calafat.cat\/index.php\/per-generes\/poesia\/\" data-type=\"page\" data-id=\"98\">Poesia<\/a> <a href=\"http:\/\/calafat.cat\/index.php\/marc-granell\/\" data-type=\"page\" data-id=\"3814\">Marc Granell<\/a><\/figcaption><\/figure>\n<\/div>\n<\/div>\n","protected":false},"excerpt":{"rendered":"<p>L\u2019acte que ens ha convocat avui ac\u00ed va sorgir fa ara quasi un any quan a un grup d\u2019escriptors joves, en una conversa informal, se\u2019ls va oc\u00f3rrer la idea de manifestar l\u2019amistat i l\u2019agra\u00efment a Marc Granell per tot all\u00f2 que havia fet per la literatura del nostre pa\u00eds. Aix\u00ed, sense m\u00e9s, sense saber molt &#8230; <a title=\"Homenatge a Marc Granell\" class=\"read-more\" href=\"https:\/\/calafat.cat\/index.php\/homenatge-a-marc-granell-2\/\" aria-label=\"M\u00e1s en Homenatge a Marc Granell\">Leer m\u00e1s<\/a><\/p>\n","protected":false},"author":1,"featured_media":0,"parent":0,"menu_order":0,"comment_status":"closed","ping_status":"closed","template":"","meta":{"footnotes":""},"class_list":["post-1750","page","type-page","status-publish"],"_links":{"self":[{"href":"https:\/\/calafat.cat\/index.php\/wp-json\/wp\/v2\/pages\/1750","targetHints":{"allow":["GET"]}}],"collection":[{"href":"https:\/\/calafat.cat\/index.php\/wp-json\/wp\/v2\/pages"}],"about":[{"href":"https:\/\/calafat.cat\/index.php\/wp-json\/wp\/v2\/types\/page"}],"author":[{"embeddable":true,"href":"https:\/\/calafat.cat\/index.php\/wp-json\/wp\/v2\/users\/1"}],"replies":[{"embeddable":true,"href":"https:\/\/calafat.cat\/index.php\/wp-json\/wp\/v2\/comments?post=1750"}],"version-history":[{"count":3,"href":"https:\/\/calafat.cat\/index.php\/wp-json\/wp\/v2\/pages\/1750\/revisions"}],"predecessor-version":[{"id":3826,"href":"https:\/\/calafat.cat\/index.php\/wp-json\/wp\/v2\/pages\/1750\/revisions\/3826"}],"wp:attachment":[{"href":"https:\/\/calafat.cat\/index.php\/wp-json\/wp\/v2\/media?parent=1750"}],"curies":[{"name":"wp","href":"https:\/\/api.w.org\/{rel}","templated":true}]}}