{"id":1754,"date":"2022-04-28T07:18:26","date_gmt":"2022-04-28T07:18:26","guid":{"rendered":"http:\/\/calafat.cat\/?page_id=1754"},"modified":"2022-05-12T09:21:15","modified_gmt":"2022-05-12T09:21:15","slug":"presentacio-de-el-conte-a-valencia-2","status":"publish","type":"page","link":"https:\/\/calafat.cat\/index.php\/presentacio-de-el-conte-a-valencia-2\/","title":{"rendered":"Presentaci\u00f3 de \u00abEl conte a Val\u00e8ncia\u00bb"},"content":{"rendered":"\n<div class=\"wp-block-columns alignwide is-layout-flex wp-container-core-columns-is-layout-9d6595d7 wp-block-columns-is-layout-flex\">\n<div class=\"wp-block-column is-layout-flow wp-block-column-is-layout-flow\" style=\"flex-basis:50%\">\n<p>Es publiquen prou antologies. Sobretot po\u00e8tiques. De contes n\u2019hi ha menys, si m\u00e9s no entre nosaltres. Les antologies tenen els seus inconvenients i les seues bondats. A una antologia sempre faltar\u00e0 l\u2019ambient de l\u2019obra, at\u00e8s que \u2013 segons l\u2019escriptor de Mon\u00f2ver- el clima de l\u2019obra ho \u00e9s tot en literatura. Entre els avantatges s\u2019hi troben: la tria, i la contextualitzaci\u00f3 d\u2019una obra liter\u00e0ria. Al lector normal pot ajudar fer-se una idea de com \u00e9s un autor i fer-se una idea d\u2019una g\u00e8nere en un moment determinat.<\/p>\n\n\n\n<p>Els lectors \u00e0vids i els escriptors des de fa segles constaten la sensaci\u00f3 de recan\u00e7a davant el progressiu engrandiment de la torre de babel liter\u00e0ria. Richard Burton, l\u2019anomenat Montaigne angl\u00e8s del segle XVII reporta en&nbsp;<em>Anatomia de la malenconia<\/em>&nbsp;un ingent nombre de cites cl\u00e0ssiques que testimonien la dificultat de poder llegir-ho tot. Sensaci\u00f3 que en els nostres temps s\u2019ha fet imponent. I aquesta \u00e9s la ra\u00f3 fonamental per la qual des d\u2019antic han existit aquesta mena de llibres, sobretot en els g\u00e8neres que ho permeten. El paper de tot antologia, i per tant d\u2019aquest llibre, \u00e9s modest: fer de reclam, fer de pont entre la literatura i els lectors potencials.<\/p>\n\n\n\n<p>Els objectius concrets d\u2019aquests contes a Val\u00e8ncia era diversos:<br>&#8211; Oferir una selecci\u00f3 significativa del conte escrit en catal\u00e0 per autors valencians actuals. El meu criteri personal m\u2019ha dut a triar contes de Juli Avinent, Tom\u00e0s Belaire, Vicent Borr\u00e0s, Toni Cucarella, Josep Franco, Rafa Gomar, Josep Lozano i Joan Francesc Mira. \u00c9s clar que nom\u00e9s \u00e9s una part menuda del relat actual. Per\u00f2 pense que mostra un nivell literari notable i la diversitat d\u2019interessos i estils que s\u2019hi donen ara.<br>&#8211; Calia tenir en compte un lector molt ample del sector escolar.<br>&#8211; I servir\u00e0 per promoure la narrativa valenciana, que llevat d\u2019escassos noms, no sempre \u00e9s ben coneguda al Principat.<\/p>\n\n\n\n<p>Com hem dit una antologia \u00e9s un instrument divulgatiu. Per\u00f2 tamb\u00e9 \u00e9s, per al lector que conega aquest \u00e0mbit, una eina de reflexi\u00f3 que l\u2019obliga a repensar la seua visi\u00f3 sobre el conte valenci\u00e0. M\u2019agradaria que aquesta antologia f\u00f3ra la primera jugada d\u2019una partida que ha de ser continuada pel lector, que inevitablement es veu obligat a confrontar i bascular les seues idees amb les del responsable del llibre.<\/p>\n\n\n\n<p>Per acabar voldria assenyalar un punt poc important per a la societat liter\u00e0ria, per\u00f2 ho \u00e9s molt per a mi. Aquesta mena de treballs tenen una implicaci\u00f3 personal: la meua hist\u00f2ria com a lector de narrativa catalana. En aquest sentit unes paraules de R. Aron expliquen molt b\u00e9 all\u00f2 que vull dir: \u201del passat de la meua col\u00b7lectivitat (liter\u00e0ria en aquest cas) el descobresc parcialment en mi mateix: quan m\u2019interesse per ell, no obeesc a una simple curiositat, no cerque records o imatges: m\u2019esforce per descobrir com la meua col\u00b7lectivitat ha esdevingut all\u00f2 que \u00e9s, com ha fet all\u00f2 que s\u00f3c (com a lector)\u201d. D\u2019aquesta manera, la meua lectura del conte valenci\u00e0 l\u2019entenc com un homenatge particular a tots aquells que han escrit contes en catal\u00e0 en aquests darrers anys, per tot all\u00f2 que m\u2019han aportat a mi com a lector.<\/p>\n\n\n\n<p><a rel=\"noreferrer noopener\" href=\"http:\/\/calafat.cat\/#facebook\" target=\"_blank\">Facebook<\/a>\u00a0<a rel=\"noreferrer noopener\" href=\"http:\/\/calafat.cat\/#twitter\" target=\"_blank\">Twitter<\/a>\u00a0<a href=\"https:\/\/www.addtoany.com\/share#url=http%3A%2F%2Fcalafat.cat%2Farticles%2Fpresentacio-el-conte-a-valencia&amp;title=Presentaci%C3%B3%20de%20%22El%20conte%20a%20Val%C3%A8ncia%22\">\u00a0Comparteix a<\/a><\/p>\n\n\n\n<p>Articles recents:\u00a0<\/p>\n\n\n\n<p><a href=\"http:\/\/calafat.cat\/index.php\/el-teatre-de-manuel-la-tralla-que-allibera-4\/\" data-type=\"page\" data-id=\"1582\">El teatre de Manuel: la tralla que allibera<\/a><\/p>\n\n\n\n<p><a href=\"http:\/\/calafat.cat\/index.php\/saltant-duna-travessa-a-laltra\/\" data-type=\"page\" data-id=\"1034\">Saltant d\u2019una travessa a l\u2019altra<\/a><\/p>\n\n\n\n<p><a href=\"http:\/\/calafat.cat\/index.php\/vitalitat-de-la-lletra-impresa-la-literatura-valenciana-sobreviu-als-efectes-duna-crisi-que-sacarnissa-tambe-amb-el-mon-de-la-cultura\/\" data-type=\"page\" data-id=\"1094\">Vitalitat de la lletra impresa. La literatura valenciana sobreviu als efectes d&#8217;una crisi que s&#8217;acarnissa tamb\u00e9 amb el m\u00f3n de la cultura<\/a><\/p>\n<\/div>\n\n\n\n<div class=\"wp-block-column is-layout-flow wp-block-column-is-layout-flow\" style=\"flex-basis:50%\">\n<figure class=\"wp-block-image size-full\"><img loading=\"lazy\" decoding=\"async\" width=\"379\" height=\"379\" src=\"http:\/\/calafat.cat\/wp-content\/uploads\/2022\/05\/el-conte-a-valencia-1-1-1.jpeg\" alt=\"\" class=\"wp-image-3072\" srcset=\"https:\/\/calafat.cat\/wp-content\/uploads\/2022\/05\/el-conte-a-valencia-1-1-1.jpeg 379w, https:\/\/calafat.cat\/wp-content\/uploads\/2022\/05\/el-conte-a-valencia-1-1-1-300x300.jpeg 300w, https:\/\/calafat.cat\/wp-content\/uploads\/2022\/05\/el-conte-a-valencia-1-1-1-150x150.jpeg 150w\" sizes=\"auto, (max-width: 379px) 100vw, 379px\" \/><figcaption>Portada del llibre<br><br>El conte a Val\u00e8ncia. Estudi introductori i tria de Francesc Calafat. Edicions de la Magrana, Barcelona, 1999<br><br>Etiquetes:\u00a0<a href=\"http:\/\/calafat.cat\/index.php\/1999-2\/\" data-type=\"page\" data-id=\"2403\">1999<\/a><a href=\"http:\/\/calafat.cat\/index.php\/publicat-a\/altres\/\" data-type=\"page\" data-id=\"112\"> Altres<\/a> <a href=\"http:\/\/calafat.cat\/index.php\/per-generes\/homenatges-presentacions\/\" data-type=\"page\" data-id=\"92\">Homenatges\/Presentacions<\/a> <a href=\"http:\/\/calafat.cat\/index.php\/per-generes\/prolegs-i-propostes-didactiques\/\" data-type=\"page\" data-id=\"100\">Pr\u00f2legs i propostes did\u00e0ctiques<\/a><\/figcaption><\/figure>\n<\/div>\n<\/div>\n","protected":false},"excerpt":{"rendered":"<p>Es publiquen prou antologies. Sobretot po\u00e8tiques. De contes n\u2019hi ha menys, si m\u00e9s no entre nosaltres. Les antologies tenen els seus inconvenients i les seues bondats. A una antologia sempre faltar\u00e0 l\u2019ambient de l\u2019obra, at\u00e8s que \u2013 segons l\u2019escriptor de Mon\u00f2ver- el clima de l\u2019obra ho \u00e9s tot en literatura. Entre els avantatges s\u2019hi troben: &#8230; <a title=\"Presentaci\u00f3 de \u00abEl conte a Val\u00e8ncia\u00bb\" class=\"read-more\" href=\"https:\/\/calafat.cat\/index.php\/presentacio-de-el-conte-a-valencia-2\/\" aria-label=\"M\u00e1s en Presentaci\u00f3 de \u00abEl conte a Val\u00e8ncia\u00bb\">Leer m\u00e1s<\/a><\/p>\n","protected":false},"author":1,"featured_media":0,"parent":0,"menu_order":0,"comment_status":"closed","ping_status":"closed","template":"","meta":{"footnotes":""},"class_list":["post-1754","page","type-page","status-publish"],"_links":{"self":[{"href":"https:\/\/calafat.cat\/index.php\/wp-json\/wp\/v2\/pages\/1754","targetHints":{"allow":["GET"]}}],"collection":[{"href":"https:\/\/calafat.cat\/index.php\/wp-json\/wp\/v2\/pages"}],"about":[{"href":"https:\/\/calafat.cat\/index.php\/wp-json\/wp\/v2\/types\/page"}],"author":[{"embeddable":true,"href":"https:\/\/calafat.cat\/index.php\/wp-json\/wp\/v2\/users\/1"}],"replies":[{"embeddable":true,"href":"https:\/\/calafat.cat\/index.php\/wp-json\/wp\/v2\/comments?post=1754"}],"version-history":[{"count":2,"href":"https:\/\/calafat.cat\/index.php\/wp-json\/wp\/v2\/pages\/1754\/revisions"}],"predecessor-version":[{"id":3074,"href":"https:\/\/calafat.cat\/index.php\/wp-json\/wp\/v2\/pages\/1754\/revisions\/3074"}],"wp:attachment":[{"href":"https:\/\/calafat.cat\/index.php\/wp-json\/wp\/v2\/media?parent=1754"}],"curies":[{"name":"wp","href":"https:\/\/api.w.org\/{rel}","templated":true}]}}