{"id":1766,"date":"2022-04-28T07:25:23","date_gmt":"2022-04-28T07:25:23","guid":{"rendered":"http:\/\/calafat.cat\/?page_id=1766"},"modified":"2022-05-12T08:40:55","modified_gmt":"2022-05-12T08:40:55","slug":"amb-brevetat-i-ironia-2","status":"publish","type":"page","link":"https:\/\/calafat.cat\/index.php\/amb-brevetat-i-ironia-2\/","title":{"rendered":"Amb brevetat i ironia"},"content":{"rendered":"\n<div class=\"wp-block-columns alignwide is-layout-flex wp-container-core-columns-is-layout-9d6595d7 wp-block-columns-is-layout-flex\">\n<div class=\"wp-block-column is-layout-flow wp-block-column-is-layout-flow\" style=\"flex-basis:50%\">\n<p>En aquest primer llibre de creaci\u00f3,&nbsp;<em>La m\u00e0 tallada<\/em>, el cr\u00edtic literari Jordi Llavina fa servir l&#8217;atzar i la ironia com a bons vehicles per parlar del nostre m\u00f3n contemporani. La diversitat de situacions i enfocaments permet a l&#8217;autor endinsar-se en les m\u00faltiples i diverses cares de les relacions humanes.<\/p>\n\n\n\n<p>Jordi Llavina, conegut sobretot com a cr\u00edtic literari en la premsa i en la r\u00e0dio, ha decidit, ara, provar sort en el m\u00f3n de la creaci\u00f3 liter\u00e0ria, i ho ha fet amb una recol\u00b7lecci\u00f3 de relats molt heterog\u00e8nia, amb el t\u00edtol suggeridor de&nbsp;<em>La m\u00e0 tallada<\/em>que ofereix una gran quantitat de temes i enfocaments. Des d&#8217;un primer moment constatem que Llavina domina el dif\u00edcil art de l&#8217;escriptura, que t\u00e9 imaginaci\u00f3 i fa progressar els relats amb una t\u00e8cnica efica\u00e7, m\u00e9s juganera que no subtil. Per\u00f2 tamb\u00e9 es nota que molts textos s\u00f3n exercicis d&#8217;escriptura, temptatives de crear en la diversitat de recursos i perspectives una veu personal. Per\u00f2 les p\u00e0gines irregulars no haurien d&#8217;eclipsar els relats m\u00e9s reeixits que tamb\u00e9 cont\u00e9 el llibre.<\/p>\n\n\n\n<p>El que unifica els relats del llibre \u00e9s, sens dubte, l&#8217;humor, la mal\u00edcia amb qu\u00e8 s\u00f3n tractats els personatges i les situacions de la vida ordin\u00e0ria. L&#8217;atzar, l&#8217;imprevist permeten a l&#8217;autor desplegar un ampli ventall d&#8217;efectes ir\u00f2nics, com es veu en dos dels contes m\u00e9s rodons,&nbsp;<em>Titulars<\/em>&nbsp;i&nbsp;<em>Esparadrap<\/em>. En altres, l&#8217;irreal aclapara les desgr\u00e0cies dels personatges conduint-los situacions rocambolesques i surreals. El temes s\u00f3n, entre altres, les m\u00faltiples relacions humanes, una aproximaci\u00f3 morda\u00e7 als temes literaris i a les relacions entre escriptors i cr\u00edtics, els estralls del temps en els matrimonis que motiva&nbsp;<em>Sobre la infidelitat<\/em>, un dels relats millor resolts del recull. Tot plegat, el llibre ens mostra un escriptor que controla b\u00e9 l&#8217;escriptura i t\u00e9 un to personal, per\u00f2 a qui li cal controlar m\u00e9s el resultat final de les seues propostes.<\/p>\n\n\n\n<p>EL TEMPS, n\u00fam. 779, p\u00e0g. 69, 18\/05\/1999<\/p>\n\n\n\n<p>Descarrega&#8217;t l&#8217;original:\u00a0<img decoding=\"async\" src=\"http:\/\/calafat.cat\/modules\/file\/icons\/application-pdf.png\" alt=\"PDF icon\"><a href=\"http:\/\/calafat.cat\/sites\/default\/files\/amb-brevetat-i-ironia.pdf\">amb-brevetat-i-ironia.pdf<\/a><\/p>\n\n\n\n<p><a rel=\"noreferrer noopener\" href=\"http:\/\/calafat.cat\/#facebook\" target=\"_blank\">Facebook<\/a>\u00a0<a rel=\"noreferrer noopener\" href=\"http:\/\/calafat.cat\/#twitter\" target=\"_blank\">Twitter<\/a>\u00a0<a href=\"https:\/\/www.addtoany.com\/share#url=http%3A%2F%2Fcalafat.cat%2Farticles%2Famb-brevetat-i-ironia&amp;title=Amb%20brevetat%20i%20ironia%20\">\u00a0Comparteix a<\/a><\/p>\n\n\n\n<p>Articles recents:\u00a0<\/p>\n\n\n\n<p><a href=\"http:\/\/calafat.cat\/index.php\/viatge-iniciatic-i-catartic-al-mon-sorprenent-del-primer-estelles-2\/\" data-type=\"page\" data-id=\"2032\">Viatge inici\u00e0tic i cat\u00e0rtic al m\u00f3n sorprenent del primer Estell\u00e9s<\/a><\/p>\n\n\n\n<p><a href=\"http:\/\/calafat.cat\/index.php\/una-passio-amorosa-en-la-valencia-del-quatre-cents\/\" data-type=\"page\" data-id=\"1050\">Una passi\u00f3 amorosa en la Val\u00e8ncia del quatre-cents<\/a><\/p>\n\n\n\n<p><a href=\"http:\/\/calafat.cat\/index.php\/quatre-decades-de-narrativa-valenciana-moderna\/\" data-type=\"page\" data-id=\"1048\">Quatre d\u00e8cades de narrativa valenciana moderna<\/a><\/p>\n<\/div>\n\n\n\n<div class=\"wp-block-column is-layout-flow wp-block-column-is-layout-flow\" style=\"flex-basis:50%\">\n<figure class=\"wp-block-image size-full\"><img loading=\"lazy\" decoding=\"async\" width=\"379\" height=\"284\" src=\"http:\/\/calafat.cat\/wp-content\/uploads\/2022\/05\/amb-brevetat-i-ironia-2.jpeg\" alt=\"\" class=\"wp-image-3033\" srcset=\"https:\/\/calafat.cat\/wp-content\/uploads\/2022\/05\/amb-brevetat-i-ironia-2.jpeg 379w, https:\/\/calafat.cat\/wp-content\/uploads\/2022\/05\/amb-brevetat-i-ironia-2-300x225.jpeg 300w\" sizes=\"auto, (max-width: 379px) 100vw, 379px\" \/><figcaption>Jordi Llavina. Font: actualitat.traces.uab.cat<br><br>La m\u00e0 tallada. Jordi Llavina. Editorial Proa Col\u00b7lecci\u00f3, \u00abBeta\u00bb, 4, Barcelona, 1999. 239 p\u00e0gs<br><br>Etiquetes:\u00a0<a href=\"http:\/\/calafat.cat\/index.php\/1999-2\/\" data-type=\"page\" data-id=\"2403\">1999<\/a> <a href=\"http:\/\/calafat.cat\/index.php\/publicat-a\/el-temps\/\" data-type=\"page\" data-id=\"110\">El Temps<\/a> <a href=\"http:\/\/calafat.cat\/index.php\/per-generes\/narrativa\/\" data-type=\"page\" data-id=\"94\">Narrativa<\/a><\/figcaption><\/figure>\n<\/div>\n<\/div>\n","protected":false},"excerpt":{"rendered":"<p>En aquest primer llibre de creaci\u00f3,&nbsp;La m\u00e0 tallada, el cr\u00edtic literari Jordi Llavina fa servir l&#8217;atzar i la ironia com a bons vehicles per parlar del nostre m\u00f3n contemporani. La diversitat de situacions i enfocaments permet a l&#8217;autor endinsar-se en les m\u00faltiples i diverses cares de les relacions humanes. Jordi Llavina, conegut sobretot com a &#8230; <a title=\"Amb brevetat i ironia\" class=\"read-more\" href=\"https:\/\/calafat.cat\/index.php\/amb-brevetat-i-ironia-2\/\" aria-label=\"M\u00e1s en Amb brevetat i ironia\">Leer m\u00e1s<\/a><\/p>\n","protected":false},"author":1,"featured_media":0,"parent":0,"menu_order":0,"comment_status":"closed","ping_status":"closed","template":"","meta":{"footnotes":""},"class_list":["post-1766","page","type-page","status-publish"],"_links":{"self":[{"href":"https:\/\/calafat.cat\/index.php\/wp-json\/wp\/v2\/pages\/1766","targetHints":{"allow":["GET"]}}],"collection":[{"href":"https:\/\/calafat.cat\/index.php\/wp-json\/wp\/v2\/pages"}],"about":[{"href":"https:\/\/calafat.cat\/index.php\/wp-json\/wp\/v2\/types\/page"}],"author":[{"embeddable":true,"href":"https:\/\/calafat.cat\/index.php\/wp-json\/wp\/v2\/users\/1"}],"replies":[{"embeddable":true,"href":"https:\/\/calafat.cat\/index.php\/wp-json\/wp\/v2\/comments?post=1766"}],"version-history":[{"count":2,"href":"https:\/\/calafat.cat\/index.php\/wp-json\/wp\/v2\/pages\/1766\/revisions"}],"predecessor-version":[{"id":3038,"href":"https:\/\/calafat.cat\/index.php\/wp-json\/wp\/v2\/pages\/1766\/revisions\/3038"}],"wp:attachment":[{"href":"https:\/\/calafat.cat\/index.php\/wp-json\/wp\/v2\/media?parent=1766"}],"curies":[{"name":"wp","href":"https:\/\/api.w.org\/{rel}","templated":true}]}}